{"id":694630,"date":"2022-05-24T09:12:29","date_gmt":"2022-05-24T07:12:29","guid":{"rendered":"https:\/\/tonymora.com\/?post_type=product&#038;p=694630"},"modified":"2026-04-27T07:32:40","modified_gmt":"2026-04-27T05:32:40","slug":"621-daslu-lini-palermo-cuero","status":"publish","type":"product","link":"https:\/\/tonymora.com\/es\/producto\/621-daslu-lini-palermo-cuero\/","title":{"rendered":"621 DASLU LINI PALERMO CUERO"},"content":{"rendered":"<p>Estos botines son un imprescindible de armario, un modelo perfecto para llevarlos en cada ocasi\u00f3n gracias a su elegante tono cuero acabado con un suave encerado dando ese juego de tonos marrones a los botines. Tienen una horma en punta muy elegante y femenina, con un tac\u00f3n medio que es ideal para disfrutar de ellos a todas horas.<br \/>\nLl\u00e9valos con vaqueros o vestidos, ser\u00e1n tus compa\u00f1eros perfectos.<\/p>\n","protected":false},"excerpt":{"rendered":"<p>Una pieza pensada para destacar con discreci\u00f3n y seguridad.<br \/>\nUna pieza que refuerza tu identidad y suma distinci\u00f3n sin esfuerzo.<\/p>\n","protected":false},"featured_media":696921,"template":"","meta":{"_mbp_gutenberg_autopost":false},"product_brand":[757,759,761,763,765,767],"product_cat":[1172,119,1133,121,112,1130],"product_tag":[],"class_list":{"0":"post-694630","1":"product","2":"type-product","3":"status-publish","4":"has-post-thumbnail","6":"product_brand-talla-mujer-36","7":"product_brand-talla-mujer-37","8":"product_brand-talla-mujer-38","9":"product_brand-talla-mujer-39","10":"product_brand-talla-mujer-40","11":"product_brand-talla-mujer-41","12":"product_cat-black-friday","13":"product_cat-botas-casual-mujer","14":"product_cat-botas-de-piel-mujer","15":"product_cat-botines-mujer","16":"product_cat-mujer","17":"product_cat-rebajas-mujer","19":"first","20":"instock","21":"taxable","22":"shipping-taxable","23":"purchasable","24":"product-type-variable"},"_links":{"self":[{"href":"https:\/\/tonymora.com\/es\/wp-json\/wp\/v2\/product\/694630","targetHints":{"allow":["GET"]}}],"collection":[{"href":"https:\/\/tonymora.com\/es\/wp-json\/wp\/v2\/product"}],"about":[{"href":"https:\/\/tonymora.com\/es\/wp-json\/wp\/v2\/types\/product"}],"wp:featuredmedia":[{"embeddable":true,"href":"https:\/\/tonymora.com\/es\/wp-json\/wp\/v2\/media\/696921"}],"wp:attachment":[{"href":"https:\/\/tonymora.com\/es\/wp-json\/wp\/v2\/media?parent=694630"}],"wp:term":[{"taxonomy":"product_brand","embeddable":true,"href":"https:\/\/tonymora.com\/es\/wp-json\/wp\/v2\/product_brand?post=694630"},{"taxonomy":"product_cat","embeddable":true,"href":"https:\/\/tonymora.com\/es\/wp-json\/wp\/v2\/product_cat?post=694630"},{"taxonomy":"product_tag","embeddable":true,"href":"https:\/\/tonymora.com\/es\/wp-json\/wp\/v2\/product_tag?post=694630"}],"curies":[{"name":"wp","href":"https:\/\/api.w.org\/{rel}","templated":true}]}}