{"id":694673,"date":"2022-05-24T09:23:17","date_gmt":"2022-05-24T07:23:17","guid":{"rendered":"https:\/\/tonymora.com\/?post_type=product&#038;p=694673"},"modified":"2026-04-27T07:32:42","modified_gmt":"2026-04-27T05:32:42","slug":"621-daslu-lini-piton-marino","status":"publish","type":"product","link":"https:\/\/tonymora.com\/es\/producto\/621-daslu-lini-piton-marino\/","title":{"rendered":"621 DASLU LINI PITON MARINO"},"content":{"rendered":"<p>Los botines con m\u00e1s lujo de Tony Mora, dise\u00f1ados con piel ex\u00f3tica de pit\u00f3n en un elegante color azul marino, una piel duradera y muy suave al tacto. Con un toque cl\u00e1sico para sentirte la m\u00e1s especial de todas. Podr\u00e1s combinarlas con todos tus estilos, para llevar cada d\u00eda o para esa cita tan especial. Con su tac\u00f3n medio, la horma en punta y el sistema Goodyear Welted podr\u00e1s gozar de la comodidad y el lujo de estos botines all\u00e1 a d\u00f3nde vayas.<\/p>\n","protected":false},"excerpt":{"rendered":"<p>Car\u00e1cter y refinamiento en equilibrio perfecto. Frescura sofisticada con identidad propia.<br \/>\nUna declaraci\u00f3n sutil de buen gusto y seguridad.<\/p>\n","protected":false},"featured_media":704115,"template":"","meta":{"_mbp_gutenberg_autopost":false},"product_brand":[757,759,765,767],"product_cat":[1172,1132,122,121,112,1130],"product_tag":[],"class_list":{"0":"post-694673","1":"product","2":"type-product","3":"status-publish","4":"has-post-thumbnail","6":"product_brand-talla-mujer-36","7":"product_brand-talla-mujer-37","8":"product_brand-talla-mujer-40","9":"product_brand-talla-mujer-41","10":"product_cat-black-friday","11":"product_cat-botas-de-piton-mujer","12":"product_cat-botas-exoticas-mujer","13":"product_cat-botines-mujer","14":"product_cat-mujer","15":"product_cat-rebajas-mujer","17":"first","18":"instock","19":"taxable","20":"shipping-taxable","21":"purchasable","22":"product-type-variable"},"_links":{"self":[{"href":"https:\/\/tonymora.com\/es\/wp-json\/wp\/v2\/product\/694673","targetHints":{"allow":["GET"]}}],"collection":[{"href":"https:\/\/tonymora.com\/es\/wp-json\/wp\/v2\/product"}],"about":[{"href":"https:\/\/tonymora.com\/es\/wp-json\/wp\/v2\/types\/product"}],"wp:featuredmedia":[{"embeddable":true,"href":"https:\/\/tonymora.com\/es\/wp-json\/wp\/v2\/media\/704115"}],"wp:attachment":[{"href":"https:\/\/tonymora.com\/es\/wp-json\/wp\/v2\/media?parent=694673"}],"wp:term":[{"taxonomy":"product_brand","embeddable":true,"href":"https:\/\/tonymora.com\/es\/wp-json\/wp\/v2\/product_brand?post=694673"},{"taxonomy":"product_cat","embeddable":true,"href":"https:\/\/tonymora.com\/es\/wp-json\/wp\/v2\/product_cat?post=694673"},{"taxonomy":"product_tag","embeddable":true,"href":"https:\/\/tonymora.com\/es\/wp-json\/wp\/v2\/product_tag?post=694673"}],"curies":[{"name":"wp","href":"https:\/\/api.w.org\/{rel}","templated":true}]}}