{"id":694853,"date":"2022-05-24T09:59:59","date_gmt":"2022-05-24T07:59:59","guid":{"rendered":"https:\/\/tonymora.com\/?post_type=product&#038;p=694853"},"modified":"2026-04-09T07:32:49","modified_gmt":"2026-04-09T05:32:49","slug":"2229-paris60-irene-vintage-brash-gris","status":"publish","type":"product","link":"https:\/\/tonymora.com\/es\/producto\/2229-paris60-irene-vintage-brash-gris\/","title":{"rendered":"2229 PARIS60 IRENE VINTAGE BRASH GRIS"},"content":{"rendered":"<p>\u00bfEst\u00e1s buscando unas botas para disfrutar de cada d\u00eda con la m\u00e1xima comodidad? Te presentamos este dise\u00f1o de horma redondeada y tac\u00f3n cl\u00e1sico alto de 6cm. Llevan una piel de ternera especialmente trabajada con la t\u00e9cnica de raspado el cual le da una textura vintage. Sus ca\u00f1as llevan un arrugado haciendolas de altura media y perfectas para combinarlas como m\u00e1s prefieras. Terminamos el modelo con un acabado de ensombrecido con cera de abeja, dando un mayor juego de tonalidades a la piel y haciendo cada una \u00fanica.<\/p>\n","protected":false},"excerpt":{"rendered":"<p>Una silueta con presencia que eleva cualquier look. Inspiraci\u00f3n aut\u00e9ntica y personalidad marcada.<br \/>\nPara quienes buscan estilo con significado y presencia real.<\/p>\n","protected":false},"featured_media":695275,"template":"","meta":{"_mbp_gutenberg_autopost":false},"product_brand":[757,759,761,763,767],"product_cat":[119,1133,112,1130],"product_tag":[],"class_list":{"0":"post-694853","1":"product","2":"type-product","3":"status-publish","4":"has-post-thumbnail","6":"product_brand-talla-mujer-36","7":"product_brand-talla-mujer-37","8":"product_brand-talla-mujer-38","9":"product_brand-talla-mujer-39","10":"product_brand-talla-mujer-41","11":"product_cat-botas-casual-mujer","12":"product_cat-botas-de-piel-mujer","13":"product_cat-mujer","14":"product_cat-rebajas-mujer","16":"first","17":"outofstock","18":"taxable","19":"shipping-taxable","20":"product-type-variable"},"supplier_id":null,"supplier_sku":"","barcode":null,"atum_controlled":true,"out_stock_date":null,"out_stock_threshold":null,"inheritable":true,"inbound_stock":0,"stock_on_hold":0,"sold_today":0,"sales_last_days":0,"reserved_stock":0,"customer_returns":0,"warehouse_damage":0,"lost_in_post":0,"other_logs":0,"out_stock_days":0,"lost_sales":0,"has_location":false,"update_date":"2026-03-26T13:14:29","atum_locations":[],"atum_stock_status":"instock","restock_status":false,"low_stock_amount":"","sales_update_date":"2026-03-26T13:14:29","calc_backorders":null,"yoast_head":"<!-- This site is optimized with the Yoast SEO plugin v27.2 - https:\/\/yoast.com\/product\/yoast-seo-wordpress\/ -->\n<title>2229 PARIS60 IRENE VINTAGE BRASH GRIS - Tony Mora\u00ae Boots Official Store<\/title>\n<meta name=\"description\" content=\"\u00bfEst\u00e1s buscando unas botas para disfrutar de cada d\u00eda con la m\u00e1xima comodidad? Te presentamos este dise\u00f1o de horma redondeada\" \/>\n<meta name=\"robots\" content=\"index, follow, max-snippet:-1, max-image-preview:large, max-video-preview:-1\" \/>\n<link rel=\"canonical\" href=\"https:\/\/tonymora.com\/es\/producto\/2229-paris60-irene-vintage-brash-gris\/\" \/>\n<meta property=\"og:locale\" content=\"es_ES\" \/>\n<meta property=\"og:type\" content=\"article\" \/>\n<meta property=\"og:title\" content=\"2229 PARIS60 IRENE VINTAGE BRASH GRIS - Tony Mora\u00ae Boots Official Store\" \/>\n<meta property=\"og:description\" content=\"\u00bfEst\u00e1s buscando unas botas para disfrutar de cada d\u00eda con la m\u00e1xima comodidad? Te presentamos este dise\u00f1o de horma redondeada\" \/>\n<meta property=\"og:url\" content=\"https:\/\/tonymora.com\/es\/producto\/2229-paris60-irene-vintage-brash-gris\/\" \/>\n<meta property=\"og:site_name\" content=\"Tony Mora\u00ae Boots Official Store\" \/>\n<meta property=\"article:publisher\" content=\"https:\/\/www.facebook.com\/Tonymoraofficial\/\" \/>\n<meta property=\"article:modified_time\" content=\"2026-04-09T05:32:49+00:00\" \/>\n<meta property=\"og:image\" content=\"https:\/\/tonymora.com\/wp-content\/uploads\/2022\/05\/02-2229-paris60-lini-vintage-br.gris_-1.jpg\" \/>\n\t<meta property=\"og:image:width\" content=\"866\" \/>\n\t<meta property=\"og:image:height\" content=\"1032\" \/>\n\t<meta property=\"og:image:type\" content=\"image\/jpeg\" \/>\n<meta name=\"twitter:card\" content=\"summary_large_image\" \/>\n<meta name=\"twitter:label1\" content=\"Tiempo de lectura\" \/>\n\t<meta name=\"twitter:data1\" content=\"1 minuto\" \/>\n<script type=\"application\/ld+json\" class=\"yoast-schema-graph\">{\"@context\":\"https:\/\/schema.org\",\"@graph\":[{\"@type\":\"WebPage\",\"@id\":\"https:\/\/tonymora.com\/es\/producto\/2229-paris60-irene-vintage-brash-gris\/\",\"url\":\"https:\/\/tonymora.com\/es\/producto\/2229-paris60-irene-vintage-brash-gris\/\",\"name\":\"2229 PARIS60 IRENE VINTAGE BRASH GRIS - Tony Mora\u00ae Boots Official Store\",\"isPartOf\":{\"@id\":\"https:\/\/tonymora.com\/es\/#website\"},\"primaryImageOfPage\":{\"@id\":\"https:\/\/tonymora.com\/es\/producto\/2229-paris60-irene-vintage-brash-gris\/#primaryimage\"},\"image\":{\"@id\":\"https:\/\/tonymora.com\/es\/producto\/2229-paris60-irene-vintage-brash-gris\/#primaryimage\"},\"thumbnailUrl\":\"https:\/\/tonymora.com\/wp-content\/uploads\/2022\/05\/02-2229-paris60-lini-vintage-br.gris_-1.jpg\",\"datePublished\":\"2022-05-24T07:59:59+00:00\",\"dateModified\":\"2026-04-09T05:32:49+00:00\",\"description\":\"\u00bfEst\u00e1s buscando unas botas para disfrutar de cada d\u00eda con la m\u00e1xima comodidad? Te presentamos este dise\u00f1o de horma redondeada\",\"breadcrumb\":{\"@id\":\"https:\/\/tonymora.com\/es\/producto\/2229-paris60-irene-vintage-brash-gris\/#breadcrumb\"},\"inLanguage\":\"es\",\"potentialAction\":[{\"@type\":\"ReadAction\",\"target\":[\"https:\/\/tonymora.com\/es\/producto\/2229-paris60-irene-vintage-brash-gris\/\"]}]},{\"@type\":\"ImageObject\",\"inLanguage\":\"es\",\"@id\":\"https:\/\/tonymora.com\/es\/producto\/2229-paris60-irene-vintage-brash-gris\/#primaryimage\",\"url\":\"https:\/\/tonymora.com\/wp-content\/uploads\/2022\/05\/02-2229-paris60-lini-vintage-br.gris_-1.jpg\",\"contentUrl\":\"https:\/\/tonymora.com\/wp-content\/uploads\/2022\/05\/02-2229-paris60-lini-vintage-br.gris_-1.jpg\",\"width\":866,\"height\":1032},{\"@type\":\"BreadcrumbList\",\"@id\":\"https:\/\/tonymora.com\/es\/producto\/2229-paris60-irene-vintage-brash-gris\/#breadcrumb\",\"itemListElement\":[{\"@type\":\"ListItem\",\"position\":1,\"name\":\"Portada\",\"item\":\"https:\/\/tonymora.com\/es\/\"},{\"@type\":\"ListItem\",\"position\":2,\"name\":\"Tienda\",\"item\":\"https:\/\/tonymora.com\/es\/tienda\/\"},{\"@type\":\"ListItem\",\"position\":3,\"name\":\"Mujer\",\"item\":\"https:\/\/tonymora.com\/es\/categoria-producto\/mujer\/\"},{\"@type\":\"ListItem\",\"position\":4,\"name\":\"2229 PARIS60 IRENE VINTAGE BRASH GRIS\"}]},{\"@type\":\"WebSite\",\"@id\":\"https:\/\/tonymora.com\/es\/#website\",\"url\":\"https:\/\/tonymora.com\/es\/\",\"name\":\"Tony Mora\u00ae Boots Official Store\",\"description\":\"Cowboy Boots\",\"publisher\":{\"@id\":\"https:\/\/tonymora.com\/es\/#organization\"},\"potentialAction\":[{\"@type\":\"SearchAction\",\"target\":{\"@type\":\"EntryPoint\",\"urlTemplate\":\"https:\/\/tonymora.com\/es\/?s={search_term_string}\"},\"query-input\":{\"@type\":\"PropertyValueSpecification\",\"valueRequired\":true,\"valueName\":\"search_term_string\"}}],\"inLanguage\":\"es\"},{\"@type\":\"Organization\",\"@id\":\"https:\/\/tonymora.com\/es\/#organization\",\"name\":\"Tony Mora Boots\",\"url\":\"https:\/\/tonymora.com\/es\/\",\"logo\":{\"@type\":\"ImageObject\",\"inLanguage\":\"es\",\"@id\":\"https:\/\/tonymora.com\/es\/#\/schema\/logo\/image\/\",\"url\":\"https:\/\/tonymora.com\/wp-content\/uploads\/2023\/12\/LOGO.jpg\",\"contentUrl\":\"https:\/\/tonymora.com\/wp-content\/uploads\/2023\/12\/LOGO.jpg\",\"width\":2272,\"height\":1411,\"caption\":\"Tony Mora Boots\"},\"image\":{\"@id\":\"https:\/\/tonymora.com\/es\/#\/schema\/logo\/image\/\"},\"sameAs\":[\"https:\/\/www.facebook.com\/Tonymoraofficial\/\",\"https:\/\/www.instagram.com\/tonymoraofficial\/?hl=es\"]}]}<\/script>\n<!-- \/ Yoast SEO plugin. -->","yoast_head_json":{"title":"2229 PARIS60 IRENE VINTAGE BRASH GRIS - Tony Mora\u00ae Boots Official Store","description":"\u00bfEst\u00e1s buscando unas botas para disfrutar de cada d\u00eda con la m\u00e1xima comodidad? Te presentamos este dise\u00f1o de horma redondeada","robots":{"index":"index","follow":"follow","max-snippet":"max-snippet:-1","max-image-preview":"max-image-preview:large","max-video-preview":"max-video-preview:-1"},"canonical":"https:\/\/tonymora.com\/es\/producto\/2229-paris60-irene-vintage-brash-gris\/","og_locale":"es_ES","og_type":"article","og_title":"2229 PARIS60 IRENE VINTAGE BRASH GRIS - Tony Mora\u00ae Boots Official Store","og_description":"\u00bfEst\u00e1s buscando unas botas para disfrutar de cada d\u00eda con la m\u00e1xima comodidad? Te presentamos este dise\u00f1o de horma redondeada","og_url":"https:\/\/tonymora.com\/es\/producto\/2229-paris60-irene-vintage-brash-gris\/","og_site_name":"Tony Mora\u00ae Boots Official Store","article_publisher":"https:\/\/www.facebook.com\/Tonymoraofficial\/","article_modified_time":"2026-04-09T05:32:49+00:00","og_image":[{"width":866,"height":1032,"url":"https:\/\/tonymora.com\/wp-content\/uploads\/2022\/05\/02-2229-paris60-lini-vintage-br.gris_-1.jpg","type":"image\/jpeg"}],"twitter_card":"summary_large_image","twitter_misc":{"Tiempo de lectura":"1 minuto"},"schema":{"@context":"https:\/\/schema.org","@graph":[{"@type":"WebPage","@id":"https:\/\/tonymora.com\/es\/producto\/2229-paris60-irene-vintage-brash-gris\/","url":"https:\/\/tonymora.com\/es\/producto\/2229-paris60-irene-vintage-brash-gris\/","name":"2229 PARIS60 IRENE VINTAGE BRASH GRIS - Tony Mora\u00ae Boots Official Store","isPartOf":{"@id":"https:\/\/tonymora.com\/es\/#website"},"primaryImageOfPage":{"@id":"https:\/\/tonymora.com\/es\/producto\/2229-paris60-irene-vintage-brash-gris\/#primaryimage"},"image":{"@id":"https:\/\/tonymora.com\/es\/producto\/2229-paris60-irene-vintage-brash-gris\/#primaryimage"},"thumbnailUrl":"https:\/\/tonymora.com\/wp-content\/uploads\/2022\/05\/02-2229-paris60-lini-vintage-br.gris_-1.jpg","datePublished":"2022-05-24T07:59:59+00:00","dateModified":"2026-04-09T05:32:49+00:00","description":"\u00bfEst\u00e1s buscando unas botas para disfrutar de cada d\u00eda con la m\u00e1xima comodidad? Te presentamos este dise\u00f1o de horma redondeada","breadcrumb":{"@id":"https:\/\/tonymora.com\/es\/producto\/2229-paris60-irene-vintage-brash-gris\/#breadcrumb"},"inLanguage":"es","potentialAction":[{"@type":"ReadAction","target":["https:\/\/tonymora.com\/es\/producto\/2229-paris60-irene-vintage-brash-gris\/"]}]},{"@type":"ImageObject","inLanguage":"es","@id":"https:\/\/tonymora.com\/es\/producto\/2229-paris60-irene-vintage-brash-gris\/#primaryimage","url":"https:\/\/tonymora.com\/wp-content\/uploads\/2022\/05\/02-2229-paris60-lini-vintage-br.gris_-1.jpg","contentUrl":"https:\/\/tonymora.com\/wp-content\/uploads\/2022\/05\/02-2229-paris60-lini-vintage-br.gris_-1.jpg","width":866,"height":1032},{"@type":"BreadcrumbList","@id":"https:\/\/tonymora.com\/es\/producto\/2229-paris60-irene-vintage-brash-gris\/#breadcrumb","itemListElement":[{"@type":"ListItem","position":1,"name":"Portada","item":"https:\/\/tonymora.com\/es\/"},{"@type":"ListItem","position":2,"name":"Tienda","item":"https:\/\/tonymora.com\/es\/tienda\/"},{"@type":"ListItem","position":3,"name":"Mujer","item":"https:\/\/tonymora.com\/es\/categoria-producto\/mujer\/"},{"@type":"ListItem","position":4,"name":"2229 PARIS60 IRENE VINTAGE BRASH GRIS"}]},{"@type":"WebSite","@id":"https:\/\/tonymora.com\/es\/#website","url":"https:\/\/tonymora.com\/es\/","name":"Tony Mora\u00ae Boots Official Store","description":"Cowboy Boots","publisher":{"@id":"https:\/\/tonymora.com\/es\/#organization"},"potentialAction":[{"@type":"SearchAction","target":{"@type":"EntryPoint","urlTemplate":"https:\/\/tonymora.com\/es\/?s={search_term_string}"},"query-input":{"@type":"PropertyValueSpecification","valueRequired":true,"valueName":"search_term_string"}}],"inLanguage":"es"},{"@type":"Organization","@id":"https:\/\/tonymora.com\/es\/#organization","name":"Tony Mora Boots","url":"https:\/\/tonymora.com\/es\/","logo":{"@type":"ImageObject","inLanguage":"es","@id":"https:\/\/tonymora.com\/es\/#\/schema\/logo\/image\/","url":"https:\/\/tonymora.com\/wp-content\/uploads\/2023\/12\/LOGO.jpg","contentUrl":"https:\/\/tonymora.com\/wp-content\/uploads\/2023\/12\/LOGO.jpg","width":2272,"height":1411,"caption":"Tony Mora Boots"},"image":{"@id":"https:\/\/tonymora.com\/es\/#\/schema\/logo\/image\/"},"sameAs":["https:\/\/www.facebook.com\/Tonymoraofficial\/","https:\/\/www.instagram.com\/tonymoraofficial\/?hl=es"]}]}},"_links":{"self":[{"href":"https:\/\/tonymora.com\/es\/wp-json\/wp\/v2\/product\/694853","targetHints":{"allow":["GET"]}}],"collection":[{"href":"https:\/\/tonymora.com\/es\/wp-json\/wp\/v2\/product"}],"about":[{"href":"https:\/\/tonymora.com\/es\/wp-json\/wp\/v2\/types\/product"}],"wp:featuredmedia":[{"embeddable":true,"href":"https:\/\/tonymora.com\/es\/wp-json\/wp\/v2\/media\/695275"}],"wp:attachment":[{"href":"https:\/\/tonymora.com\/es\/wp-json\/wp\/v2\/media?parent=694853"}],"wp:term":[{"taxonomy":"product_brand","embeddable":true,"href":"https:\/\/tonymora.com\/es\/wp-json\/wp\/v2\/product_brand?post=694853"},{"taxonomy":"product_cat","embeddable":true,"href":"https:\/\/tonymora.com\/es\/wp-json\/wp\/v2\/product_cat?post=694853"},{"taxonomy":"product_tag","embeddable":true,"href":"https:\/\/tonymora.com\/es\/wp-json\/wp\/v2\/product_tag?post=694853"}],"curies":[{"name":"wp","href":"https:\/\/api.w.org\/{rel}","templated":true}]}}