{"id":694937,"date":"2022-05-24T10:17:12","date_gmt":"2022-05-24T08:17:12","guid":{"rendered":"https:\/\/tonymora.com\/?post_type=product&#038;p=694937"},"modified":"2026-05-12T13:36:16","modified_gmt":"2026-05-12T11:36:16","slug":"2684-j-lini-vintage-negro-brash","status":"publish","type":"product","link":"https:\/\/tonymora.com\/es\/producto\/2684-j-lini-vintage-negro-brash\/","title":{"rendered":"2684 J LINI VINTAGE NEGRO BRASH"},"content":{"rendered":"<p>Te presentamos nuestros botines vintage negros de piel envejecida. Est\u00e1n hechas en piel de ternera y trabajadas cuidadosamente con la t\u00e9cnica de raspado a la piel, el cual le da una apariencia de envejecido y luego un ensombrecido con cera de abeja, dando a cada par un toque \u00fanico. \u00dasalos con vaqueros o con un precioso vestido, son el mejor compa\u00f1ero para cada ocasi\u00f3n. Un color cl\u00e1sico y necesario.<\/p>\n<p>\u00a1\u00bfA que estas esperando?! disfruta con ellos a cada paso.<\/p>\n","protected":false},"excerpt":{"rendered":"<p>Car\u00e1cter y refinamiento en equilibrio perfecto. Elegancia absoluta en clave oscura.<br \/>\nLa clase de elecci\u00f3n que se recuerda por c\u00f3mo te hace sentir.<\/p>\n","protected":false},"featured_media":695287,"template":"","meta":{"_mbp_gutenberg_autopost":false},"product_brand":[757,763,767],"product_cat":[1172,113,119,1133,121,112,1130],"product_tag":[],"class_list":{"0":"post-694937","1":"product","2":"type-product","3":"status-publish","4":"has-post-thumbnail","6":"product_brand-talla-mujer-36","7":"product_brand-talla-mujer-39","8":"product_brand-talla-mujer-41","9":"product_cat-black-friday","10":"product_cat-botas-biker-mujer","11":"product_cat-botas-casual-mujer","12":"product_cat-botas-de-piel-mujer","13":"product_cat-botines-mujer","14":"product_cat-mujer","15":"product_cat-rebajas-mujer","17":"first","18":"instock","19":"taxable","20":"shipping-taxable","21":"purchasable","22":"product-type-variable"},"_links":{"self":[{"href":"https:\/\/tonymora.com\/es\/wp-json\/wp\/v2\/product\/694937","targetHints":{"allow":["GET"]}}],"collection":[{"href":"https:\/\/tonymora.com\/es\/wp-json\/wp\/v2\/product"}],"about":[{"href":"https:\/\/tonymora.com\/es\/wp-json\/wp\/v2\/types\/product"}],"wp:featuredmedia":[{"embeddable":true,"href":"https:\/\/tonymora.com\/es\/wp-json\/wp\/v2\/media\/695287"}],"wp:attachment":[{"href":"https:\/\/tonymora.com\/es\/wp-json\/wp\/v2\/media?parent=694937"}],"wp:term":[{"taxonomy":"product_brand","embeddable":true,"href":"https:\/\/tonymora.com\/es\/wp-json\/wp\/v2\/product_brand?post=694937"},{"taxonomy":"product_cat","embeddable":true,"href":"https:\/\/tonymora.com\/es\/wp-json\/wp\/v2\/product_cat?post=694937"},{"taxonomy":"product_tag","embeddable":true,"href":"https:\/\/tonymora.com\/es\/wp-json\/wp\/v2\/product_tag?post=694937"}],"curies":[{"name":"wp","href":"https:\/\/api.w.org\/{rel}","templated":true}]}}