{"id":697145,"date":"2024-06-16T10:52:14","date_gmt":"2024-06-16T08:52:14","guid":{"rendered":"https:\/\/tonymora.com\/?post_type=product&#038;p=697145"},"modified":"2026-05-08T15:45:09","modified_gmt":"2026-05-08T13:45:09","slug":"2107-daslu-daslu-piton-bw","status":"publish","type":"product","link":"https:\/\/tonymora.com\/es\/producto\/2107-daslu-daslu-piton-bw\/","title":{"rendered":"2107 DASLU DASLU PITON BW"},"content":{"rendered":"<p>Unas botas que son la combinaci\u00f3n perfecta entre lo elegante y lo sexy. Sus ca\u00f1as altas estilizan la forma de las piernas acabando con una elegante horma en punta, lleva un tac\u00f3n alto que le da ese toque sexy. Est\u00e1 hecho con una suave piel de pit\u00f3n en tono natural de Blanco y Negro, haciendo a cada bota unica por su juego de colores y contrastes. Luce el lado m\u00e1s atrevido de Tony Mora.<\/p>\n","protected":false},"excerpt":{"rendered":"<p>Una propuesta con alma, hecha para acompa\u00f1arte de verdad. Sobriedad con presencia impecable.<br \/>\nUna forma de vestir la autenticidad con elegancia.<\/p>\n","protected":false},"featured_media":697170,"template":"","meta":{"_mbp_gutenberg_autopost":false},"product_brand":[757,759,761,763,765,767],"product_cat":[1172,122,112],"product_tag":[],"class_list":{"0":"post-697145","1":"product","2":"type-product","3":"status-publish","4":"has-post-thumbnail","6":"product_brand-talla-mujer-36","7":"product_brand-talla-mujer-37","8":"product_brand-talla-mujer-38","9":"product_brand-talla-mujer-39","10":"product_brand-talla-mujer-40","11":"product_brand-talla-mujer-41","12":"product_cat-black-friday","13":"product_cat-botas-exoticas-mujer","14":"product_cat-mujer","16":"first","17":"instock","18":"taxable","19":"shipping-taxable","20":"purchasable","21":"product-type-variable"},"_links":{"self":[{"href":"https:\/\/tonymora.com\/es\/wp-json\/wp\/v2\/product\/697145","targetHints":{"allow":["GET"]}}],"collection":[{"href":"https:\/\/tonymora.com\/es\/wp-json\/wp\/v2\/product"}],"about":[{"href":"https:\/\/tonymora.com\/es\/wp-json\/wp\/v2\/types\/product"}],"wp:featuredmedia":[{"embeddable":true,"href":"https:\/\/tonymora.com\/es\/wp-json\/wp\/v2\/media\/697170"}],"wp:attachment":[{"href":"https:\/\/tonymora.com\/es\/wp-json\/wp\/v2\/media?parent=697145"}],"wp:term":[{"taxonomy":"product_brand","embeddable":true,"href":"https:\/\/tonymora.com\/es\/wp-json\/wp\/v2\/product_brand?post=697145"},{"taxonomy":"product_cat","embeddable":true,"href":"https:\/\/tonymora.com\/es\/wp-json\/wp\/v2\/product_cat?post=697145"},{"taxonomy":"product_tag","embeddable":true,"href":"https:\/\/tonymora.com\/es\/wp-json\/wp\/v2\/product_tag?post=697145"}],"curies":[{"name":"wp","href":"https:\/\/api.w.org\/{rel}","templated":true}]}}