{"id":697234,"date":"2022-09-26T15:22:27","date_gmt":"2022-09-26T13:22:27","guid":{"rendered":"https:\/\/tonymora.com\/?post_type=product&#038;p=697234"},"modified":"2024-10-31T17:14:00","modified_gmt":"2024-10-31T16:14:00","slug":"433-cocodrilo-marron-elegance","status":"publish","type":"product","link":"https:\/\/tonymora.com\/es\/producto\/433-cocodrilo-marron-elegance\/","title":{"rendered":"433 COCODRILO MARRON ELEGANCE"},"content":{"rendered":"<p>Resistencia, durabilidad y belleza son caracter\u00edsticas que sin duda definen a la piel de cocodrilo que hemos elegido para este exclusivo cintur\u00f3n. Un cintur\u00f3n en piel de gran suavidad y muy agradable al tacto, una piel de escamas peque\u00f1as que hacen un juego de texturas. Adem\u00e1s el color marr\u00f3n le da un toque elegante perfecto para vestirlo en cualquier ocasi\u00f3n. Atr\u00e9vete a vestir esta pieza \u00fanica.<\/p>\n","protected":false},"excerpt":{"rendered":"<p>Sofisticaci\u00f3n serena para quienes eligen con criterio. Un cl\u00e1sico con mucha personalidad.<br \/>\nUna pieza que refuerza tu identidad y suma distinci\u00f3n sin esfuerzo.<\/p>\n","protected":false},"featured_media":698125,"template":"","meta":{"_mbp_gutenberg_autopost":false},"product_brand":[],"product_cat":[1172,243],"product_tag":[],"class_list":{"0":"post-697234","1":"product","2":"type-product","3":"status-publish","4":"has-post-thumbnail","6":"product_cat-black-friday","7":"product_cat-cinturones","9":"first","10":"outofstock","11":"taxable","12":"shipping-taxable","13":"product-type-variable"},"supplier_id":null,"supplier_sku":"","barcode":null,"atum_controlled":true,"out_stock_date":null,"out_stock_threshold":null,"inheritable":true,"inbound_stock":0,"stock_on_hold":0,"sold_today":0,"sales_last_days":0,"reserved_stock":0,"customer_returns":0,"warehouse_damage":0,"lost_in_post":0,"other_logs":0,"out_stock_days":0,"lost_sales":0,"has_location":false,"update_date":"2024-10-31T15:14:16","atum_locations":[],"atum_stock_status":"outofstock","restock_status":false,"low_stock_amount":"","sales_update_date":"2024-09-23T07:28:46","calc_backorders":null,"yoast_head":"<!-- This site is optimized with the Yoast SEO plugin v27.2 - https:\/\/yoast.com\/product\/yoast-seo-wordpress\/ -->\n<title>433 COCODRILO MARRON ELEGANCE - Tony Mora\u00ae Boots Official Store<\/title>\n<meta name=\"description\" content=\"Durabilidad y belleza son caracter\u00edsticas que sin duda definen a la piel de cocodrilo que hemos elegido para este exclusivo cintur\u00f3n.\" \/>\n<meta name=\"robots\" content=\"index, follow, max-snippet:-1, max-image-preview:large, max-video-preview:-1\" \/>\n<link rel=\"canonical\" href=\"https:\/\/tonymora.com\/es\/producto\/433-cocodrilo-marron-elegance\/\" \/>\n<meta property=\"og:locale\" content=\"es_ES\" \/>\n<meta property=\"og:type\" content=\"article\" \/>\n<meta property=\"og:title\" content=\"433 COCODRILO MARRON ELEGANCE - Tony Mora\u00ae Boots Official Store\" \/>\n<meta property=\"og:description\" content=\"Durabilidad y belleza son caracter\u00edsticas que sin duda definen a la piel de cocodrilo que hemos elegido para este exclusivo cintur\u00f3n.\" \/>\n<meta property=\"og:url\" content=\"https:\/\/tonymora.com\/es\/producto\/433-cocodrilo-marron-elegance\/\" \/>\n<meta property=\"og:site_name\" content=\"Tony Mora\u00ae Boots Official Store\" \/>\n<meta property=\"article:publisher\" content=\"https:\/\/www.facebook.com\/Tonymoraofficial\/\" \/>\n<meta property=\"article:modified_time\" content=\"2024-10-31T16:14:00+00:00\" \/>\n<meta property=\"og:image\" content=\"https:\/\/tonymora.com\/wp-content\/uploads\/2022\/09\/433-COCODRILO-MARRON-ELEGANCE-1.jpg\" \/>\n\t<meta property=\"og:image:width\" content=\"866\" \/>\n\t<meta property=\"og:image:height\" content=\"1032\" \/>\n\t<meta property=\"og:image:type\" content=\"image\/jpeg\" \/>\n<meta name=\"twitter:card\" content=\"summary_large_image\" \/>\n<meta name=\"twitter:label1\" content=\"Tiempo de lectura\" \/>\n\t<meta name=\"twitter:data1\" content=\"1 minuto\" \/>\n<script type=\"application\/ld+json\" class=\"yoast-schema-graph\">{\"@context\":\"https:\/\/schema.org\",\"@graph\":[{\"@type\":\"WebPage\",\"@id\":\"https:\/\/tonymora.com\/es\/producto\/433-cocodrilo-marron-elegance\/\",\"url\":\"https:\/\/tonymora.com\/es\/producto\/433-cocodrilo-marron-elegance\/\",\"name\":\"433 COCODRILO MARRON ELEGANCE - Tony Mora\u00ae Boots Official Store\",\"isPartOf\":{\"@id\":\"https:\/\/tonymora.com\/es\/#website\"},\"primaryImageOfPage\":{\"@id\":\"https:\/\/tonymora.com\/es\/producto\/433-cocodrilo-marron-elegance\/#primaryimage\"},\"image\":{\"@id\":\"https:\/\/tonymora.com\/es\/producto\/433-cocodrilo-marron-elegance\/#primaryimage\"},\"thumbnailUrl\":\"https:\/\/tonymora.com\/wp-content\/uploads\/2022\/09\/433-COCODRILO-MARRON-ELEGANCE-1.jpg\",\"datePublished\":\"2022-09-26T13:22:27+00:00\",\"dateModified\":\"2024-10-31T16:14:00+00:00\",\"description\":\"Durabilidad y belleza son caracter\u00edsticas que sin duda definen a la piel de cocodrilo que hemos elegido para este exclusivo cintur\u00f3n.\",\"breadcrumb\":{\"@id\":\"https:\/\/tonymora.com\/es\/producto\/433-cocodrilo-marron-elegance\/#breadcrumb\"},\"inLanguage\":\"es\",\"potentialAction\":[{\"@type\":\"ReadAction\",\"target\":[\"https:\/\/tonymora.com\/es\/producto\/433-cocodrilo-marron-elegance\/\"]}]},{\"@type\":\"ImageObject\",\"inLanguage\":\"es\",\"@id\":\"https:\/\/tonymora.com\/es\/producto\/433-cocodrilo-marron-elegance\/#primaryimage\",\"url\":\"https:\/\/tonymora.com\/wp-content\/uploads\/2022\/09\/433-COCODRILO-MARRON-ELEGANCE-1.jpg\",\"contentUrl\":\"https:\/\/tonymora.com\/wp-content\/uploads\/2022\/09\/433-COCODRILO-MARRON-ELEGANCE-1.jpg\",\"width\":866,\"height\":1032},{\"@type\":\"BreadcrumbList\",\"@id\":\"https:\/\/tonymora.com\/es\/producto\/433-cocodrilo-marron-elegance\/#breadcrumb\",\"itemListElement\":[{\"@type\":\"ListItem\",\"position\":1,\"name\":\"Portada\",\"item\":\"https:\/\/tonymora.com\/es\/\"},{\"@type\":\"ListItem\",\"position\":2,\"name\":\"Tienda\",\"item\":\"https:\/\/tonymora.com\/es\/tienda\/\"},{\"@type\":\"ListItem\",\"position\":3,\"name\":\"Cinturones\",\"item\":\"https:\/\/tonymora.com\/es\/categoria-producto\/cinturones\/\"},{\"@type\":\"ListItem\",\"position\":4,\"name\":\"433 COCODRILO MARRON ELEGANCE\"}]},{\"@type\":\"WebSite\",\"@id\":\"https:\/\/tonymora.com\/es\/#website\",\"url\":\"https:\/\/tonymora.com\/es\/\",\"name\":\"Tony Mora\u00ae Boots Official Store\",\"description\":\"Cowboy Boots\",\"publisher\":{\"@id\":\"https:\/\/tonymora.com\/es\/#organization\"},\"potentialAction\":[{\"@type\":\"SearchAction\",\"target\":{\"@type\":\"EntryPoint\",\"urlTemplate\":\"https:\/\/tonymora.com\/es\/?s={search_term_string}\"},\"query-input\":{\"@type\":\"PropertyValueSpecification\",\"valueRequired\":true,\"valueName\":\"search_term_string\"}}],\"inLanguage\":\"es\"},{\"@type\":\"Organization\",\"@id\":\"https:\/\/tonymora.com\/es\/#organization\",\"name\":\"Tony Mora Boots\",\"url\":\"https:\/\/tonymora.com\/es\/\",\"logo\":{\"@type\":\"ImageObject\",\"inLanguage\":\"es\",\"@id\":\"https:\/\/tonymora.com\/es\/#\/schema\/logo\/image\/\",\"url\":\"https:\/\/tonymora.com\/wp-content\/uploads\/2023\/12\/LOGO.jpg\",\"contentUrl\":\"https:\/\/tonymora.com\/wp-content\/uploads\/2023\/12\/LOGO.jpg\",\"width\":2272,\"height\":1411,\"caption\":\"Tony Mora Boots\"},\"image\":{\"@id\":\"https:\/\/tonymora.com\/es\/#\/schema\/logo\/image\/\"},\"sameAs\":[\"https:\/\/www.facebook.com\/Tonymoraofficial\/\",\"https:\/\/www.instagram.com\/tonymoraofficial\/?hl=es\"]}]}<\/script>\n<!-- \/ Yoast SEO plugin. -->","yoast_head_json":{"title":"433 COCODRILO MARRON ELEGANCE - Tony Mora\u00ae Boots Official Store","description":"Durabilidad y belleza son caracter\u00edsticas que sin duda definen a la piel de cocodrilo que hemos elegido para este exclusivo cintur\u00f3n.","robots":{"index":"index","follow":"follow","max-snippet":"max-snippet:-1","max-image-preview":"max-image-preview:large","max-video-preview":"max-video-preview:-1"},"canonical":"https:\/\/tonymora.com\/es\/producto\/433-cocodrilo-marron-elegance\/","og_locale":"es_ES","og_type":"article","og_title":"433 COCODRILO MARRON ELEGANCE - Tony Mora\u00ae Boots Official Store","og_description":"Durabilidad y belleza son caracter\u00edsticas que sin duda definen a la piel de cocodrilo que hemos elegido para este exclusivo cintur\u00f3n.","og_url":"https:\/\/tonymora.com\/es\/producto\/433-cocodrilo-marron-elegance\/","og_site_name":"Tony Mora\u00ae Boots Official Store","article_publisher":"https:\/\/www.facebook.com\/Tonymoraofficial\/","article_modified_time":"2024-10-31T16:14:00+00:00","og_image":[{"width":866,"height":1032,"url":"https:\/\/tonymora.com\/wp-content\/uploads\/2022\/09\/433-COCODRILO-MARRON-ELEGANCE-1.jpg","type":"image\/jpeg"}],"twitter_card":"summary_large_image","twitter_misc":{"Tiempo de lectura":"1 minuto"},"schema":{"@context":"https:\/\/schema.org","@graph":[{"@type":"WebPage","@id":"https:\/\/tonymora.com\/es\/producto\/433-cocodrilo-marron-elegance\/","url":"https:\/\/tonymora.com\/es\/producto\/433-cocodrilo-marron-elegance\/","name":"433 COCODRILO MARRON ELEGANCE - Tony Mora\u00ae Boots Official Store","isPartOf":{"@id":"https:\/\/tonymora.com\/es\/#website"},"primaryImageOfPage":{"@id":"https:\/\/tonymora.com\/es\/producto\/433-cocodrilo-marron-elegance\/#primaryimage"},"image":{"@id":"https:\/\/tonymora.com\/es\/producto\/433-cocodrilo-marron-elegance\/#primaryimage"},"thumbnailUrl":"https:\/\/tonymora.com\/wp-content\/uploads\/2022\/09\/433-COCODRILO-MARRON-ELEGANCE-1.jpg","datePublished":"2022-09-26T13:22:27+00:00","dateModified":"2024-10-31T16:14:00+00:00","description":"Durabilidad y belleza son caracter\u00edsticas que sin duda definen a la piel de cocodrilo que hemos elegido para este exclusivo cintur\u00f3n.","breadcrumb":{"@id":"https:\/\/tonymora.com\/es\/producto\/433-cocodrilo-marron-elegance\/#breadcrumb"},"inLanguage":"es","potentialAction":[{"@type":"ReadAction","target":["https:\/\/tonymora.com\/es\/producto\/433-cocodrilo-marron-elegance\/"]}]},{"@type":"ImageObject","inLanguage":"es","@id":"https:\/\/tonymora.com\/es\/producto\/433-cocodrilo-marron-elegance\/#primaryimage","url":"https:\/\/tonymora.com\/wp-content\/uploads\/2022\/09\/433-COCODRILO-MARRON-ELEGANCE-1.jpg","contentUrl":"https:\/\/tonymora.com\/wp-content\/uploads\/2022\/09\/433-COCODRILO-MARRON-ELEGANCE-1.jpg","width":866,"height":1032},{"@type":"BreadcrumbList","@id":"https:\/\/tonymora.com\/es\/producto\/433-cocodrilo-marron-elegance\/#breadcrumb","itemListElement":[{"@type":"ListItem","position":1,"name":"Portada","item":"https:\/\/tonymora.com\/es\/"},{"@type":"ListItem","position":2,"name":"Tienda","item":"https:\/\/tonymora.com\/es\/tienda\/"},{"@type":"ListItem","position":3,"name":"Cinturones","item":"https:\/\/tonymora.com\/es\/categoria-producto\/cinturones\/"},{"@type":"ListItem","position":4,"name":"433 COCODRILO MARRON ELEGANCE"}]},{"@type":"WebSite","@id":"https:\/\/tonymora.com\/es\/#website","url":"https:\/\/tonymora.com\/es\/","name":"Tony Mora\u00ae Boots Official Store","description":"Cowboy Boots","publisher":{"@id":"https:\/\/tonymora.com\/es\/#organization"},"potentialAction":[{"@type":"SearchAction","target":{"@type":"EntryPoint","urlTemplate":"https:\/\/tonymora.com\/es\/?s={search_term_string}"},"query-input":{"@type":"PropertyValueSpecification","valueRequired":true,"valueName":"search_term_string"}}],"inLanguage":"es"},{"@type":"Organization","@id":"https:\/\/tonymora.com\/es\/#organization","name":"Tony Mora Boots","url":"https:\/\/tonymora.com\/es\/","logo":{"@type":"ImageObject","inLanguage":"es","@id":"https:\/\/tonymora.com\/es\/#\/schema\/logo\/image\/","url":"https:\/\/tonymora.com\/wp-content\/uploads\/2023\/12\/LOGO.jpg","contentUrl":"https:\/\/tonymora.com\/wp-content\/uploads\/2023\/12\/LOGO.jpg","width":2272,"height":1411,"caption":"Tony Mora Boots"},"image":{"@id":"https:\/\/tonymora.com\/es\/#\/schema\/logo\/image\/"},"sameAs":["https:\/\/www.facebook.com\/Tonymoraofficial\/","https:\/\/www.instagram.com\/tonymoraofficial\/?hl=es"]}]}},"_links":{"self":[{"href":"https:\/\/tonymora.com\/es\/wp-json\/wp\/v2\/product\/697234","targetHints":{"allow":["GET"]}}],"collection":[{"href":"https:\/\/tonymora.com\/es\/wp-json\/wp\/v2\/product"}],"about":[{"href":"https:\/\/tonymora.com\/es\/wp-json\/wp\/v2\/types\/product"}],"wp:featuredmedia":[{"embeddable":true,"href":"https:\/\/tonymora.com\/es\/wp-json\/wp\/v2\/media\/698125"}],"wp:attachment":[{"href":"https:\/\/tonymora.com\/es\/wp-json\/wp\/v2\/media?parent=697234"}],"wp:term":[{"taxonomy":"product_brand","embeddable":true,"href":"https:\/\/tonymora.com\/es\/wp-json\/wp\/v2\/product_brand?post=697234"},{"taxonomy":"product_cat","embeddable":true,"href":"https:\/\/tonymora.com\/es\/wp-json\/wp\/v2\/product_cat?post=697234"},{"taxonomy":"product_tag","embeddable":true,"href":"https:\/\/tonymora.com\/es\/wp-json\/wp\/v2\/product_tag?post=697234"}],"curies":[{"name":"wp","href":"https:\/\/api.w.org\/{rel}","templated":true}]}}