{"id":697295,"date":"2022-09-26T15:41:25","date_gmt":"2022-09-26T13:41:25","guid":{"rendered":"https:\/\/tonymora.com\/?post_type=product&#038;p=697295"},"modified":"2026-04-10T07:32:53","modified_gmt":"2026-04-10T05:32:53","slug":"8091-boho-flores-gris-oscuro","status":"publish","type":"product","link":"https:\/\/tonymora.com\/es\/producto\/8091-boho-flores-gris-oscuro\/","title":{"rendered":"8091 BOHO FLORES GRIS OSCURO"},"content":{"rendered":"<p class=\"p1\">Te presentamos nuestro encantador cintur\u00f3n de piel de vacuno en un elegante tono gris oscuro, una pieza que destaca por su estilo boho chic floral \u00fanico. Este cintur\u00f3n est\u00e1 adornado con un exquisito bordado de piedras negras y plateadas hecho a mano, a\u00f1adiendo un toque de brillo y sofisticaci\u00f3n. La combinaci\u00f3n de colores y el dise\u00f1o floral hacen que este cintur\u00f3n sea perfecto para aquellos que buscan un estilo distintivo y moderno.<\/p>\n","protected":false},"excerpt":{"rendered":"<p>Car\u00e1cter y refinamiento en equilibrio perfecto.<br \/>\nUna forma de vestir la autenticidad con elegancia.<\/p>\n","protected":false},"featured_media":712141,"template":"","meta":{"_mbp_gutenberg_autopost":false},"product_brand":[],"product_cat":[1172,1155,112],"product_tag":[],"class_list":{"0":"post-697295","1":"product","2":"type-product","3":"status-publish","4":"has-post-thumbnail","6":"product_cat-black-friday","7":"product_cat-cinturones-mujer","8":"product_cat-mujer","10":"first","11":"instock","12":"taxable","13":"shipping-taxable","14":"purchasable","15":"product-type-variable"},"supplier_id":null,"supplier_sku":"","barcode":null,"atum_controlled":true,"out_stock_date":null,"out_stock_threshold":null,"inheritable":true,"inbound_stock":0,"stock_on_hold":0,"sold_today":0,"sales_last_days":0,"reserved_stock":0,"customer_returns":0,"warehouse_damage":0,"lost_in_post":0,"other_logs":0,"out_stock_days":0,"lost_sales":0,"has_location":false,"update_date":"2025-12-10T10:27:56","atum_locations":[],"atum_stock_status":"instock","restock_status":false,"low_stock_amount":"","sales_update_date":"2024-11-14T11:14:21","calc_backorders":null,"yoast_head":"<!-- This site is optimized with the Yoast SEO plugin v27.2 - https:\/\/yoast.com\/product\/yoast-seo-wordpress\/ -->\n<title>8091 BOHO FLORES GRIS OSCURO - Tony Mora\u00ae Boots Official Store<\/title>\n<meta name=\"description\" content=\"Nuestros cinturones en piel de Pit\u00f3n te dar\u00e1n la exclusividad de calidad que tenemos con nuestras pieles ex\u00f3ticas.\" \/>\n<meta name=\"robots\" content=\"index, follow, max-snippet:-1, max-image-preview:large, max-video-preview:-1\" \/>\n<link rel=\"canonical\" href=\"https:\/\/tonymora.com\/es\/producto\/8091-boho-flores-gris-oscuro\/\" \/>\n<meta property=\"og:locale\" content=\"es_ES\" \/>\n<meta property=\"og:type\" content=\"article\" \/>\n<meta property=\"og:title\" content=\"8091 BOHO FLORES GRIS OSCURO - Tony Mora\u00ae Boots Official Store\" \/>\n<meta property=\"og:description\" content=\"Nuestros cinturones en piel de Pit\u00f3n te dar\u00e1n la exclusividad de calidad que tenemos con nuestras pieles ex\u00f3ticas.\" \/>\n<meta property=\"og:url\" content=\"https:\/\/tonymora.com\/es\/producto\/8091-boho-flores-gris-oscuro\/\" \/>\n<meta property=\"og:site_name\" content=\"Tony Mora\u00ae Boots Official Store\" \/>\n<meta property=\"article:publisher\" content=\"https:\/\/www.facebook.com\/Tonymoraofficial\/\" \/>\n<meta property=\"article:modified_time\" content=\"2026-04-10T05:32:53+00:00\" \/>\n<meta property=\"og:image\" content=\"https:\/\/tonymora.com\/wp-content\/uploads\/2022\/09\/6.jpg\" \/>\n\t<meta property=\"og:image:width\" content=\"866\" \/>\n\t<meta property=\"og:image:height\" content=\"1032\" \/>\n\t<meta property=\"og:image:type\" content=\"image\/jpeg\" \/>\n<meta name=\"twitter:card\" content=\"summary_large_image\" \/>\n<meta name=\"twitter:label1\" content=\"Tiempo de lectura\" \/>\n\t<meta name=\"twitter:data1\" content=\"1 minuto\" \/>\n<script type=\"application\/ld+json\" class=\"yoast-schema-graph\">{\"@context\":\"https:\/\/schema.org\",\"@graph\":[{\"@type\":\"WebPage\",\"@id\":\"https:\/\/tonymora.com\/es\/producto\/8091-boho-flores-gris-oscuro\/\",\"url\":\"https:\/\/tonymora.com\/es\/producto\/8091-boho-flores-gris-oscuro\/\",\"name\":\"8091 BOHO FLORES GRIS OSCURO - Tony Mora\u00ae Boots Official Store\",\"isPartOf\":{\"@id\":\"https:\/\/tonymora.com\/es\/#website\"},\"primaryImageOfPage\":{\"@id\":\"https:\/\/tonymora.com\/es\/producto\/8091-boho-flores-gris-oscuro\/#primaryimage\"},\"image\":{\"@id\":\"https:\/\/tonymora.com\/es\/producto\/8091-boho-flores-gris-oscuro\/#primaryimage\"},\"thumbnailUrl\":\"https:\/\/tonymora.com\/wp-content\/uploads\/2022\/09\/6.jpg\",\"datePublished\":\"2022-09-26T13:41:25+00:00\",\"dateModified\":\"2026-04-10T05:32:53+00:00\",\"description\":\"Nuestros cinturones en piel de Pit\u00f3n te dar\u00e1n la exclusividad de calidad que tenemos con nuestras pieles ex\u00f3ticas.\",\"breadcrumb\":{\"@id\":\"https:\/\/tonymora.com\/es\/producto\/8091-boho-flores-gris-oscuro\/#breadcrumb\"},\"inLanguage\":\"es\",\"potentialAction\":[{\"@type\":\"ReadAction\",\"target\":[\"https:\/\/tonymora.com\/es\/producto\/8091-boho-flores-gris-oscuro\/\"]}]},{\"@type\":\"ImageObject\",\"inLanguage\":\"es\",\"@id\":\"https:\/\/tonymora.com\/es\/producto\/8091-boho-flores-gris-oscuro\/#primaryimage\",\"url\":\"https:\/\/tonymora.com\/wp-content\/uploads\/2022\/09\/6.jpg\",\"contentUrl\":\"https:\/\/tonymora.com\/wp-content\/uploads\/2022\/09\/6.jpg\",\"width\":866,\"height\":1032,\"caption\":\"Cintur\u00f3n Boho Negro Bordado\"},{\"@type\":\"BreadcrumbList\",\"@id\":\"https:\/\/tonymora.com\/es\/producto\/8091-boho-flores-gris-oscuro\/#breadcrumb\",\"itemListElement\":[{\"@type\":\"ListItem\",\"position\":1,\"name\":\"Portada\",\"item\":\"https:\/\/tonymora.com\/es\/\"},{\"@type\":\"ListItem\",\"position\":2,\"name\":\"Tienda\",\"item\":\"https:\/\/tonymora.com\/es\/tienda\/\"},{\"@type\":\"ListItem\",\"position\":3,\"name\":\"Cinturones Mujer\",\"item\":\"https:\/\/tonymora.com\/es\/categoria-producto\/cinturones-mujer\/\"},{\"@type\":\"ListItem\",\"position\":4,\"name\":\"8091 BOHO FLORES GRIS OSCURO\"}]},{\"@type\":\"WebSite\",\"@id\":\"https:\/\/tonymora.com\/es\/#website\",\"url\":\"https:\/\/tonymora.com\/es\/\",\"name\":\"Tony Mora\u00ae Boots Official Store\",\"description\":\"Cowboy Boots\",\"publisher\":{\"@id\":\"https:\/\/tonymora.com\/es\/#organization\"},\"potentialAction\":[{\"@type\":\"SearchAction\",\"target\":{\"@type\":\"EntryPoint\",\"urlTemplate\":\"https:\/\/tonymora.com\/es\/?s={search_term_string}\"},\"query-input\":{\"@type\":\"PropertyValueSpecification\",\"valueRequired\":true,\"valueName\":\"search_term_string\"}}],\"inLanguage\":\"es\"},{\"@type\":\"Organization\",\"@id\":\"https:\/\/tonymora.com\/es\/#organization\",\"name\":\"Tony Mora Boots\",\"url\":\"https:\/\/tonymora.com\/es\/\",\"logo\":{\"@type\":\"ImageObject\",\"inLanguage\":\"es\",\"@id\":\"https:\/\/tonymora.com\/es\/#\/schema\/logo\/image\/\",\"url\":\"https:\/\/tonymora.com\/wp-content\/uploads\/2023\/12\/LOGO.jpg\",\"contentUrl\":\"https:\/\/tonymora.com\/wp-content\/uploads\/2023\/12\/LOGO.jpg\",\"width\":2272,\"height\":1411,\"caption\":\"Tony Mora Boots\"},\"image\":{\"@id\":\"https:\/\/tonymora.com\/es\/#\/schema\/logo\/image\/\"},\"sameAs\":[\"https:\/\/www.facebook.com\/Tonymoraofficial\/\",\"https:\/\/www.instagram.com\/tonymoraofficial\/?hl=es\"]}]}<\/script>\n<!-- \/ Yoast SEO plugin. -->","yoast_head_json":{"title":"8091 BOHO FLORES GRIS OSCURO - Tony Mora\u00ae Boots Official Store","description":"Nuestros cinturones en piel de Pit\u00f3n te dar\u00e1n la exclusividad de calidad que tenemos con nuestras pieles ex\u00f3ticas.","robots":{"index":"index","follow":"follow","max-snippet":"max-snippet:-1","max-image-preview":"max-image-preview:large","max-video-preview":"max-video-preview:-1"},"canonical":"https:\/\/tonymora.com\/es\/producto\/8091-boho-flores-gris-oscuro\/","og_locale":"es_ES","og_type":"article","og_title":"8091 BOHO FLORES GRIS OSCURO - Tony Mora\u00ae Boots Official Store","og_description":"Nuestros cinturones en piel de Pit\u00f3n te dar\u00e1n la exclusividad de calidad que tenemos con nuestras pieles ex\u00f3ticas.","og_url":"https:\/\/tonymora.com\/es\/producto\/8091-boho-flores-gris-oscuro\/","og_site_name":"Tony Mora\u00ae Boots Official Store","article_publisher":"https:\/\/www.facebook.com\/Tonymoraofficial\/","article_modified_time":"2026-04-10T05:32:53+00:00","og_image":[{"width":866,"height":1032,"url":"https:\/\/tonymora.com\/wp-content\/uploads\/2022\/09\/6.jpg","type":"image\/jpeg"}],"twitter_card":"summary_large_image","twitter_misc":{"Tiempo de lectura":"1 minuto"},"schema":{"@context":"https:\/\/schema.org","@graph":[{"@type":"WebPage","@id":"https:\/\/tonymora.com\/es\/producto\/8091-boho-flores-gris-oscuro\/","url":"https:\/\/tonymora.com\/es\/producto\/8091-boho-flores-gris-oscuro\/","name":"8091 BOHO FLORES GRIS OSCURO - Tony Mora\u00ae Boots Official Store","isPartOf":{"@id":"https:\/\/tonymora.com\/es\/#website"},"primaryImageOfPage":{"@id":"https:\/\/tonymora.com\/es\/producto\/8091-boho-flores-gris-oscuro\/#primaryimage"},"image":{"@id":"https:\/\/tonymora.com\/es\/producto\/8091-boho-flores-gris-oscuro\/#primaryimage"},"thumbnailUrl":"https:\/\/tonymora.com\/wp-content\/uploads\/2022\/09\/6.jpg","datePublished":"2022-09-26T13:41:25+00:00","dateModified":"2026-04-10T05:32:53+00:00","description":"Nuestros cinturones en piel de Pit\u00f3n te dar\u00e1n la exclusividad de calidad que tenemos con nuestras pieles ex\u00f3ticas.","breadcrumb":{"@id":"https:\/\/tonymora.com\/es\/producto\/8091-boho-flores-gris-oscuro\/#breadcrumb"},"inLanguage":"es","potentialAction":[{"@type":"ReadAction","target":["https:\/\/tonymora.com\/es\/producto\/8091-boho-flores-gris-oscuro\/"]}]},{"@type":"ImageObject","inLanguage":"es","@id":"https:\/\/tonymora.com\/es\/producto\/8091-boho-flores-gris-oscuro\/#primaryimage","url":"https:\/\/tonymora.com\/wp-content\/uploads\/2022\/09\/6.jpg","contentUrl":"https:\/\/tonymora.com\/wp-content\/uploads\/2022\/09\/6.jpg","width":866,"height":1032,"caption":"Cintur\u00f3n Boho Negro Bordado"},{"@type":"BreadcrumbList","@id":"https:\/\/tonymora.com\/es\/producto\/8091-boho-flores-gris-oscuro\/#breadcrumb","itemListElement":[{"@type":"ListItem","position":1,"name":"Portada","item":"https:\/\/tonymora.com\/es\/"},{"@type":"ListItem","position":2,"name":"Tienda","item":"https:\/\/tonymora.com\/es\/tienda\/"},{"@type":"ListItem","position":3,"name":"Cinturones Mujer","item":"https:\/\/tonymora.com\/es\/categoria-producto\/cinturones-mujer\/"},{"@type":"ListItem","position":4,"name":"8091 BOHO FLORES GRIS OSCURO"}]},{"@type":"WebSite","@id":"https:\/\/tonymora.com\/es\/#website","url":"https:\/\/tonymora.com\/es\/","name":"Tony Mora\u00ae Boots Official Store","description":"Cowboy Boots","publisher":{"@id":"https:\/\/tonymora.com\/es\/#organization"},"potentialAction":[{"@type":"SearchAction","target":{"@type":"EntryPoint","urlTemplate":"https:\/\/tonymora.com\/es\/?s={search_term_string}"},"query-input":{"@type":"PropertyValueSpecification","valueRequired":true,"valueName":"search_term_string"}}],"inLanguage":"es"},{"@type":"Organization","@id":"https:\/\/tonymora.com\/es\/#organization","name":"Tony Mora Boots","url":"https:\/\/tonymora.com\/es\/","logo":{"@type":"ImageObject","inLanguage":"es","@id":"https:\/\/tonymora.com\/es\/#\/schema\/logo\/image\/","url":"https:\/\/tonymora.com\/wp-content\/uploads\/2023\/12\/LOGO.jpg","contentUrl":"https:\/\/tonymora.com\/wp-content\/uploads\/2023\/12\/LOGO.jpg","width":2272,"height":1411,"caption":"Tony Mora Boots"},"image":{"@id":"https:\/\/tonymora.com\/es\/#\/schema\/logo\/image\/"},"sameAs":["https:\/\/www.facebook.com\/Tonymoraofficial\/","https:\/\/www.instagram.com\/tonymoraofficial\/?hl=es"]}]}},"_links":{"self":[{"href":"https:\/\/tonymora.com\/es\/wp-json\/wp\/v2\/product\/697295","targetHints":{"allow":["GET"]}}],"collection":[{"href":"https:\/\/tonymora.com\/es\/wp-json\/wp\/v2\/product"}],"about":[{"href":"https:\/\/tonymora.com\/es\/wp-json\/wp\/v2\/types\/product"}],"wp:featuredmedia":[{"embeddable":true,"href":"https:\/\/tonymora.com\/es\/wp-json\/wp\/v2\/media\/712141"}],"wp:attachment":[{"href":"https:\/\/tonymora.com\/es\/wp-json\/wp\/v2\/media?parent=697295"}],"wp:term":[{"taxonomy":"product_brand","embeddable":true,"href":"https:\/\/tonymora.com\/es\/wp-json\/wp\/v2\/product_brand?post=697295"},{"taxonomy":"product_cat","embeddable":true,"href":"https:\/\/tonymora.com\/es\/wp-json\/wp\/v2\/product_cat?post=697295"},{"taxonomy":"product_tag","embeddable":true,"href":"https:\/\/tonymora.com\/es\/wp-json\/wp\/v2\/product_tag?post=697295"}],"curies":[{"name":"wp","href":"https:\/\/api.w.org\/{rel}","templated":true}]}}