{"id":697364,"date":"2022-09-26T15:55:04","date_gmt":"2022-09-26T13:55:04","guid":{"rendered":"https:\/\/tonymora.com\/?post_type=product&#038;p=697364"},"modified":"2024-10-31T17:15:07","modified_gmt":"2024-10-31T16:15:07","slug":"433-iguana-vintage-rock","status":"publish","type":"product","link":"https:\/\/tonymora.com\/es\/producto\/433-iguana-vintage-rock\/","title":{"rendered":"433 IGUANA VINTAGE ROCK"},"content":{"rendered":"<p>Cuando apostamos por un cl\u00e1sico nos gusta hacerlo con elegancia. Por eso te presentamos este modelo en una excepcional piel de iguana con un brillo muy especial. Es una piel muy resistente y muy suave tacto, pero de alta durabilidad. Su color es muy especial por la combinaci\u00f3n de colores entre negro, beige, blanco y bronce. Dise\u00f1os \u00fanicos con la marca de garant\u00eda Tony Mora.<\/p>\n","protected":false},"excerpt":{"rendered":"<p>Sofisticaci\u00f3n serena para quienes eligen con criterio. Elegancia absoluta en clave oscura.<br \/>\nPensada para vivir momentos, no para seguir tendencias.<\/p>\n","protected":false},"featured_media":698064,"template":"","meta":{"_mbp_gutenberg_autopost":false},"product_brand":[],"product_cat":[1172,243],"product_tag":[],"class_list":{"0":"post-697364","1":"product","2":"type-product","3":"status-publish","4":"has-post-thumbnail","6":"product_cat-black-friday","7":"product_cat-cinturones","9":"first","10":"outofstock","11":"taxable","12":"shipping-taxable","13":"product-type-variable"},"_links":{"self":[{"href":"https:\/\/tonymora.com\/es\/wp-json\/wp\/v2\/product\/697364","targetHints":{"allow":["GET"]}}],"collection":[{"href":"https:\/\/tonymora.com\/es\/wp-json\/wp\/v2\/product"}],"about":[{"href":"https:\/\/tonymora.com\/es\/wp-json\/wp\/v2\/types\/product"}],"wp:featuredmedia":[{"embeddable":true,"href":"https:\/\/tonymora.com\/es\/wp-json\/wp\/v2\/media\/698064"}],"wp:attachment":[{"href":"https:\/\/tonymora.com\/es\/wp-json\/wp\/v2\/media?parent=697364"}],"wp:term":[{"taxonomy":"product_brand","embeddable":true,"href":"https:\/\/tonymora.com\/es\/wp-json\/wp\/v2\/product_brand?post=697364"},{"taxonomy":"product_cat","embeddable":true,"href":"https:\/\/tonymora.com\/es\/wp-json\/wp\/v2\/product_cat?post=697364"},{"taxonomy":"product_tag","embeddable":true,"href":"https:\/\/tonymora.com\/es\/wp-json\/wp\/v2\/product_tag?post=697364"}],"curies":[{"name":"wp","href":"https:\/\/api.w.org\/{rel}","templated":true}]}}