{"id":697425,"date":"2022-09-26T16:18:28","date_gmt":"2022-09-26T14:18:28","guid":{"rendered":"https:\/\/tonymora.com\/?post_type=product&#038;p=697425"},"modified":"2026-04-23T11:02:14","modified_gmt":"2026-04-23T09:02:14","slug":"0086-grabado-becerro-marron","status":"publish","type":"product","link":"https:\/\/tonymora.com\/es\/producto\/0086-grabado-becerro-marron\/","title":{"rendered":"0086 GRABADO BECERRO MARRON"},"content":{"rendered":"<p class=\"p1\">Sum\u00e9rgete en la elegancia con nuestro cintur\u00f3n exclusivo, hecho a mano con una suave piel de vacuno que garantiza un tacto delicado y una durabilidad excepcional. Este vers\u00e1til cintur\u00f3n en tono marr\u00f3n brillante es el complemento perfecto para cualquier look, a\u00f1adiendo un toque de sofisticaci\u00f3n y estilo.<\/p>\n<p class=\"p1\">Su exclusivo grabado floral en conjunto con una hebilla en tono dorado envejecido le otorga una distinci\u00f3n \u00fanica que no pasar\u00e1 desapercibida, gracias a la gran calidad de la piel garantizamos una resistencia excelente al uso diario y al paso del tiempo.<\/p>\n","protected":false},"excerpt":{"rendered":"<p>Una pieza pensada para destacar con discreci\u00f3n y seguridad. Un cl\u00e1sico con mucha personalidad.<br \/>\nEl toque final que convierte lo simple en memorable.<\/p>\n","protected":false},"featured_media":712126,"template":"","meta":{"_mbp_gutenberg_autopost":false},"product_brand":[],"product_cat":[1172,1154,1155,112],"product_tag":[],"class_list":{"0":"post-697425","1":"product","2":"type-product","3":"status-publish","4":"has-post-thumbnail","6":"product_cat-black-friday","7":"product_cat-cinturones-hombres","8":"product_cat-cinturones-mujer","9":"product_cat-mujer","11":"first","12":"instock","13":"taxable","14":"shipping-taxable","15":"purchasable","16":"product-type-variable"},"_links":{"self":[{"href":"https:\/\/tonymora.com\/es\/wp-json\/wp\/v2\/product\/697425","targetHints":{"allow":["GET"]}}],"collection":[{"href":"https:\/\/tonymora.com\/es\/wp-json\/wp\/v2\/product"}],"about":[{"href":"https:\/\/tonymora.com\/es\/wp-json\/wp\/v2\/types\/product"}],"wp:featuredmedia":[{"embeddable":true,"href":"https:\/\/tonymora.com\/es\/wp-json\/wp\/v2\/media\/712126"}],"wp:attachment":[{"href":"https:\/\/tonymora.com\/es\/wp-json\/wp\/v2\/media?parent=697425"}],"wp:term":[{"taxonomy":"product_brand","embeddable":true,"href":"https:\/\/tonymora.com\/es\/wp-json\/wp\/v2\/product_brand?post=697425"},{"taxonomy":"product_cat","embeddable":true,"href":"https:\/\/tonymora.com\/es\/wp-json\/wp\/v2\/product_cat?post=697425"},{"taxonomy":"product_tag","embeddable":true,"href":"https:\/\/tonymora.com\/es\/wp-json\/wp\/v2\/product_tag?post=697425"}],"curies":[{"name":"wp","href":"https:\/\/api.w.org\/{rel}","templated":true}]}}