{"id":697920,"date":"2022-09-27T10:37:37","date_gmt":"2022-09-27T08:37:37","guid":{"rendered":"https:\/\/tonymora.com\/?post_type=product&#038;p=697920"},"modified":"2026-04-09T07:32:51","modified_gmt":"2026-04-09T05:32:51","slug":"1909-j-lini-ciclone-verde","status":"publish","type":"product","link":"https:\/\/tonymora.com\/es\/producto\/1909-j-lini-ciclone-verde\/","title":{"rendered":"1909 J LINI CICLONE VERDE"},"content":{"rendered":"<p>Con este modelo te presentamos el perfecto ejemplo del delicado trabajo artesanal que nos caracteriza. Cada corte del dise\u00f1o es hecho con delicada precisi\u00f3n para poder combinar este alegre color verde con un hermoso color beige de bajo fondo. Para una mayor protecci\u00f3n los bordes de los cortes est\u00e1n cosidos a mano dando un acabado elegante a este modelo.<\/p>\n","protected":false},"excerpt":{"rendered":"<p>Una elecci\u00f3n que se siente especial nada m\u00e1s verla.<br \/>\nIdeal para acompa\u00f1arte del d\u00eda a la noche con la misma confianza.<\/p>\n","protected":false},"featured_media":697953,"template":"","meta":{"_mbp_gutenberg_autopost":false},"product_brand":[757,761,763,767],"product_cat":[1172,119,114,120,1133,112,1130],"product_tag":[],"class_list":{"0":"post-697920","1":"product","2":"type-product","3":"status-publish","4":"has-post-thumbnail","6":"product_brand-talla-mujer-36","7":"product_brand-talla-mujer-38","8":"product_brand-talla-mujer-39","9":"product_brand-talla-mujer-41","10":"product_cat-black-friday","11":"product_cat-botas-casual-mujer","12":"product_cat-botas-cowgirl-mujer","13":"product_cat-botas-de-baile-en-linea-mujer","14":"product_cat-botas-de-piel-mujer","15":"product_cat-mujer","16":"product_cat-rebajas-mujer","18":"first","19":"outofstock","20":"taxable","21":"shipping-taxable","22":"product-type-variable"},"supplier_id":null,"supplier_sku":"","barcode":null,"atum_controlled":true,"out_stock_date":null,"out_stock_threshold":null,"inheritable":true,"inbound_stock":0,"stock_on_hold":0,"sold_today":0,"sales_last_days":0,"reserved_stock":0,"customer_returns":0,"warehouse_damage":0,"lost_in_post":0,"other_logs":0,"out_stock_days":0,"lost_sales":0,"has_location":false,"update_date":"2025-08-01T05:13:53","atum_locations":[],"atum_stock_status":"instock","restock_status":false,"low_stock_amount":"","sales_update_date":"2024-11-14T10:07:14","calc_backorders":null,"yoast_head":"<!-- This site is optimized with the Yoast SEO plugin v27.2 - https:\/\/yoast.com\/product\/yoast-seo-wordpress\/ -->\n<title>1909 J LINI CICLONE VERDE - Tony Mora\u00ae Boots Official Store<\/title>\n<meta name=\"description\" content=\"Cada corte del dise\u00f1o es hecho con delicada precisi\u00f3n para poder combinar este alegre color verde con un hermoso color beige de bajo fondo.\" \/>\n<meta name=\"robots\" content=\"index, follow, max-snippet:-1, max-image-preview:large, max-video-preview:-1\" \/>\n<link rel=\"canonical\" href=\"https:\/\/tonymora.com\/es\/producto\/1909-j-lini-ciclone-verde\/\" \/>\n<meta property=\"og:locale\" content=\"es_ES\" \/>\n<meta property=\"og:type\" content=\"article\" \/>\n<meta property=\"og:title\" content=\"1909 J LINI CICLONE VERDE - Tony Mora\u00ae Boots Official Store\" \/>\n<meta property=\"og:description\" content=\"Cada corte del dise\u00f1o es hecho con delicada precisi\u00f3n para poder combinar este alegre color verde con un hermoso color beige de bajo fondo.\" \/>\n<meta property=\"og:url\" content=\"https:\/\/tonymora.com\/es\/producto\/1909-j-lini-ciclone-verde\/\" \/>\n<meta property=\"og:site_name\" content=\"Tony Mora\u00ae Boots Official Store\" \/>\n<meta property=\"article:publisher\" content=\"https:\/\/www.facebook.com\/Tonymoraofficial\/\" \/>\n<meta property=\"article:modified_time\" content=\"2026-04-09T05:32:51+00:00\" \/>\n<meta property=\"og:image\" content=\"https:\/\/tonymora.com\/wp-content\/uploads\/2022\/09\/09-1909-J-LINI-CYCLONE-VERDE.jpg\" \/>\n\t<meta property=\"og:image:width\" content=\"866\" \/>\n\t<meta property=\"og:image:height\" content=\"1032\" \/>\n\t<meta property=\"og:image:type\" content=\"image\/jpeg\" \/>\n<meta name=\"twitter:card\" content=\"summary_large_image\" \/>\n<meta name=\"twitter:label1\" content=\"Tiempo de lectura\" \/>\n\t<meta name=\"twitter:data1\" content=\"1 minuto\" \/>\n<script type=\"application\/ld+json\" class=\"yoast-schema-graph\">{\"@context\":\"https:\/\/schema.org\",\"@graph\":[{\"@type\":\"WebPage\",\"@id\":\"https:\/\/tonymora.com\/es\/producto\/1909-j-lini-ciclone-verde\/\",\"url\":\"https:\/\/tonymora.com\/es\/producto\/1909-j-lini-ciclone-verde\/\",\"name\":\"1909 J LINI CICLONE VERDE - Tony Mora\u00ae Boots Official Store\",\"isPartOf\":{\"@id\":\"https:\/\/tonymora.com\/es\/#website\"},\"primaryImageOfPage\":{\"@id\":\"https:\/\/tonymora.com\/es\/producto\/1909-j-lini-ciclone-verde\/#primaryimage\"},\"image\":{\"@id\":\"https:\/\/tonymora.com\/es\/producto\/1909-j-lini-ciclone-verde\/#primaryimage\"},\"thumbnailUrl\":\"https:\/\/tonymora.com\/wp-content\/uploads\/2022\/09\/09-1909-J-LINI-CYCLONE-VERDE.jpg\",\"datePublished\":\"2022-09-27T08:37:37+00:00\",\"dateModified\":\"2026-04-09T05:32:51+00:00\",\"description\":\"Cada corte del dise\u00f1o es hecho con delicada precisi\u00f3n para poder combinar este alegre color verde con un hermoso color beige de bajo fondo.\",\"breadcrumb\":{\"@id\":\"https:\/\/tonymora.com\/es\/producto\/1909-j-lini-ciclone-verde\/#breadcrumb\"},\"inLanguage\":\"es\",\"potentialAction\":[{\"@type\":\"ReadAction\",\"target\":[\"https:\/\/tonymora.com\/es\/producto\/1909-j-lini-ciclone-verde\/\"]}]},{\"@type\":\"ImageObject\",\"inLanguage\":\"es\",\"@id\":\"https:\/\/tonymora.com\/es\/producto\/1909-j-lini-ciclone-verde\/#primaryimage\",\"url\":\"https:\/\/tonymora.com\/wp-content\/uploads\/2022\/09\/09-1909-J-LINI-CYCLONE-VERDE.jpg\",\"contentUrl\":\"https:\/\/tonymora.com\/wp-content\/uploads\/2022\/09\/09-1909-J-LINI-CYCLONE-VERDE.jpg\",\"width\":866,\"height\":1032},{\"@type\":\"BreadcrumbList\",\"@id\":\"https:\/\/tonymora.com\/es\/producto\/1909-j-lini-ciclone-verde\/#breadcrumb\",\"itemListElement\":[{\"@type\":\"ListItem\",\"position\":1,\"name\":\"Portada\",\"item\":\"https:\/\/tonymora.com\/es\/\"},{\"@type\":\"ListItem\",\"position\":2,\"name\":\"Tienda\",\"item\":\"https:\/\/tonymora.com\/es\/tienda\/\"},{\"@type\":\"ListItem\",\"position\":3,\"name\":\"Mujer\",\"item\":\"https:\/\/tonymora.com\/es\/categoria-producto\/mujer\/\"},{\"@type\":\"ListItem\",\"position\":4,\"name\":\"1909 J LINI CICLONE VERDE\"}]},{\"@type\":\"WebSite\",\"@id\":\"https:\/\/tonymora.com\/es\/#website\",\"url\":\"https:\/\/tonymora.com\/es\/\",\"name\":\"Tony Mora\u00ae Boots Official Store\",\"description\":\"Cowboy Boots\",\"publisher\":{\"@id\":\"https:\/\/tonymora.com\/es\/#organization\"},\"potentialAction\":[{\"@type\":\"SearchAction\",\"target\":{\"@type\":\"EntryPoint\",\"urlTemplate\":\"https:\/\/tonymora.com\/es\/?s={search_term_string}\"},\"query-input\":{\"@type\":\"PropertyValueSpecification\",\"valueRequired\":true,\"valueName\":\"search_term_string\"}}],\"inLanguage\":\"es\"},{\"@type\":\"Organization\",\"@id\":\"https:\/\/tonymora.com\/es\/#organization\",\"name\":\"Tony Mora Boots\",\"url\":\"https:\/\/tonymora.com\/es\/\",\"logo\":{\"@type\":\"ImageObject\",\"inLanguage\":\"es\",\"@id\":\"https:\/\/tonymora.com\/es\/#\/schema\/logo\/image\/\",\"url\":\"https:\/\/tonymora.com\/wp-content\/uploads\/2023\/12\/LOGO.jpg\",\"contentUrl\":\"https:\/\/tonymora.com\/wp-content\/uploads\/2023\/12\/LOGO.jpg\",\"width\":2272,\"height\":1411,\"caption\":\"Tony Mora Boots\"},\"image\":{\"@id\":\"https:\/\/tonymora.com\/es\/#\/schema\/logo\/image\/\"},\"sameAs\":[\"https:\/\/www.facebook.com\/Tonymoraofficial\/\",\"https:\/\/www.instagram.com\/tonymoraofficial\/?hl=es\"]}]}<\/script>\n<!-- \/ Yoast SEO plugin. -->","yoast_head_json":{"title":"1909 J LINI CICLONE VERDE - Tony Mora\u00ae Boots Official Store","description":"Cada corte del dise\u00f1o es hecho con delicada precisi\u00f3n para poder combinar este alegre color verde con un hermoso color beige de bajo fondo.","robots":{"index":"index","follow":"follow","max-snippet":"max-snippet:-1","max-image-preview":"max-image-preview:large","max-video-preview":"max-video-preview:-1"},"canonical":"https:\/\/tonymora.com\/es\/producto\/1909-j-lini-ciclone-verde\/","og_locale":"es_ES","og_type":"article","og_title":"1909 J LINI CICLONE VERDE - Tony Mora\u00ae Boots Official Store","og_description":"Cada corte del dise\u00f1o es hecho con delicada precisi\u00f3n para poder combinar este alegre color verde con un hermoso color beige de bajo fondo.","og_url":"https:\/\/tonymora.com\/es\/producto\/1909-j-lini-ciclone-verde\/","og_site_name":"Tony Mora\u00ae Boots Official Store","article_publisher":"https:\/\/www.facebook.com\/Tonymoraofficial\/","article_modified_time":"2026-04-09T05:32:51+00:00","og_image":[{"width":866,"height":1032,"url":"https:\/\/tonymora.com\/wp-content\/uploads\/2022\/09\/09-1909-J-LINI-CYCLONE-VERDE.jpg","type":"image\/jpeg"}],"twitter_card":"summary_large_image","twitter_misc":{"Tiempo de lectura":"1 minuto"},"schema":{"@context":"https:\/\/schema.org","@graph":[{"@type":"WebPage","@id":"https:\/\/tonymora.com\/es\/producto\/1909-j-lini-ciclone-verde\/","url":"https:\/\/tonymora.com\/es\/producto\/1909-j-lini-ciclone-verde\/","name":"1909 J LINI CICLONE VERDE - Tony Mora\u00ae Boots Official Store","isPartOf":{"@id":"https:\/\/tonymora.com\/es\/#website"},"primaryImageOfPage":{"@id":"https:\/\/tonymora.com\/es\/producto\/1909-j-lini-ciclone-verde\/#primaryimage"},"image":{"@id":"https:\/\/tonymora.com\/es\/producto\/1909-j-lini-ciclone-verde\/#primaryimage"},"thumbnailUrl":"https:\/\/tonymora.com\/wp-content\/uploads\/2022\/09\/09-1909-J-LINI-CYCLONE-VERDE.jpg","datePublished":"2022-09-27T08:37:37+00:00","dateModified":"2026-04-09T05:32:51+00:00","description":"Cada corte del dise\u00f1o es hecho con delicada precisi\u00f3n para poder combinar este alegre color verde con un hermoso color beige de bajo fondo.","breadcrumb":{"@id":"https:\/\/tonymora.com\/es\/producto\/1909-j-lini-ciclone-verde\/#breadcrumb"},"inLanguage":"es","potentialAction":[{"@type":"ReadAction","target":["https:\/\/tonymora.com\/es\/producto\/1909-j-lini-ciclone-verde\/"]}]},{"@type":"ImageObject","inLanguage":"es","@id":"https:\/\/tonymora.com\/es\/producto\/1909-j-lini-ciclone-verde\/#primaryimage","url":"https:\/\/tonymora.com\/wp-content\/uploads\/2022\/09\/09-1909-J-LINI-CYCLONE-VERDE.jpg","contentUrl":"https:\/\/tonymora.com\/wp-content\/uploads\/2022\/09\/09-1909-J-LINI-CYCLONE-VERDE.jpg","width":866,"height":1032},{"@type":"BreadcrumbList","@id":"https:\/\/tonymora.com\/es\/producto\/1909-j-lini-ciclone-verde\/#breadcrumb","itemListElement":[{"@type":"ListItem","position":1,"name":"Portada","item":"https:\/\/tonymora.com\/es\/"},{"@type":"ListItem","position":2,"name":"Tienda","item":"https:\/\/tonymora.com\/es\/tienda\/"},{"@type":"ListItem","position":3,"name":"Mujer","item":"https:\/\/tonymora.com\/es\/categoria-producto\/mujer\/"},{"@type":"ListItem","position":4,"name":"1909 J LINI CICLONE VERDE"}]},{"@type":"WebSite","@id":"https:\/\/tonymora.com\/es\/#website","url":"https:\/\/tonymora.com\/es\/","name":"Tony Mora\u00ae Boots Official Store","description":"Cowboy Boots","publisher":{"@id":"https:\/\/tonymora.com\/es\/#organization"},"potentialAction":[{"@type":"SearchAction","target":{"@type":"EntryPoint","urlTemplate":"https:\/\/tonymora.com\/es\/?s={search_term_string}"},"query-input":{"@type":"PropertyValueSpecification","valueRequired":true,"valueName":"search_term_string"}}],"inLanguage":"es"},{"@type":"Organization","@id":"https:\/\/tonymora.com\/es\/#organization","name":"Tony Mora Boots","url":"https:\/\/tonymora.com\/es\/","logo":{"@type":"ImageObject","inLanguage":"es","@id":"https:\/\/tonymora.com\/es\/#\/schema\/logo\/image\/","url":"https:\/\/tonymora.com\/wp-content\/uploads\/2023\/12\/LOGO.jpg","contentUrl":"https:\/\/tonymora.com\/wp-content\/uploads\/2023\/12\/LOGO.jpg","width":2272,"height":1411,"caption":"Tony Mora Boots"},"image":{"@id":"https:\/\/tonymora.com\/es\/#\/schema\/logo\/image\/"},"sameAs":["https:\/\/www.facebook.com\/Tonymoraofficial\/","https:\/\/www.instagram.com\/tonymoraofficial\/?hl=es"]}]}},"_links":{"self":[{"href":"https:\/\/tonymora.com\/es\/wp-json\/wp\/v2\/product\/697920","targetHints":{"allow":["GET"]}}],"collection":[{"href":"https:\/\/tonymora.com\/es\/wp-json\/wp\/v2\/product"}],"about":[{"href":"https:\/\/tonymora.com\/es\/wp-json\/wp\/v2\/types\/product"}],"wp:featuredmedia":[{"embeddable":true,"href":"https:\/\/tonymora.com\/es\/wp-json\/wp\/v2\/media\/697953"}],"wp:attachment":[{"href":"https:\/\/tonymora.com\/es\/wp-json\/wp\/v2\/media?parent=697920"}],"wp:term":[{"taxonomy":"product_brand","embeddable":true,"href":"https:\/\/tonymora.com\/es\/wp-json\/wp\/v2\/product_brand?post=697920"},{"taxonomy":"product_cat","embeddable":true,"href":"https:\/\/tonymora.com\/es\/wp-json\/wp\/v2\/product_cat?post=697920"},{"taxonomy":"product_tag","embeddable":true,"href":"https:\/\/tonymora.com\/es\/wp-json\/wp\/v2\/product_tag?post=697920"}],"curies":[{"name":"wp","href":"https:\/\/api.w.org\/{rel}","templated":true}]}}