{"id":698128,"date":"2022-10-04T08:24:54","date_gmt":"2022-10-04T06:24:54","guid":{"rendered":"https:\/\/tonymora.com\/?post_type=product&#038;p=698128"},"modified":"2024-10-31T17:17:32","modified_gmt":"2024-10-31T16:17:32","slug":"433-iguana-conac","status":"publish","type":"product","link":"https:\/\/tonymora.com\/es\/producto\/433-iguana-conac\/","title":{"rendered":"433 IGUANA CO\u00d1AC"},"content":{"rendered":"<p>Elegante, suave y exclusiva&#8230; as\u00ed es este cintur\u00f3n hecho en piel de iguana, de gran resistencia y textura \u00fanica de las peque\u00f1as escamas. Su color co\u00f1ac con un ligero brillo es el tono perfecto para combinar con cualquier color. \u00a1Listo para cada ocasi\u00f3n! Viste una pieza exclusiva con la garant\u00eda Tony Mora.<\/p>\n","protected":false},"excerpt":{"rendered":"<p>Car\u00e1cter y refinamiento en equilibrio perfecto.<br \/>\nEl toque final que convierte lo simple en memorable.<\/p>\n","protected":false},"featured_media":698129,"template":"","meta":{"_mbp_gutenberg_autopost":false},"product_brand":[],"product_cat":[1172,243],"product_tag":[],"class_list":{"0":"post-698128","1":"product","2":"type-product","3":"status-publish","4":"has-post-thumbnail","6":"product_cat-black-friday","7":"product_cat-cinturones","9":"first","10":"outofstock","11":"taxable","12":"shipping-taxable","13":"product-type-variable"},"_links":{"self":[{"href":"https:\/\/tonymora.com\/es\/wp-json\/wp\/v2\/product\/698128","targetHints":{"allow":["GET"]}}],"collection":[{"href":"https:\/\/tonymora.com\/es\/wp-json\/wp\/v2\/product"}],"about":[{"href":"https:\/\/tonymora.com\/es\/wp-json\/wp\/v2\/types\/product"}],"wp:featuredmedia":[{"embeddable":true,"href":"https:\/\/tonymora.com\/es\/wp-json\/wp\/v2\/media\/698129"}],"wp:attachment":[{"href":"https:\/\/tonymora.com\/es\/wp-json\/wp\/v2\/media?parent=698128"}],"wp:term":[{"taxonomy":"product_brand","embeddable":true,"href":"https:\/\/tonymora.com\/es\/wp-json\/wp\/v2\/product_brand?post=698128"},{"taxonomy":"product_cat","embeddable":true,"href":"https:\/\/tonymora.com\/es\/wp-json\/wp\/v2\/product_cat?post=698128"},{"taxonomy":"product_tag","embeddable":true,"href":"https:\/\/tonymora.com\/es\/wp-json\/wp\/v2\/product_tag?post=698128"}],"curies":[{"name":"wp","href":"https:\/\/api.w.org\/{rel}","templated":true}]}}