{"id":698432,"date":"2022-10-11T10:05:27","date_gmt":"2022-10-11T08:05:27","guid":{"rendered":"https:\/\/tonymora.com\/?post_type=product&#038;p=698432"},"modified":"2025-04-29T07:31:54","modified_gmt":"2025-04-29T05:31:54","slug":"shopper-bag-piton-beig","status":"publish","type":"product","link":"https:\/\/tonymora.com\/es\/producto\/shopper-bag-piton-beig\/","title":{"rendered":"SHOPPER BAG PITON BEIG"},"content":{"rendered":"<p>Siente la fuerza y elegancia de este bolso en una resplandeciente piel de pit\u00f3n color beig con un ligero brillo. Una piel muy suave al tacto y de una durabilidad envidiable.\u2028Este precioso dise\u00f1o tiene un enganche frontal hecho en piel de ternera y un asa mediana hecha 100% en piel de ternera con una costura en cruz exterior que le da un toque \u00fanico al dise\u00f1o. Paseate con este precioso bolso Tony Mora, garant\u00eda de calidad en pieles<\/p>\n","protected":false},"excerpt":{"rendered":"<p>Car\u00e1cter y refinamiento en equilibrio perfecto. Funcionalidad con un aire sofisticado.<br \/>\nPensada para vivir momentos, no para seguir tendencias.<\/p>\n","protected":false},"featured_media":698433,"template":"","meta":{"_mbp_gutenberg_autopost":false},"product_brand":[],"product_cat":[1172,537],"product_tag":[],"class_list":{"0":"post-698432","1":"product","2":"type-product","3":"status-publish","4":"has-post-thumbnail","6":"product_cat-black-friday","7":"product_cat-bolsos","9":"first","10":"outofstock","11":"taxable","12":"shipping-taxable","13":"purchasable","14":"product-type-simple"},"_links":{"self":[{"href":"https:\/\/tonymora.com\/es\/wp-json\/wp\/v2\/product\/698432","targetHints":{"allow":["GET"]}}],"collection":[{"href":"https:\/\/tonymora.com\/es\/wp-json\/wp\/v2\/product"}],"about":[{"href":"https:\/\/tonymora.com\/es\/wp-json\/wp\/v2\/types\/product"}],"wp:featuredmedia":[{"embeddable":true,"href":"https:\/\/tonymora.com\/es\/wp-json\/wp\/v2\/media\/698433"}],"wp:attachment":[{"href":"https:\/\/tonymora.com\/es\/wp-json\/wp\/v2\/media?parent=698432"}],"wp:term":[{"taxonomy":"product_brand","embeddable":true,"href":"https:\/\/tonymora.com\/es\/wp-json\/wp\/v2\/product_brand?post=698432"},{"taxonomy":"product_cat","embeddable":true,"href":"https:\/\/tonymora.com\/es\/wp-json\/wp\/v2\/product_cat?post=698432"},{"taxonomy":"product_tag","embeddable":true,"href":"https:\/\/tonymora.com\/es\/wp-json\/wp\/v2\/product_tag?post=698432"}],"curies":[{"name":"wp","href":"https:\/\/api.w.org\/{rel}","templated":true}]}}