{"id":698944,"date":"2022-10-28T12:02:55","date_gmt":"2022-10-28T10:02:55","guid":{"rendered":"https:\/\/tonymora.com\/?post_type=product&#038;p=698944"},"modified":"2026-04-13T07:33:02","modified_gmt":"2026-04-13T05:33:02","slug":"1763-j-lini-piton-gris-washed-negro","status":"publish","type":"product","link":"https:\/\/tonymora.com\/es\/producto\/1763-j-lini-piton-gris-washed-negro\/","title":{"rendered":"1763 J LINI PITON GRIS \/ WASHED NEGRO"},"content":{"rendered":"<p>Hemos renovado un modelo que est\u00e1 con nosotros mucho tiempo. Damos especial detalle al bordado de indio en las ca\u00f1as, cada detalle cuidadosamente creado, con hilos en colores que resaltan sobre la piel negra, en la parte trasera encontrar\u00e1s m\u00e1s detalles con cada pieza manualmente cortada una a una. Llevan piel de pit\u00f3n gris con una horma en punta y con un ligero brillo lo que las hace un modelo con car\u00e1cter \u00fanico y elegante.<\/p>\n","protected":false},"excerpt":{"rendered":"<p>Una propuesta con alma, hecha para acompa\u00f1arte de verdad. Detalles con intenci\u00f3n que se sienten artesanales y \u00fanicos.<br \/>\nPara llevarla hoy, ma\u00f1ana y dentro de a\u00f1os, con la misma fuerza.<\/p>\n","protected":false},"featured_media":698986,"template":"","meta":{"_mbp_gutenberg_autopost":false},"product_brand":[757,761,763,765,767],"product_cat":[1132,122,112,1130],"product_tag":[],"class_list":{"0":"post-698944","1":"product","2":"type-product","3":"status-publish","4":"has-post-thumbnail","6":"product_brand-talla-mujer-36","7":"product_brand-talla-mujer-38","8":"product_brand-talla-mujer-39","9":"product_brand-talla-mujer-40","10":"product_brand-talla-mujer-41","11":"product_cat-botas-de-piton-mujer","12":"product_cat-botas-exoticas-mujer","13":"product_cat-mujer","14":"product_cat-rebajas-mujer","16":"first","17":"instock","18":"taxable","19":"shipping-taxable","20":"purchasable","21":"product-type-variable"},"supplier_id":null,"supplier_sku":"","barcode":null,"atum_controlled":true,"out_stock_date":null,"out_stock_threshold":null,"inheritable":true,"inbound_stock":0,"stock_on_hold":1,"sold_today":1,"sales_last_days":1,"reserved_stock":0,"customer_returns":0,"warehouse_damage":0,"lost_in_post":0,"other_logs":0,"out_stock_days":0,"lost_sales":0,"has_location":false,"update_date":"2025-08-08T06:57:35","atum_locations":[],"atum_stock_status":"instock","restock_status":false,"low_stock_amount":"","sales_update_date":"2024-06-24T09:29:13","calc_backorders":null,"yoast_head":"<!-- This site is optimized with the Yoast SEO plugin v27.2 - https:\/\/yoast.com\/product\/yoast-seo-wordpress\/ -->\n<title>1763 J LINI PITON GRIS \/ WASHED NEGRO - Tony Mora\u00ae Boots Official Store<\/title>\n<meta name=\"description\" content=\"Hemos renovado un modelo que est\u00e1 con nosotros mucho tiempo. Damos especial detalle al bordado de indio en las ca\u00f1as, cada detalle.\" \/>\n<meta name=\"robots\" content=\"index, follow, max-snippet:-1, max-image-preview:large, max-video-preview:-1\" \/>\n<link rel=\"canonical\" href=\"https:\/\/tonymora.com\/es\/producto\/1763-j-lini-piton-gris-washed-negro\/\" \/>\n<meta property=\"og:locale\" content=\"es_ES\" \/>\n<meta property=\"og:type\" content=\"article\" \/>\n<meta property=\"og:title\" content=\"1763 J LINI PITON GRIS \/ WASHED NEGRO - Tony Mora\u00ae Boots Official Store\" \/>\n<meta property=\"og:description\" content=\"Hemos renovado un modelo que est\u00e1 con nosotros mucho tiempo. Damos especial detalle al bordado de indio en las ca\u00f1as, cada detalle.\" \/>\n<meta property=\"og:url\" content=\"https:\/\/tonymora.com\/es\/producto\/1763-j-lini-piton-gris-washed-negro\/\" \/>\n<meta property=\"og:site_name\" content=\"Tony Mora\u00ae Boots Official Store\" \/>\n<meta property=\"article:publisher\" content=\"https:\/\/www.facebook.com\/Tonymoraofficial\/\" \/>\n<meta property=\"article:modified_time\" content=\"2026-04-13T05:33:02+00:00\" \/>\n<meta property=\"og:image\" content=\"https:\/\/tonymora.com\/wp-content\/uploads\/2022\/10\/000.jpg\" \/>\n\t<meta property=\"og:image:width\" content=\"866\" \/>\n\t<meta property=\"og:image:height\" content=\"1032\" \/>\n\t<meta property=\"og:image:type\" content=\"image\/jpeg\" \/>\n<meta name=\"twitter:card\" content=\"summary_large_image\" \/>\n<script type=\"application\/ld+json\" class=\"yoast-schema-graph\">{\"@context\":\"https:\/\/schema.org\",\"@graph\":[{\"@type\":\"WebPage\",\"@id\":\"https:\/\/tonymora.com\/es\/producto\/1763-j-lini-piton-gris-washed-negro\/\",\"url\":\"https:\/\/tonymora.com\/es\/producto\/1763-j-lini-piton-gris-washed-negro\/\",\"name\":\"1763 J LINI PITON GRIS \/ WASHED NEGRO - Tony Mora\u00ae Boots Official Store\",\"isPartOf\":{\"@id\":\"https:\/\/tonymora.com\/es\/#website\"},\"primaryImageOfPage\":{\"@id\":\"https:\/\/tonymora.com\/es\/producto\/1763-j-lini-piton-gris-washed-negro\/#primaryimage\"},\"image\":{\"@id\":\"https:\/\/tonymora.com\/es\/producto\/1763-j-lini-piton-gris-washed-negro\/#primaryimage\"},\"thumbnailUrl\":\"https:\/\/tonymora.com\/wp-content\/uploads\/2022\/10\/000.jpg\",\"datePublished\":\"2022-10-28T10:02:55+00:00\",\"dateModified\":\"2026-04-13T05:33:02+00:00\",\"description\":\"Hemos renovado un modelo que est\u00e1 con nosotros mucho tiempo. Damos especial detalle al bordado de indio en las ca\u00f1as, cada detalle.\",\"breadcrumb\":{\"@id\":\"https:\/\/tonymora.com\/es\/producto\/1763-j-lini-piton-gris-washed-negro\/#breadcrumb\"},\"inLanguage\":\"es\",\"potentialAction\":[{\"@type\":\"ReadAction\",\"target\":[\"https:\/\/tonymora.com\/es\/producto\/1763-j-lini-piton-gris-washed-negro\/\"]}]},{\"@type\":\"ImageObject\",\"inLanguage\":\"es\",\"@id\":\"https:\/\/tonymora.com\/es\/producto\/1763-j-lini-piton-gris-washed-negro\/#primaryimage\",\"url\":\"https:\/\/tonymora.com\/wp-content\/uploads\/2022\/10\/000.jpg\",\"contentUrl\":\"https:\/\/tonymora.com\/wp-content\/uploads\/2022\/10\/000.jpg\",\"width\":866,\"height\":1032},{\"@type\":\"BreadcrumbList\",\"@id\":\"https:\/\/tonymora.com\/es\/producto\/1763-j-lini-piton-gris-washed-negro\/#breadcrumb\",\"itemListElement\":[{\"@type\":\"ListItem\",\"position\":1,\"name\":\"Portada\",\"item\":\"https:\/\/tonymora.com\/es\/\"},{\"@type\":\"ListItem\",\"position\":2,\"name\":\"Tienda\",\"item\":\"https:\/\/tonymora.com\/es\/tienda\/\"},{\"@type\":\"ListItem\",\"position\":3,\"name\":\"Mujer\",\"item\":\"https:\/\/tonymora.com\/es\/categoria-producto\/mujer\/\"},{\"@type\":\"ListItem\",\"position\":4,\"name\":\"1763 J LINI PITON GRIS \/ WASHED NEGRO\"}]},{\"@type\":\"WebSite\",\"@id\":\"https:\/\/tonymora.com\/es\/#website\",\"url\":\"https:\/\/tonymora.com\/es\/\",\"name\":\"Tony Mora\u00ae Boots Official Store\",\"description\":\"Cowboy Boots\",\"publisher\":{\"@id\":\"https:\/\/tonymora.com\/es\/#organization\"},\"potentialAction\":[{\"@type\":\"SearchAction\",\"target\":{\"@type\":\"EntryPoint\",\"urlTemplate\":\"https:\/\/tonymora.com\/es\/?s={search_term_string}\"},\"query-input\":{\"@type\":\"PropertyValueSpecification\",\"valueRequired\":true,\"valueName\":\"search_term_string\"}}],\"inLanguage\":\"es\"},{\"@type\":\"Organization\",\"@id\":\"https:\/\/tonymora.com\/es\/#organization\",\"name\":\"Tony Mora Boots\",\"url\":\"https:\/\/tonymora.com\/es\/\",\"logo\":{\"@type\":\"ImageObject\",\"inLanguage\":\"es\",\"@id\":\"https:\/\/tonymora.com\/es\/#\/schema\/logo\/image\/\",\"url\":\"https:\/\/tonymora.com\/wp-content\/uploads\/2023\/12\/LOGO.jpg\",\"contentUrl\":\"https:\/\/tonymora.com\/wp-content\/uploads\/2023\/12\/LOGO.jpg\",\"width\":2272,\"height\":1411,\"caption\":\"Tony Mora Boots\"},\"image\":{\"@id\":\"https:\/\/tonymora.com\/es\/#\/schema\/logo\/image\/\"},\"sameAs\":[\"https:\/\/www.facebook.com\/Tonymoraofficial\/\",\"https:\/\/www.instagram.com\/tonymoraofficial\/?hl=es\"]}]}<\/script>\n<!-- \/ Yoast SEO plugin. -->","yoast_head_json":{"title":"1763 J LINI PITON GRIS \/ WASHED NEGRO - Tony Mora\u00ae Boots Official Store","description":"Hemos renovado un modelo que est\u00e1 con nosotros mucho tiempo. Damos especial detalle al bordado de indio en las ca\u00f1as, cada detalle.","robots":{"index":"index","follow":"follow","max-snippet":"max-snippet:-1","max-image-preview":"max-image-preview:large","max-video-preview":"max-video-preview:-1"},"canonical":"https:\/\/tonymora.com\/es\/producto\/1763-j-lini-piton-gris-washed-negro\/","og_locale":"es_ES","og_type":"article","og_title":"1763 J LINI PITON GRIS \/ WASHED NEGRO - Tony Mora\u00ae Boots Official Store","og_description":"Hemos renovado un modelo que est\u00e1 con nosotros mucho tiempo. Damos especial detalle al bordado de indio en las ca\u00f1as, cada detalle.","og_url":"https:\/\/tonymora.com\/es\/producto\/1763-j-lini-piton-gris-washed-negro\/","og_site_name":"Tony Mora\u00ae Boots Official Store","article_publisher":"https:\/\/www.facebook.com\/Tonymoraofficial\/","article_modified_time":"2026-04-13T05:33:02+00:00","og_image":[{"width":866,"height":1032,"url":"https:\/\/tonymora.com\/wp-content\/uploads\/2022\/10\/000.jpg","type":"image\/jpeg"}],"twitter_card":"summary_large_image","schema":{"@context":"https:\/\/schema.org","@graph":[{"@type":"WebPage","@id":"https:\/\/tonymora.com\/es\/producto\/1763-j-lini-piton-gris-washed-negro\/","url":"https:\/\/tonymora.com\/es\/producto\/1763-j-lini-piton-gris-washed-negro\/","name":"1763 J LINI PITON GRIS \/ WASHED NEGRO - Tony Mora\u00ae Boots Official Store","isPartOf":{"@id":"https:\/\/tonymora.com\/es\/#website"},"primaryImageOfPage":{"@id":"https:\/\/tonymora.com\/es\/producto\/1763-j-lini-piton-gris-washed-negro\/#primaryimage"},"image":{"@id":"https:\/\/tonymora.com\/es\/producto\/1763-j-lini-piton-gris-washed-negro\/#primaryimage"},"thumbnailUrl":"https:\/\/tonymora.com\/wp-content\/uploads\/2022\/10\/000.jpg","datePublished":"2022-10-28T10:02:55+00:00","dateModified":"2026-04-13T05:33:02+00:00","description":"Hemos renovado un modelo que est\u00e1 con nosotros mucho tiempo. Damos especial detalle al bordado de indio en las ca\u00f1as, cada detalle.","breadcrumb":{"@id":"https:\/\/tonymora.com\/es\/producto\/1763-j-lini-piton-gris-washed-negro\/#breadcrumb"},"inLanguage":"es","potentialAction":[{"@type":"ReadAction","target":["https:\/\/tonymora.com\/es\/producto\/1763-j-lini-piton-gris-washed-negro\/"]}]},{"@type":"ImageObject","inLanguage":"es","@id":"https:\/\/tonymora.com\/es\/producto\/1763-j-lini-piton-gris-washed-negro\/#primaryimage","url":"https:\/\/tonymora.com\/wp-content\/uploads\/2022\/10\/000.jpg","contentUrl":"https:\/\/tonymora.com\/wp-content\/uploads\/2022\/10\/000.jpg","width":866,"height":1032},{"@type":"BreadcrumbList","@id":"https:\/\/tonymora.com\/es\/producto\/1763-j-lini-piton-gris-washed-negro\/#breadcrumb","itemListElement":[{"@type":"ListItem","position":1,"name":"Portada","item":"https:\/\/tonymora.com\/es\/"},{"@type":"ListItem","position":2,"name":"Tienda","item":"https:\/\/tonymora.com\/es\/tienda\/"},{"@type":"ListItem","position":3,"name":"Mujer","item":"https:\/\/tonymora.com\/es\/categoria-producto\/mujer\/"},{"@type":"ListItem","position":4,"name":"1763 J LINI PITON GRIS \/ WASHED NEGRO"}]},{"@type":"WebSite","@id":"https:\/\/tonymora.com\/es\/#website","url":"https:\/\/tonymora.com\/es\/","name":"Tony Mora\u00ae Boots Official Store","description":"Cowboy Boots","publisher":{"@id":"https:\/\/tonymora.com\/es\/#organization"},"potentialAction":[{"@type":"SearchAction","target":{"@type":"EntryPoint","urlTemplate":"https:\/\/tonymora.com\/es\/?s={search_term_string}"},"query-input":{"@type":"PropertyValueSpecification","valueRequired":true,"valueName":"search_term_string"}}],"inLanguage":"es"},{"@type":"Organization","@id":"https:\/\/tonymora.com\/es\/#organization","name":"Tony Mora Boots","url":"https:\/\/tonymora.com\/es\/","logo":{"@type":"ImageObject","inLanguage":"es","@id":"https:\/\/tonymora.com\/es\/#\/schema\/logo\/image\/","url":"https:\/\/tonymora.com\/wp-content\/uploads\/2023\/12\/LOGO.jpg","contentUrl":"https:\/\/tonymora.com\/wp-content\/uploads\/2023\/12\/LOGO.jpg","width":2272,"height":1411,"caption":"Tony Mora Boots"},"image":{"@id":"https:\/\/tonymora.com\/es\/#\/schema\/logo\/image\/"},"sameAs":["https:\/\/www.facebook.com\/Tonymoraofficial\/","https:\/\/www.instagram.com\/tonymoraofficial\/?hl=es"]}]}},"_links":{"self":[{"href":"https:\/\/tonymora.com\/es\/wp-json\/wp\/v2\/product\/698944","targetHints":{"allow":["GET"]}}],"collection":[{"href":"https:\/\/tonymora.com\/es\/wp-json\/wp\/v2\/product"}],"about":[{"href":"https:\/\/tonymora.com\/es\/wp-json\/wp\/v2\/types\/product"}],"wp:featuredmedia":[{"embeddable":true,"href":"https:\/\/tonymora.com\/es\/wp-json\/wp\/v2\/media\/698986"}],"wp:attachment":[{"href":"https:\/\/tonymora.com\/es\/wp-json\/wp\/v2\/media?parent=698944"}],"wp:term":[{"taxonomy":"product_brand","embeddable":true,"href":"https:\/\/tonymora.com\/es\/wp-json\/wp\/v2\/product_brand?post=698944"},{"taxonomy":"product_cat","embeddable":true,"href":"https:\/\/tonymora.com\/es\/wp-json\/wp\/v2\/product_cat?post=698944"},{"taxonomy":"product_tag","embeddable":true,"href":"https:\/\/tonymora.com\/es\/wp-json\/wp\/v2\/product_tag?post=698944"}],"curies":[{"name":"wp","href":"https:\/\/api.w.org\/{rel}","templated":true}]}}