{"id":699195,"date":"2022-10-31T11:51:19","date_gmt":"2022-10-31T10:51:19","guid":{"rendered":"https:\/\/tonymora.com\/?post_type=product&#038;p=699195"},"modified":"2026-04-07T07:32:53","modified_gmt":"2026-04-07T05:32:53","slug":"1161-tx-sv-club-negro","status":"publish","type":"product","link":"https:\/\/tonymora.com\/es\/producto\/1161-tx-sv-club-negro\/","title":{"rendered":"1161 TX SV CLUB NEGRO"},"content":{"rendered":"<p data-start=\"137\" data-end=\"486\"><strong data-start=\"137\" data-end=\"228\"><span class=\"_fadeIn_m1hgl_8\">Botas <\/span><span class=\"_fadeIn_m1hgl_8\">biker <\/span><span class=\"_fadeIn_m1hgl_8\">negras <\/span><span class=\"_fadeIn_m1hgl_8\">con <\/span><span class=\"_fadeIn_m1hgl_8\">correas <\/span><span class=\"_fadeIn_m1hgl_8\">y <\/span><span class=\"_fadeIn_m1hgl_8\">remaches: <\/span><span class=\"_fadeIn_m1hgl_8\">actitud <\/span><span class=\"_fadeIn_m1hgl_8\">moderna <\/span><span class=\"_fadeIn_m1hgl_8\">con <\/span><span class=\"_fadeIn_m1hgl_8\">la <\/span><span class=\"_fadeIn_m1hgl_8\">elegancia <\/span><span class=\"_fadeIn_m1hgl_8\">de <\/span><span class=\"_fadeIn_m1hgl_8\">siempre.<\/span><\/strong><br data-start=\"228\" data-end=\"231\" \/><span class=\"_fadeIn_m1hgl_8\">Los <\/span><span class=\"_fadeIn_m1hgl_8\">tiempos <\/span><span class=\"_fadeIn_m1hgl_8\">cambian, <\/span><span class=\"_fadeIn_m1hgl_8\">los <\/span><span class=\"_fadeIn_m1hgl_8\">estilos <\/span><span class=\"_fadeIn_m1hgl_8\">evolucionan, <\/span><span class=\"_fadeIn_m1hgl_8\">pero <\/span><span class=\"_fadeIn_m1hgl_8\">la <\/span><span class=\"_fadeIn_m1hgl_8\">calidad <\/span><span class=\"_fadeIn_m1hgl_8\">Tony <\/span><span class=\"_fadeIn_m1hgl_8\">Mora <\/span><span class=\"_fadeIn_m1hgl_8\">permanece <\/span><span class=\"_fadeIn_m1hgl_8\">intacta. <\/span><span class=\"_fadeIn_m1hgl_8\">Estas <\/span><span class=\"_fadeIn_m1hgl_8\">botas <\/span><span class=\"_fadeIn_m1hgl_8\">biker <\/span><span class=\"_fadeIn_m1hgl_8\">en <\/span><strong data-start=\"343\" data-end=\"357\"><span class=\"_fadeIn_m1hgl_8\">piel <\/span><span class=\"_fadeIn_m1hgl_8\">negra<\/span><\/strong><span class=\"_fadeIn_m1hgl_8\">, <\/span><span class=\"_fadeIn_m1hgl_8\">con <\/span><span class=\"_fadeIn_m1hgl_8\">su <\/span><strong data-start=\"366\" data-end=\"384\"><span class=\"_fadeIn_m1hgl_8\">horma <\/span><span class=\"_fadeIn_m1hgl_8\">cuadrada<\/span><\/strong> <span class=\"_fadeIn_m1hgl_8\">y <\/span><span class=\"_fadeIn_m1hgl_8\">dise\u00f1o <\/span><span class=\"_fadeIn_m1hgl_8\">c\u00f3modo, <\/span><span class=\"_fadeIn_m1hgl_8\">son <\/span><span class=\"_fadeIn_m1hgl_8\">perfectas <\/span><span class=\"_fadeIn_m1hgl_8\">para <\/span><span class=\"_fadeIn_m1hgl_8\">el <\/span><span class=\"_fadeIn_m1hgl_8\">d\u00eda <\/span><span class=\"_fadeIn_m1hgl_8\">a <\/span><span class=\"_fadeIn_m1hgl_8\">d\u00eda <\/span><span class=\"_fadeIn_m1hgl_8\">o <\/span><span class=\"_fadeIn_m1hgl_8\">para <\/span><span class=\"_fadeIn_m1hgl_8\">destacar <\/span><span class=\"_fadeIn_m1hgl_8\">con <\/span><span class=\"_fadeIn_m1hgl_8\">un <\/span><span class=\"_fadeIn_m1hgl_8\">look <\/span><span class=\"_fadeIn_m1hgl_8\">cargado <\/span><span class=\"_fadeIn_m1hgl_8\">de <\/span><span class=\"_fadeIn_m1hgl_8\">personalidad.<\/span><\/p>\n<p data-start=\"488\" data-end=\"756\"><span class=\"_fadeIn_m1hgl_8\">Incorporan <\/span><strong data-start=\"499\" data-end=\"545\"><span class=\"_fadeIn_m1hgl_8\">correas <\/span><span class=\"_fadeIn_m1hgl_8\">decorativas <\/span><span class=\"_fadeIn_m1hgl_8\">con <\/span><span class=\"_fadeIn_m1hgl_8\">remaches <\/span><span class=\"_fadeIn_m1hgl_8\">plateados<\/span><\/strong> <span class=\"_fadeIn_m1hgl_8\">que <\/span><span class=\"_fadeIn_m1hgl_8\">refuerzan <\/span><span class=\"_fadeIn_m1hgl_8\">su <\/span><span class=\"_fadeIn_m1hgl_8\">est\u00e9tica <\/span><span class=\"_fadeIn_m1hgl_8\">motera, <\/span><span class=\"_fadeIn_m1hgl_8\">aportando <\/span><span class=\"_fadeIn_m1hgl_8\">un <\/span><span class=\"_fadeIn_m1hgl_8\">aire <\/span><span class=\"_fadeIn_m1hgl_8\">rebelde <\/span><span class=\"_fadeIn_m1hgl_8\">sin <\/span><span class=\"_fadeIn_m1hgl_8\">perder <\/span><span class=\"_fadeIn_m1hgl_8\">sofisticaci\u00f3n. <\/span><span class=\"_fadeIn_m1hgl_8\">El <\/span><strong data-start=\"635\" data-end=\"687\"><span class=\"_fadeIn_m1hgl_8\">el\u00e1stico <\/span><span class=\"_fadeIn_m1hgl_8\">lateral, <\/span><span class=\"_fadeIn_m1hgl_8\">discretamente <\/span><span class=\"_fadeIn_m1hgl_8\">cubierto <\/span><span class=\"_fadeIn_m1hgl_8\">en <\/span><span class=\"_fadeIn_m1hgl_8\">piel<\/span><\/strong><span class=\"_fadeIn_m1hgl_8\">, <\/span><span class=\"_fadeIn_m1hgl_8\">facilita <\/span><span class=\"_fadeIn_m1hgl_8\">el <\/span><span class=\"_fadeIn_m1hgl_8\">calce <\/span><span class=\"_fadeIn_m1hgl_8\">y <\/span><span class=\"_fadeIn_m1hgl_8\">garantiza <\/span><span class=\"_fadeIn_m1hgl_8\">un <\/span><span class=\"_fadeIn_m1hgl_8\">ajuste <\/span><span class=\"_fadeIn_m1hgl_8\">c\u00f3modo <\/span><span class=\"_fadeIn_m1hgl_8\">durante <\/span><span class=\"_fadeIn_m1hgl_8\">todo <\/span><span class=\"_fadeIn_m1hgl_8\">el <\/span><span class=\"_fadeIn_m1hgl_8\">d\u00eda.<\/span><\/p>\n<p data-start=\"758\" data-end=\"849\"><span class=\"_fadeIn_m1hgl_8\">Una <\/span><span class=\"_fadeIn_m1hgl_8\">fusi\u00f3n <\/span><span class=\"_fadeIn_m1hgl_8\">impecable <\/span><span class=\"_fadeIn_m1hgl_8\">entre <\/span><strong data-start=\"785\" data-end=\"848\"><span class=\"_fadeIn_m1hgl_8\">estilo <\/span><span class=\"_fadeIn_m1hgl_8\">contempor\u00e1neo, <\/span><span class=\"_fadeIn_m1hgl_8\">funcionalidad <\/span><span class=\"_fadeIn_m1hgl_8\">y <\/span><span class=\"_fadeIn_m1hgl_8\">artesan\u00eda <\/span><span class=\"_fadeIn_m1hgl_8\">tradicional<\/span><\/strong><span class=\"_fadeIn_m1hgl_8\">.<\/span><\/p>\n<p data-start=\"851\" data-end=\"889\"><strong data-start=\"851\" data-end=\"889\"><span class=\"_fadeIn_m1hgl_8\">P\u00f3ntelas, <\/span><span class=\"_fadeIn_m1hgl_8\">si\u00e9ntelas, <\/span><span class=\"_fadeIn_m1hgl_8\">hazlas <\/span><span class=\"_fadeIn_m1hgl_8\">tuyas.<\/span><\/strong><\/p>\n","protected":false},"excerpt":{"rendered":"<p>Car\u00e1cter y refinamiento en equilibrio perfecto. Energ\u00eda urbana con car\u00e1cter y fuerza.<br \/>\nPara quienes buscan estilo con significado y presencia real.<\/p>\n","protected":false},"featured_media":700415,"template":"","meta":{"_mbp_gutenberg_autopost":false},"product_brand":[771,773,775,777,779,781,783,785],"product_cat":[109,1129,108,1124],"product_tag":[],"class_list":{"0":"post-699195","1":"product","2":"type-product","3":"status-publish","4":"has-post-thumbnail","6":"product_brand-talla-hombre-40","7":"product_brand-talla-hombre-41","8":"product_brand-talla-hombre-42","9":"product_brand-talla-hombre-43","10":"product_brand-talla-hombre-44","11":"product_brand-talla-hombre-45","12":"product_brand-talla-hombre-46","13":"product_brand-talla-hombre-47","14":"product_cat-botas-biker-hombre","15":"product_cat-botas-de-piel-hombre","16":"product_cat-hombre","17":"product_cat-rebajas-hombre","19":"first","20":"instock","21":"taxable","22":"shipping-taxable","23":"purchasable","24":"product-type-variable"},"supplier_id":null,"supplier_sku":"","barcode":null,"atum_controlled":true,"out_stock_date":null,"out_stock_threshold":null,"inheritable":true,"inbound_stock":0,"stock_on_hold":8,"sold_today":2,"sales_last_days":2,"reserved_stock":0,"customer_returns":0,"warehouse_damage":0,"lost_in_post":0,"other_logs":0,"out_stock_days":0,"lost_sales":0,"has_location":false,"update_date":"2026-03-25T11:50:26","atum_locations":[],"atum_stock_status":"instock","restock_status":false,"low_stock_amount":"","sales_update_date":"2026-03-07T13:44:59","calc_backorders":null,"yoast_head":"<!-- This site is optimized with the Yoast SEO plugin v27.2 - https:\/\/yoast.com\/product\/yoast-seo-wordpress\/ -->\n<title>Botas biker negras con correas y remaches | Tony Mora<\/title>\n<meta name=\"description\" content=\"Botas biker negras para hombre con horma cuadrada, correas y remaches. Dise\u00f1o moderno y c\u00f3modo, con el estilo aut\u00e9ntico de Tony Mora.\" \/>\n<meta name=\"robots\" content=\"index, follow, max-snippet:-1, max-image-preview:large, max-video-preview:-1\" \/>\n<link rel=\"canonical\" href=\"https:\/\/tonymora.com\/es\/producto\/1161-tx-sv-club-negro\/\" \/>\n<meta property=\"og:locale\" content=\"es_ES\" \/>\n<meta property=\"og:type\" content=\"article\" \/>\n<meta property=\"og:title\" content=\"Botas biker negras con correas y remaches | Tony Mora\" \/>\n<meta property=\"og:description\" content=\"Botas biker negras para hombre con horma cuadrada, correas y remaches. Dise\u00f1o moderno y c\u00f3modo, con el estilo aut\u00e9ntico de Tony Mora.\" \/>\n<meta property=\"og:url\" content=\"https:\/\/tonymora.com\/es\/producto\/1161-tx-sv-club-negro\/\" \/>\n<meta property=\"og:site_name\" content=\"Tony Mora\u00ae Boots Official Store\" \/>\n<meta property=\"article:publisher\" content=\"https:\/\/www.facebook.com\/Tonymoraofficial\/\" \/>\n<meta property=\"article:modified_time\" content=\"2026-04-07T05:32:53+00:00\" \/>\n<meta property=\"og:image\" content=\"https:\/\/tonymora.com\/wp-content\/uploads\/2022\/10\/02-1161-tx-sv-club-negro-1.jpg\" \/>\n\t<meta property=\"og:image:width\" content=\"866\" \/>\n\t<meta property=\"og:image:height\" content=\"1032\" \/>\n\t<meta property=\"og:image:type\" content=\"image\/jpeg\" \/>\n<meta name=\"twitter:card\" content=\"summary_large_image\" \/>\n<meta name=\"twitter:label1\" content=\"Tiempo de lectura\" \/>\n\t<meta name=\"twitter:data1\" content=\"1 minuto\" \/>\n<script type=\"application\/ld+json\" class=\"yoast-schema-graph\">{\"@context\":\"https:\/\/schema.org\",\"@graph\":[{\"@type\":\"WebPage\",\"@id\":\"https:\/\/tonymora.com\/es\/producto\/1161-tx-sv-club-negro\/\",\"url\":\"https:\/\/tonymora.com\/es\/producto\/1161-tx-sv-club-negro\/\",\"name\":\"Botas biker negras con correas y remaches | Tony Mora\",\"isPartOf\":{\"@id\":\"https:\/\/tonymora.com\/es\/#website\"},\"primaryImageOfPage\":{\"@id\":\"https:\/\/tonymora.com\/es\/producto\/1161-tx-sv-club-negro\/#primaryimage\"},\"image\":{\"@id\":\"https:\/\/tonymora.com\/es\/producto\/1161-tx-sv-club-negro\/#primaryimage\"},\"thumbnailUrl\":\"https:\/\/tonymora.com\/wp-content\/uploads\/2022\/10\/02-1161-tx-sv-club-negro-1.jpg\",\"datePublished\":\"2022-10-31T10:51:19+00:00\",\"dateModified\":\"2026-04-07T05:32:53+00:00\",\"description\":\"Botas biker negras para hombre con horma cuadrada, correas y remaches. Dise\u00f1o moderno y c\u00f3modo, con el estilo aut\u00e9ntico de Tony Mora.\",\"breadcrumb\":{\"@id\":\"https:\/\/tonymora.com\/es\/producto\/1161-tx-sv-club-negro\/#breadcrumb\"},\"inLanguage\":\"es\",\"potentialAction\":[{\"@type\":\"ReadAction\",\"target\":[\"https:\/\/tonymora.com\/es\/producto\/1161-tx-sv-club-negro\/\"]}]},{\"@type\":\"ImageObject\",\"inLanguage\":\"es\",\"@id\":\"https:\/\/tonymora.com\/es\/producto\/1161-tx-sv-club-negro\/#primaryimage\",\"url\":\"https:\/\/tonymora.com\/wp-content\/uploads\/2022\/10\/02-1161-tx-sv-club-negro-1.jpg\",\"contentUrl\":\"https:\/\/tonymora.com\/wp-content\/uploads\/2022\/10\/02-1161-tx-sv-club-negro-1.jpg\",\"width\":866,\"height\":1032,\"caption\":\"Botas biker negras con correas y remaches\"},{\"@type\":\"BreadcrumbList\",\"@id\":\"https:\/\/tonymora.com\/es\/producto\/1161-tx-sv-club-negro\/#breadcrumb\",\"itemListElement\":[{\"@type\":\"ListItem\",\"position\":1,\"name\":\"Portada\",\"item\":\"https:\/\/tonymora.com\/es\/\"},{\"@type\":\"ListItem\",\"position\":2,\"name\":\"Tienda\",\"item\":\"https:\/\/tonymora.com\/es\/tienda\/\"},{\"@type\":\"ListItem\",\"position\":3,\"name\":\"Hombre\",\"item\":\"https:\/\/tonymora.com\/es\/categoria-producto\/hombre\/\"},{\"@type\":\"ListItem\",\"position\":4,\"name\":\"1161 TX SV CLUB NEGRO\"}]},{\"@type\":\"WebSite\",\"@id\":\"https:\/\/tonymora.com\/es\/#website\",\"url\":\"https:\/\/tonymora.com\/es\/\",\"name\":\"Tony Mora\u00ae Boots Official Store\",\"description\":\"Cowboy Boots\",\"publisher\":{\"@id\":\"https:\/\/tonymora.com\/es\/#organization\"},\"potentialAction\":[{\"@type\":\"SearchAction\",\"target\":{\"@type\":\"EntryPoint\",\"urlTemplate\":\"https:\/\/tonymora.com\/es\/?s={search_term_string}\"},\"query-input\":{\"@type\":\"PropertyValueSpecification\",\"valueRequired\":true,\"valueName\":\"search_term_string\"}}],\"inLanguage\":\"es\"},{\"@type\":\"Organization\",\"@id\":\"https:\/\/tonymora.com\/es\/#organization\",\"name\":\"Tony Mora Boots\",\"url\":\"https:\/\/tonymora.com\/es\/\",\"logo\":{\"@type\":\"ImageObject\",\"inLanguage\":\"es\",\"@id\":\"https:\/\/tonymora.com\/es\/#\/schema\/logo\/image\/\",\"url\":\"https:\/\/tonymora.com\/wp-content\/uploads\/2023\/12\/LOGO.jpg\",\"contentUrl\":\"https:\/\/tonymora.com\/wp-content\/uploads\/2023\/12\/LOGO.jpg\",\"width\":2272,\"height\":1411,\"caption\":\"Tony Mora Boots\"},\"image\":{\"@id\":\"https:\/\/tonymora.com\/es\/#\/schema\/logo\/image\/\"},\"sameAs\":[\"https:\/\/www.facebook.com\/Tonymoraofficial\/\",\"https:\/\/www.instagram.com\/tonymoraofficial\/?hl=es\"]}]}<\/script>\n<!-- \/ Yoast SEO plugin. -->","yoast_head_json":{"title":"Botas biker negras con correas y remaches | Tony Mora","description":"Botas biker negras para hombre con horma cuadrada, correas y remaches. Dise\u00f1o moderno y c\u00f3modo, con el estilo aut\u00e9ntico de Tony Mora.","robots":{"index":"index","follow":"follow","max-snippet":"max-snippet:-1","max-image-preview":"max-image-preview:large","max-video-preview":"max-video-preview:-1"},"canonical":"https:\/\/tonymora.com\/es\/producto\/1161-tx-sv-club-negro\/","og_locale":"es_ES","og_type":"article","og_title":"Botas biker negras con correas y remaches | Tony Mora","og_description":"Botas biker negras para hombre con horma cuadrada, correas y remaches. Dise\u00f1o moderno y c\u00f3modo, con el estilo aut\u00e9ntico de Tony Mora.","og_url":"https:\/\/tonymora.com\/es\/producto\/1161-tx-sv-club-negro\/","og_site_name":"Tony Mora\u00ae Boots Official Store","article_publisher":"https:\/\/www.facebook.com\/Tonymoraofficial\/","article_modified_time":"2026-04-07T05:32:53+00:00","og_image":[{"width":866,"height":1032,"url":"https:\/\/tonymora.com\/wp-content\/uploads\/2022\/10\/02-1161-tx-sv-club-negro-1.jpg","type":"image\/jpeg"}],"twitter_card":"summary_large_image","twitter_misc":{"Tiempo de lectura":"1 minuto"},"schema":{"@context":"https:\/\/schema.org","@graph":[{"@type":"WebPage","@id":"https:\/\/tonymora.com\/es\/producto\/1161-tx-sv-club-negro\/","url":"https:\/\/tonymora.com\/es\/producto\/1161-tx-sv-club-negro\/","name":"Botas biker negras con correas y remaches | Tony Mora","isPartOf":{"@id":"https:\/\/tonymora.com\/es\/#website"},"primaryImageOfPage":{"@id":"https:\/\/tonymora.com\/es\/producto\/1161-tx-sv-club-negro\/#primaryimage"},"image":{"@id":"https:\/\/tonymora.com\/es\/producto\/1161-tx-sv-club-negro\/#primaryimage"},"thumbnailUrl":"https:\/\/tonymora.com\/wp-content\/uploads\/2022\/10\/02-1161-tx-sv-club-negro-1.jpg","datePublished":"2022-10-31T10:51:19+00:00","dateModified":"2026-04-07T05:32:53+00:00","description":"Botas biker negras para hombre con horma cuadrada, correas y remaches. Dise\u00f1o moderno y c\u00f3modo, con el estilo aut\u00e9ntico de Tony Mora.","breadcrumb":{"@id":"https:\/\/tonymora.com\/es\/producto\/1161-tx-sv-club-negro\/#breadcrumb"},"inLanguage":"es","potentialAction":[{"@type":"ReadAction","target":["https:\/\/tonymora.com\/es\/producto\/1161-tx-sv-club-negro\/"]}]},{"@type":"ImageObject","inLanguage":"es","@id":"https:\/\/tonymora.com\/es\/producto\/1161-tx-sv-club-negro\/#primaryimage","url":"https:\/\/tonymora.com\/wp-content\/uploads\/2022\/10\/02-1161-tx-sv-club-negro-1.jpg","contentUrl":"https:\/\/tonymora.com\/wp-content\/uploads\/2022\/10\/02-1161-tx-sv-club-negro-1.jpg","width":866,"height":1032,"caption":"Botas biker negras con correas y remaches"},{"@type":"BreadcrumbList","@id":"https:\/\/tonymora.com\/es\/producto\/1161-tx-sv-club-negro\/#breadcrumb","itemListElement":[{"@type":"ListItem","position":1,"name":"Portada","item":"https:\/\/tonymora.com\/es\/"},{"@type":"ListItem","position":2,"name":"Tienda","item":"https:\/\/tonymora.com\/es\/tienda\/"},{"@type":"ListItem","position":3,"name":"Hombre","item":"https:\/\/tonymora.com\/es\/categoria-producto\/hombre\/"},{"@type":"ListItem","position":4,"name":"1161 TX SV CLUB NEGRO"}]},{"@type":"WebSite","@id":"https:\/\/tonymora.com\/es\/#website","url":"https:\/\/tonymora.com\/es\/","name":"Tony Mora\u00ae Boots Official Store","description":"Cowboy Boots","publisher":{"@id":"https:\/\/tonymora.com\/es\/#organization"},"potentialAction":[{"@type":"SearchAction","target":{"@type":"EntryPoint","urlTemplate":"https:\/\/tonymora.com\/es\/?s={search_term_string}"},"query-input":{"@type":"PropertyValueSpecification","valueRequired":true,"valueName":"search_term_string"}}],"inLanguage":"es"},{"@type":"Organization","@id":"https:\/\/tonymora.com\/es\/#organization","name":"Tony Mora Boots","url":"https:\/\/tonymora.com\/es\/","logo":{"@type":"ImageObject","inLanguage":"es","@id":"https:\/\/tonymora.com\/es\/#\/schema\/logo\/image\/","url":"https:\/\/tonymora.com\/wp-content\/uploads\/2023\/12\/LOGO.jpg","contentUrl":"https:\/\/tonymora.com\/wp-content\/uploads\/2023\/12\/LOGO.jpg","width":2272,"height":1411,"caption":"Tony Mora Boots"},"image":{"@id":"https:\/\/tonymora.com\/es\/#\/schema\/logo\/image\/"},"sameAs":["https:\/\/www.facebook.com\/Tonymoraofficial\/","https:\/\/www.instagram.com\/tonymoraofficial\/?hl=es"]}]}},"_links":{"self":[{"href":"https:\/\/tonymora.com\/es\/wp-json\/wp\/v2\/product\/699195","targetHints":{"allow":["GET"]}}],"collection":[{"href":"https:\/\/tonymora.com\/es\/wp-json\/wp\/v2\/product"}],"about":[{"href":"https:\/\/tonymora.com\/es\/wp-json\/wp\/v2\/types\/product"}],"wp:featuredmedia":[{"embeddable":true,"href":"https:\/\/tonymora.com\/es\/wp-json\/wp\/v2\/media\/700415"}],"wp:attachment":[{"href":"https:\/\/tonymora.com\/es\/wp-json\/wp\/v2\/media?parent=699195"}],"wp:term":[{"taxonomy":"product_brand","embeddable":true,"href":"https:\/\/tonymora.com\/es\/wp-json\/wp\/v2\/product_brand?post=699195"},{"taxonomy":"product_cat","embeddable":true,"href":"https:\/\/tonymora.com\/es\/wp-json\/wp\/v2\/product_cat?post=699195"},{"taxonomy":"product_tag","embeddable":true,"href":"https:\/\/tonymora.com\/es\/wp-json\/wp\/v2\/product_tag?post=699195"}],"curies":[{"name":"wp","href":"https:\/\/api.w.org\/{rel}","templated":true}]}}