{"id":699289,"date":"2022-10-31T12:20:17","date_gmt":"2022-10-31T11:20:17","guid":{"rendered":"https:\/\/tonymora.com\/?post_type=product&#038;p=699289"},"modified":"2026-04-05T07:32:53","modified_gmt":"2026-04-05T05:32:53","slug":"1212-g-24-club-negro","status":"publish","type":"product","link":"https:\/\/tonymora.com\/es\/producto\/1212-g-24-club-negro\/","title":{"rendered":"1212 G 24 CLUB NEGRO"},"content":{"rendered":"<p data-start=\"131\" data-end=\"501\"><strong data-start=\"131\" data-end=\"199\"><span class=\"_fadeIn_m1hgl_8\">Botines <\/span><span class=\"_fadeIn_m1hgl_8\">Chelsea <\/span><span class=\"_fadeIn_m1hgl_8\">de <\/span><span class=\"_fadeIn_m1hgl_8\">piel <\/span><span class=\"_fadeIn_m1hgl_8\">negra: <\/span><span class=\"_fadeIn_m1hgl_8\">elegancia <\/span><span class=\"_fadeIn_m1hgl_8\">atemporal <\/span><span class=\"_fadeIn_m1hgl_8\">con <\/span><span class=\"_fadeIn_m1hgl_8\">car\u00e1cter.<\/span><\/strong><\/p>\n<p data-start=\"131\" data-end=\"501\"><span class=\"_fadeIn_m1hgl_8\">Estos <\/span><strong data-start=\"208\" data-end=\"241\"><span class=\"_fadeIn_m1hgl_8\">botines <\/span><span class=\"_fadeIn_m1hgl_8\">Chelsea <\/span><span class=\"_fadeIn_m1hgl_8\">en <\/span><span class=\"_fadeIn_m1hgl_8\">piel <\/span><span class=\"_fadeIn_m1hgl_8\">negra<\/span><\/strong> <span class=\"_fadeIn_m1hgl_8\">combinan <\/span><strong data-start=\"251\" data-end=\"293\"><span class=\"_fadeIn_m1hgl_8\">estilo <\/span><span class=\"_fadeIn_m1hgl_8\">cl\u00e1sico <\/span><span class=\"_fadeIn_m1hgl_8\">y <\/span><span class=\"_fadeIn_m1hgl_8\">actitud <\/span><span class=\"_fadeIn_m1hgl_8\">contempor\u00e1nea<\/span><\/strong><span class=\"_fadeIn_m1hgl_8\">, <\/span><span class=\"_fadeIn_m1hgl_8\">convirti\u00e9ndose <\/span><span class=\"_fadeIn_m1hgl_8\">en <\/span><span class=\"_fadeIn_m1hgl_8\">una <\/span><span class=\"_fadeIn_m1hgl_8\">apuesta <\/span><span class=\"_fadeIn_m1hgl_8\">segura <\/span><span class=\"_fadeIn_m1hgl_8\">para <\/span><span class=\"_fadeIn_m1hgl_8\">cualquier <\/span><span class=\"_fadeIn_m1hgl_8\">armario <\/span><span class=\"_fadeIn_m1hgl_8\">masculino. <\/span><span class=\"_fadeIn_m1hgl_8\">Hechos <\/span><strong data-start=\"373\" data-end=\"388\"><span class=\"_fadeIn_m1hgl_8\">100% <\/span><span class=\"_fadeIn_m1hgl_8\">a <\/span><span class=\"_fadeIn_m1hgl_8\">mano<\/span><\/strong> <span class=\"_fadeIn_m1hgl_8\">mediante <\/span><span class=\"_fadeIn_m1hgl_8\">el <\/span><span class=\"_fadeIn_m1hgl_8\">prestigioso <\/span><span class=\"_fadeIn_m1hgl_8\">sistema <\/span><strong data-start=\"421\" data-end=\"440\"><span class=\"_fadeIn_m1hgl_8\">Goodyear <\/span><span class=\"_fadeIn_m1hgl_8\">Welted<\/span><\/strong><span class=\"_fadeIn_m1hgl_8\">, <\/span><span class=\"_fadeIn_m1hgl_8\">destacan <\/span><span class=\"_fadeIn_m1hgl_8\">por <\/span><span class=\"_fadeIn_m1hgl_8\">su <\/span><span class=\"_fadeIn_m1hgl_8\">durabilidad, <\/span><span class=\"_fadeIn_m1hgl_8\">calidad <\/span><span class=\"_fadeIn_m1hgl_8\">y <\/span><span class=\"_fadeIn_m1hgl_8\">acabados <\/span><span class=\"_fadeIn_m1hgl_8\">impecables.<\/span><\/p>\n<p data-start=\"503\" data-end=\"751\"><span class=\"_fadeIn_m1hgl_8\">El <\/span><strong data-start=\"506\" data-end=\"526\"><span class=\"_fadeIn_m1hgl_8\">el\u00e1stico <\/span><span class=\"_fadeIn_m1hgl_8\">lateral<\/span><\/strong><span class=\"_fadeIn_m1hgl_8\">, <\/span><span class=\"_fadeIn_m1hgl_8\">adem\u00e1s <\/span><span class=\"_fadeIn_m1hgl_8\">de <\/span><span class=\"_fadeIn_m1hgl_8\">facilitar <\/span><span class=\"_fadeIn_m1hgl_8\">el <\/span><span class=\"_fadeIn_m1hgl_8\">calce, <\/span><span class=\"_fadeIn_m1hgl_8\">a\u00f1ade <\/span><span class=\"_fadeIn_m1hgl_8\">un <\/span><span class=\"_fadeIn_m1hgl_8\">toque <\/span><span class=\"_fadeIn_m1hgl_8\">moderno <\/span><span class=\"_fadeIn_m1hgl_8\">sin <\/span><span class=\"_fadeIn_m1hgl_8\">perder <\/span><span class=\"_fadeIn_m1hgl_8\">la <\/span><span class=\"_fadeIn_m1hgl_8\">esencia <\/span><span class=\"_fadeIn_m1hgl_8\">tradicional <\/span><span class=\"_fadeIn_m1hgl_8\">del <\/span><span class=\"_fadeIn_m1hgl_8\">dise\u00f1o. <\/span><span class=\"_fadeIn_m1hgl_8\">Su <\/span><strong data-start=\"630\" data-end=\"647\"><span class=\"_fadeIn_m1hgl_8\">horma <\/span><span class=\"_fadeIn_m1hgl_8\">redonda<\/span><\/strong> <span class=\"_fadeIn_m1hgl_8\">garantiza <\/span><span class=\"_fadeIn_m1hgl_8\">un <\/span><span class=\"_fadeIn_m1hgl_8\">confort <\/span><span class=\"_fadeIn_m1hgl_8\">superior, <\/span><span class=\"_fadeIn_m1hgl_8\">ideal <\/span><span class=\"_fadeIn_m1hgl_8\">para <\/span><span class=\"_fadeIn_m1hgl_8\">acompa\u00f1arte <\/span><span class=\"_fadeIn_m1hgl_8\">durante <\/span><span class=\"_fadeIn_m1hgl_8\">todo <\/span><span class=\"_fadeIn_m1hgl_8\">el <\/span><span class=\"_fadeIn_m1hgl_8\">d\u00eda <\/span><span class=\"_fadeIn_m1hgl_8\">con <\/span><span class=\"_fadeIn_m1hgl_8\">elegancia <\/span><span class=\"_fadeIn_m1hgl_8\">y <\/span><span class=\"_fadeIn_m1hgl_8\">sin <\/span><span class=\"_fadeIn_m1hgl_8\">esfuerzo.<\/span><\/p>\n<p data-start=\"753\" data-end=\"836\"><span class=\"_fadeIn_m1hgl_8\">\u00bf<\/span><span class=\"_fadeIn_m1hgl_8\">Buscas <\/span><span class=\"_fadeIn_m1hgl_8\">un <\/span><span class=\"_fadeIn_m1hgl_8\">look <\/span><strong data-start=\"769\" data-end=\"794\"><span class=\"_fadeIn_m1hgl_8\">casual <\/span><span class=\"_fadeIn_m1hgl_8\">pero <\/span><span class=\"_fadeIn_m1hgl_8\">exclusivo<\/span><\/strong><span class=\"_fadeIn_m1hgl_8\">? <\/span><span class=\"_fadeIn_m1hgl_8\">Este <\/span><span class=\"_fadeIn_m1hgl_8\">modelo <\/span><span class=\"_fadeIn_m1hgl_8\">tiene <\/span><span class=\"_fadeIn_m1hgl_8\">todo <\/span><span class=\"_fadeIn_m1hgl_8\">lo <\/span><span class=\"_fadeIn_m1hgl_8\">que <\/span><span class=\"_fadeIn_m1hgl_8\">necesitas.<\/span><\/p>\n<p data-start=\"838\" data-end=\"879\"><strong data-start=\"838\" data-end=\"879\"><span class=\"_fadeIn_m1hgl_8\">Cl\u00e1sico, <\/span><span class=\"_fadeIn_m1hgl_8\">vers\u00e1til <\/span><span class=\"_fadeIn_m1hgl_8\">y <\/span><span class=\"_fadeIn_m1hgl_8\">hecho <\/span><span class=\"_fadeIn_m1hgl_8\">para <\/span><span class=\"_fadeIn_m1hgl_8\">durar.<\/span><\/strong><\/p>\n","protected":false},"excerpt":{"rendered":"<p>Sofisticaci\u00f3n serena para quienes eligen con criterio. Vers\u00e1til y f\u00e1cil de combinar, sin perder personalidad.<br \/>\nDise\u00f1ada para quienes entienden la elegancia como una actitud.<\/p>\n","protected":false},"featured_media":713960,"template":"","meta":{"_mbp_gutenberg_autopost":false},"product_brand":[771,773,775,777,779,781,783,785],"product_cat":[1172,116,1129,118,108,1124,161],"product_tag":[],"class_list":{"0":"post-699289","1":"product","2":"type-product","3":"status-publish","4":"has-post-thumbnail","6":"product_brand-talla-hombre-40","7":"product_brand-talla-hombre-41","8":"product_brand-talla-hombre-42","9":"product_brand-talla-hombre-43","10":"product_brand-talla-hombre-44","11":"product_brand-talla-hombre-45","12":"product_brand-talla-hombre-46","13":"product_brand-talla-hombre-47","14":"product_cat-black-friday","15":"product_cat-botas-casual-hombre","16":"product_cat-botas-de-piel-hombre","17":"product_cat-botines-hombre","18":"product_cat-hombre","19":"product_cat-rebajas-hombre","20":"product_cat-zapatos-hombre","22":"first","23":"instock","24":"taxable","25":"shipping-taxable","26":"purchasable","27":"product-type-variable"},"supplier_id":null,"supplier_sku":"","barcode":null,"atum_controlled":true,"out_stock_date":null,"out_stock_threshold":null,"inheritable":true,"inbound_stock":0,"stock_on_hold":3,"sold_today":2,"sales_last_days":3,"reserved_stock":0,"customer_returns":0,"warehouse_damage":0,"lost_in_post":0,"other_logs":0,"out_stock_days":0,"lost_sales":0,"has_location":false,"update_date":"2026-03-26T12:27:21","atum_locations":[],"atum_stock_status":"instock","restock_status":false,"low_stock_amount":"","sales_update_date":"2026-03-07T14:04:08","calc_backorders":null,"yoast_head":"<!-- This site is optimized with the Yoast SEO plugin v27.2 - https:\/\/yoast.com\/product\/yoast-seo-wordpress\/ -->\n<title>Botines Chelsea negros para hombre \u2013 Elegancia y confort<\/title>\n<meta name=\"description\" content=\"Botines Chelsea de piel negra con el\u00e1stico lateral. Dise\u00f1o cl\u00e1sico y moderno, hechos a mano para ofrecer comodidad y estilo. Firma Tony Mora.\" \/>\n<meta name=\"robots\" content=\"index, follow, max-snippet:-1, max-image-preview:large, max-video-preview:-1\" \/>\n<link rel=\"canonical\" href=\"https:\/\/tonymora.com\/es\/producto\/1212-g-24-club-negro\/\" \/>\n<meta property=\"og:locale\" content=\"es_ES\" \/>\n<meta property=\"og:type\" content=\"article\" \/>\n<meta property=\"og:title\" content=\"Botines Chelsea negros para hombre \u2013 Elegancia y confort\" \/>\n<meta property=\"og:description\" content=\"Botines Chelsea de piel negra con el\u00e1stico lateral. Dise\u00f1o cl\u00e1sico y moderno, hechos a mano para ofrecer comodidad y estilo. Firma Tony Mora.\" \/>\n<meta property=\"og:url\" content=\"https:\/\/tonymora.com\/es\/producto\/1212-g-24-club-negro\/\" \/>\n<meta property=\"og:site_name\" content=\"Tony Mora\u00ae Boots Official Store\" \/>\n<meta property=\"article:publisher\" content=\"https:\/\/www.facebook.com\/Tonymoraofficial\/\" \/>\n<meta property=\"article:modified_time\" content=\"2026-04-05T05:32:53+00:00\" \/>\n<meta property=\"og:image\" content=\"https:\/\/tonymora.com\/wp-content\/uploads\/2022\/10\/canva-1.jpg\" \/>\n\t<meta property=\"og:image:width\" content=\"866\" \/>\n\t<meta property=\"og:image:height\" content=\"1032\" \/>\n\t<meta property=\"og:image:type\" content=\"image\/jpeg\" \/>\n<meta name=\"twitter:card\" content=\"summary_large_image\" \/>\n<meta name=\"twitter:label1\" content=\"Tiempo de lectura\" \/>\n\t<meta name=\"twitter:data1\" content=\"1 minuto\" \/>\n<script type=\"application\/ld+json\" class=\"yoast-schema-graph\">{\"@context\":\"https:\/\/schema.org\",\"@graph\":[{\"@type\":\"WebPage\",\"@id\":\"https:\/\/tonymora.com\/es\/producto\/1212-g-24-club-negro\/\",\"url\":\"https:\/\/tonymora.com\/es\/producto\/1212-g-24-club-negro\/\",\"name\":\"Botines Chelsea negros para hombre \u2013 Elegancia y confort\",\"isPartOf\":{\"@id\":\"https:\/\/tonymora.com\/es\/#website\"},\"primaryImageOfPage\":{\"@id\":\"https:\/\/tonymora.com\/es\/producto\/1212-g-24-club-negro\/#primaryimage\"},\"image\":{\"@id\":\"https:\/\/tonymora.com\/es\/producto\/1212-g-24-club-negro\/#primaryimage\"},\"thumbnailUrl\":\"https:\/\/tonymora.com\/wp-content\/uploads\/2022\/10\/canva-1.jpg\",\"datePublished\":\"2022-10-31T11:20:17+00:00\",\"dateModified\":\"2026-04-05T05:32:53+00:00\",\"description\":\"Botines Chelsea de piel negra con el\u00e1stico lateral. Dise\u00f1o cl\u00e1sico y moderno, hechos a mano para ofrecer comodidad y estilo. Firma Tony Mora.\",\"breadcrumb\":{\"@id\":\"https:\/\/tonymora.com\/es\/producto\/1212-g-24-club-negro\/#breadcrumb\"},\"inLanguage\":\"es\",\"potentialAction\":[{\"@type\":\"ReadAction\",\"target\":[\"https:\/\/tonymora.com\/es\/producto\/1212-g-24-club-negro\/\"]}]},{\"@type\":\"ImageObject\",\"inLanguage\":\"es\",\"@id\":\"https:\/\/tonymora.com\/es\/producto\/1212-g-24-club-negro\/#primaryimage\",\"url\":\"https:\/\/tonymora.com\/wp-content\/uploads\/2022\/10\/canva-1.jpg\",\"contentUrl\":\"https:\/\/tonymora.com\/wp-content\/uploads\/2022\/10\/canva-1.jpg\",\"width\":866,\"height\":1032,\"caption\":\"Botines Chelsea negros para hombre\"},{\"@type\":\"BreadcrumbList\",\"@id\":\"https:\/\/tonymora.com\/es\/producto\/1212-g-24-club-negro\/#breadcrumb\",\"itemListElement\":[{\"@type\":\"ListItem\",\"position\":1,\"name\":\"Portada\",\"item\":\"https:\/\/tonymora.com\/es\/\"},{\"@type\":\"ListItem\",\"position\":2,\"name\":\"Tienda\",\"item\":\"https:\/\/tonymora.com\/es\/tienda\/\"},{\"@type\":\"ListItem\",\"position\":3,\"name\":\"Hombre\",\"item\":\"https:\/\/tonymora.com\/es\/categoria-producto\/hombre\/\"},{\"@type\":\"ListItem\",\"position\":4,\"name\":\"1212 G 24 CLUB NEGRO\"}]},{\"@type\":\"WebSite\",\"@id\":\"https:\/\/tonymora.com\/es\/#website\",\"url\":\"https:\/\/tonymora.com\/es\/\",\"name\":\"Tony Mora\u00ae Boots Official Store\",\"description\":\"Cowboy Boots\",\"publisher\":{\"@id\":\"https:\/\/tonymora.com\/es\/#organization\"},\"potentialAction\":[{\"@type\":\"SearchAction\",\"target\":{\"@type\":\"EntryPoint\",\"urlTemplate\":\"https:\/\/tonymora.com\/es\/?s={search_term_string}\"},\"query-input\":{\"@type\":\"PropertyValueSpecification\",\"valueRequired\":true,\"valueName\":\"search_term_string\"}}],\"inLanguage\":\"es\"},{\"@type\":\"Organization\",\"@id\":\"https:\/\/tonymora.com\/es\/#organization\",\"name\":\"Tony Mora Boots\",\"url\":\"https:\/\/tonymora.com\/es\/\",\"logo\":{\"@type\":\"ImageObject\",\"inLanguage\":\"es\",\"@id\":\"https:\/\/tonymora.com\/es\/#\/schema\/logo\/image\/\",\"url\":\"https:\/\/tonymora.com\/wp-content\/uploads\/2023\/12\/LOGO.jpg\",\"contentUrl\":\"https:\/\/tonymora.com\/wp-content\/uploads\/2023\/12\/LOGO.jpg\",\"width\":2272,\"height\":1411,\"caption\":\"Tony Mora Boots\"},\"image\":{\"@id\":\"https:\/\/tonymora.com\/es\/#\/schema\/logo\/image\/\"},\"sameAs\":[\"https:\/\/www.facebook.com\/Tonymoraofficial\/\",\"https:\/\/www.instagram.com\/tonymoraofficial\/?hl=es\"]}]}<\/script>\n<!-- \/ Yoast SEO plugin. -->","yoast_head_json":{"title":"Botines Chelsea negros para hombre \u2013 Elegancia y confort","description":"Botines Chelsea de piel negra con el\u00e1stico lateral. Dise\u00f1o cl\u00e1sico y moderno, hechos a mano para ofrecer comodidad y estilo. Firma Tony Mora.","robots":{"index":"index","follow":"follow","max-snippet":"max-snippet:-1","max-image-preview":"max-image-preview:large","max-video-preview":"max-video-preview:-1"},"canonical":"https:\/\/tonymora.com\/es\/producto\/1212-g-24-club-negro\/","og_locale":"es_ES","og_type":"article","og_title":"Botines Chelsea negros para hombre \u2013 Elegancia y confort","og_description":"Botines Chelsea de piel negra con el\u00e1stico lateral. Dise\u00f1o cl\u00e1sico y moderno, hechos a mano para ofrecer comodidad y estilo. Firma Tony Mora.","og_url":"https:\/\/tonymora.com\/es\/producto\/1212-g-24-club-negro\/","og_site_name":"Tony Mora\u00ae Boots Official Store","article_publisher":"https:\/\/www.facebook.com\/Tonymoraofficial\/","article_modified_time":"2026-04-05T05:32:53+00:00","og_image":[{"width":866,"height":1032,"url":"https:\/\/tonymora.com\/wp-content\/uploads\/2022\/10\/canva-1.jpg","type":"image\/jpeg"}],"twitter_card":"summary_large_image","twitter_misc":{"Tiempo de lectura":"1 minuto"},"schema":{"@context":"https:\/\/schema.org","@graph":[{"@type":"WebPage","@id":"https:\/\/tonymora.com\/es\/producto\/1212-g-24-club-negro\/","url":"https:\/\/tonymora.com\/es\/producto\/1212-g-24-club-negro\/","name":"Botines Chelsea negros para hombre \u2013 Elegancia y confort","isPartOf":{"@id":"https:\/\/tonymora.com\/es\/#website"},"primaryImageOfPage":{"@id":"https:\/\/tonymora.com\/es\/producto\/1212-g-24-club-negro\/#primaryimage"},"image":{"@id":"https:\/\/tonymora.com\/es\/producto\/1212-g-24-club-negro\/#primaryimage"},"thumbnailUrl":"https:\/\/tonymora.com\/wp-content\/uploads\/2022\/10\/canva-1.jpg","datePublished":"2022-10-31T11:20:17+00:00","dateModified":"2026-04-05T05:32:53+00:00","description":"Botines Chelsea de piel negra con el\u00e1stico lateral. Dise\u00f1o cl\u00e1sico y moderno, hechos a mano para ofrecer comodidad y estilo. Firma Tony Mora.","breadcrumb":{"@id":"https:\/\/tonymora.com\/es\/producto\/1212-g-24-club-negro\/#breadcrumb"},"inLanguage":"es","potentialAction":[{"@type":"ReadAction","target":["https:\/\/tonymora.com\/es\/producto\/1212-g-24-club-negro\/"]}]},{"@type":"ImageObject","inLanguage":"es","@id":"https:\/\/tonymora.com\/es\/producto\/1212-g-24-club-negro\/#primaryimage","url":"https:\/\/tonymora.com\/wp-content\/uploads\/2022\/10\/canva-1.jpg","contentUrl":"https:\/\/tonymora.com\/wp-content\/uploads\/2022\/10\/canva-1.jpg","width":866,"height":1032,"caption":"Botines Chelsea negros para hombre"},{"@type":"BreadcrumbList","@id":"https:\/\/tonymora.com\/es\/producto\/1212-g-24-club-negro\/#breadcrumb","itemListElement":[{"@type":"ListItem","position":1,"name":"Portada","item":"https:\/\/tonymora.com\/es\/"},{"@type":"ListItem","position":2,"name":"Tienda","item":"https:\/\/tonymora.com\/es\/tienda\/"},{"@type":"ListItem","position":3,"name":"Hombre","item":"https:\/\/tonymora.com\/es\/categoria-producto\/hombre\/"},{"@type":"ListItem","position":4,"name":"1212 G 24 CLUB NEGRO"}]},{"@type":"WebSite","@id":"https:\/\/tonymora.com\/es\/#website","url":"https:\/\/tonymora.com\/es\/","name":"Tony Mora\u00ae Boots Official Store","description":"Cowboy Boots","publisher":{"@id":"https:\/\/tonymora.com\/es\/#organization"},"potentialAction":[{"@type":"SearchAction","target":{"@type":"EntryPoint","urlTemplate":"https:\/\/tonymora.com\/es\/?s={search_term_string}"},"query-input":{"@type":"PropertyValueSpecification","valueRequired":true,"valueName":"search_term_string"}}],"inLanguage":"es"},{"@type":"Organization","@id":"https:\/\/tonymora.com\/es\/#organization","name":"Tony Mora Boots","url":"https:\/\/tonymora.com\/es\/","logo":{"@type":"ImageObject","inLanguage":"es","@id":"https:\/\/tonymora.com\/es\/#\/schema\/logo\/image\/","url":"https:\/\/tonymora.com\/wp-content\/uploads\/2023\/12\/LOGO.jpg","contentUrl":"https:\/\/tonymora.com\/wp-content\/uploads\/2023\/12\/LOGO.jpg","width":2272,"height":1411,"caption":"Tony Mora Boots"},"image":{"@id":"https:\/\/tonymora.com\/es\/#\/schema\/logo\/image\/"},"sameAs":["https:\/\/www.facebook.com\/Tonymoraofficial\/","https:\/\/www.instagram.com\/tonymoraofficial\/?hl=es"]}]}},"_links":{"self":[{"href":"https:\/\/tonymora.com\/es\/wp-json\/wp\/v2\/product\/699289","targetHints":{"allow":["GET"]}}],"collection":[{"href":"https:\/\/tonymora.com\/es\/wp-json\/wp\/v2\/product"}],"about":[{"href":"https:\/\/tonymora.com\/es\/wp-json\/wp\/v2\/types\/product"}],"wp:featuredmedia":[{"embeddable":true,"href":"https:\/\/tonymora.com\/es\/wp-json\/wp\/v2\/media\/713960"}],"wp:attachment":[{"href":"https:\/\/tonymora.com\/es\/wp-json\/wp\/v2\/media?parent=699289"}],"wp:term":[{"taxonomy":"product_brand","embeddable":true,"href":"https:\/\/tonymora.com\/es\/wp-json\/wp\/v2\/product_brand?post=699289"},{"taxonomy":"product_cat","embeddable":true,"href":"https:\/\/tonymora.com\/es\/wp-json\/wp\/v2\/product_cat?post=699289"},{"taxonomy":"product_tag","embeddable":true,"href":"https:\/\/tonymora.com\/es\/wp-json\/wp\/v2\/product_tag?post=699289"}],"curies":[{"name":"wp","href":"https:\/\/api.w.org\/{rel}","templated":true}]}}