{"id":699327,"date":"2022-10-31T12:30:29","date_gmt":"2022-10-31T11:30:29","guid":{"rendered":"https:\/\/tonymora.com\/?post_type=product&#038;p=699327"},"modified":"2026-04-12T07:32:55","modified_gmt":"2026-04-12T05:32:55","slug":"1354-mt-mt-sprinter-engrasado-negro","status":"publish","type":"product","link":"https:\/\/tonymora.com\/es\/producto\/1354-mt-mt-sprinter-engrasado-negro\/","title":{"rendered":"1354 MT MT SPRINTER ENGRASADO NEGRO"},"content":{"rendered":"<p data-start=\"143\" data-end=\"454\"><strong data-start=\"143\" data-end=\"202\"><span class=\"_fadeIn_m1hgl_8\">Descubre <\/span><span class=\"_fadeIn_m1hgl_8\">nuestras <\/span><span class=\"_fadeIn_m1hgl_8\">botas <\/span><span class=\"_fadeIn_m1hgl_8\">moteras <\/span><span class=\"_fadeIn_m1hgl_8\">de <\/span><span class=\"_fadeIn_m1hgl_8\">piel <\/span><span class=\"_fadeIn_m1hgl_8\">engrasada <\/span><span class=\"_fadeIn_m1hgl_8\">negra<\/span><\/strong><span class=\"_fadeIn_m1hgl_8\">, <\/span><span class=\"_fadeIn_m1hgl_8\">dise\u00f1adas <\/span><span class=\"_fadeIn_m1hgl_8\">para <\/span><span class=\"_fadeIn_m1hgl_8\">quienes <\/span><span class=\"_fadeIn_m1hgl_8\">buscan <\/span><span class=\"_fadeIn_m1hgl_8\">estilo, <\/span><span class=\"_fadeIn_m1hgl_8\">resistencia <\/span><span class=\"_fadeIn_m1hgl_8\">y <\/span><span class=\"_fadeIn_m1hgl_8\">comodidad <\/span><span class=\"_fadeIn_m1hgl_8\">en <\/span><span class=\"_fadeIn_m1hgl_8\">un <\/span><span class=\"_fadeIn_m1hgl_8\">solo <\/span><span class=\"_fadeIn_m1hgl_8\">calzado. <\/span><span class=\"_fadeIn_m1hgl_8\">Con <\/span><span class=\"_fadeIn_m1hgl_8\">una <\/span><span class=\"_fadeIn_m1hgl_8\">aut\u00e9ntica <\/span><strong data-start=\"304\" data-end=\"320\"><span class=\"_fadeIn_m1hgl_8\">horma <\/span><span class=\"_fadeIn_m1hgl_8\">motera<\/span><\/strong> <span class=\"_fadeIn_m1hgl_8\">y <\/span><span class=\"_fadeIn_m1hgl_8\">su <\/span><strong data-start=\"326\" data-end=\"358\"><span class=\"_fadeIn_m1hgl_8\">suela <\/span><span class=\"_fadeIn_m1hgl_8\">de <\/span><span class=\"_fadeIn_m1hgl_8\">goma <\/span><span class=\"_fadeIn_m1hgl_8\">antideslizante<\/span><\/strong><span class=\"_fadeIn_m1hgl_8\">, <\/span><span class=\"_fadeIn_m1hgl_8\">estas <\/span><span class=\"_fadeIn_m1hgl_8\">botas <\/span><span class=\"_fadeIn_m1hgl_8\">se <\/span><span class=\"_fadeIn_m1hgl_8\">adaptan <\/span><span class=\"_fadeIn_m1hgl_8\">perfectamente <\/span><span class=\"_fadeIn_m1hgl_8\">a <\/span><span class=\"_fadeIn_m1hgl_8\">tus <\/span><span class=\"_fadeIn_m1hgl_8\">pies <\/span><span class=\"_fadeIn_m1hgl_8\">y <\/span><span class=\"_fadeIn_m1hgl_8\">te <\/span><span class=\"_fadeIn_m1hgl_8\">acompa\u00f1an <\/span><span class=\"_fadeIn_m1hgl_8\">en <\/span><span class=\"_fadeIn_m1hgl_8\">cualquier <\/span><span class=\"_fadeIn_m1hgl_8\">clima <\/span><span class=\"_fadeIn_m1hgl_8\">o <\/span><span class=\"_fadeIn_m1hgl_8\">situaci\u00f3n.<\/span><\/p>\n<p data-start=\"456\" data-end=\"696\"><span class=\"_fadeIn_m1hgl_8\">Su <\/span><span class=\"_fadeIn_m1hgl_8\">piel <\/span><span class=\"_fadeIn_m1hgl_8\">engrasada <\/span><span class=\"_fadeIn_m1hgl_8\">de <\/span><span class=\"_fadeIn_m1hgl_8\">alta <\/span><span class=\"_fadeIn_m1hgl_8\">calidad <\/span><span class=\"_fadeIn_m1hgl_8\">no <\/span><span class=\"_fadeIn_m1hgl_8\">solo <\/span><span class=\"_fadeIn_m1hgl_8\">aporta <\/span><span class=\"_fadeIn_m1hgl_8\">car\u00e1cter, <\/span><span class=\"_fadeIn_m1hgl_8\">sino <\/span><span class=\"_fadeIn_m1hgl_8\">que <\/span><span class=\"_fadeIn_m1hgl_8\">mejora <\/span><span class=\"_fadeIn_m1hgl_8\">con <\/span><span class=\"_fadeIn_m1hgl_8\">el <\/span><span class=\"_fadeIn_m1hgl_8\">uso, <\/span><span class=\"_fadeIn_m1hgl_8\">haci\u00e9ndolas <\/span><span class=\"_fadeIn_m1hgl_8\">m\u00e1s <\/span><span class=\"_fadeIn_m1hgl_8\">c\u00f3modas <\/span><span class=\"_fadeIn_m1hgl_8\">con <\/span><span class=\"_fadeIn_m1hgl_8\">el <\/span><span class=\"_fadeIn_m1hgl_8\">paso <\/span><span class=\"_fadeIn_m1hgl_8\">del <\/span><span class=\"_fadeIn_m1hgl_8\">tiempo. <\/span><span class=\"_fadeIn_m1hgl_8\">Ya <\/span><span class=\"_fadeIn_m1hgl_8\">sea <\/span><span class=\"_fadeIn_m1hgl_8\">para <\/span><span class=\"_fadeIn_m1hgl_8\">el <\/span><span class=\"_fadeIn_m1hgl_8\">d\u00eda <\/span><span class=\"_fadeIn_m1hgl_8\">a <\/span><span class=\"_fadeIn_m1hgl_8\">d\u00eda <\/span><span class=\"_fadeIn_m1hgl_8\">o <\/span><span class=\"_fadeIn_m1hgl_8\">para <\/span><span class=\"_fadeIn_m1hgl_8\">rutas <\/span><span class=\"_fadeIn_m1hgl_8\">en <\/span><span class=\"_fadeIn_m1hgl_8\">moto, <\/span><span class=\"_fadeIn_m1hgl_8\">son <\/span><span class=\"_fadeIn_m1hgl_8\">la <\/span><span class=\"_fadeIn_m1hgl_8\">combinaci\u00f3n <\/span><span class=\"_fadeIn_m1hgl_8\">perfecta <\/span><span class=\"_fadeIn_m1hgl_8\">entre <\/span><span class=\"_fadeIn_m1hgl_8\">funcionalidad <\/span><span class=\"_fadeIn_m1hgl_8\">y <\/span><span class=\"_fadeIn_m1hgl_8\">actitud.<\/span><\/p>\n<p data-start=\"698\" data-end=\"806\"><strong data-start=\"698\" data-end=\"806\"><span class=\"_fadeIn_m1hgl_8\">Si <\/span><span class=\"_fadeIn_m1hgl_8\">buscas <\/span><span class=\"_fadeIn_m1hgl_8\">unas <\/span><span class=\"_fadeIn_m1hgl_8\">botas <\/span><span class=\"_fadeIn_m1hgl_8\">vers\u00e1tiles <\/span><span class=\"_fadeIn_m1hgl_8\">y <\/span><span class=\"_fadeIn_m1hgl_8\">con <\/span><span class=\"_fadeIn_m1hgl_8\">personalidad, <\/span><span class=\"_fadeIn_m1hgl_8\">estas <\/span><span class=\"_fadeIn_m1hgl_8\">son <\/span><span class=\"_fadeIn_m1hgl_8\">para <\/span><span class=\"_fadeIn_m1hgl_8\">ti. \u00a1<\/span><span class=\"_fadeIn_m1hgl_8\">P\u00f3ntelas <\/span><span class=\"_fadeIn_m1hgl_8\">y <\/span><span class=\"_fadeIn_m1hgl_8\">siente <\/span><span class=\"_fadeIn_m1hgl_8\">la <\/span><span class=\"_fadeIn_m1hgl_8\">diferencia!<\/span><\/strong><\/p>\n","protected":false},"excerpt":{"rendered":"<p>Sofisticaci\u00f3n serena para quienes eligen con criterio. Vers\u00e1til y f\u00e1cil de combinar, sin perder personalidad.<br \/>\nIdeal para acompa\u00f1arte del d\u00eda a la noche con la misma confianza.<\/p>\n","protected":false},"featured_media":700457,"template":"","meta":{"_mbp_gutenberg_autopost":false},"product_brand":[771,773,775,777,779,781,783,785],"product_cat":[1172,109,116,1129,108,1124],"product_tag":[],"class_list":{"0":"post-699327","1":"product","2":"type-product","3":"status-publish","4":"has-post-thumbnail","6":"product_brand-talla-hombre-40","7":"product_brand-talla-hombre-41","8":"product_brand-talla-hombre-42","9":"product_brand-talla-hombre-43","10":"product_brand-talla-hombre-44","11":"product_brand-talla-hombre-45","12":"product_brand-talla-hombre-46","13":"product_brand-talla-hombre-47","14":"product_cat-black-friday","15":"product_cat-botas-biker-hombre","16":"product_cat-botas-casual-hombre","17":"product_cat-botas-de-piel-hombre","18":"product_cat-hombre","19":"product_cat-rebajas-hombre","21":"first","22":"instock","23":"taxable","24":"shipping-taxable","25":"purchasable","26":"product-type-variable"},"supplier_id":null,"supplier_sku":"","barcode":null,"atum_controlled":true,"out_stock_date":null,"out_stock_threshold":null,"inheritable":true,"inbound_stock":0,"stock_on_hold":4,"sold_today":2,"sales_last_days":2,"reserved_stock":0,"customer_returns":0,"warehouse_damage":0,"lost_in_post":0,"other_logs":0,"out_stock_days":0,"lost_sales":0,"has_location":false,"update_date":"2026-03-26T10:20:48","atum_locations":[],"atum_stock_status":"instock","restock_status":false,"low_stock_amount":"","sales_update_date":"2025-11-14T05:30:01","calc_backorders":null,"yoast_head":"<!-- This site is optimized with the Yoast SEO plugin v27.2 - https:\/\/yoast.com\/product\/yoast-seo-wordpress\/ -->\n<title>Botas Moteras de Piel Engrasada Negra Hombre | Tony Mora<\/title>\n<meta name=\"description\" content=\"Botas moteras de piel engrasada negra con suela de goma. Hechas a mano, resistentes y c\u00f3modas para cualquier clima. Dise\u00f1o cl\u00e1sico con estilo urbano.\" \/>\n<meta name=\"robots\" content=\"index, follow, max-snippet:-1, max-image-preview:large, max-video-preview:-1\" \/>\n<link rel=\"canonical\" href=\"https:\/\/tonymora.com\/es\/producto\/1354-mt-mt-sprinter-engrasado-negro\/\" \/>\n<meta property=\"og:locale\" content=\"es_ES\" \/>\n<meta property=\"og:type\" content=\"article\" \/>\n<meta property=\"og:title\" content=\"Botas Moteras de Piel Engrasada Negra Hombre | Tony Mora\" \/>\n<meta property=\"og:description\" content=\"Botas moteras de piel engrasada negra con suela de goma. Hechas a mano, resistentes y c\u00f3modas para cualquier clima. Dise\u00f1o cl\u00e1sico con estilo urbano.\" \/>\n<meta property=\"og:url\" content=\"https:\/\/tonymora.com\/es\/producto\/1354-mt-mt-sprinter-engrasado-negro\/\" \/>\n<meta property=\"og:site_name\" content=\"Tony Mora\u00ae Boots Official Store\" \/>\n<meta property=\"article:publisher\" content=\"https:\/\/www.facebook.com\/Tonymoraofficial\/\" \/>\n<meta property=\"article:modified_time\" content=\"2026-04-12T05:32:55+00:00\" \/>\n<meta property=\"og:image\" content=\"https:\/\/tonymora.com\/wp-content\/uploads\/2022\/10\/02-1354-mt-mt-sprinter-engrasado-negro.jpg\" \/>\n\t<meta property=\"og:image:width\" content=\"866\" \/>\n\t<meta property=\"og:image:height\" content=\"1032\" \/>\n\t<meta property=\"og:image:type\" content=\"image\/jpeg\" \/>\n<meta name=\"twitter:card\" content=\"summary_large_image\" \/>\n<meta name=\"twitter:label1\" content=\"Tiempo de lectura\" \/>\n\t<meta name=\"twitter:data1\" content=\"1 minuto\" \/>\n<script type=\"application\/ld+json\" class=\"yoast-schema-graph\">{\"@context\":\"https:\/\/schema.org\",\"@graph\":[{\"@type\":\"WebPage\",\"@id\":\"https:\/\/tonymora.com\/es\/producto\/1354-mt-mt-sprinter-engrasado-negro\/\",\"url\":\"https:\/\/tonymora.com\/es\/producto\/1354-mt-mt-sprinter-engrasado-negro\/\",\"name\":\"Botas Moteras de Piel Engrasada Negra Hombre | Tony Mora\",\"isPartOf\":{\"@id\":\"https:\/\/tonymora.com\/es\/#website\"},\"primaryImageOfPage\":{\"@id\":\"https:\/\/tonymora.com\/es\/producto\/1354-mt-mt-sprinter-engrasado-negro\/#primaryimage\"},\"image\":{\"@id\":\"https:\/\/tonymora.com\/es\/producto\/1354-mt-mt-sprinter-engrasado-negro\/#primaryimage\"},\"thumbnailUrl\":\"https:\/\/tonymora.com\/wp-content\/uploads\/2022\/10\/02-1354-mt-mt-sprinter-engrasado-negro.jpg\",\"datePublished\":\"2022-10-31T11:30:29+00:00\",\"dateModified\":\"2026-04-12T05:32:55+00:00\",\"description\":\"Botas moteras de piel engrasada negra con suela de goma. Hechas a mano, resistentes y c\u00f3modas para cualquier clima. Dise\u00f1o cl\u00e1sico con estilo urbano.\",\"breadcrumb\":{\"@id\":\"https:\/\/tonymora.com\/es\/producto\/1354-mt-mt-sprinter-engrasado-negro\/#breadcrumb\"},\"inLanguage\":\"es\",\"potentialAction\":[{\"@type\":\"ReadAction\",\"target\":[\"https:\/\/tonymora.com\/es\/producto\/1354-mt-mt-sprinter-engrasado-negro\/\"]}]},{\"@type\":\"ImageObject\",\"inLanguage\":\"es\",\"@id\":\"https:\/\/tonymora.com\/es\/producto\/1354-mt-mt-sprinter-engrasado-negro\/#primaryimage\",\"url\":\"https:\/\/tonymora.com\/wp-content\/uploads\/2022\/10\/02-1354-mt-mt-sprinter-engrasado-negro.jpg\",\"contentUrl\":\"https:\/\/tonymora.com\/wp-content\/uploads\/2022\/10\/02-1354-mt-mt-sprinter-engrasado-negro.jpg\",\"width\":866,\"height\":1032,\"caption\":\"Botas moteras de piel engrasada negra con suela de goma para hombre\"},{\"@type\":\"BreadcrumbList\",\"@id\":\"https:\/\/tonymora.com\/es\/producto\/1354-mt-mt-sprinter-engrasado-negro\/#breadcrumb\",\"itemListElement\":[{\"@type\":\"ListItem\",\"position\":1,\"name\":\"Portada\",\"item\":\"https:\/\/tonymora.com\/es\/\"},{\"@type\":\"ListItem\",\"position\":2,\"name\":\"Tienda\",\"item\":\"https:\/\/tonymora.com\/es\/tienda\/\"},{\"@type\":\"ListItem\",\"position\":3,\"name\":\"Hombre\",\"item\":\"https:\/\/tonymora.com\/es\/categoria-producto\/hombre\/\"},{\"@type\":\"ListItem\",\"position\":4,\"name\":\"1354 MT MT SPRINTER ENGRASADO NEGRO\"}]},{\"@type\":\"WebSite\",\"@id\":\"https:\/\/tonymora.com\/es\/#website\",\"url\":\"https:\/\/tonymora.com\/es\/\",\"name\":\"Tony Mora\u00ae Boots Official Store\",\"description\":\"Cowboy Boots\",\"publisher\":{\"@id\":\"https:\/\/tonymora.com\/es\/#organization\"},\"potentialAction\":[{\"@type\":\"SearchAction\",\"target\":{\"@type\":\"EntryPoint\",\"urlTemplate\":\"https:\/\/tonymora.com\/es\/?s={search_term_string}\"},\"query-input\":{\"@type\":\"PropertyValueSpecification\",\"valueRequired\":true,\"valueName\":\"search_term_string\"}}],\"inLanguage\":\"es\"},{\"@type\":\"Organization\",\"@id\":\"https:\/\/tonymora.com\/es\/#organization\",\"name\":\"Tony Mora Boots\",\"url\":\"https:\/\/tonymora.com\/es\/\",\"logo\":{\"@type\":\"ImageObject\",\"inLanguage\":\"es\",\"@id\":\"https:\/\/tonymora.com\/es\/#\/schema\/logo\/image\/\",\"url\":\"https:\/\/tonymora.com\/wp-content\/uploads\/2023\/12\/LOGO.jpg\",\"contentUrl\":\"https:\/\/tonymora.com\/wp-content\/uploads\/2023\/12\/LOGO.jpg\",\"width\":2272,\"height\":1411,\"caption\":\"Tony Mora Boots\"},\"image\":{\"@id\":\"https:\/\/tonymora.com\/es\/#\/schema\/logo\/image\/\"},\"sameAs\":[\"https:\/\/www.facebook.com\/Tonymoraofficial\/\",\"https:\/\/www.instagram.com\/tonymoraofficial\/?hl=es\"]}]}<\/script>\n<!-- \/ Yoast SEO plugin. -->","yoast_head_json":{"title":"Botas Moteras de Piel Engrasada Negra Hombre | Tony Mora","description":"Botas moteras de piel engrasada negra con suela de goma. Hechas a mano, resistentes y c\u00f3modas para cualquier clima. Dise\u00f1o cl\u00e1sico con estilo urbano.","robots":{"index":"index","follow":"follow","max-snippet":"max-snippet:-1","max-image-preview":"max-image-preview:large","max-video-preview":"max-video-preview:-1"},"canonical":"https:\/\/tonymora.com\/es\/producto\/1354-mt-mt-sprinter-engrasado-negro\/","og_locale":"es_ES","og_type":"article","og_title":"Botas Moteras de Piel Engrasada Negra Hombre | Tony Mora","og_description":"Botas moteras de piel engrasada negra con suela de goma. Hechas a mano, resistentes y c\u00f3modas para cualquier clima. Dise\u00f1o cl\u00e1sico con estilo urbano.","og_url":"https:\/\/tonymora.com\/es\/producto\/1354-mt-mt-sprinter-engrasado-negro\/","og_site_name":"Tony Mora\u00ae Boots Official Store","article_publisher":"https:\/\/www.facebook.com\/Tonymoraofficial\/","article_modified_time":"2026-04-12T05:32:55+00:00","og_image":[{"width":866,"height":1032,"url":"https:\/\/tonymora.com\/wp-content\/uploads\/2022\/10\/02-1354-mt-mt-sprinter-engrasado-negro.jpg","type":"image\/jpeg"}],"twitter_card":"summary_large_image","twitter_misc":{"Tiempo de lectura":"1 minuto"},"schema":{"@context":"https:\/\/schema.org","@graph":[{"@type":"WebPage","@id":"https:\/\/tonymora.com\/es\/producto\/1354-mt-mt-sprinter-engrasado-negro\/","url":"https:\/\/tonymora.com\/es\/producto\/1354-mt-mt-sprinter-engrasado-negro\/","name":"Botas Moteras de Piel Engrasada Negra Hombre | Tony Mora","isPartOf":{"@id":"https:\/\/tonymora.com\/es\/#website"},"primaryImageOfPage":{"@id":"https:\/\/tonymora.com\/es\/producto\/1354-mt-mt-sprinter-engrasado-negro\/#primaryimage"},"image":{"@id":"https:\/\/tonymora.com\/es\/producto\/1354-mt-mt-sprinter-engrasado-negro\/#primaryimage"},"thumbnailUrl":"https:\/\/tonymora.com\/wp-content\/uploads\/2022\/10\/02-1354-mt-mt-sprinter-engrasado-negro.jpg","datePublished":"2022-10-31T11:30:29+00:00","dateModified":"2026-04-12T05:32:55+00:00","description":"Botas moteras de piel engrasada negra con suela de goma. Hechas a mano, resistentes y c\u00f3modas para cualquier clima. Dise\u00f1o cl\u00e1sico con estilo urbano.","breadcrumb":{"@id":"https:\/\/tonymora.com\/es\/producto\/1354-mt-mt-sprinter-engrasado-negro\/#breadcrumb"},"inLanguage":"es","potentialAction":[{"@type":"ReadAction","target":["https:\/\/tonymora.com\/es\/producto\/1354-mt-mt-sprinter-engrasado-negro\/"]}]},{"@type":"ImageObject","inLanguage":"es","@id":"https:\/\/tonymora.com\/es\/producto\/1354-mt-mt-sprinter-engrasado-negro\/#primaryimage","url":"https:\/\/tonymora.com\/wp-content\/uploads\/2022\/10\/02-1354-mt-mt-sprinter-engrasado-negro.jpg","contentUrl":"https:\/\/tonymora.com\/wp-content\/uploads\/2022\/10\/02-1354-mt-mt-sprinter-engrasado-negro.jpg","width":866,"height":1032,"caption":"Botas moteras de piel engrasada negra con suela de goma para hombre"},{"@type":"BreadcrumbList","@id":"https:\/\/tonymora.com\/es\/producto\/1354-mt-mt-sprinter-engrasado-negro\/#breadcrumb","itemListElement":[{"@type":"ListItem","position":1,"name":"Portada","item":"https:\/\/tonymora.com\/es\/"},{"@type":"ListItem","position":2,"name":"Tienda","item":"https:\/\/tonymora.com\/es\/tienda\/"},{"@type":"ListItem","position":3,"name":"Hombre","item":"https:\/\/tonymora.com\/es\/categoria-producto\/hombre\/"},{"@type":"ListItem","position":4,"name":"1354 MT MT SPRINTER ENGRASADO NEGRO"}]},{"@type":"WebSite","@id":"https:\/\/tonymora.com\/es\/#website","url":"https:\/\/tonymora.com\/es\/","name":"Tony Mora\u00ae Boots Official Store","description":"Cowboy Boots","publisher":{"@id":"https:\/\/tonymora.com\/es\/#organization"},"potentialAction":[{"@type":"SearchAction","target":{"@type":"EntryPoint","urlTemplate":"https:\/\/tonymora.com\/es\/?s={search_term_string}"},"query-input":{"@type":"PropertyValueSpecification","valueRequired":true,"valueName":"search_term_string"}}],"inLanguage":"es"},{"@type":"Organization","@id":"https:\/\/tonymora.com\/es\/#organization","name":"Tony Mora Boots","url":"https:\/\/tonymora.com\/es\/","logo":{"@type":"ImageObject","inLanguage":"es","@id":"https:\/\/tonymora.com\/es\/#\/schema\/logo\/image\/","url":"https:\/\/tonymora.com\/wp-content\/uploads\/2023\/12\/LOGO.jpg","contentUrl":"https:\/\/tonymora.com\/wp-content\/uploads\/2023\/12\/LOGO.jpg","width":2272,"height":1411,"caption":"Tony Mora Boots"},"image":{"@id":"https:\/\/tonymora.com\/es\/#\/schema\/logo\/image\/"},"sameAs":["https:\/\/www.facebook.com\/Tonymoraofficial\/","https:\/\/www.instagram.com\/tonymoraofficial\/?hl=es"]}]}},"_links":{"self":[{"href":"https:\/\/tonymora.com\/es\/wp-json\/wp\/v2\/product\/699327","targetHints":{"allow":["GET"]}}],"collection":[{"href":"https:\/\/tonymora.com\/es\/wp-json\/wp\/v2\/product"}],"about":[{"href":"https:\/\/tonymora.com\/es\/wp-json\/wp\/v2\/types\/product"}],"wp:featuredmedia":[{"embeddable":true,"href":"https:\/\/tonymora.com\/es\/wp-json\/wp\/v2\/media\/700457"}],"wp:attachment":[{"href":"https:\/\/tonymora.com\/es\/wp-json\/wp\/v2\/media?parent=699327"}],"wp:term":[{"taxonomy":"product_brand","embeddable":true,"href":"https:\/\/tonymora.com\/es\/wp-json\/wp\/v2\/product_brand?post=699327"},{"taxonomy":"product_cat","embeddable":true,"href":"https:\/\/tonymora.com\/es\/wp-json\/wp\/v2\/product_cat?post=699327"},{"taxonomy":"product_tag","embeddable":true,"href":"https:\/\/tonymora.com\/es\/wp-json\/wp\/v2\/product_tag?post=699327"}],"curies":[{"name":"wp","href":"https:\/\/api.w.org\/{rel}","templated":true}]}}