{"id":699843,"date":"2022-11-08T15:39:22","date_gmt":"2022-11-08T14:39:22","guid":{"rendered":"https:\/\/tonymora.com\/?post_type=product&#038;p=699843"},"modified":"2025-04-29T07:32:52","modified_gmt":"2025-04-29T05:32:52","slug":"1923-paris60-lini-serraje-brash-antique","status":"publish","type":"product","link":"https:\/\/tonymora.com\/es\/producto\/1923-paris60-lini-serraje-brash-antique\/","title":{"rendered":"1923 PARIS60 LINI SERRAJE BRASH ANTIQUE"},"content":{"rendered":"<p>Si tu estilo es individual y natural, nuestras botas estilo Boho chic son las que mejor ir\u00e1n contigo. \u00a1Estas botas est\u00e1n hechas con una piel que nos encanta! La conocida como piel girada es ideal desde el primer minuto puestas, su textura aterciopelada le da un tacto muy suave y de poca rigidez. Adem\u00e1s su suave color rosa es un toque \u00fanico para estas perfectas compa\u00f1eras.<br \/>\n\u00a1No es una moda es un estilo!<\/p>\n","protected":false},"excerpt":{"rendered":"<p>Car\u00e1cter y refinamiento en equilibrio perfecto. Actitud firme y estilo que se impone con naturalidad.<br \/>\nUna forma de vestir la autenticidad con elegancia.<\/p>\n","protected":false},"featured_media":699858,"template":"","meta":{"_mbp_gutenberg_autopost":false},"product_brand":[757,759,763,765,767],"product_cat":[114,112],"product_tag":[],"class_list":{"0":"post-699843","1":"product","2":"type-product","3":"status-publish","4":"has-post-thumbnail","6":"product_brand-talla-mujer-36","7":"product_brand-talla-mujer-37","8":"product_brand-talla-mujer-39","9":"product_brand-talla-mujer-40","10":"product_brand-talla-mujer-41","11":"product_cat-botas-cowgirl-mujer","12":"product_cat-mujer","14":"first","15":"outofstock","16":"taxable","17":"shipping-taxable","18":"product-type-variable"},"supplier_id":null,"supplier_sku":"","barcode":null,"atum_controlled":true,"out_stock_date":null,"out_stock_threshold":null,"inheritable":true,"inbound_stock":0,"stock_on_hold":0,"sold_today":0,"sales_last_days":0,"reserved_stock":0,"customer_returns":0,"warehouse_damage":0,"lost_in_post":0,"other_logs":0,"out_stock_days":0,"lost_sales":0,"has_location":false,"update_date":"2024-04-24T22:32:23","atum_locations":[],"atum_stock_status":"outofstock","restock_status":false,"low_stock_amount":"","sales_update_date":"2024-04-24T22:32:23","calc_backorders":null,"yoast_head":"<!-- This site is optimized with the Yoast SEO plugin v27.2 - https:\/\/yoast.com\/product\/yoast-seo-wordpress\/ -->\n<title>1923 PARIS60 LINI SERRAJE BRASH ANTIQUE - Tony Mora\u00ae Boots Official Store<\/title>\n<meta name=\"description\" content=\"Si tu estilo es individual y natural, nuestras botas estilo Boho chic son las que mejor ir\u00e1n contigo.\" \/>\n<meta name=\"robots\" content=\"index, follow, max-snippet:-1, max-image-preview:large, max-video-preview:-1\" \/>\n<link rel=\"canonical\" href=\"https:\/\/tonymora.com\/es\/producto\/1923-paris60-lini-serraje-brash-antique\/\" \/>\n<meta property=\"og:locale\" content=\"es_ES\" \/>\n<meta property=\"og:type\" content=\"article\" \/>\n<meta property=\"og:title\" content=\"1923 PARIS60 LINI SERRAJE BRASH ANTIQUE - Tony Mora\u00ae Boots Official Store\" \/>\n<meta property=\"og:description\" content=\"Si tu estilo es individual y natural, nuestras botas estilo Boho chic son las que mejor ir\u00e1n contigo.\" \/>\n<meta property=\"og:url\" content=\"https:\/\/tonymora.com\/es\/producto\/1923-paris60-lini-serraje-brash-antique\/\" \/>\n<meta property=\"og:site_name\" content=\"Tony Mora\u00ae Boots Official Store\" \/>\n<meta property=\"article:publisher\" content=\"https:\/\/www.facebook.com\/Tonymoraofficial\/\" \/>\n<meta property=\"article:modified_time\" content=\"2025-04-29T05:32:52+00:00\" \/>\n<meta property=\"og:image\" content=\"https:\/\/tonymora.com\/wp-content\/uploads\/2022\/11\/03-1923-PARIS-60-IRENE-SERRAJE-BRASH-ANTIQUE.jpg\" \/>\n\t<meta property=\"og:image:width\" content=\"866\" \/>\n\t<meta property=\"og:image:height\" content=\"1032\" \/>\n\t<meta property=\"og:image:type\" content=\"image\/jpeg\" \/>\n<meta name=\"twitter:card\" content=\"summary_large_image\" \/>\n<script type=\"application\/ld+json\" class=\"yoast-schema-graph\">{\"@context\":\"https:\/\/schema.org\",\"@graph\":[{\"@type\":\"WebPage\",\"@id\":\"https:\/\/tonymora.com\/es\/producto\/1923-paris60-lini-serraje-brash-antique\/\",\"url\":\"https:\/\/tonymora.com\/es\/producto\/1923-paris60-lini-serraje-brash-antique\/\",\"name\":\"1923 PARIS60 LINI SERRAJE BRASH ANTIQUE - Tony Mora\u00ae Boots Official Store\",\"isPartOf\":{\"@id\":\"https:\/\/tonymora.com\/es\/#website\"},\"primaryImageOfPage\":{\"@id\":\"https:\/\/tonymora.com\/es\/producto\/1923-paris60-lini-serraje-brash-antique\/#primaryimage\"},\"image\":{\"@id\":\"https:\/\/tonymora.com\/es\/producto\/1923-paris60-lini-serraje-brash-antique\/#primaryimage\"},\"thumbnailUrl\":\"https:\/\/tonymora.com\/wp-content\/uploads\/2022\/11\/03-1923-PARIS-60-IRENE-SERRAJE-BRASH-ANTIQUE.jpg\",\"datePublished\":\"2022-11-08T14:39:22+00:00\",\"dateModified\":\"2025-04-29T05:32:52+00:00\",\"description\":\"Si tu estilo es individual y natural, nuestras botas estilo Boho chic son las que mejor ir\u00e1n contigo.\",\"breadcrumb\":{\"@id\":\"https:\/\/tonymora.com\/es\/producto\/1923-paris60-lini-serraje-brash-antique\/#breadcrumb\"},\"inLanguage\":\"es\",\"potentialAction\":[{\"@type\":\"ReadAction\",\"target\":[\"https:\/\/tonymora.com\/es\/producto\/1923-paris60-lini-serraje-brash-antique\/\"]}]},{\"@type\":\"ImageObject\",\"inLanguage\":\"es\",\"@id\":\"https:\/\/tonymora.com\/es\/producto\/1923-paris60-lini-serraje-brash-antique\/#primaryimage\",\"url\":\"https:\/\/tonymora.com\/wp-content\/uploads\/2022\/11\/03-1923-PARIS-60-IRENE-SERRAJE-BRASH-ANTIQUE.jpg\",\"contentUrl\":\"https:\/\/tonymora.com\/wp-content\/uploads\/2022\/11\/03-1923-PARIS-60-IRENE-SERRAJE-BRASH-ANTIQUE.jpg\",\"width\":866,\"height\":1032},{\"@type\":\"BreadcrumbList\",\"@id\":\"https:\/\/tonymora.com\/es\/producto\/1923-paris60-lini-serraje-brash-antique\/#breadcrumb\",\"itemListElement\":[{\"@type\":\"ListItem\",\"position\":1,\"name\":\"Portada\",\"item\":\"https:\/\/tonymora.com\/es\/\"},{\"@type\":\"ListItem\",\"position\":2,\"name\":\"Tienda\",\"item\":\"https:\/\/tonymora.com\/es\/tienda\/\"},{\"@type\":\"ListItem\",\"position\":3,\"name\":\"Mujer\",\"item\":\"https:\/\/tonymora.com\/es\/categoria-producto\/mujer\/\"},{\"@type\":\"ListItem\",\"position\":4,\"name\":\"1923 PARIS60 LINI SERRAJE BRASH ANTIQUE\"}]},{\"@type\":\"WebSite\",\"@id\":\"https:\/\/tonymora.com\/es\/#website\",\"url\":\"https:\/\/tonymora.com\/es\/\",\"name\":\"Tony Mora\u00ae Boots Official Store\",\"description\":\"Cowboy Boots\",\"publisher\":{\"@id\":\"https:\/\/tonymora.com\/es\/#organization\"},\"potentialAction\":[{\"@type\":\"SearchAction\",\"target\":{\"@type\":\"EntryPoint\",\"urlTemplate\":\"https:\/\/tonymora.com\/es\/?s={search_term_string}\"},\"query-input\":{\"@type\":\"PropertyValueSpecification\",\"valueRequired\":true,\"valueName\":\"search_term_string\"}}],\"inLanguage\":\"es\"},{\"@type\":\"Organization\",\"@id\":\"https:\/\/tonymora.com\/es\/#organization\",\"name\":\"Tony Mora Boots\",\"url\":\"https:\/\/tonymora.com\/es\/\",\"logo\":{\"@type\":\"ImageObject\",\"inLanguage\":\"es\",\"@id\":\"https:\/\/tonymora.com\/es\/#\/schema\/logo\/image\/\",\"url\":\"https:\/\/tonymora.com\/wp-content\/uploads\/2023\/12\/LOGO.jpg\",\"contentUrl\":\"https:\/\/tonymora.com\/wp-content\/uploads\/2023\/12\/LOGO.jpg\",\"width\":2272,\"height\":1411,\"caption\":\"Tony Mora Boots\"},\"image\":{\"@id\":\"https:\/\/tonymora.com\/es\/#\/schema\/logo\/image\/\"},\"sameAs\":[\"https:\/\/www.facebook.com\/Tonymoraofficial\/\",\"https:\/\/www.instagram.com\/tonymoraofficial\/?hl=es\"]}]}<\/script>\n<!-- \/ Yoast SEO plugin. -->","yoast_head_json":{"title":"1923 PARIS60 LINI SERRAJE BRASH ANTIQUE - Tony Mora\u00ae Boots Official Store","description":"Si tu estilo es individual y natural, nuestras botas estilo Boho chic son las que mejor ir\u00e1n contigo.","robots":{"index":"index","follow":"follow","max-snippet":"max-snippet:-1","max-image-preview":"max-image-preview:large","max-video-preview":"max-video-preview:-1"},"canonical":"https:\/\/tonymora.com\/es\/producto\/1923-paris60-lini-serraje-brash-antique\/","og_locale":"es_ES","og_type":"article","og_title":"1923 PARIS60 LINI SERRAJE BRASH ANTIQUE - Tony Mora\u00ae Boots Official Store","og_description":"Si tu estilo es individual y natural, nuestras botas estilo Boho chic son las que mejor ir\u00e1n contigo.","og_url":"https:\/\/tonymora.com\/es\/producto\/1923-paris60-lini-serraje-brash-antique\/","og_site_name":"Tony Mora\u00ae Boots Official Store","article_publisher":"https:\/\/www.facebook.com\/Tonymoraofficial\/","article_modified_time":"2025-04-29T05:32:52+00:00","og_image":[{"width":866,"height":1032,"url":"https:\/\/tonymora.com\/wp-content\/uploads\/2022\/11\/03-1923-PARIS-60-IRENE-SERRAJE-BRASH-ANTIQUE.jpg","type":"image\/jpeg"}],"twitter_card":"summary_large_image","schema":{"@context":"https:\/\/schema.org","@graph":[{"@type":"WebPage","@id":"https:\/\/tonymora.com\/es\/producto\/1923-paris60-lini-serraje-brash-antique\/","url":"https:\/\/tonymora.com\/es\/producto\/1923-paris60-lini-serraje-brash-antique\/","name":"1923 PARIS60 LINI SERRAJE BRASH ANTIQUE - Tony Mora\u00ae Boots Official Store","isPartOf":{"@id":"https:\/\/tonymora.com\/es\/#website"},"primaryImageOfPage":{"@id":"https:\/\/tonymora.com\/es\/producto\/1923-paris60-lini-serraje-brash-antique\/#primaryimage"},"image":{"@id":"https:\/\/tonymora.com\/es\/producto\/1923-paris60-lini-serraje-brash-antique\/#primaryimage"},"thumbnailUrl":"https:\/\/tonymora.com\/wp-content\/uploads\/2022\/11\/03-1923-PARIS-60-IRENE-SERRAJE-BRASH-ANTIQUE.jpg","datePublished":"2022-11-08T14:39:22+00:00","dateModified":"2025-04-29T05:32:52+00:00","description":"Si tu estilo es individual y natural, nuestras botas estilo Boho chic son las que mejor ir\u00e1n contigo.","breadcrumb":{"@id":"https:\/\/tonymora.com\/es\/producto\/1923-paris60-lini-serraje-brash-antique\/#breadcrumb"},"inLanguage":"es","potentialAction":[{"@type":"ReadAction","target":["https:\/\/tonymora.com\/es\/producto\/1923-paris60-lini-serraje-brash-antique\/"]}]},{"@type":"ImageObject","inLanguage":"es","@id":"https:\/\/tonymora.com\/es\/producto\/1923-paris60-lini-serraje-brash-antique\/#primaryimage","url":"https:\/\/tonymora.com\/wp-content\/uploads\/2022\/11\/03-1923-PARIS-60-IRENE-SERRAJE-BRASH-ANTIQUE.jpg","contentUrl":"https:\/\/tonymora.com\/wp-content\/uploads\/2022\/11\/03-1923-PARIS-60-IRENE-SERRAJE-BRASH-ANTIQUE.jpg","width":866,"height":1032},{"@type":"BreadcrumbList","@id":"https:\/\/tonymora.com\/es\/producto\/1923-paris60-lini-serraje-brash-antique\/#breadcrumb","itemListElement":[{"@type":"ListItem","position":1,"name":"Portada","item":"https:\/\/tonymora.com\/es\/"},{"@type":"ListItem","position":2,"name":"Tienda","item":"https:\/\/tonymora.com\/es\/tienda\/"},{"@type":"ListItem","position":3,"name":"Mujer","item":"https:\/\/tonymora.com\/es\/categoria-producto\/mujer\/"},{"@type":"ListItem","position":4,"name":"1923 PARIS60 LINI SERRAJE BRASH ANTIQUE"}]},{"@type":"WebSite","@id":"https:\/\/tonymora.com\/es\/#website","url":"https:\/\/tonymora.com\/es\/","name":"Tony Mora\u00ae Boots Official Store","description":"Cowboy Boots","publisher":{"@id":"https:\/\/tonymora.com\/es\/#organization"},"potentialAction":[{"@type":"SearchAction","target":{"@type":"EntryPoint","urlTemplate":"https:\/\/tonymora.com\/es\/?s={search_term_string}"},"query-input":{"@type":"PropertyValueSpecification","valueRequired":true,"valueName":"search_term_string"}}],"inLanguage":"es"},{"@type":"Organization","@id":"https:\/\/tonymora.com\/es\/#organization","name":"Tony Mora Boots","url":"https:\/\/tonymora.com\/es\/","logo":{"@type":"ImageObject","inLanguage":"es","@id":"https:\/\/tonymora.com\/es\/#\/schema\/logo\/image\/","url":"https:\/\/tonymora.com\/wp-content\/uploads\/2023\/12\/LOGO.jpg","contentUrl":"https:\/\/tonymora.com\/wp-content\/uploads\/2023\/12\/LOGO.jpg","width":2272,"height":1411,"caption":"Tony Mora Boots"},"image":{"@id":"https:\/\/tonymora.com\/es\/#\/schema\/logo\/image\/"},"sameAs":["https:\/\/www.facebook.com\/Tonymoraofficial\/","https:\/\/www.instagram.com\/tonymoraofficial\/?hl=es"]}]}},"_links":{"self":[{"href":"https:\/\/tonymora.com\/es\/wp-json\/wp\/v2\/product\/699843","targetHints":{"allow":["GET"]}}],"collection":[{"href":"https:\/\/tonymora.com\/es\/wp-json\/wp\/v2\/product"}],"about":[{"href":"https:\/\/tonymora.com\/es\/wp-json\/wp\/v2\/types\/product"}],"wp:featuredmedia":[{"embeddable":true,"href":"https:\/\/tonymora.com\/es\/wp-json\/wp\/v2\/media\/699858"}],"wp:attachment":[{"href":"https:\/\/tonymora.com\/es\/wp-json\/wp\/v2\/media?parent=699843"}],"wp:term":[{"taxonomy":"product_brand","embeddable":true,"href":"https:\/\/tonymora.com\/es\/wp-json\/wp\/v2\/product_brand?post=699843"},{"taxonomy":"product_cat","embeddable":true,"href":"https:\/\/tonymora.com\/es\/wp-json\/wp\/v2\/product_cat?post=699843"},{"taxonomy":"product_tag","embeddable":true,"href":"https:\/\/tonymora.com\/es\/wp-json\/wp\/v2\/product_tag?post=699843"}],"curies":[{"name":"wp","href":"https:\/\/api.w.org\/{rel}","templated":true}]}}