{"id":699894,"date":"2022-11-08T15:48:23","date_gmt":"2022-11-08T14:48:23","guid":{"rendered":"https:\/\/tonymora.com\/?post_type=product&#038;p=699894"},"modified":"2026-04-27T07:32:40","modified_gmt":"2026-04-27T05:32:40","slug":"2154-daslu-lini-nobuck-washed-vino","status":"publish","type":"product","link":"https:\/\/tonymora.com\/es\/producto\/2154-daslu-lini-nobuck-washed-vino\/","title":{"rendered":"2154 DASLU LINI NOBUCK WASHED VINO"},"content":{"rendered":"<p>Enam\u00f3rate de este modelo en un tono vino tinto muy suave, con horma en punta y tacon medio. Lleva unos pespuntes en las ca\u00f1as en forma de flor con hilos en color blanco que crean un contraste de colores y le dan ese toque \u00fanico.Tambi\u00e9n llevan un detalle de bajo fondos de ca\u00f1a en un color plata creando un juego de texturas y colores. \u00a1Disfruta a cada paso de este modelo perfecto para cada ocasi\u00f3n!<\/p>\n","protected":false},"excerpt":{"rendered":"<p>Una silueta con presencia que eleva cualquier look. Un toque de altura que aporta seguridad y elegancia.<br \/>\nUna declaraci\u00f3n sutil de buen gusto y seguridad.<\/p>\n","protected":false},"featured_media":699909,"template":"","meta":{"_mbp_gutenberg_autopost":false},"product_brand":[757,761,763,765,767],"product_cat":[119,1133,112,1130],"product_tag":[],"class_list":{"0":"post-699894","1":"product","2":"type-product","3":"status-publish","4":"has-post-thumbnail","6":"product_brand-talla-mujer-36","7":"product_brand-talla-mujer-38","8":"product_brand-talla-mujer-39","9":"product_brand-talla-mujer-40","10":"product_brand-talla-mujer-41","11":"product_cat-botas-casual-mujer","12":"product_cat-botas-de-piel-mujer","13":"product_cat-mujer","14":"product_cat-rebajas-mujer","16":"first","17":"outofstock","18":"taxable","19":"shipping-taxable","20":"product-type-variable"},"_links":{"self":[{"href":"https:\/\/tonymora.com\/es\/wp-json\/wp\/v2\/product\/699894","targetHints":{"allow":["GET"]}}],"collection":[{"href":"https:\/\/tonymora.com\/es\/wp-json\/wp\/v2\/product"}],"about":[{"href":"https:\/\/tonymora.com\/es\/wp-json\/wp\/v2\/types\/product"}],"wp:featuredmedia":[{"embeddable":true,"href":"https:\/\/tonymora.com\/es\/wp-json\/wp\/v2\/media\/699909"}],"wp:attachment":[{"href":"https:\/\/tonymora.com\/es\/wp-json\/wp\/v2\/media?parent=699894"}],"wp:term":[{"taxonomy":"product_brand","embeddable":true,"href":"https:\/\/tonymora.com\/es\/wp-json\/wp\/v2\/product_brand?post=699894"},{"taxonomy":"product_cat","embeddable":true,"href":"https:\/\/tonymora.com\/es\/wp-json\/wp\/v2\/product_cat?post=699894"},{"taxonomy":"product_tag","embeddable":true,"href":"https:\/\/tonymora.com\/es\/wp-json\/wp\/v2\/product_tag?post=699894"}],"curies":[{"name":"wp","href":"https:\/\/api.w.org\/{rel}","templated":true}]}}