{"id":702631,"date":"2023-03-23T09:27:08","date_gmt":"2023-03-23T08:27:08","guid":{"rendered":"https:\/\/tonymora.com\/?post_type=product&#038;p=702631"},"modified":"2026-04-07T07:32:54","modified_gmt":"2026-04-07T05:32:54","slug":"2686-j-lini-cyclone-sirena-piton-bc-marron","status":"publish","type":"product","link":"https:\/\/tonymora.com\/es\/producto\/2686-j-lini-cyclone-sirena-piton-bc-marron\/","title":{"rendered":"2686 J LINI CYCLONE SIRENA\/ PITON BC MARRON"},"content":{"rendered":"<p>Nos encanta la versatilidad de unos buenos botines, ll\u00e9valos con vestidos, pantalones cortos o largos van genial con todo y m\u00e1s a\u00fan estos que est\u00e1n hechos en piel de ternera cl\u00e1sica que tiene una textura lisa y con un ligero brillo. De color rosa suave y con estrellas en las ca\u00f1as en pit\u00f3n marr\u00f3n. Su horma es ligeramente redondeada y lleva tac\u00f3n medio, haci\u00e9ndolo un modelo que te acompa\u00f1ar\u00e1 a cada paso y disfrutando cada momento.<\/p>\n","protected":false},"excerpt":{"rendered":"<p>Una pieza pensada para destacar con discreci\u00f3n y seguridad.<br \/>\nUna forma de vestir la autenticidad con elegancia.<\/p>\n","protected":false},"featured_media":702655,"template":"","meta":{"_mbp_gutenberg_autopost":false},"product_brand":[],"product_cat":[1172,119,1133,121,112,1130],"product_tag":[],"class_list":{"0":"post-702631","1":"product","2":"type-product","3":"status-publish","4":"has-post-thumbnail","6":"product_cat-black-friday","7":"product_cat-botas-casual-mujer","8":"product_cat-botas-de-piel-mujer","9":"product_cat-botines-mujer","10":"product_cat-mujer","11":"product_cat-rebajas-mujer","13":"first","14":"instock","15":"taxable","16":"shipping-taxable","17":"purchasable","18":"product-type-variable"},"supplier_id":null,"supplier_sku":"","barcode":null,"atum_controlled":true,"out_stock_date":null,"out_stock_threshold":null,"inheritable":true,"inbound_stock":0,"stock_on_hold":0,"sold_today":0,"sales_last_days":0,"reserved_stock":0,"customer_returns":0,"warehouse_damage":0,"lost_in_post":0,"other_logs":0,"out_stock_days":0,"lost_sales":0,"has_location":false,"update_date":"2026-03-19T14:56:09","atum_locations":[],"atum_stock_status":"instock","restock_status":false,"low_stock_amount":"","sales_update_date":"2026-03-07T13:51:45","calc_backorders":null,"yoast_head":"<!-- This site is optimized with the Yoast SEO plugin v27.2 - https:\/\/yoast.com\/product\/yoast-seo-wordpress\/ -->\n<title>2686 J LINI CYCLONE SIRENA\/ PITON BC MARRON - Tony Mora\u00ae Boots Official Store<\/title>\n<meta name=\"description\" content=\"Nos encanta la versatilidad de unos buenos botines, ll\u00e9valos con vestidos, pantalones cortos o largos van genial con todo\" \/>\n<meta name=\"robots\" content=\"index, follow, max-snippet:-1, max-image-preview:large, max-video-preview:-1\" \/>\n<link rel=\"canonical\" href=\"https:\/\/tonymora.com\/es\/producto\/2686-j-lini-cyclone-sirena-piton-bc-marron\/\" \/>\n<meta property=\"og:locale\" content=\"es_ES\" \/>\n<meta property=\"og:type\" content=\"article\" \/>\n<meta property=\"og:title\" content=\"2686 J LINI CYCLONE SIRENA\/ PITON BC MARRON - Tony Mora\u00ae Boots Official Store\" \/>\n<meta property=\"og:description\" content=\"Nos encanta la versatilidad de unos buenos botines, ll\u00e9valos con vestidos, pantalones cortos o largos van genial con todo\" \/>\n<meta property=\"og:url\" content=\"https:\/\/tonymora.com\/es\/producto\/2686-j-lini-cyclone-sirena-piton-bc-marron\/\" \/>\n<meta property=\"og:site_name\" content=\"Tony Mora\u00ae Boots Official Store\" \/>\n<meta property=\"article:publisher\" content=\"https:\/\/www.facebook.com\/Tonymoraofficial\/\" \/>\n<meta property=\"article:modified_time\" content=\"2026-04-07T05:32:54+00:00\" \/>\n<meta property=\"og:image\" content=\"https:\/\/tonymora.com\/wp-content\/uploads\/2023\/03\/003-2686-j-lini-ciclone-sirena.jpg\" \/>\n\t<meta property=\"og:image:width\" content=\"866\" \/>\n\t<meta property=\"og:image:height\" content=\"1032\" \/>\n\t<meta property=\"og:image:type\" content=\"image\/jpeg\" \/>\n<meta name=\"twitter:card\" content=\"summary_large_image\" \/>\n<meta name=\"twitter:label1\" content=\"Tiempo de lectura\" \/>\n\t<meta name=\"twitter:data1\" content=\"1 minuto\" \/>\n<script type=\"application\/ld+json\" class=\"yoast-schema-graph\">{\"@context\":\"https:\/\/schema.org\",\"@graph\":[{\"@type\":\"WebPage\",\"@id\":\"https:\/\/tonymora.com\/es\/producto\/2686-j-lini-cyclone-sirena-piton-bc-marron\/\",\"url\":\"https:\/\/tonymora.com\/es\/producto\/2686-j-lini-cyclone-sirena-piton-bc-marron\/\",\"name\":\"2686 J LINI CYCLONE SIRENA\/ PITON BC MARRON - Tony Mora\u00ae Boots Official Store\",\"isPartOf\":{\"@id\":\"https:\/\/tonymora.com\/es\/#website\"},\"primaryImageOfPage\":{\"@id\":\"https:\/\/tonymora.com\/es\/producto\/2686-j-lini-cyclone-sirena-piton-bc-marron\/#primaryimage\"},\"image\":{\"@id\":\"https:\/\/tonymora.com\/es\/producto\/2686-j-lini-cyclone-sirena-piton-bc-marron\/#primaryimage\"},\"thumbnailUrl\":\"https:\/\/tonymora.com\/wp-content\/uploads\/2023\/03\/003-2686-j-lini-ciclone-sirena.jpg\",\"datePublished\":\"2023-03-23T08:27:08+00:00\",\"dateModified\":\"2026-04-07T05:32:54+00:00\",\"description\":\"Nos encanta la versatilidad de unos buenos botines, ll\u00e9valos con vestidos, pantalones cortos o largos van genial con todo\",\"breadcrumb\":{\"@id\":\"https:\/\/tonymora.com\/es\/producto\/2686-j-lini-cyclone-sirena-piton-bc-marron\/#breadcrumb\"},\"inLanguage\":\"es\",\"potentialAction\":[{\"@type\":\"ReadAction\",\"target\":[\"https:\/\/tonymora.com\/es\/producto\/2686-j-lini-cyclone-sirena-piton-bc-marron\/\"]}]},{\"@type\":\"ImageObject\",\"inLanguage\":\"es\",\"@id\":\"https:\/\/tonymora.com\/es\/producto\/2686-j-lini-cyclone-sirena-piton-bc-marron\/#primaryimage\",\"url\":\"https:\/\/tonymora.com\/wp-content\/uploads\/2023\/03\/003-2686-j-lini-ciclone-sirena.jpg\",\"contentUrl\":\"https:\/\/tonymora.com\/wp-content\/uploads\/2023\/03\/003-2686-j-lini-ciclone-sirena.jpg\",\"width\":866,\"height\":1032},{\"@type\":\"BreadcrumbList\",\"@id\":\"https:\/\/tonymora.com\/es\/producto\/2686-j-lini-cyclone-sirena-piton-bc-marron\/#breadcrumb\",\"itemListElement\":[{\"@type\":\"ListItem\",\"position\":1,\"name\":\"Portada\",\"item\":\"https:\/\/tonymora.com\/es\/\"},{\"@type\":\"ListItem\",\"position\":2,\"name\":\"Tienda\",\"item\":\"https:\/\/tonymora.com\/es\/tienda\/\"},{\"@type\":\"ListItem\",\"position\":3,\"name\":\"Rebajas mujer\",\"item\":\"https:\/\/tonymora.com\/es\/categoria-producto\/rebajas-mujer\/\"},{\"@type\":\"ListItem\",\"position\":4,\"name\":\"Botas de piel mujer\",\"item\":\"https:\/\/tonymora.com\/es\/categoria-producto\/rebajas-mujer\/botas-de-piel-mujer\/\"},{\"@type\":\"ListItem\",\"position\":5,\"name\":\"2686 J LINI CYCLONE SIRENA\/ PITON BC MARRON\"}]},{\"@type\":\"WebSite\",\"@id\":\"https:\/\/tonymora.com\/es\/#website\",\"url\":\"https:\/\/tonymora.com\/es\/\",\"name\":\"Tony Mora\u00ae Boots Official Store\",\"description\":\"Cowboy Boots\",\"publisher\":{\"@id\":\"https:\/\/tonymora.com\/es\/#organization\"},\"potentialAction\":[{\"@type\":\"SearchAction\",\"target\":{\"@type\":\"EntryPoint\",\"urlTemplate\":\"https:\/\/tonymora.com\/es\/?s={search_term_string}\"},\"query-input\":{\"@type\":\"PropertyValueSpecification\",\"valueRequired\":true,\"valueName\":\"search_term_string\"}}],\"inLanguage\":\"es\"},{\"@type\":\"Organization\",\"@id\":\"https:\/\/tonymora.com\/es\/#organization\",\"name\":\"Tony Mora Boots\",\"url\":\"https:\/\/tonymora.com\/es\/\",\"logo\":{\"@type\":\"ImageObject\",\"inLanguage\":\"es\",\"@id\":\"https:\/\/tonymora.com\/es\/#\/schema\/logo\/image\/\",\"url\":\"https:\/\/tonymora.com\/wp-content\/uploads\/2023\/12\/LOGO.jpg\",\"contentUrl\":\"https:\/\/tonymora.com\/wp-content\/uploads\/2023\/12\/LOGO.jpg\",\"width\":2272,\"height\":1411,\"caption\":\"Tony Mora Boots\"},\"image\":{\"@id\":\"https:\/\/tonymora.com\/es\/#\/schema\/logo\/image\/\"},\"sameAs\":[\"https:\/\/www.facebook.com\/Tonymoraofficial\/\",\"https:\/\/www.instagram.com\/tonymoraofficial\/?hl=es\"]}]}<\/script>\n<!-- \/ Yoast SEO plugin. -->","yoast_head_json":{"title":"2686 J LINI CYCLONE SIRENA\/ PITON BC MARRON - Tony Mora\u00ae Boots Official Store","description":"Nos encanta la versatilidad de unos buenos botines, ll\u00e9valos con vestidos, pantalones cortos o largos van genial con todo","robots":{"index":"index","follow":"follow","max-snippet":"max-snippet:-1","max-image-preview":"max-image-preview:large","max-video-preview":"max-video-preview:-1"},"canonical":"https:\/\/tonymora.com\/es\/producto\/2686-j-lini-cyclone-sirena-piton-bc-marron\/","og_locale":"es_ES","og_type":"article","og_title":"2686 J LINI CYCLONE SIRENA\/ PITON BC MARRON - Tony Mora\u00ae Boots Official Store","og_description":"Nos encanta la versatilidad de unos buenos botines, ll\u00e9valos con vestidos, pantalones cortos o largos van genial con todo","og_url":"https:\/\/tonymora.com\/es\/producto\/2686-j-lini-cyclone-sirena-piton-bc-marron\/","og_site_name":"Tony Mora\u00ae Boots Official Store","article_publisher":"https:\/\/www.facebook.com\/Tonymoraofficial\/","article_modified_time":"2026-04-07T05:32:54+00:00","og_image":[{"width":866,"height":1032,"url":"https:\/\/tonymora.com\/wp-content\/uploads\/2023\/03\/003-2686-j-lini-ciclone-sirena.jpg","type":"image\/jpeg"}],"twitter_card":"summary_large_image","twitter_misc":{"Tiempo de lectura":"1 minuto"},"schema":{"@context":"https:\/\/schema.org","@graph":[{"@type":"WebPage","@id":"https:\/\/tonymora.com\/es\/producto\/2686-j-lini-cyclone-sirena-piton-bc-marron\/","url":"https:\/\/tonymora.com\/es\/producto\/2686-j-lini-cyclone-sirena-piton-bc-marron\/","name":"2686 J LINI CYCLONE SIRENA\/ PITON BC MARRON - Tony Mora\u00ae Boots Official Store","isPartOf":{"@id":"https:\/\/tonymora.com\/es\/#website"},"primaryImageOfPage":{"@id":"https:\/\/tonymora.com\/es\/producto\/2686-j-lini-cyclone-sirena-piton-bc-marron\/#primaryimage"},"image":{"@id":"https:\/\/tonymora.com\/es\/producto\/2686-j-lini-cyclone-sirena-piton-bc-marron\/#primaryimage"},"thumbnailUrl":"https:\/\/tonymora.com\/wp-content\/uploads\/2023\/03\/003-2686-j-lini-ciclone-sirena.jpg","datePublished":"2023-03-23T08:27:08+00:00","dateModified":"2026-04-07T05:32:54+00:00","description":"Nos encanta la versatilidad de unos buenos botines, ll\u00e9valos con vestidos, pantalones cortos o largos van genial con todo","breadcrumb":{"@id":"https:\/\/tonymora.com\/es\/producto\/2686-j-lini-cyclone-sirena-piton-bc-marron\/#breadcrumb"},"inLanguage":"es","potentialAction":[{"@type":"ReadAction","target":["https:\/\/tonymora.com\/es\/producto\/2686-j-lini-cyclone-sirena-piton-bc-marron\/"]}]},{"@type":"ImageObject","inLanguage":"es","@id":"https:\/\/tonymora.com\/es\/producto\/2686-j-lini-cyclone-sirena-piton-bc-marron\/#primaryimage","url":"https:\/\/tonymora.com\/wp-content\/uploads\/2023\/03\/003-2686-j-lini-ciclone-sirena.jpg","contentUrl":"https:\/\/tonymora.com\/wp-content\/uploads\/2023\/03\/003-2686-j-lini-ciclone-sirena.jpg","width":866,"height":1032},{"@type":"BreadcrumbList","@id":"https:\/\/tonymora.com\/es\/producto\/2686-j-lini-cyclone-sirena-piton-bc-marron\/#breadcrumb","itemListElement":[{"@type":"ListItem","position":1,"name":"Portada","item":"https:\/\/tonymora.com\/es\/"},{"@type":"ListItem","position":2,"name":"Tienda","item":"https:\/\/tonymora.com\/es\/tienda\/"},{"@type":"ListItem","position":3,"name":"Rebajas mujer","item":"https:\/\/tonymora.com\/es\/categoria-producto\/rebajas-mujer\/"},{"@type":"ListItem","position":4,"name":"Botas de piel mujer","item":"https:\/\/tonymora.com\/es\/categoria-producto\/rebajas-mujer\/botas-de-piel-mujer\/"},{"@type":"ListItem","position":5,"name":"2686 J LINI CYCLONE SIRENA\/ PITON BC MARRON"}]},{"@type":"WebSite","@id":"https:\/\/tonymora.com\/es\/#website","url":"https:\/\/tonymora.com\/es\/","name":"Tony Mora\u00ae Boots Official Store","description":"Cowboy Boots","publisher":{"@id":"https:\/\/tonymora.com\/es\/#organization"},"potentialAction":[{"@type":"SearchAction","target":{"@type":"EntryPoint","urlTemplate":"https:\/\/tonymora.com\/es\/?s={search_term_string}"},"query-input":{"@type":"PropertyValueSpecification","valueRequired":true,"valueName":"search_term_string"}}],"inLanguage":"es"},{"@type":"Organization","@id":"https:\/\/tonymora.com\/es\/#organization","name":"Tony Mora Boots","url":"https:\/\/tonymora.com\/es\/","logo":{"@type":"ImageObject","inLanguage":"es","@id":"https:\/\/tonymora.com\/es\/#\/schema\/logo\/image\/","url":"https:\/\/tonymora.com\/wp-content\/uploads\/2023\/12\/LOGO.jpg","contentUrl":"https:\/\/tonymora.com\/wp-content\/uploads\/2023\/12\/LOGO.jpg","width":2272,"height":1411,"caption":"Tony Mora Boots"},"image":{"@id":"https:\/\/tonymora.com\/es\/#\/schema\/logo\/image\/"},"sameAs":["https:\/\/www.facebook.com\/Tonymoraofficial\/","https:\/\/www.instagram.com\/tonymoraofficial\/?hl=es"]}]}},"_links":{"self":[{"href":"https:\/\/tonymora.com\/es\/wp-json\/wp\/v2\/product\/702631","targetHints":{"allow":["GET"]}}],"collection":[{"href":"https:\/\/tonymora.com\/es\/wp-json\/wp\/v2\/product"}],"about":[{"href":"https:\/\/tonymora.com\/es\/wp-json\/wp\/v2\/types\/product"}],"wp:featuredmedia":[{"embeddable":true,"href":"https:\/\/tonymora.com\/es\/wp-json\/wp\/v2\/media\/702655"}],"wp:attachment":[{"href":"https:\/\/tonymora.com\/es\/wp-json\/wp\/v2\/media?parent=702631"}],"wp:term":[{"taxonomy":"product_brand","embeddable":true,"href":"https:\/\/tonymora.com\/es\/wp-json\/wp\/v2\/product_brand?post=702631"},{"taxonomy":"product_cat","embeddable":true,"href":"https:\/\/tonymora.com\/es\/wp-json\/wp\/v2\/product_cat?post=702631"},{"taxonomy":"product_tag","embeddable":true,"href":"https:\/\/tonymora.com\/es\/wp-json\/wp\/v2\/product_tag?post=702631"}],"curies":[{"name":"wp","href":"https:\/\/api.w.org\/{rel}","templated":true}]}}