{"id":702734,"date":"2023-03-23T09:49:25","date_gmt":"2023-03-23T08:49:25","guid":{"rendered":"https:\/\/tonymora.com\/?post_type=product&#038;p=702734"},"modified":"2026-05-12T13:41:13","modified_gmt":"2026-05-12T11:41:13","slug":"2684-j-lini-serraje-brash-topo","status":"publish","type":"product","link":"https:\/\/tonymora.com\/es\/producto\/2684-j-lini-serraje-brash-topo\/","title":{"rendered":"2684 J LINI SERRAJE BRASH TOPO"},"content":{"rendered":"<p>Estos botines te acompa\u00f1ar\u00e1n en cada momento y te permitir\u00e1n disfrutar cada instante. El tono de piel lo hace ideal para combinar con todos los colores y disfrutarla en verano e invierno.La piel lleva un acabado de encerado el cual da juego de tonos a la piel haciendo a cada par \u00fanico.<\/p>\n","protected":false},"excerpt":{"rendered":"<p>Sofisticaci\u00f3n serena para quienes eligen con criterio. Comodidad y estilo en equilibrio natural.<br \/>\nIdeal para acompa\u00f1arte del d\u00eda a la noche con la misma confianza.<\/p>\n","protected":false},"featured_media":711706,"template":"","meta":{"_mbp_gutenberg_autopost":false},"product_brand":[],"product_cat":[1172,119,1133,121,112,1130],"product_tag":[],"class_list":{"0":"post-702734","1":"product","2":"type-product","3":"status-publish","4":"has-post-thumbnail","6":"product_cat-black-friday","7":"product_cat-botas-casual-mujer","8":"product_cat-botas-de-piel-mujer","9":"product_cat-botines-mujer","10":"product_cat-mujer","11":"product_cat-rebajas-mujer","13":"first","14":"instock","15":"taxable","16":"shipping-taxable","17":"purchasable","18":"product-type-variable"},"_links":{"self":[{"href":"https:\/\/tonymora.com\/es\/wp-json\/wp\/v2\/product\/702734","targetHints":{"allow":["GET"]}}],"collection":[{"href":"https:\/\/tonymora.com\/es\/wp-json\/wp\/v2\/product"}],"about":[{"href":"https:\/\/tonymora.com\/es\/wp-json\/wp\/v2\/types\/product"}],"wp:featuredmedia":[{"embeddable":true,"href":"https:\/\/tonymora.com\/es\/wp-json\/wp\/v2\/media\/711706"}],"wp:attachment":[{"href":"https:\/\/tonymora.com\/es\/wp-json\/wp\/v2\/media?parent=702734"}],"wp:term":[{"taxonomy":"product_brand","embeddable":true,"href":"https:\/\/tonymora.com\/es\/wp-json\/wp\/v2\/product_brand?post=702734"},{"taxonomy":"product_cat","embeddable":true,"href":"https:\/\/tonymora.com\/es\/wp-json\/wp\/v2\/product_cat?post=702734"},{"taxonomy":"product_tag","embeddable":true,"href":"https:\/\/tonymora.com\/es\/wp-json\/wp\/v2\/product_tag?post=702734"}],"curies":[{"name":"wp","href":"https:\/\/api.w.org\/{rel}","templated":true}]}}