{"id":702873,"date":"2023-03-23T10:37:01","date_gmt":"2023-03-23T09:37:01","guid":{"rendered":"https:\/\/tonymora.com\/?post_type=product&#038;p=702873"},"modified":"2026-04-19T07:32:33","modified_gmt":"2026-04-19T05:32:33","slug":"2107-daslu-daslu-piton-mate-negro","status":"publish","type":"product","link":"https:\/\/tonymora.com\/es\/producto\/2107-daslu-daslu-piton-mate-negro\/","title":{"rendered":"2107 DASLU DASLU PITON MATE NEGRO"},"content":{"rendered":"<p>Botas que son la combinaci\u00f3n perfecta entre lo elegante y lo sexy. Sus ca\u00f1as altas visten y estilizan la forma de las piernas acabando con una elegante horma en punta, adem\u00e1s lleva un tac\u00f3n alto que le da ese toque sexy. Est\u00e1 hecho con una suave piel de pit\u00f3n color negro mate con una textura muy fina al tacto. Atr\u00e9vete y luce el lado m\u00e1s atrevido de Tony Mora.<\/p>\n","protected":false},"excerpt":{"rendered":"<p>Sofisticaci\u00f3n serena para quienes eligen con criterio. Presencia sutil que eleva tu estilo.<br \/>\nIdeal para acompa\u00f1arte del d\u00eda a la noche con la misma confianza.<\/p>\n","protected":false},"featured_media":704145,"template":"","meta":{"_mbp_gutenberg_autopost":false},"product_brand":[],"product_cat":[1172,1132,122,112,1130],"product_tag":[],"class_list":{"0":"post-702873","1":"product","2":"type-product","3":"status-publish","4":"has-post-thumbnail","6":"product_cat-black-friday","7":"product_cat-botas-de-piton-mujer","8":"product_cat-botas-exoticas-mujer","9":"product_cat-mujer","10":"product_cat-rebajas-mujer","12":"first","13":"outofstock","14":"taxable","15":"shipping-taxable","16":"product-type-variable"},"supplier_id":null,"supplier_sku":"","barcode":null,"atum_controlled":true,"out_stock_date":null,"out_stock_threshold":null,"inheritable":true,"inbound_stock":0,"stock_on_hold":0,"sold_today":0,"sales_last_days":0,"reserved_stock":0,"customer_returns":0,"warehouse_damage":0,"lost_in_post":0,"other_logs":0,"out_stock_days":0,"lost_sales":0,"has_location":false,"update_date":"2024-10-31T14:55:53","atum_locations":[],"atum_stock_status":"instock","restock_status":false,"low_stock_amount":"","sales_update_date":"2024-04-24T22:32:24","calc_backorders":null,"yoast_head":"<!-- This site is optimized with the Yoast SEO plugin v27.4 - https:\/\/yoast.com\/product\/yoast-seo-wordpress\/ -->\n<title>2107 DASLU DASLU PITON MATE NEGRO - Tony Mora\u00ae Boots Official Store<\/title>\n<meta name=\"description\" content=\"Sus ca\u00f1as altas visten y estilizan la forma de las piernas acabando con una elegante horma en punta, adem\u00e1s lleva un tac\u00f3n alto que le da ese toque sexy.\" \/>\n<meta name=\"robots\" content=\"index, follow, max-snippet:-1, max-image-preview:large, max-video-preview:-1\" \/>\n<link rel=\"canonical\" href=\"https:\/\/tonymora.com\/es\/producto\/2107-daslu-daslu-piton-mate-negro\/\" \/>\n<meta property=\"og:locale\" content=\"es_ES\" \/>\n<meta property=\"og:type\" content=\"article\" \/>\n<meta property=\"og:title\" content=\"2107 DASLU DASLU PITON MATE NEGRO - Tony Mora\u00ae Boots Official Store\" \/>\n<meta property=\"og:description\" content=\"Sus ca\u00f1as altas visten y estilizan la forma de las piernas acabando con una elegante horma en punta, adem\u00e1s lleva un tac\u00f3n alto que le da ese toque sexy.\" \/>\n<meta property=\"og:url\" content=\"https:\/\/tonymora.com\/es\/producto\/2107-daslu-daslu-piton-mate-negro\/\" \/>\n<meta property=\"og:site_name\" content=\"Tony Mora\u00ae Boots Official Store\" \/>\n<meta property=\"article:publisher\" content=\"https:\/\/www.facebook.com\/Tonymoraofficial\/\" \/>\n<meta property=\"article:modified_time\" content=\"2026-04-19T05:32:33+00:00\" \/>\n<meta property=\"og:image\" content=\"https:\/\/tonymora.com\/wp-content\/uploads\/2023\/03\/02-2107-DASLU-DASLU-ANACONDA-MATE-NEGRO-BC.jpg\" \/>\n\t<meta property=\"og:image:width\" content=\"866\" \/>\n\t<meta property=\"og:image:height\" content=\"1032\" \/>\n\t<meta property=\"og:image:type\" content=\"image\/jpeg\" \/>\n<meta name=\"twitter:card\" content=\"summary_large_image\" \/>\n<meta name=\"twitter:label1\" content=\"Tiempo de lectura\" \/>\n\t<meta name=\"twitter:data1\" content=\"1 minuto\" \/>\n<script type=\"application\/ld+json\" class=\"yoast-schema-graph\">{\"@context\":\"https:\\\/\\\/schema.org\",\"@graph\":[{\"@type\":\"WebPage\",\"@id\":\"https:\\\/\\\/tonymora.com\\\/es\\\/producto\\\/2107-daslu-daslu-piton-mate-negro\\\/\",\"url\":\"https:\\\/\\\/tonymora.com\\\/es\\\/producto\\\/2107-daslu-daslu-piton-mate-negro\\\/\",\"name\":\"2107 DASLU DASLU PITON MATE NEGRO - Tony Mora\u00ae Boots Official Store\",\"isPartOf\":{\"@id\":\"https:\\\/\\\/tonymora.com\\\/es\\\/#website\"},\"primaryImageOfPage\":{\"@id\":\"https:\\\/\\\/tonymora.com\\\/es\\\/producto\\\/2107-daslu-daslu-piton-mate-negro\\\/#primaryimage\"},\"image\":{\"@id\":\"https:\\\/\\\/tonymora.com\\\/es\\\/producto\\\/2107-daslu-daslu-piton-mate-negro\\\/#primaryimage\"},\"thumbnailUrl\":\"https:\\\/\\\/tonymora.com\\\/wp-content\\\/uploads\\\/2023\\\/03\\\/02-2107-DASLU-DASLU-ANACONDA-MATE-NEGRO-BC.jpg\",\"datePublished\":\"2023-03-23T09:37:01+00:00\",\"dateModified\":\"2026-04-19T05:32:33+00:00\",\"description\":\"Sus ca\u00f1as altas visten y estilizan la forma de las piernas acabando con una elegante horma en punta, adem\u00e1s lleva un tac\u00f3n alto que le da ese toque sexy.\",\"breadcrumb\":{\"@id\":\"https:\\\/\\\/tonymora.com\\\/es\\\/producto\\\/2107-daslu-daslu-piton-mate-negro\\\/#breadcrumb\"},\"inLanguage\":\"es\",\"potentialAction\":[{\"@type\":\"ReadAction\",\"target\":[\"https:\\\/\\\/tonymora.com\\\/es\\\/producto\\\/2107-daslu-daslu-piton-mate-negro\\\/\"]}]},{\"@type\":\"ImageObject\",\"inLanguage\":\"es\",\"@id\":\"https:\\\/\\\/tonymora.com\\\/es\\\/producto\\\/2107-daslu-daslu-piton-mate-negro\\\/#primaryimage\",\"url\":\"https:\\\/\\\/tonymora.com\\\/wp-content\\\/uploads\\\/2023\\\/03\\\/02-2107-DASLU-DASLU-ANACONDA-MATE-NEGRO-BC.jpg\",\"contentUrl\":\"https:\\\/\\\/tonymora.com\\\/wp-content\\\/uploads\\\/2023\\\/03\\\/02-2107-DASLU-DASLU-ANACONDA-MATE-NEGRO-BC.jpg\",\"width\":866,\"height\":1032},{\"@type\":\"BreadcrumbList\",\"@id\":\"https:\\\/\\\/tonymora.com\\\/es\\\/producto\\\/2107-daslu-daslu-piton-mate-negro\\\/#breadcrumb\",\"itemListElement\":[{\"@type\":\"ListItem\",\"position\":1,\"name\":\"Portada\",\"item\":\"https:\\\/\\\/tonymora.com\\\/es\\\/\"},{\"@type\":\"ListItem\",\"position\":2,\"name\":\"Tienda\",\"item\":\"https:\\\/\\\/tonymora.com\\\/es\\\/tienda\\\/\"},{\"@type\":\"ListItem\",\"position\":3,\"name\":\"Black Friday\",\"item\":\"https:\\\/\\\/tonymora.com\\\/es\\\/categoria-producto\\\/black-friday\\\/\"},{\"@type\":\"ListItem\",\"position\":4,\"name\":\"2107 DASLU DASLU PITON MATE NEGRO\"}]},{\"@type\":\"WebSite\",\"@id\":\"https:\\\/\\\/tonymora.com\\\/es\\\/#website\",\"url\":\"https:\\\/\\\/tonymora.com\\\/es\\\/\",\"name\":\"Tony Mora\u00ae Boots Official Store\",\"description\":\"Cowboy Boots\",\"publisher\":{\"@id\":\"https:\\\/\\\/tonymora.com\\\/es\\\/#organization\"},\"potentialAction\":[{\"@type\":\"SearchAction\",\"target\":{\"@type\":\"EntryPoint\",\"urlTemplate\":\"https:\\\/\\\/tonymora.com\\\/es\\\/?s={search_term_string}\"},\"query-input\":{\"@type\":\"PropertyValueSpecification\",\"valueRequired\":true,\"valueName\":\"search_term_string\"}}],\"inLanguage\":\"es\"},{\"@type\":\"Organization\",\"@id\":\"https:\\\/\\\/tonymora.com\\\/es\\\/#organization\",\"name\":\"Tony Mora Boots\",\"url\":\"https:\\\/\\\/tonymora.com\\\/es\\\/\",\"logo\":{\"@type\":\"ImageObject\",\"inLanguage\":\"es\",\"@id\":\"https:\\\/\\\/tonymora.com\\\/es\\\/#\\\/schema\\\/logo\\\/image\\\/\",\"url\":\"https:\\\/\\\/tonymora.com\\\/wp-content\\\/uploads\\\/2023\\\/12\\\/LOGO.jpg\",\"contentUrl\":\"https:\\\/\\\/tonymora.com\\\/wp-content\\\/uploads\\\/2023\\\/12\\\/LOGO.jpg\",\"width\":2272,\"height\":1411,\"caption\":\"Tony Mora Boots\"},\"image\":{\"@id\":\"https:\\\/\\\/tonymora.com\\\/es\\\/#\\\/schema\\\/logo\\\/image\\\/\"},\"sameAs\":[\"https:\\\/\\\/www.facebook.com\\\/Tonymoraofficial\\\/\",\"https:\\\/\\\/www.instagram.com\\\/tonymoraofficial\\\/?hl=es\"]}]}<\/script>\n<!-- \/ Yoast SEO plugin. -->","yoast_head_json":{"title":"2107 DASLU DASLU PITON MATE NEGRO - Tony Mora\u00ae Boots Official Store","description":"Sus ca\u00f1as altas visten y estilizan la forma de las piernas acabando con una elegante horma en punta, adem\u00e1s lleva un tac\u00f3n alto que le da ese toque sexy.","robots":{"index":"index","follow":"follow","max-snippet":"max-snippet:-1","max-image-preview":"max-image-preview:large","max-video-preview":"max-video-preview:-1"},"canonical":"https:\/\/tonymora.com\/es\/producto\/2107-daslu-daslu-piton-mate-negro\/","og_locale":"es_ES","og_type":"article","og_title":"2107 DASLU DASLU PITON MATE NEGRO - Tony Mora\u00ae Boots Official Store","og_description":"Sus ca\u00f1as altas visten y estilizan la forma de las piernas acabando con una elegante horma en punta, adem\u00e1s lleva un tac\u00f3n alto que le da ese toque sexy.","og_url":"https:\/\/tonymora.com\/es\/producto\/2107-daslu-daslu-piton-mate-negro\/","og_site_name":"Tony Mora\u00ae Boots Official Store","article_publisher":"https:\/\/www.facebook.com\/Tonymoraofficial\/","article_modified_time":"2026-04-19T05:32:33+00:00","og_image":[{"width":866,"height":1032,"url":"https:\/\/tonymora.com\/wp-content\/uploads\/2023\/03\/02-2107-DASLU-DASLU-ANACONDA-MATE-NEGRO-BC.jpg","type":"image\/jpeg"}],"twitter_card":"summary_large_image","twitter_misc":{"Tiempo de lectura":"1 minuto"},"schema":{"@context":"https:\/\/schema.org","@graph":[{"@type":"WebPage","@id":"https:\/\/tonymora.com\/es\/producto\/2107-daslu-daslu-piton-mate-negro\/","url":"https:\/\/tonymora.com\/es\/producto\/2107-daslu-daslu-piton-mate-negro\/","name":"2107 DASLU DASLU PITON MATE NEGRO - Tony Mora\u00ae Boots Official Store","isPartOf":{"@id":"https:\/\/tonymora.com\/es\/#website"},"primaryImageOfPage":{"@id":"https:\/\/tonymora.com\/es\/producto\/2107-daslu-daslu-piton-mate-negro\/#primaryimage"},"image":{"@id":"https:\/\/tonymora.com\/es\/producto\/2107-daslu-daslu-piton-mate-negro\/#primaryimage"},"thumbnailUrl":"https:\/\/tonymora.com\/wp-content\/uploads\/2023\/03\/02-2107-DASLU-DASLU-ANACONDA-MATE-NEGRO-BC.jpg","datePublished":"2023-03-23T09:37:01+00:00","dateModified":"2026-04-19T05:32:33+00:00","description":"Sus ca\u00f1as altas visten y estilizan la forma de las piernas acabando con una elegante horma en punta, adem\u00e1s lleva un tac\u00f3n alto que le da ese toque sexy.","breadcrumb":{"@id":"https:\/\/tonymora.com\/es\/producto\/2107-daslu-daslu-piton-mate-negro\/#breadcrumb"},"inLanguage":"es","potentialAction":[{"@type":"ReadAction","target":["https:\/\/tonymora.com\/es\/producto\/2107-daslu-daslu-piton-mate-negro\/"]}]},{"@type":"ImageObject","inLanguage":"es","@id":"https:\/\/tonymora.com\/es\/producto\/2107-daslu-daslu-piton-mate-negro\/#primaryimage","url":"https:\/\/tonymora.com\/wp-content\/uploads\/2023\/03\/02-2107-DASLU-DASLU-ANACONDA-MATE-NEGRO-BC.jpg","contentUrl":"https:\/\/tonymora.com\/wp-content\/uploads\/2023\/03\/02-2107-DASLU-DASLU-ANACONDA-MATE-NEGRO-BC.jpg","width":866,"height":1032},{"@type":"BreadcrumbList","@id":"https:\/\/tonymora.com\/es\/producto\/2107-daslu-daslu-piton-mate-negro\/#breadcrumb","itemListElement":[{"@type":"ListItem","position":1,"name":"Portada","item":"https:\/\/tonymora.com\/es\/"},{"@type":"ListItem","position":2,"name":"Tienda","item":"https:\/\/tonymora.com\/es\/tienda\/"},{"@type":"ListItem","position":3,"name":"Black Friday","item":"https:\/\/tonymora.com\/es\/categoria-producto\/black-friday\/"},{"@type":"ListItem","position":4,"name":"2107 DASLU DASLU PITON MATE NEGRO"}]},{"@type":"WebSite","@id":"https:\/\/tonymora.com\/es\/#website","url":"https:\/\/tonymora.com\/es\/","name":"Tony Mora\u00ae Boots Official Store","description":"Cowboy Boots","publisher":{"@id":"https:\/\/tonymora.com\/es\/#organization"},"potentialAction":[{"@type":"SearchAction","target":{"@type":"EntryPoint","urlTemplate":"https:\/\/tonymora.com\/es\/?s={search_term_string}"},"query-input":{"@type":"PropertyValueSpecification","valueRequired":true,"valueName":"search_term_string"}}],"inLanguage":"es"},{"@type":"Organization","@id":"https:\/\/tonymora.com\/es\/#organization","name":"Tony Mora Boots","url":"https:\/\/tonymora.com\/es\/","logo":{"@type":"ImageObject","inLanguage":"es","@id":"https:\/\/tonymora.com\/es\/#\/schema\/logo\/image\/","url":"https:\/\/tonymora.com\/wp-content\/uploads\/2023\/12\/LOGO.jpg","contentUrl":"https:\/\/tonymora.com\/wp-content\/uploads\/2023\/12\/LOGO.jpg","width":2272,"height":1411,"caption":"Tony Mora Boots"},"image":{"@id":"https:\/\/tonymora.com\/es\/#\/schema\/logo\/image\/"},"sameAs":["https:\/\/www.facebook.com\/Tonymoraofficial\/","https:\/\/www.instagram.com\/tonymoraofficial\/?hl=es"]}]}},"_links":{"self":[{"href":"https:\/\/tonymora.com\/es\/wp-json\/wp\/v2\/product\/702873","targetHints":{"allow":["GET"]}}],"collection":[{"href":"https:\/\/tonymora.com\/es\/wp-json\/wp\/v2\/product"}],"about":[{"href":"https:\/\/tonymora.com\/es\/wp-json\/wp\/v2\/types\/product"}],"wp:featuredmedia":[{"embeddable":true,"href":"https:\/\/tonymora.com\/es\/wp-json\/wp\/v2\/media\/704145"}],"wp:attachment":[{"href":"https:\/\/tonymora.com\/es\/wp-json\/wp\/v2\/media?parent=702873"}],"wp:term":[{"taxonomy":"product_brand","embeddable":true,"href":"https:\/\/tonymora.com\/es\/wp-json\/wp\/v2\/product_brand?post=702873"},{"taxonomy":"product_cat","embeddable":true,"href":"https:\/\/tonymora.com\/es\/wp-json\/wp\/v2\/product_cat?post=702873"},{"taxonomy":"product_tag","embeddable":true,"href":"https:\/\/tonymora.com\/es\/wp-json\/wp\/v2\/product_tag?post=702873"}],"curies":[{"name":"wp","href":"https:\/\/api.w.org\/{rel}","templated":true}]}}