{"id":702915,"date":"2023-03-23T10:46:11","date_gmt":"2023-03-23T09:46:11","guid":{"rendered":"https:\/\/tonymora.com\/?post_type=product&#038;p=702915"},"modified":"2026-04-09T07:32:51","modified_gmt":"2026-04-09T05:32:51","slug":"4453-tedy-rock-piton-bc-panizo-nobuck-teja","status":"publish","type":"product","link":"https:\/\/tonymora.com\/es\/producto\/4453-tedy-rock-piton-bc-panizo-nobuck-teja\/","title":{"rendered":"4453 TEDY ROCK PITON BC PANIZO NOBUCK TEJA"},"content":{"rendered":"<p>Si te gusta el estilo cl\u00e1sico cowboy este modelo es el indicado. Est\u00e1 hecho en piel nobuck que es de textura lisa y fuerte al tacto, en color marr\u00f3n rojizo trabajado con la t\u00e9cnica brash, que es un encerado de abeja que da un juego de tonos a la piel, tambi\u00e9n lleva en contraste una piel de pit\u00f3n en tonos dorados, que hace en este modelo una genial combinaci\u00f3n de colores.<br \/>\nViene con un el\u00e1stico cubierto en piel que lo hace muy pr\u00e1ctico y f\u00e1cil de colocar. Si lo que buscabas era algo distintivo no puedes dejar pasar estos botines.<\/p>\n","protected":false},"excerpt":{"rendered":"<p>Una propuesta con alma, hecha para acompa\u00f1arte de verdad. Comodidad y estilo en equilibrio natural.<br \/>\nDise\u00f1ada para quienes entienden la elegancia como una actitud.<\/p>\n","protected":false},"featured_media":706799,"template":"","meta":{"_mbp_gutenberg_autopost":false},"product_brand":[],"product_cat":[1172,1128,134,118,108,1124,161],"product_tag":[],"class_list":{"0":"post-702915","1":"product","2":"type-product","3":"status-publish","4":"has-post-thumbnail","6":"product_cat-black-friday","7":"product_cat-botas-de-piton-hombre","8":"product_cat-botas-exoticas-hombre","9":"product_cat-botines-hombre","10":"product_cat-hombre","11":"product_cat-rebajas-hombre","12":"product_cat-zapatos-hombre","14":"first","15":"outofstock","16":"taxable","17":"shipping-taxable","18":"product-type-variable"},"supplier_id":null,"supplier_sku":"","barcode":null,"atum_controlled":true,"out_stock_date":null,"out_stock_threshold":null,"inheritable":true,"inbound_stock":0,"stock_on_hold":0,"sold_today":0,"sales_last_days":0,"reserved_stock":0,"customer_returns":0,"warehouse_damage":0,"lost_in_post":0,"other_logs":0,"out_stock_days":0,"lost_sales":0,"has_location":false,"update_date":"2025-10-27T12:34:46","atum_locations":[],"atum_stock_status":"outofstock","restock_status":false,"low_stock_amount":"","sales_update_date":"2024-04-24T22:32:27","calc_backorders":null,"yoast_head":"<!-- This site is optimized with the Yoast SEO plugin v27.2 - https:\/\/yoast.com\/product\/yoast-seo-wordpress\/ -->\n<title>4453 TEDY ROCK PITON BC PANIZO NOBUCK TEJA - Tony Mora\u00ae Boots Official Store<\/title>\n<meta name=\"description\" content=\"Si te gusta el estilo cl\u00e1sico cowboy este modelo es el indicado. Est\u00e1 hecho en piel nobuck que es de textura lisa y fuerte al tacto\" \/>\n<meta name=\"robots\" content=\"index, follow, max-snippet:-1, max-image-preview:large, max-video-preview:-1\" \/>\n<link rel=\"canonical\" href=\"https:\/\/tonymora.com\/es\/producto\/4453-tedy-rock-piton-bc-panizo-nobuck-teja\/\" \/>\n<meta property=\"og:locale\" content=\"es_ES\" \/>\n<meta property=\"og:type\" content=\"article\" \/>\n<meta property=\"og:title\" content=\"4453 TEDY ROCK PITON BC PANIZO NOBUCK TEJA - Tony Mora\u00ae Boots Official Store\" \/>\n<meta property=\"og:description\" content=\"Si te gusta el estilo cl\u00e1sico cowboy este modelo es el indicado. Est\u00e1 hecho en piel nobuck que es de textura lisa y fuerte al tacto\" \/>\n<meta property=\"og:url\" content=\"https:\/\/tonymora.com\/es\/producto\/4453-tedy-rock-piton-bc-panizo-nobuck-teja\/\" \/>\n<meta property=\"og:site_name\" content=\"Tony Mora\u00ae Boots Official Store\" \/>\n<meta property=\"article:publisher\" content=\"https:\/\/www.facebook.com\/Tonymoraofficial\/\" \/>\n<meta property=\"article:modified_time\" content=\"2026-04-09T05:32:51+00:00\" \/>\n<meta property=\"og:image\" content=\"https:\/\/tonymora.com\/wp-content\/uploads\/2023\/11\/08-4453-TEDY-ROCK-PITON-BC-PANIZO-NOBUCK-TEJA.jpg\" \/>\n\t<meta property=\"og:image:width\" content=\"866\" \/>\n\t<meta property=\"og:image:height\" content=\"1032\" \/>\n\t<meta property=\"og:image:type\" content=\"image\/jpeg\" \/>\n<meta name=\"twitter:card\" content=\"summary_large_image\" \/>\n<meta name=\"twitter:label1\" content=\"Tiempo de lectura\" \/>\n\t<meta name=\"twitter:data1\" content=\"1 minuto\" \/>\n<script type=\"application\/ld+json\" class=\"yoast-schema-graph\">{\"@context\":\"https:\/\/schema.org\",\"@graph\":[{\"@type\":\"WebPage\",\"@id\":\"https:\/\/tonymora.com\/es\/producto\/4453-tedy-rock-piton-bc-panizo-nobuck-teja\/\",\"url\":\"https:\/\/tonymora.com\/es\/producto\/4453-tedy-rock-piton-bc-panizo-nobuck-teja\/\",\"name\":\"4453 TEDY ROCK PITON BC PANIZO NOBUCK TEJA - Tony Mora\u00ae Boots Official Store\",\"isPartOf\":{\"@id\":\"https:\/\/tonymora.com\/es\/#website\"},\"primaryImageOfPage\":{\"@id\":\"https:\/\/tonymora.com\/es\/producto\/4453-tedy-rock-piton-bc-panizo-nobuck-teja\/#primaryimage\"},\"image\":{\"@id\":\"https:\/\/tonymora.com\/es\/producto\/4453-tedy-rock-piton-bc-panizo-nobuck-teja\/#primaryimage\"},\"thumbnailUrl\":\"https:\/\/tonymora.com\/wp-content\/uploads\/2023\/11\/08-4453-TEDY-ROCK-PITON-BC-PANIZO-NOBUCK-TEJA.jpg\",\"datePublished\":\"2023-03-23T09:46:11+00:00\",\"dateModified\":\"2026-04-09T05:32:51+00:00\",\"description\":\"Si te gusta el estilo cl\u00e1sico cowboy este modelo es el indicado. Est\u00e1 hecho en piel nobuck que es de textura lisa y fuerte al tacto\",\"breadcrumb\":{\"@id\":\"https:\/\/tonymora.com\/es\/producto\/4453-tedy-rock-piton-bc-panizo-nobuck-teja\/#breadcrumb\"},\"inLanguage\":\"es\",\"potentialAction\":[{\"@type\":\"ReadAction\",\"target\":[\"https:\/\/tonymora.com\/es\/producto\/4453-tedy-rock-piton-bc-panizo-nobuck-teja\/\"]}]},{\"@type\":\"ImageObject\",\"inLanguage\":\"es\",\"@id\":\"https:\/\/tonymora.com\/es\/producto\/4453-tedy-rock-piton-bc-panizo-nobuck-teja\/#primaryimage\",\"url\":\"https:\/\/tonymora.com\/wp-content\/uploads\/2023\/11\/08-4453-TEDY-ROCK-PITON-BC-PANIZO-NOBUCK-TEJA.jpg\",\"contentUrl\":\"https:\/\/tonymora.com\/wp-content\/uploads\/2023\/11\/08-4453-TEDY-ROCK-PITON-BC-PANIZO-NOBUCK-TEJA.jpg\",\"width\":866,\"height\":1032},{\"@type\":\"BreadcrumbList\",\"@id\":\"https:\/\/tonymora.com\/es\/producto\/4453-tedy-rock-piton-bc-panizo-nobuck-teja\/#breadcrumb\",\"itemListElement\":[{\"@type\":\"ListItem\",\"position\":1,\"name\":\"Portada\",\"item\":\"https:\/\/tonymora.com\/es\/\"},{\"@type\":\"ListItem\",\"position\":2,\"name\":\"Tienda\",\"item\":\"https:\/\/tonymora.com\/es\/tienda\/\"},{\"@type\":\"ListItem\",\"position\":3,\"name\":\"Rebajas hombre\",\"item\":\"https:\/\/tonymora.com\/es\/categoria-producto\/rebajas-hombre\/\"},{\"@type\":\"ListItem\",\"position\":4,\"name\":\"4453 TEDY ROCK PITON BC PANIZO NOBUCK TEJA\"}]},{\"@type\":\"WebSite\",\"@id\":\"https:\/\/tonymora.com\/es\/#website\",\"url\":\"https:\/\/tonymora.com\/es\/\",\"name\":\"Tony Mora\u00ae Boots Official Store\",\"description\":\"Cowboy Boots\",\"publisher\":{\"@id\":\"https:\/\/tonymora.com\/es\/#organization\"},\"potentialAction\":[{\"@type\":\"SearchAction\",\"target\":{\"@type\":\"EntryPoint\",\"urlTemplate\":\"https:\/\/tonymora.com\/es\/?s={search_term_string}\"},\"query-input\":{\"@type\":\"PropertyValueSpecification\",\"valueRequired\":true,\"valueName\":\"search_term_string\"}}],\"inLanguage\":\"es\"},{\"@type\":\"Organization\",\"@id\":\"https:\/\/tonymora.com\/es\/#organization\",\"name\":\"Tony Mora Boots\",\"url\":\"https:\/\/tonymora.com\/es\/\",\"logo\":{\"@type\":\"ImageObject\",\"inLanguage\":\"es\",\"@id\":\"https:\/\/tonymora.com\/es\/#\/schema\/logo\/image\/\",\"url\":\"https:\/\/tonymora.com\/wp-content\/uploads\/2023\/12\/LOGO.jpg\",\"contentUrl\":\"https:\/\/tonymora.com\/wp-content\/uploads\/2023\/12\/LOGO.jpg\",\"width\":2272,\"height\":1411,\"caption\":\"Tony Mora Boots\"},\"image\":{\"@id\":\"https:\/\/tonymora.com\/es\/#\/schema\/logo\/image\/\"},\"sameAs\":[\"https:\/\/www.facebook.com\/Tonymoraofficial\/\",\"https:\/\/www.instagram.com\/tonymoraofficial\/?hl=es\"]}]}<\/script>\n<!-- \/ Yoast SEO plugin. -->","yoast_head_json":{"title":"4453 TEDY ROCK PITON BC PANIZO NOBUCK TEJA - Tony Mora\u00ae Boots Official Store","description":"Si te gusta el estilo cl\u00e1sico cowboy este modelo es el indicado. Est\u00e1 hecho en piel nobuck que es de textura lisa y fuerte al tacto","robots":{"index":"index","follow":"follow","max-snippet":"max-snippet:-1","max-image-preview":"max-image-preview:large","max-video-preview":"max-video-preview:-1"},"canonical":"https:\/\/tonymora.com\/es\/producto\/4453-tedy-rock-piton-bc-panizo-nobuck-teja\/","og_locale":"es_ES","og_type":"article","og_title":"4453 TEDY ROCK PITON BC PANIZO NOBUCK TEJA - Tony Mora\u00ae Boots Official Store","og_description":"Si te gusta el estilo cl\u00e1sico cowboy este modelo es el indicado. Est\u00e1 hecho en piel nobuck que es de textura lisa y fuerte al tacto","og_url":"https:\/\/tonymora.com\/es\/producto\/4453-tedy-rock-piton-bc-panizo-nobuck-teja\/","og_site_name":"Tony Mora\u00ae Boots Official Store","article_publisher":"https:\/\/www.facebook.com\/Tonymoraofficial\/","article_modified_time":"2026-04-09T05:32:51+00:00","og_image":[{"width":866,"height":1032,"url":"https:\/\/tonymora.com\/wp-content\/uploads\/2023\/11\/08-4453-TEDY-ROCK-PITON-BC-PANIZO-NOBUCK-TEJA.jpg","type":"image\/jpeg"}],"twitter_card":"summary_large_image","twitter_misc":{"Tiempo de lectura":"1 minuto"},"schema":{"@context":"https:\/\/schema.org","@graph":[{"@type":"WebPage","@id":"https:\/\/tonymora.com\/es\/producto\/4453-tedy-rock-piton-bc-panizo-nobuck-teja\/","url":"https:\/\/tonymora.com\/es\/producto\/4453-tedy-rock-piton-bc-panizo-nobuck-teja\/","name":"4453 TEDY ROCK PITON BC PANIZO NOBUCK TEJA - Tony Mora\u00ae Boots Official Store","isPartOf":{"@id":"https:\/\/tonymora.com\/es\/#website"},"primaryImageOfPage":{"@id":"https:\/\/tonymora.com\/es\/producto\/4453-tedy-rock-piton-bc-panizo-nobuck-teja\/#primaryimage"},"image":{"@id":"https:\/\/tonymora.com\/es\/producto\/4453-tedy-rock-piton-bc-panizo-nobuck-teja\/#primaryimage"},"thumbnailUrl":"https:\/\/tonymora.com\/wp-content\/uploads\/2023\/11\/08-4453-TEDY-ROCK-PITON-BC-PANIZO-NOBUCK-TEJA.jpg","datePublished":"2023-03-23T09:46:11+00:00","dateModified":"2026-04-09T05:32:51+00:00","description":"Si te gusta el estilo cl\u00e1sico cowboy este modelo es el indicado. Est\u00e1 hecho en piel nobuck que es de textura lisa y fuerte al tacto","breadcrumb":{"@id":"https:\/\/tonymora.com\/es\/producto\/4453-tedy-rock-piton-bc-panizo-nobuck-teja\/#breadcrumb"},"inLanguage":"es","potentialAction":[{"@type":"ReadAction","target":["https:\/\/tonymora.com\/es\/producto\/4453-tedy-rock-piton-bc-panizo-nobuck-teja\/"]}]},{"@type":"ImageObject","inLanguage":"es","@id":"https:\/\/tonymora.com\/es\/producto\/4453-tedy-rock-piton-bc-panizo-nobuck-teja\/#primaryimage","url":"https:\/\/tonymora.com\/wp-content\/uploads\/2023\/11\/08-4453-TEDY-ROCK-PITON-BC-PANIZO-NOBUCK-TEJA.jpg","contentUrl":"https:\/\/tonymora.com\/wp-content\/uploads\/2023\/11\/08-4453-TEDY-ROCK-PITON-BC-PANIZO-NOBUCK-TEJA.jpg","width":866,"height":1032},{"@type":"BreadcrumbList","@id":"https:\/\/tonymora.com\/es\/producto\/4453-tedy-rock-piton-bc-panizo-nobuck-teja\/#breadcrumb","itemListElement":[{"@type":"ListItem","position":1,"name":"Portada","item":"https:\/\/tonymora.com\/es\/"},{"@type":"ListItem","position":2,"name":"Tienda","item":"https:\/\/tonymora.com\/es\/tienda\/"},{"@type":"ListItem","position":3,"name":"Rebajas hombre","item":"https:\/\/tonymora.com\/es\/categoria-producto\/rebajas-hombre\/"},{"@type":"ListItem","position":4,"name":"4453 TEDY ROCK PITON BC PANIZO NOBUCK TEJA"}]},{"@type":"WebSite","@id":"https:\/\/tonymora.com\/es\/#website","url":"https:\/\/tonymora.com\/es\/","name":"Tony Mora\u00ae Boots Official Store","description":"Cowboy Boots","publisher":{"@id":"https:\/\/tonymora.com\/es\/#organization"},"potentialAction":[{"@type":"SearchAction","target":{"@type":"EntryPoint","urlTemplate":"https:\/\/tonymora.com\/es\/?s={search_term_string}"},"query-input":{"@type":"PropertyValueSpecification","valueRequired":true,"valueName":"search_term_string"}}],"inLanguage":"es"},{"@type":"Organization","@id":"https:\/\/tonymora.com\/es\/#organization","name":"Tony Mora Boots","url":"https:\/\/tonymora.com\/es\/","logo":{"@type":"ImageObject","inLanguage":"es","@id":"https:\/\/tonymora.com\/es\/#\/schema\/logo\/image\/","url":"https:\/\/tonymora.com\/wp-content\/uploads\/2023\/12\/LOGO.jpg","contentUrl":"https:\/\/tonymora.com\/wp-content\/uploads\/2023\/12\/LOGO.jpg","width":2272,"height":1411,"caption":"Tony Mora Boots"},"image":{"@id":"https:\/\/tonymora.com\/es\/#\/schema\/logo\/image\/"},"sameAs":["https:\/\/www.facebook.com\/Tonymoraofficial\/","https:\/\/www.instagram.com\/tonymoraofficial\/?hl=es"]}]}},"_links":{"self":[{"href":"https:\/\/tonymora.com\/es\/wp-json\/wp\/v2\/product\/702915","targetHints":{"allow":["GET"]}}],"collection":[{"href":"https:\/\/tonymora.com\/es\/wp-json\/wp\/v2\/product"}],"about":[{"href":"https:\/\/tonymora.com\/es\/wp-json\/wp\/v2\/types\/product"}],"wp:featuredmedia":[{"embeddable":true,"href":"https:\/\/tonymora.com\/es\/wp-json\/wp\/v2\/media\/706799"}],"wp:attachment":[{"href":"https:\/\/tonymora.com\/es\/wp-json\/wp\/v2\/media?parent=702915"}],"wp:term":[{"taxonomy":"product_brand","embeddable":true,"href":"https:\/\/tonymora.com\/es\/wp-json\/wp\/v2\/product_brand?post=702915"},{"taxonomy":"product_cat","embeddable":true,"href":"https:\/\/tonymora.com\/es\/wp-json\/wp\/v2\/product_cat?post=702915"},{"taxonomy":"product_tag","embeddable":true,"href":"https:\/\/tonymora.com\/es\/wp-json\/wp\/v2\/product_tag?post=702915"}],"curies":[{"name":"wp","href":"https:\/\/api.w.org\/{rel}","templated":true}]}}