{"id":703122,"date":"2023-03-23T12:24:22","date_gmt":"2023-03-23T11:24:22","guid":{"rendered":"https:\/\/tonymora.com\/?post_type=product&#038;p=703122"},"modified":"2026-04-05T07:32:49","modified_gmt":"2026-04-05T05:32:49","slug":"2416-daslu-lini-kasur-crema-palermo","status":"publish","type":"product","link":"https:\/\/tonymora.com\/es\/producto\/2416-daslu-lini-kasur-crema-palermo\/","title":{"rendered":"2416 DASLU LINI KASUR CREMA PALERMO"},"content":{"rendered":"<p>Estilo y elegancia se juntan para traer este par de botines. Hechos en 100% piel de ternera cuidadosamente tratada en nuestra f\u00e1brica, estos botines tienen el confort que necesitas, su suave piel las hace ideales desde la primera vez que las usas y su c\u00f3modo tac\u00f3n te permitir\u00e1 ir con ellas en todo momento. Tiene un disimulado cierre lateral que lo hace a\u00fan m\u00e1s un modelo pr\u00e1ctico y \u00fanico.<\/p>\n","protected":false},"excerpt":{"rendered":"<p>Elegancia atemporal con una actitud inconfundible. Perfecto para looks urbanos con car\u00e1cter.<br \/>\nEl toque final que convierte lo simple en memorable.<\/p>\n","protected":false},"featured_media":704157,"template":"","meta":{"_mbp_gutenberg_autopost":false},"product_brand":[],"product_cat":[1172,1133,121,112,1130],"product_tag":[],"class_list":{"0":"post-703122","1":"product","2":"type-product","3":"status-publish","4":"has-post-thumbnail","6":"product_cat-black-friday","7":"product_cat-botas-de-piel-mujer","8":"product_cat-botines-mujer","9":"product_cat-mujer","10":"product_cat-rebajas-mujer","12":"first","13":"outofstock","14":"taxable","15":"shipping-taxable","16":"purchasable","17":"product-type-variable"},"supplier_id":null,"supplier_sku":"","barcode":null,"atum_controlled":true,"out_stock_date":null,"out_stock_threshold":null,"inheritable":true,"inbound_stock":0,"stock_on_hold":0,"sold_today":0,"sales_last_days":0,"reserved_stock":0,"customer_returns":0,"warehouse_damage":0,"lost_in_post":0,"other_logs":0,"out_stock_days":0,"lost_sales":0,"has_location":false,"update_date":"2024-10-31T14:11:32","atum_locations":[],"atum_stock_status":"instock","restock_status":false,"low_stock_amount":"","sales_update_date":"2024-04-24T22:32:27","calc_backorders":null,"yoast_head":"<!-- This site is optimized with the Yoast SEO plugin v27.2 - https:\/\/yoast.com\/product\/yoast-seo-wordpress\/ -->\n<title>2416 DASLU LINI KASUR CREMA PALERMO - Tony Mora\u00ae Boots Official Store<\/title>\n<meta name=\"description\" content=\"Estilo y elegancia se juntan para traer este par de botines. Hechos en 100% piel de ternera cuidadosamente tratada en nuestra f\u00e1brica\" \/>\n<meta name=\"robots\" content=\"index, follow, max-snippet:-1, max-image-preview:large, max-video-preview:-1\" \/>\n<link rel=\"canonical\" href=\"https:\/\/tonymora.com\/es\/producto\/2416-daslu-lini-kasur-crema-palermo\/\" \/>\n<meta property=\"og:locale\" content=\"es_ES\" \/>\n<meta property=\"og:type\" content=\"article\" \/>\n<meta property=\"og:title\" content=\"2416 DASLU LINI KASUR CREMA PALERMO - Tony Mora\u00ae Boots Official Store\" \/>\n<meta property=\"og:description\" content=\"Estilo y elegancia se juntan para traer este par de botines. Hechos en 100% piel de ternera cuidadosamente tratada en nuestra f\u00e1brica\" \/>\n<meta property=\"og:url\" content=\"https:\/\/tonymora.com\/es\/producto\/2416-daslu-lini-kasur-crema-palermo\/\" \/>\n<meta property=\"og:site_name\" content=\"Tony Mora\u00ae Boots Official Store\" \/>\n<meta property=\"article:publisher\" content=\"https:\/\/www.facebook.com\/Tonymoraofficial\/\" \/>\n<meta property=\"article:modified_time\" content=\"2026-04-05T05:32:49+00:00\" \/>\n<meta property=\"og:image\" content=\"https:\/\/tonymora.com\/wp-content\/uploads\/2023\/03\/02-2416-DASLU-LINI-KASUR-CREMA-PALERMO-1.jpg\" \/>\n\t<meta property=\"og:image:width\" content=\"866\" \/>\n\t<meta property=\"og:image:height\" content=\"1032\" \/>\n\t<meta property=\"og:image:type\" content=\"image\/jpeg\" \/>\n<meta name=\"twitter:card\" content=\"summary_large_image\" \/>\n<meta name=\"twitter:label1\" content=\"Tiempo de lectura\" \/>\n\t<meta name=\"twitter:data1\" content=\"1 minuto\" \/>\n<script type=\"application\/ld+json\" class=\"yoast-schema-graph\">{\"@context\":\"https:\/\/schema.org\",\"@graph\":[{\"@type\":\"WebPage\",\"@id\":\"https:\/\/tonymora.com\/es\/producto\/2416-daslu-lini-kasur-crema-palermo\/\",\"url\":\"https:\/\/tonymora.com\/es\/producto\/2416-daslu-lini-kasur-crema-palermo\/\",\"name\":\"2416 DASLU LINI KASUR CREMA PALERMO - Tony Mora\u00ae Boots Official Store\",\"isPartOf\":{\"@id\":\"https:\/\/tonymora.com\/es\/#website\"},\"primaryImageOfPage\":{\"@id\":\"https:\/\/tonymora.com\/es\/producto\/2416-daslu-lini-kasur-crema-palermo\/#primaryimage\"},\"image\":{\"@id\":\"https:\/\/tonymora.com\/es\/producto\/2416-daslu-lini-kasur-crema-palermo\/#primaryimage\"},\"thumbnailUrl\":\"https:\/\/tonymora.com\/wp-content\/uploads\/2023\/03\/02-2416-DASLU-LINI-KASUR-CREMA-PALERMO-1.jpg\",\"datePublished\":\"2023-03-23T11:24:22+00:00\",\"dateModified\":\"2026-04-05T05:32:49+00:00\",\"description\":\"Estilo y elegancia se juntan para traer este par de botines. Hechos en 100% piel de ternera cuidadosamente tratada en nuestra f\u00e1brica\",\"breadcrumb\":{\"@id\":\"https:\/\/tonymora.com\/es\/producto\/2416-daslu-lini-kasur-crema-palermo\/#breadcrumb\"},\"inLanguage\":\"es\",\"potentialAction\":[{\"@type\":\"ReadAction\",\"target\":[\"https:\/\/tonymora.com\/es\/producto\/2416-daslu-lini-kasur-crema-palermo\/\"]}]},{\"@type\":\"ImageObject\",\"inLanguage\":\"es\",\"@id\":\"https:\/\/tonymora.com\/es\/producto\/2416-daslu-lini-kasur-crema-palermo\/#primaryimage\",\"url\":\"https:\/\/tonymora.com\/wp-content\/uploads\/2023\/03\/02-2416-DASLU-LINI-KASUR-CREMA-PALERMO-1.jpg\",\"contentUrl\":\"https:\/\/tonymora.com\/wp-content\/uploads\/2023\/03\/02-2416-DASLU-LINI-KASUR-CREMA-PALERMO-1.jpg\",\"width\":866,\"height\":1032},{\"@type\":\"BreadcrumbList\",\"@id\":\"https:\/\/tonymora.com\/es\/producto\/2416-daslu-lini-kasur-crema-palermo\/#breadcrumb\",\"itemListElement\":[{\"@type\":\"ListItem\",\"position\":1,\"name\":\"Portada\",\"item\":\"https:\/\/tonymora.com\/es\/\"},{\"@type\":\"ListItem\",\"position\":2,\"name\":\"Tienda\",\"item\":\"https:\/\/tonymora.com\/es\/tienda\/\"},{\"@type\":\"ListItem\",\"position\":3,\"name\":\"Black Friday\",\"item\":\"https:\/\/tonymora.com\/es\/categoria-producto\/black-friday\/\"},{\"@type\":\"ListItem\",\"position\":4,\"name\":\"2416 DASLU LINI KASUR CREMA PALERMO\"}]},{\"@type\":\"WebSite\",\"@id\":\"https:\/\/tonymora.com\/es\/#website\",\"url\":\"https:\/\/tonymora.com\/es\/\",\"name\":\"Tony Mora\u00ae Boots Official Store\",\"description\":\"Cowboy Boots\",\"publisher\":{\"@id\":\"https:\/\/tonymora.com\/es\/#organization\"},\"potentialAction\":[{\"@type\":\"SearchAction\",\"target\":{\"@type\":\"EntryPoint\",\"urlTemplate\":\"https:\/\/tonymora.com\/es\/?s={search_term_string}\"},\"query-input\":{\"@type\":\"PropertyValueSpecification\",\"valueRequired\":true,\"valueName\":\"search_term_string\"}}],\"inLanguage\":\"es\"},{\"@type\":\"Organization\",\"@id\":\"https:\/\/tonymora.com\/es\/#organization\",\"name\":\"Tony Mora Boots\",\"url\":\"https:\/\/tonymora.com\/es\/\",\"logo\":{\"@type\":\"ImageObject\",\"inLanguage\":\"es\",\"@id\":\"https:\/\/tonymora.com\/es\/#\/schema\/logo\/image\/\",\"url\":\"https:\/\/tonymora.com\/wp-content\/uploads\/2023\/12\/LOGO.jpg\",\"contentUrl\":\"https:\/\/tonymora.com\/wp-content\/uploads\/2023\/12\/LOGO.jpg\",\"width\":2272,\"height\":1411,\"caption\":\"Tony Mora Boots\"},\"image\":{\"@id\":\"https:\/\/tonymora.com\/es\/#\/schema\/logo\/image\/\"},\"sameAs\":[\"https:\/\/www.facebook.com\/Tonymoraofficial\/\",\"https:\/\/www.instagram.com\/tonymoraofficial\/?hl=es\"]}]}<\/script>\n<!-- \/ Yoast SEO plugin. -->","yoast_head_json":{"title":"2416 DASLU LINI KASUR CREMA PALERMO - Tony Mora\u00ae Boots Official Store","description":"Estilo y elegancia se juntan para traer este par de botines. Hechos en 100% piel de ternera cuidadosamente tratada en nuestra f\u00e1brica","robots":{"index":"index","follow":"follow","max-snippet":"max-snippet:-1","max-image-preview":"max-image-preview:large","max-video-preview":"max-video-preview:-1"},"canonical":"https:\/\/tonymora.com\/es\/producto\/2416-daslu-lini-kasur-crema-palermo\/","og_locale":"es_ES","og_type":"article","og_title":"2416 DASLU LINI KASUR CREMA PALERMO - Tony Mora\u00ae Boots Official Store","og_description":"Estilo y elegancia se juntan para traer este par de botines. Hechos en 100% piel de ternera cuidadosamente tratada en nuestra f\u00e1brica","og_url":"https:\/\/tonymora.com\/es\/producto\/2416-daslu-lini-kasur-crema-palermo\/","og_site_name":"Tony Mora\u00ae Boots Official Store","article_publisher":"https:\/\/www.facebook.com\/Tonymoraofficial\/","article_modified_time":"2026-04-05T05:32:49+00:00","og_image":[{"width":866,"height":1032,"url":"https:\/\/tonymora.com\/wp-content\/uploads\/2023\/03\/02-2416-DASLU-LINI-KASUR-CREMA-PALERMO-1.jpg","type":"image\/jpeg"}],"twitter_card":"summary_large_image","twitter_misc":{"Tiempo de lectura":"1 minuto"},"schema":{"@context":"https:\/\/schema.org","@graph":[{"@type":"WebPage","@id":"https:\/\/tonymora.com\/es\/producto\/2416-daslu-lini-kasur-crema-palermo\/","url":"https:\/\/tonymora.com\/es\/producto\/2416-daslu-lini-kasur-crema-palermo\/","name":"2416 DASLU LINI KASUR CREMA PALERMO - Tony Mora\u00ae Boots Official Store","isPartOf":{"@id":"https:\/\/tonymora.com\/es\/#website"},"primaryImageOfPage":{"@id":"https:\/\/tonymora.com\/es\/producto\/2416-daslu-lini-kasur-crema-palermo\/#primaryimage"},"image":{"@id":"https:\/\/tonymora.com\/es\/producto\/2416-daslu-lini-kasur-crema-palermo\/#primaryimage"},"thumbnailUrl":"https:\/\/tonymora.com\/wp-content\/uploads\/2023\/03\/02-2416-DASLU-LINI-KASUR-CREMA-PALERMO-1.jpg","datePublished":"2023-03-23T11:24:22+00:00","dateModified":"2026-04-05T05:32:49+00:00","description":"Estilo y elegancia se juntan para traer este par de botines. Hechos en 100% piel de ternera cuidadosamente tratada en nuestra f\u00e1brica","breadcrumb":{"@id":"https:\/\/tonymora.com\/es\/producto\/2416-daslu-lini-kasur-crema-palermo\/#breadcrumb"},"inLanguage":"es","potentialAction":[{"@type":"ReadAction","target":["https:\/\/tonymora.com\/es\/producto\/2416-daslu-lini-kasur-crema-palermo\/"]}]},{"@type":"ImageObject","inLanguage":"es","@id":"https:\/\/tonymora.com\/es\/producto\/2416-daslu-lini-kasur-crema-palermo\/#primaryimage","url":"https:\/\/tonymora.com\/wp-content\/uploads\/2023\/03\/02-2416-DASLU-LINI-KASUR-CREMA-PALERMO-1.jpg","contentUrl":"https:\/\/tonymora.com\/wp-content\/uploads\/2023\/03\/02-2416-DASLU-LINI-KASUR-CREMA-PALERMO-1.jpg","width":866,"height":1032},{"@type":"BreadcrumbList","@id":"https:\/\/tonymora.com\/es\/producto\/2416-daslu-lini-kasur-crema-palermo\/#breadcrumb","itemListElement":[{"@type":"ListItem","position":1,"name":"Portada","item":"https:\/\/tonymora.com\/es\/"},{"@type":"ListItem","position":2,"name":"Tienda","item":"https:\/\/tonymora.com\/es\/tienda\/"},{"@type":"ListItem","position":3,"name":"Black Friday","item":"https:\/\/tonymora.com\/es\/categoria-producto\/black-friday\/"},{"@type":"ListItem","position":4,"name":"2416 DASLU LINI KASUR CREMA PALERMO"}]},{"@type":"WebSite","@id":"https:\/\/tonymora.com\/es\/#website","url":"https:\/\/tonymora.com\/es\/","name":"Tony Mora\u00ae Boots Official Store","description":"Cowboy Boots","publisher":{"@id":"https:\/\/tonymora.com\/es\/#organization"},"potentialAction":[{"@type":"SearchAction","target":{"@type":"EntryPoint","urlTemplate":"https:\/\/tonymora.com\/es\/?s={search_term_string}"},"query-input":{"@type":"PropertyValueSpecification","valueRequired":true,"valueName":"search_term_string"}}],"inLanguage":"es"},{"@type":"Organization","@id":"https:\/\/tonymora.com\/es\/#organization","name":"Tony Mora Boots","url":"https:\/\/tonymora.com\/es\/","logo":{"@type":"ImageObject","inLanguage":"es","@id":"https:\/\/tonymora.com\/es\/#\/schema\/logo\/image\/","url":"https:\/\/tonymora.com\/wp-content\/uploads\/2023\/12\/LOGO.jpg","contentUrl":"https:\/\/tonymora.com\/wp-content\/uploads\/2023\/12\/LOGO.jpg","width":2272,"height":1411,"caption":"Tony Mora Boots"},"image":{"@id":"https:\/\/tonymora.com\/es\/#\/schema\/logo\/image\/"},"sameAs":["https:\/\/www.facebook.com\/Tonymoraofficial\/","https:\/\/www.instagram.com\/tonymoraofficial\/?hl=es"]}]}},"_links":{"self":[{"href":"https:\/\/tonymora.com\/es\/wp-json\/wp\/v2\/product\/703122","targetHints":{"allow":["GET"]}}],"collection":[{"href":"https:\/\/tonymora.com\/es\/wp-json\/wp\/v2\/product"}],"about":[{"href":"https:\/\/tonymora.com\/es\/wp-json\/wp\/v2\/types\/product"}],"wp:featuredmedia":[{"embeddable":true,"href":"https:\/\/tonymora.com\/es\/wp-json\/wp\/v2\/media\/704157"}],"wp:attachment":[{"href":"https:\/\/tonymora.com\/es\/wp-json\/wp\/v2\/media?parent=703122"}],"wp:term":[{"taxonomy":"product_brand","embeddable":true,"href":"https:\/\/tonymora.com\/es\/wp-json\/wp\/v2\/product_brand?post=703122"},{"taxonomy":"product_cat","embeddable":true,"href":"https:\/\/tonymora.com\/es\/wp-json\/wp\/v2\/product_cat?post=703122"},{"taxonomy":"product_tag","embeddable":true,"href":"https:\/\/tonymora.com\/es\/wp-json\/wp\/v2\/product_tag?post=703122"}],"curies":[{"name":"wp","href":"https:\/\/api.w.org\/{rel}","templated":true}]}}