{"id":705295,"date":"2023-10-09T14:49:01","date_gmt":"2023-10-09T12:49:01","guid":{"rendered":"https:\/\/tonymora.com\/?post_type=product&#038;p=705295"},"modified":"2025-04-08T01:48:14","modified_gmt":"2025-04-07T23:48:14","slug":"1802-tx-recto-madison-mostaza","status":"publish","type":"product","link":"https:\/\/tonymora.com\/es\/producto\/1802-tx-recto-madison-mostaza\/","title":{"rendered":"1802 TX RECTO MADISON MOSTAZA"},"content":{"rendered":"<p>\u00bfBuscas unas camperas de punta cuadrada? Echale un vistazo a este modelo que tiene una horma de estilo biker, un tac\u00f3n recto de 5 cm y un corte de ca\u00f1a recto. Adem\u00e1s de un delicado bordado floral en las ca\u00f1as con un hilo que contrasta con el color de piel. \u00a1An\u00edmate a por ellas!<\/p>\n","protected":false},"excerpt":{"rendered":"<p>Elegancia atemporal con una actitud inconfundible. Actitud decidida para looks con personalidad.<br \/>\nUna pieza que refuerza tu identidad y suma distinci\u00f3n sin esfuerzo.<\/p>\n","protected":false},"featured_media":711685,"template":"","meta":{"_mbp_gutenberg_autopost":false},"product_brand":[],"product_cat":[1172,113,119,1133,112,1130],"product_tag":[],"class_list":{"0":"post-705295","1":"product","2":"type-product","3":"status-publish","4":"has-post-thumbnail","6":"product_cat-black-friday","7":"product_cat-botas-biker-mujer","8":"product_cat-botas-casual-mujer","9":"product_cat-botas-de-piel-mujer","10":"product_cat-mujer","11":"product_cat-rebajas-mujer","13":"first","14":"instock","15":"taxable","16":"shipping-taxable","17":"purchasable","18":"product-type-variable"},"_links":{"self":[{"href":"https:\/\/tonymora.com\/es\/wp-json\/wp\/v2\/product\/705295","targetHints":{"allow":["GET"]}}],"collection":[{"href":"https:\/\/tonymora.com\/es\/wp-json\/wp\/v2\/product"}],"about":[{"href":"https:\/\/tonymora.com\/es\/wp-json\/wp\/v2\/types\/product"}],"wp:featuredmedia":[{"embeddable":true,"href":"https:\/\/tonymora.com\/es\/wp-json\/wp\/v2\/media\/711685"}],"wp:attachment":[{"href":"https:\/\/tonymora.com\/es\/wp-json\/wp\/v2\/media?parent=705295"}],"wp:term":[{"taxonomy":"product_brand","embeddable":true,"href":"https:\/\/tonymora.com\/es\/wp-json\/wp\/v2\/product_brand?post=705295"},{"taxonomy":"product_cat","embeddable":true,"href":"https:\/\/tonymora.com\/es\/wp-json\/wp\/v2\/product_cat?post=705295"},{"taxonomy":"product_tag","embeddable":true,"href":"https:\/\/tonymora.com\/es\/wp-json\/wp\/v2\/product_tag?post=705295"}],"curies":[{"name":"wp","href":"https:\/\/api.w.org\/{rel}","templated":true}]}}