{"id":706525,"date":"2023-11-09T15:42:40","date_gmt":"2023-11-09T14:42:40","guid":{"rendered":"https:\/\/staging.tonymora.com\/?post_type=product&#038;p=706525"},"modified":"2026-04-05T07:32:55","modified_gmt":"2026-04-05T05:32:55","slug":"1161-tx-sv-buff-marron","status":"publish","type":"product","link":"https:\/\/tonymora.com\/es\/producto\/1161-tx-sv-buff-marron\/","title":{"rendered":"1161 TX SV BUFF MARRON"},"content":{"rendered":"<p data-start=\"120\" data-end=\"531\"><strong data-start=\"120\" data-end=\"190\"><span class=\"_fadeIn_m1hgl_8\">Botas <\/span><span class=\"_fadeIn_m1hgl_8\">Biker <\/span><span class=\"_fadeIn_m1hgl_8\">marrones <\/span><span class=\"_fadeIn_m1hgl_8\">para <\/span><span class=\"_fadeIn_m1hgl_8\">hombre: <\/span><span class=\"_fadeIn_m1hgl_8\">car\u00e1cter, <\/span><span class=\"_fadeIn_m1hgl_8\">comodidad <\/span><span class=\"_fadeIn_m1hgl_8\">y <\/span><span class=\"_fadeIn_m1hgl_8\">artesan\u00eda.<\/span><\/strong><br data-start=\"190\" data-end=\"193\" \/><span class=\"_fadeIn_m1hgl_8\">Estas <\/span><span class=\"_fadeIn_m1hgl_8\">botas <\/span><span class=\"_fadeIn_m1hgl_8\">biker <\/span><span class=\"_fadeIn_m1hgl_8\">marrones <\/span><span class=\"_fadeIn_m1hgl_8\">combinan <\/span><span class=\"_fadeIn_m1hgl_8\">un <\/span><strong data-start=\"232\" data-end=\"261\"><span class=\"_fadeIn_m1hgl_8\">dise\u00f1o <\/span><span class=\"_fadeIn_m1hgl_8\">moderno <\/span><span class=\"_fadeIn_m1hgl_8\">y <\/span><span class=\"_fadeIn_m1hgl_8\">elegante<\/span><\/strong> <span class=\"_fadeIn_m1hgl_8\">con <\/span><span class=\"_fadeIn_m1hgl_8\">la <\/span><span class=\"_fadeIn_m1hgl_8\">esencia <\/span><span class=\"_fadeIn_m1hgl_8\">artesanal <\/span><span class=\"_fadeIn_m1hgl_8\">que <\/span><span class=\"_fadeIn_m1hgl_8\">distingue <\/span><span class=\"_fadeIn_m1hgl_8\">a <\/span><span class=\"_fadeIn_m1hgl_8\">Tony <\/span><span class=\"_fadeIn_m1hgl_8\">Mora. <\/span><span class=\"_fadeIn_m1hgl_8\">Est\u00e1n <\/span><span class=\"_fadeIn_m1hgl_8\">fabricadas <\/span><span class=\"_fadeIn_m1hgl_8\">en <\/span><strong data-start=\"334\" data-end=\"359\"><span class=\"_fadeIn_m1hgl_8\">cuero <\/span><span class=\"_fadeIn_m1hgl_8\">de <\/span><span class=\"_fadeIn_m1hgl_8\">alta <\/span><span class=\"_fadeIn_m1hgl_8\">calidad<\/span><\/strong><span class=\"_fadeIn_m1hgl_8\">, <\/span><span class=\"_fadeIn_m1hgl_8\">tratado <\/span><span class=\"_fadeIn_m1hgl_8\">especialmente <\/span><span class=\"_fadeIn_m1hgl_8\">para <\/span><span class=\"_fadeIn_m1hgl_8\">lograr <\/span><span class=\"_fadeIn_m1hgl_8\">una <\/span><strong data-start=\"399\" data-end=\"427\"><span class=\"_fadeIn_m1hgl_8\">textura <\/span><span class=\"_fadeIn_m1hgl_8\">suave <\/span><span class=\"_fadeIn_m1hgl_8\">y <\/span><span class=\"_fadeIn_m1hgl_8\">flexible<\/span><\/strong> <span class=\"_fadeIn_m1hgl_8\">desde <\/span><span class=\"_fadeIn_m1hgl_8\">el <\/span><span class=\"_fadeIn_m1hgl_8\">primer <\/span><span class=\"_fadeIn_m1hgl_8\">d\u00eda. <\/span><span class=\"_fadeIn_m1hgl_8\">La <\/span><strong data-start=\"452\" data-end=\"470\"><span class=\"_fadeIn_m1hgl_8\">horma <\/span><span class=\"_fadeIn_m1hgl_8\">cuadrada<\/span><\/strong> <span class=\"_fadeIn_m1hgl_8\">ofrece <\/span><span class=\"_fadeIn_m1hgl_8\">una <\/span><span class=\"_fadeIn_m1hgl_8\">pisada <\/span><span class=\"_fadeIn_m1hgl_8\">c\u00f3moda <\/span><span class=\"_fadeIn_m1hgl_8\">y <\/span><span class=\"_fadeIn_m1hgl_8\">segura, <\/span><span class=\"_fadeIn_m1hgl_8\">ideal <\/span><span class=\"_fadeIn_m1hgl_8\">para <\/span><span class=\"_fadeIn_m1hgl_8\">el <\/span><span class=\"_fadeIn_m1hgl_8\">uso <\/span><span class=\"_fadeIn_m1hgl_8\">diario.<\/span><\/p>\n<p data-start=\"533\" data-end=\"816\"><span class=\"_fadeIn_m1hgl_8\">El <\/span><strong data-start=\"536\" data-end=\"567\"><span class=\"_fadeIn_m1hgl_8\">interior <\/span><span class=\"_fadeIn_m1hgl_8\">en <\/span><span class=\"_fadeIn_m1hgl_8\">piel <\/span><span class=\"_fadeIn_m1hgl_8\">de <\/span><span class=\"_fadeIn_m1hgl_8\">ternera<\/span><\/strong> <span class=\"_fadeIn_m1hgl_8\">garantiza <\/span><span class=\"_fadeIn_m1hgl_8\">transpirabilidad <\/span><span class=\"_fadeIn_m1hgl_8\">y <\/span><span class=\"_fadeIn_m1hgl_8\">se <\/span><span class=\"_fadeIn_m1hgl_8\">adapta <\/span><span class=\"_fadeIn_m1hgl_8\">de <\/span><span class=\"_fadeIn_m1hgl_8\">forma <\/span><span class=\"_fadeIn_m1hgl_8\">natural <\/span><span class=\"_fadeIn_m1hgl_8\">a <\/span><span class=\"_fadeIn_m1hgl_8\">la <\/span><span class=\"_fadeIn_m1hgl_8\">forma <\/span><span class=\"_fadeIn_m1hgl_8\">del <\/span><span class=\"_fadeIn_m1hgl_8\">pie, <\/span><span class=\"_fadeIn_m1hgl_8\">ofreciendo <\/span><span class=\"_fadeIn_m1hgl_8\">una <\/span><span class=\"_fadeIn_m1hgl_8\">experiencia <\/span><span class=\"_fadeIn_m1hgl_8\">de <\/span><span class=\"_fadeIn_m1hgl_8\">uso <\/span><span class=\"_fadeIn_m1hgl_8\">confortable. <\/span><span class=\"_fadeIn_m1hgl_8\">Su <\/span><strong data-start=\"694\" data-end=\"723\"><span class=\"_fadeIn_m1hgl_8\">el\u00e1stico <\/span><span class=\"_fadeIn_m1hgl_8\">cubierto <\/span><span class=\"_fadeIn_m1hgl_8\">en <\/span><span class=\"_fadeIn_m1hgl_8\">piel<\/span><\/strong> <span class=\"_fadeIn_m1hgl_8\">no <\/span><span class=\"_fadeIn_m1hgl_8\">solo <\/span><span class=\"_fadeIn_m1hgl_8\">aporta <\/span><span class=\"_fadeIn_m1hgl_8\">car\u00e1cter <\/span><span class=\"_fadeIn_m1hgl_8\">al <\/span><span class=\"_fadeIn_m1hgl_8\">dise\u00f1o, <\/span><span class=\"_fadeIn_m1hgl_8\">sino <\/span><span class=\"_fadeIn_m1hgl_8\">que <\/span><span class=\"_fadeIn_m1hgl_8\">facilita <\/span><span class=\"_fadeIn_m1hgl_8\">el <\/span><span class=\"_fadeIn_m1hgl_8\">calce <\/span><span class=\"_fadeIn_m1hgl_8\">de <\/span><span class=\"_fadeIn_m1hgl_8\">manera <\/span><span class=\"_fadeIn_m1hgl_8\">pr\u00e1ctica <\/span><span class=\"_fadeIn_m1hgl_8\">y <\/span><span class=\"_fadeIn_m1hgl_8\">est\u00e9tica.<\/span><\/p>\n<p data-start=\"818\" data-end=\"953\"><strong data-start=\"818\" data-end=\"849\"><span class=\"_fadeIn_m1hgl_8\">Cada <\/span><span class=\"_fadeIn_m1hgl_8\">par <\/span><span class=\"_fadeIn_m1hgl_8\">est\u00e1 <\/span><span class=\"_fadeIn_m1hgl_8\">cosido <\/span><span class=\"_fadeIn_m1hgl_8\">a <\/span><span class=\"_fadeIn_m1hgl_8\">mano<\/span><\/strong> <span class=\"_fadeIn_m1hgl_8\">utilizando <\/span><span class=\"_fadeIn_m1hgl_8\">el <\/span><span class=\"_fadeIn_m1hgl_8\">reconocido <\/span><span class=\"_fadeIn_m1hgl_8\">sistema <\/span><strong data-start=\"883\" data-end=\"902\"><span class=\"_fadeIn_m1hgl_8\">Goodyear <\/span><span class=\"_fadeIn_m1hgl_8\">Welted<\/span><\/strong><span class=\"_fadeIn_m1hgl_8\">, <\/span><span class=\"_fadeIn_m1hgl_8\">sin\u00f3nimo <\/span><span class=\"_fadeIn_m1hgl_8\">de <\/span><strong data-start=\"916\" data-end=\"952\"><span class=\"_fadeIn_m1hgl_8\">durabilidad, <\/span><span class=\"_fadeIn_m1hgl_8\">calidad <\/span><span class=\"_fadeIn_m1hgl_8\">y <\/span><span class=\"_fadeIn_m1hgl_8\">tradici\u00f3n<\/span><\/strong><span class=\"_fadeIn_m1hgl_8\">.<\/span><\/p>\n","protected":false},"excerpt":{"rendered":"<p>Elegancia atemporal con una actitud inconfundible. Un cl\u00e1sico con mucha personalidad.<br \/>\nPara llevarla hoy, ma\u00f1ana y dentro de a\u00f1os, con la misma fuerza.<\/p>\n","protected":false},"featured_media":706573,"template":"","meta":{"_mbp_gutenberg_autopost":false},"product_brand":[],"product_cat":[1172,109,116,1129,118,108,1124],"product_tag":[],"class_list":{"0":"post-706525","1":"product","2":"type-product","3":"status-publish","4":"has-post-thumbnail","6":"product_cat-black-friday","7":"product_cat-botas-biker-hombre","8":"product_cat-botas-casual-hombre","9":"product_cat-botas-de-piel-hombre","10":"product_cat-botines-hombre","11":"product_cat-hombre","12":"product_cat-rebajas-hombre","14":"first","15":"instock","16":"taxable","17":"shipping-taxable","18":"purchasable","19":"product-type-variable"},"supplier_id":null,"supplier_sku":"","barcode":null,"atum_controlled":true,"out_stock_date":null,"out_stock_threshold":null,"inheritable":true,"inbound_stock":0,"stock_on_hold":5,"sold_today":1,"sales_last_days":1,"reserved_stock":0,"customer_returns":0,"warehouse_damage":0,"lost_in_post":0,"other_logs":0,"out_stock_days":0,"lost_sales":0,"has_location":false,"update_date":"2026-03-26T12:31:41","atum_locations":[],"atum_stock_status":"instock","restock_status":false,"low_stock_amount":"","sales_update_date":"2026-03-07T13:58:02","calc_backorders":null,"yoast_head":"<!-- This site is optimized with the Yoast SEO plugin v27.2 - https:\/\/yoast.com\/product\/yoast-seo-wordpress\/ -->\n<title>Botas biker marrones de piel con el\u00e1stico y hebilla | Tony Mora<\/title>\n<meta name=\"description\" content=\"Botas biker marrones para hombre con piel suave y el\u00e1stico cubierto. Dise\u00f1o c\u00f3modo, transpirable y cosido a mano con sistema Goodyear Welted.\" \/>\n<meta name=\"robots\" content=\"index, follow, max-snippet:-1, max-image-preview:large, max-video-preview:-1\" \/>\n<link rel=\"canonical\" href=\"https:\/\/tonymora.com\/es\/producto\/1161-tx-sv-buff-marron\/\" \/>\n<meta property=\"og:locale\" content=\"es_ES\" \/>\n<meta property=\"og:type\" content=\"article\" \/>\n<meta property=\"og:title\" content=\"Botas biker marrones de piel con el\u00e1stico y hebilla | Tony Mora\" \/>\n<meta property=\"og:description\" content=\"Botas biker marrones para hombre con piel suave y el\u00e1stico cubierto. Dise\u00f1o c\u00f3modo, transpirable y cosido a mano con sistema Goodyear Welted.\" \/>\n<meta property=\"og:url\" content=\"https:\/\/tonymora.com\/es\/producto\/1161-tx-sv-buff-marron\/\" \/>\n<meta property=\"og:site_name\" content=\"Tony Mora\u00ae Boots Official Store\" \/>\n<meta property=\"article:publisher\" content=\"https:\/\/www.facebook.com\/Tonymoraofficial\/\" \/>\n<meta property=\"article:modified_time\" content=\"2026-04-05T05:32:55+00:00\" \/>\n<meta property=\"og:image\" content=\"https:\/\/tonymora.com\/wp-content\/uploads\/2023\/11\/08-1161-TX-SV-BUFF-MARRON.jpg\" \/>\n\t<meta property=\"og:image:width\" content=\"866\" \/>\n\t<meta property=\"og:image:height\" content=\"1032\" \/>\n\t<meta property=\"og:image:type\" content=\"image\/jpeg\" \/>\n<meta name=\"twitter:card\" content=\"summary_large_image\" \/>\n<meta name=\"twitter:label1\" content=\"Tiempo de lectura\" \/>\n\t<meta name=\"twitter:data1\" content=\"1 minuto\" \/>\n<script type=\"application\/ld+json\" class=\"yoast-schema-graph\">{\"@context\":\"https:\/\/schema.org\",\"@graph\":[{\"@type\":\"WebPage\",\"@id\":\"https:\/\/tonymora.com\/es\/producto\/1161-tx-sv-buff-marron\/\",\"url\":\"https:\/\/tonymora.com\/es\/producto\/1161-tx-sv-buff-marron\/\",\"name\":\"Botas biker marrones de piel con el\u00e1stico y hebilla | Tony Mora\",\"isPartOf\":{\"@id\":\"https:\/\/tonymora.com\/es\/#website\"},\"primaryImageOfPage\":{\"@id\":\"https:\/\/tonymora.com\/es\/producto\/1161-tx-sv-buff-marron\/#primaryimage\"},\"image\":{\"@id\":\"https:\/\/tonymora.com\/es\/producto\/1161-tx-sv-buff-marron\/#primaryimage\"},\"thumbnailUrl\":\"https:\/\/tonymora.com\/wp-content\/uploads\/2023\/11\/08-1161-TX-SV-BUFF-MARRON.jpg\",\"datePublished\":\"2023-11-09T14:42:40+00:00\",\"dateModified\":\"2026-04-05T05:32:55+00:00\",\"description\":\"Botas biker marrones para hombre con piel suave y el\u00e1stico cubierto. Dise\u00f1o c\u00f3modo, transpirable y cosido a mano con sistema Goodyear Welted.\",\"breadcrumb\":{\"@id\":\"https:\/\/tonymora.com\/es\/producto\/1161-tx-sv-buff-marron\/#breadcrumb\"},\"inLanguage\":\"es\",\"potentialAction\":[{\"@type\":\"ReadAction\",\"target\":[\"https:\/\/tonymora.com\/es\/producto\/1161-tx-sv-buff-marron\/\"]}]},{\"@type\":\"ImageObject\",\"inLanguage\":\"es\",\"@id\":\"https:\/\/tonymora.com\/es\/producto\/1161-tx-sv-buff-marron\/#primaryimage\",\"url\":\"https:\/\/tonymora.com\/wp-content\/uploads\/2023\/11\/08-1161-TX-SV-BUFF-MARRON.jpg\",\"contentUrl\":\"https:\/\/tonymora.com\/wp-content\/uploads\/2023\/11\/08-1161-TX-SV-BUFF-MARRON.jpg\",\"width\":866,\"height\":1032,\"caption\":\"Botas biker marrones de piel para hombre\"},{\"@type\":\"BreadcrumbList\",\"@id\":\"https:\/\/tonymora.com\/es\/producto\/1161-tx-sv-buff-marron\/#breadcrumb\",\"itemListElement\":[{\"@type\":\"ListItem\",\"position\":1,\"name\":\"Portada\",\"item\":\"https:\/\/tonymora.com\/es\/\"},{\"@type\":\"ListItem\",\"position\":2,\"name\":\"Tienda\",\"item\":\"https:\/\/tonymora.com\/es\/tienda\/\"},{\"@type\":\"ListItem\",\"position\":3,\"name\":\"Hombre\",\"item\":\"https:\/\/tonymora.com\/es\/categoria-producto\/hombre\/\"},{\"@type\":\"ListItem\",\"position\":4,\"name\":\"1161 TX SV BUFF MARRON\"}]},{\"@type\":\"WebSite\",\"@id\":\"https:\/\/tonymora.com\/es\/#website\",\"url\":\"https:\/\/tonymora.com\/es\/\",\"name\":\"Tony Mora\u00ae Boots Official Store\",\"description\":\"Cowboy Boots\",\"publisher\":{\"@id\":\"https:\/\/tonymora.com\/es\/#organization\"},\"potentialAction\":[{\"@type\":\"SearchAction\",\"target\":{\"@type\":\"EntryPoint\",\"urlTemplate\":\"https:\/\/tonymora.com\/es\/?s={search_term_string}\"},\"query-input\":{\"@type\":\"PropertyValueSpecification\",\"valueRequired\":true,\"valueName\":\"search_term_string\"}}],\"inLanguage\":\"es\"},{\"@type\":\"Organization\",\"@id\":\"https:\/\/tonymora.com\/es\/#organization\",\"name\":\"Tony Mora Boots\",\"url\":\"https:\/\/tonymora.com\/es\/\",\"logo\":{\"@type\":\"ImageObject\",\"inLanguage\":\"es\",\"@id\":\"https:\/\/tonymora.com\/es\/#\/schema\/logo\/image\/\",\"url\":\"https:\/\/tonymora.com\/wp-content\/uploads\/2023\/12\/LOGO.jpg\",\"contentUrl\":\"https:\/\/tonymora.com\/wp-content\/uploads\/2023\/12\/LOGO.jpg\",\"width\":2272,\"height\":1411,\"caption\":\"Tony Mora Boots\"},\"image\":{\"@id\":\"https:\/\/tonymora.com\/es\/#\/schema\/logo\/image\/\"},\"sameAs\":[\"https:\/\/www.facebook.com\/Tonymoraofficial\/\",\"https:\/\/www.instagram.com\/tonymoraofficial\/?hl=es\"]}]}<\/script>\n<!-- \/ Yoast SEO plugin. -->","yoast_head_json":{"title":"Botas biker marrones de piel con el\u00e1stico y hebilla | Tony Mora","description":"Botas biker marrones para hombre con piel suave y el\u00e1stico cubierto. Dise\u00f1o c\u00f3modo, transpirable y cosido a mano con sistema Goodyear Welted.","robots":{"index":"index","follow":"follow","max-snippet":"max-snippet:-1","max-image-preview":"max-image-preview:large","max-video-preview":"max-video-preview:-1"},"canonical":"https:\/\/tonymora.com\/es\/producto\/1161-tx-sv-buff-marron\/","og_locale":"es_ES","og_type":"article","og_title":"Botas biker marrones de piel con el\u00e1stico y hebilla | Tony Mora","og_description":"Botas biker marrones para hombre con piel suave y el\u00e1stico cubierto. Dise\u00f1o c\u00f3modo, transpirable y cosido a mano con sistema Goodyear Welted.","og_url":"https:\/\/tonymora.com\/es\/producto\/1161-tx-sv-buff-marron\/","og_site_name":"Tony Mora\u00ae Boots Official Store","article_publisher":"https:\/\/www.facebook.com\/Tonymoraofficial\/","article_modified_time":"2026-04-05T05:32:55+00:00","og_image":[{"width":866,"height":1032,"url":"https:\/\/tonymora.com\/wp-content\/uploads\/2023\/11\/08-1161-TX-SV-BUFF-MARRON.jpg","type":"image\/jpeg"}],"twitter_card":"summary_large_image","twitter_misc":{"Tiempo de lectura":"1 minuto"},"schema":{"@context":"https:\/\/schema.org","@graph":[{"@type":"WebPage","@id":"https:\/\/tonymora.com\/es\/producto\/1161-tx-sv-buff-marron\/","url":"https:\/\/tonymora.com\/es\/producto\/1161-tx-sv-buff-marron\/","name":"Botas biker marrones de piel con el\u00e1stico y hebilla | Tony Mora","isPartOf":{"@id":"https:\/\/tonymora.com\/es\/#website"},"primaryImageOfPage":{"@id":"https:\/\/tonymora.com\/es\/producto\/1161-tx-sv-buff-marron\/#primaryimage"},"image":{"@id":"https:\/\/tonymora.com\/es\/producto\/1161-tx-sv-buff-marron\/#primaryimage"},"thumbnailUrl":"https:\/\/tonymora.com\/wp-content\/uploads\/2023\/11\/08-1161-TX-SV-BUFF-MARRON.jpg","datePublished":"2023-11-09T14:42:40+00:00","dateModified":"2026-04-05T05:32:55+00:00","description":"Botas biker marrones para hombre con piel suave y el\u00e1stico cubierto. Dise\u00f1o c\u00f3modo, transpirable y cosido a mano con sistema Goodyear Welted.","breadcrumb":{"@id":"https:\/\/tonymora.com\/es\/producto\/1161-tx-sv-buff-marron\/#breadcrumb"},"inLanguage":"es","potentialAction":[{"@type":"ReadAction","target":["https:\/\/tonymora.com\/es\/producto\/1161-tx-sv-buff-marron\/"]}]},{"@type":"ImageObject","inLanguage":"es","@id":"https:\/\/tonymora.com\/es\/producto\/1161-tx-sv-buff-marron\/#primaryimage","url":"https:\/\/tonymora.com\/wp-content\/uploads\/2023\/11\/08-1161-TX-SV-BUFF-MARRON.jpg","contentUrl":"https:\/\/tonymora.com\/wp-content\/uploads\/2023\/11\/08-1161-TX-SV-BUFF-MARRON.jpg","width":866,"height":1032,"caption":"Botas biker marrones de piel para hombre"},{"@type":"BreadcrumbList","@id":"https:\/\/tonymora.com\/es\/producto\/1161-tx-sv-buff-marron\/#breadcrumb","itemListElement":[{"@type":"ListItem","position":1,"name":"Portada","item":"https:\/\/tonymora.com\/es\/"},{"@type":"ListItem","position":2,"name":"Tienda","item":"https:\/\/tonymora.com\/es\/tienda\/"},{"@type":"ListItem","position":3,"name":"Hombre","item":"https:\/\/tonymora.com\/es\/categoria-producto\/hombre\/"},{"@type":"ListItem","position":4,"name":"1161 TX SV BUFF MARRON"}]},{"@type":"WebSite","@id":"https:\/\/tonymora.com\/es\/#website","url":"https:\/\/tonymora.com\/es\/","name":"Tony Mora\u00ae Boots Official Store","description":"Cowboy Boots","publisher":{"@id":"https:\/\/tonymora.com\/es\/#organization"},"potentialAction":[{"@type":"SearchAction","target":{"@type":"EntryPoint","urlTemplate":"https:\/\/tonymora.com\/es\/?s={search_term_string}"},"query-input":{"@type":"PropertyValueSpecification","valueRequired":true,"valueName":"search_term_string"}}],"inLanguage":"es"},{"@type":"Organization","@id":"https:\/\/tonymora.com\/es\/#organization","name":"Tony Mora Boots","url":"https:\/\/tonymora.com\/es\/","logo":{"@type":"ImageObject","inLanguage":"es","@id":"https:\/\/tonymora.com\/es\/#\/schema\/logo\/image\/","url":"https:\/\/tonymora.com\/wp-content\/uploads\/2023\/12\/LOGO.jpg","contentUrl":"https:\/\/tonymora.com\/wp-content\/uploads\/2023\/12\/LOGO.jpg","width":2272,"height":1411,"caption":"Tony Mora Boots"},"image":{"@id":"https:\/\/tonymora.com\/es\/#\/schema\/logo\/image\/"},"sameAs":["https:\/\/www.facebook.com\/Tonymoraofficial\/","https:\/\/www.instagram.com\/tonymoraofficial\/?hl=es"]}]}},"_links":{"self":[{"href":"https:\/\/tonymora.com\/es\/wp-json\/wp\/v2\/product\/706525","targetHints":{"allow":["GET"]}}],"collection":[{"href":"https:\/\/tonymora.com\/es\/wp-json\/wp\/v2\/product"}],"about":[{"href":"https:\/\/tonymora.com\/es\/wp-json\/wp\/v2\/types\/product"}],"wp:featuredmedia":[{"embeddable":true,"href":"https:\/\/tonymora.com\/es\/wp-json\/wp\/v2\/media\/706573"}],"wp:attachment":[{"href":"https:\/\/tonymora.com\/es\/wp-json\/wp\/v2\/media?parent=706525"}],"wp:term":[{"taxonomy":"product_brand","embeddable":true,"href":"https:\/\/tonymora.com\/es\/wp-json\/wp\/v2\/product_brand?post=706525"},{"taxonomy":"product_cat","embeddable":true,"href":"https:\/\/tonymora.com\/es\/wp-json\/wp\/v2\/product_cat?post=706525"},{"taxonomy":"product_tag","embeddable":true,"href":"https:\/\/tonymora.com\/es\/wp-json\/wp\/v2\/product_tag?post=706525"}],"curies":[{"name":"wp","href":"https:\/\/api.w.org\/{rel}","templated":true}]}}