{"id":706617,"date":"2023-11-09T15:55:28","date_gmt":"2023-11-09T14:55:28","guid":{"rendered":"https:\/\/staging.tonymora.com\/?post_type=product&#038;p=706617"},"modified":"2026-04-03T07:03:43","modified_gmt":"2026-04-03T05:03:43","slug":"1354-mt-mt-engrasado-marron-2","status":"publish","type":"product","link":"https:\/\/tonymora.com\/es\/producto\/1354-mt-mt-engrasado-marron-2\/","title":{"rendered":"1354 MT MT ENGRASADO MARR\u00d3N"},"content":{"rendered":"<p data-start=\"182\" data-end=\"605\"><strong data-start=\"182\" data-end=\"261\"><span class=\"_fadeIn_m1hgl_8\">Botas <\/span><span class=\"_fadeIn_m1hgl_8\">de <\/span><span class=\"_fadeIn_m1hgl_8\">piel <\/span><span class=\"_fadeIn_m1hgl_8\">marr\u00f3n <\/span><span class=\"_fadeIn_m1hgl_8\">engrasada: <\/span><span class=\"_fadeIn_m1hgl_8\">estilo, <\/span><span class=\"_fadeIn_m1hgl_8\">resistencia <\/span><span class=\"_fadeIn_m1hgl_8\">y <\/span><span class=\"_fadeIn_m1hgl_8\">confort <\/span><span class=\"_fadeIn_m1hgl_8\">en <\/span><span class=\"_fadeIn_m1hgl_8\">cada <\/span><span class=\"_fadeIn_m1hgl_8\">paso.<\/span><\/strong><br data-start=\"261\" data-end=\"264\" \/><span class=\"_fadeIn_m1hgl_8\">Dise\u00f1adas <\/span><span class=\"_fadeIn_m1hgl_8\">para <\/span><span class=\"_fadeIn_m1hgl_8\">quienes <\/span><span class=\"_fadeIn_m1hgl_8\">buscan <\/span><span class=\"_fadeIn_m1hgl_8\">calidad <\/span><span class=\"_fadeIn_m1hgl_8\">sin <\/span><span class=\"_fadeIn_m1hgl_8\">renunciar <\/span><span class=\"_fadeIn_m1hgl_8\">al <\/span><span class=\"_fadeIn_m1hgl_8\">estilo, <\/span><span class=\"_fadeIn_m1hgl_8\">estas <\/span><span class=\"_fadeIn_m1hgl_8\">botas <\/span><span class=\"_fadeIn_m1hgl_8\">de <\/span><strong data-start=\"342\" data-end=\"356\"><span class=\"_fadeIn_m1hgl_8\">media <\/span><span class=\"_fadeIn_m1hgl_8\">ca\u00f1a<\/span><\/strong> <span class=\"_fadeIn_m1hgl_8\">combinan <\/span><span class=\"_fadeIn_m1hgl_8\">un <\/span><span class=\"_fadeIn_m1hgl_8\">acabado <\/span><span class=\"_fadeIn_m1hgl_8\">impecable <\/span><span class=\"_fadeIn_m1hgl_8\">con <\/span><span class=\"_fadeIn_m1hgl_8\">una <\/span><span class=\"_fadeIn_m1hgl_8\">funcionalidad <\/span><span class=\"_fadeIn_m1hgl_8\">superior. <\/span><span class=\"_fadeIn_m1hgl_8\">Su <\/span><strong data-start=\"422\" data-end=\"458\"><span class=\"_fadeIn_m1hgl_8\">piel <\/span><span class=\"_fadeIn_m1hgl_8\">engrasada <\/span><span class=\"_fadeIn_m1hgl_8\">con <\/span><span class=\"_fadeIn_m1hgl_8\">cera <\/span><span class=\"_fadeIn_m1hgl_8\">de <\/span><span class=\"_fadeIn_m1hgl_8\">abeja<\/span><\/strong> <span class=\"_fadeIn_m1hgl_8\">no <\/span><span class=\"_fadeIn_m1hgl_8\">solo <\/span><span class=\"_fadeIn_m1hgl_8\">les <\/span><span class=\"_fadeIn_m1hgl_8\">otorga <\/span><span class=\"_fadeIn_m1hgl_8\">un <\/span><span class=\"_fadeIn_m1hgl_8\">brillo <\/span><span class=\"_fadeIn_m1hgl_8\">natural, <\/span><span class=\"_fadeIn_m1hgl_8\">sino <\/span><span class=\"_fadeIn_m1hgl_8\">que <\/span><strong data-start=\"506\" data-end=\"534\"><span class=\"_fadeIn_m1hgl_8\">protege <\/span><span class=\"_fadeIn_m1hgl_8\">y <\/span><span class=\"_fadeIn_m1hgl_8\">nutre <\/span><span class=\"_fadeIn_m1hgl_8\">el <\/span><span class=\"_fadeIn_m1hgl_8\">cuero<\/span><\/strong><span class=\"_fadeIn_m1hgl_8\">, <\/span><span class=\"_fadeIn_m1hgl_8\">previniendo <\/span><span class=\"_fadeIn_m1hgl_8\">ara\u00f1azos, <\/span><span class=\"_fadeIn_m1hgl_8\">sequedad <\/span><span class=\"_fadeIn_m1hgl_8\">y <\/span><span class=\"_fadeIn_m1hgl_8\">grietas, <\/span><span class=\"_fadeIn_m1hgl_8\">y <\/span><span class=\"_fadeIn_m1hgl_8\">prolongando <\/span><span class=\"_fadeIn_m1hgl_8\">su <\/span><span class=\"_fadeIn_m1hgl_8\">vida <\/span><span class=\"_fadeIn_m1hgl_8\">\u00fatil.<\/span><\/p>\n<p data-start=\"607\" data-end=\"926\"><span class=\"_fadeIn_m1hgl_8\">La <\/span><span class=\"_fadeIn_m1hgl_8\">suela <\/span><span class=\"_fadeIn_m1hgl_8\">robusta <\/span><span class=\"_fadeIn_m1hgl_8\">y <\/span><span class=\"_fadeIn_m1hgl_8\">antideslizante <\/span><span class=\"_fadeIn_m1hgl_8\">garantiza <\/span><span class=\"_fadeIn_m1hgl_8\">una <\/span><span class=\"_fadeIn_m1hgl_8\">pisada <\/span><span class=\"_fadeIn_m1hgl_8\">firme <\/span><span class=\"_fadeIn_m1hgl_8\">sobre <\/span><span class=\"_fadeIn_m1hgl_8\">cualquier <\/span><span class=\"_fadeIn_m1hgl_8\">terreno, <\/span><span class=\"_fadeIn_m1hgl_8\">mientras <\/span><span class=\"_fadeIn_m1hgl_8\">que <\/span><span class=\"_fadeIn_m1hgl_8\">las <\/span><strong data-start=\"710\" data-end=\"732\"><span class=\"_fadeIn_m1hgl_8\">elegantes <\/span><span class=\"_fadeIn_m1hgl_8\">hebillas<\/span><\/strong> <span class=\"_fadeIn_m1hgl_8\">aportan <\/span><span class=\"_fadeIn_m1hgl_8\">un <\/span><span class=\"_fadeIn_m1hgl_8\">toque <\/span><span class=\"_fadeIn_m1hgl_8\">de <\/span><span class=\"_fadeIn_m1hgl_8\">sofisticaci\u00f3n <\/span><span class=\"_fadeIn_m1hgl_8\">que <\/span><span class=\"_fadeIn_m1hgl_8\">eleva <\/span><span class=\"_fadeIn_m1hgl_8\">cualquier <\/span><span class=\"_fadeIn_m1hgl_8\">conjunto. <\/span><span class=\"_fadeIn_m1hgl_8\">Son <\/span><span class=\"_fadeIn_m1hgl_8\">perfectas <\/span><span class=\"_fadeIn_m1hgl_8\">tanto <\/span><span class=\"_fadeIn_m1hgl_8\">para <\/span><span class=\"_fadeIn_m1hgl_8\">el <\/span><span class=\"_fadeIn_m1hgl_8\">uso <\/span><span class=\"_fadeIn_m1hgl_8\">diario <\/span><span class=\"_fadeIn_m1hgl_8\">como <\/span><span class=\"_fadeIn_m1hgl_8\">para <\/span><span class=\"_fadeIn_m1hgl_8\">ocasiones <\/span><span class=\"_fadeIn_m1hgl_8\">especiales, <\/span><span class=\"_fadeIn_m1hgl_8\">adapt\u00e1ndose <\/span><span class=\"_fadeIn_m1hgl_8\">con <\/span><span class=\"_fadeIn_m1hgl_8\">facilidad <\/span><span class=\"_fadeIn_m1hgl_8\">a <\/span><span class=\"_fadeIn_m1hgl_8\">distintos <\/span><span class=\"_fadeIn_m1hgl_8\">estilos <\/span><span class=\"_fadeIn_m1hgl_8\">y <\/span><span class=\"_fadeIn_m1hgl_8\">contextos.<\/span><\/p>\n<p data-start=\"928\" data-end=\"1098\"><span class=\"_fadeIn_m1hgl_8\">El <\/span><span class=\"_fadeIn_m1hgl_8\">interior, <\/span><span class=\"_fadeIn_m1hgl_8\">forrado <\/span><span class=\"_fadeIn_m1hgl_8\">al <\/span><span class=\"_fadeIn_m1hgl_8\">100% <\/span><span class=\"_fadeIn_m1hgl_8\">con <\/span><strong data-start=\"961\" data-end=\"980\"><span class=\"_fadeIn_m1hgl_8\">piel <\/span><span class=\"_fadeIn_m1hgl_8\">de <\/span><span class=\"_fadeIn_m1hgl_8\">ternera<\/span><\/strong><span class=\"_fadeIn_m1hgl_8\">, <\/span><span class=\"_fadeIn_m1hgl_8\">proporciona <\/span><span class=\"_fadeIn_m1hgl_8\">un <\/span><span class=\"_fadeIn_m1hgl_8\">nivel <\/span><span class=\"_fadeIn_m1hgl_8\">superior <\/span><span class=\"_fadeIn_m1hgl_8\">de <\/span><strong data-start=\"1015\" data-end=\"1052\"><span class=\"_fadeIn_m1hgl_8\">comodidad, <\/span><span class=\"_fadeIn_m1hgl_8\">transpiraci\u00f3n <\/span><span class=\"_fadeIn_m1hgl_8\">y <\/span><span class=\"_fadeIn_m1hgl_8\">ajuste<\/span><\/strong><span class=\"_fadeIn_m1hgl_8\">, <\/span><span class=\"_fadeIn_m1hgl_8\">haciendo <\/span><span class=\"_fadeIn_m1hgl_8\">de <\/span><span class=\"_fadeIn_m1hgl_8\">cada <\/span><span class=\"_fadeIn_m1hgl_8\">paso <\/span><span class=\"_fadeIn_m1hgl_8\">una <\/span><span class=\"_fadeIn_m1hgl_8\">experiencia <\/span><span class=\"_fadeIn_m1hgl_8\">\u00fanica.<\/span><\/p>\n<p data-start=\"1100\" data-end=\"1197\"><strong data-start=\"1100\" data-end=\"1197\"><span class=\"_fadeIn_m1hgl_8\">Artesan\u00eda, <\/span><span class=\"_fadeIn_m1hgl_8\">durabilidad <\/span><span class=\"_fadeIn_m1hgl_8\">y <\/span><span class=\"_fadeIn_m1hgl_8\">dise\u00f1o <\/span><span class=\"_fadeIn_m1hgl_8\">se <\/span><span class=\"_fadeIn_m1hgl_8\">unen <\/span><span class=\"_fadeIn_m1hgl_8\">en <\/span><span class=\"_fadeIn_m1hgl_8\">unas <\/span><span class=\"_fadeIn_m1hgl_8\">botas <\/span><span class=\"_fadeIn_m1hgl_8\">pensadas <\/span><span class=\"_fadeIn_m1hgl_8\">para <\/span><span class=\"_fadeIn_m1hgl_8\">acompa\u00f1arte <\/span><span class=\"_fadeIn_m1hgl_8\">durante <\/span><span class=\"_fadeIn_m1hgl_8\">a\u00f1os.<\/span><\/strong><\/p>\n","protected":false},"excerpt":{"rendered":"<p>Una propuesta con alma, hecha para acompa\u00f1arte de verdad. Ese acento perfecto que suma personalidad.<br \/>\nUna pieza que refuerza tu identidad y suma distinci\u00f3n sin esfuerzo.<\/p>\n","protected":false},"featured_media":706665,"template":"","meta":{"_mbp_gutenberg_autopost":false},"product_brand":[],"product_cat":[1172,109,116,1129,108,1124],"product_tag":[],"class_list":{"0":"post-706617","1":"product","2":"type-product","3":"status-publish","4":"has-post-thumbnail","6":"product_cat-black-friday","7":"product_cat-botas-biker-hombre","8":"product_cat-botas-casual-hombre","9":"product_cat-botas-de-piel-hombre","10":"product_cat-hombre","11":"product_cat-rebajas-hombre","13":"first","14":"instock","15":"taxable","16":"shipping-taxable","17":"purchasable","18":"product-type-variable"},"supplier_id":null,"supplier_sku":"","barcode":null,"atum_controlled":true,"out_stock_date":null,"out_stock_threshold":null,"inheritable":true,"inbound_stock":0,"stock_on_hold":7,"sold_today":2,"sales_last_days":2,"reserved_stock":0,"customer_returns":0,"warehouse_damage":0,"lost_in_post":0,"other_logs":0,"out_stock_days":0,"lost_sales":0,"has_location":false,"update_date":"2026-03-26T10:18:41","atum_locations":[],"atum_stock_status":"instock","restock_status":false,"low_stock_amount":"","sales_update_date":"2025-11-14T05:30:00","calc_backorders":null,"yoast_head":"<!-- This site is optimized with the Yoast SEO plugin v27.2 - https:\/\/yoast.com\/product\/yoast-seo-wordpress\/ -->\n<title>Botas Marrones de Piel Engrasada Hombre | Tony Mora<\/title>\n<meta name=\"description\" content=\"Botas de piel marr\u00f3n engrasada, con hebilla y media ca\u00f1a. Elegantes, resistentes y vers\u00e1tiles. Hechas a mano para confort y estilo diario.\" \/>\n<meta name=\"robots\" content=\"index, follow, max-snippet:-1, max-image-preview:large, max-video-preview:-1\" \/>\n<link rel=\"canonical\" href=\"https:\/\/tonymora.com\/es\/producto\/1354-mt-mt-engrasado-marron-2\/\" \/>\n<meta property=\"og:locale\" content=\"es_ES\" \/>\n<meta property=\"og:type\" content=\"article\" \/>\n<meta property=\"og:title\" content=\"Botas Marrones de Piel Engrasada Hombre | Tony Mora\" \/>\n<meta property=\"og:description\" content=\"Botas de piel marr\u00f3n engrasada, con hebilla y media ca\u00f1a. Elegantes, resistentes y vers\u00e1tiles. Hechas a mano para confort y estilo diario.\" \/>\n<meta property=\"og:url\" content=\"https:\/\/tonymora.com\/es\/producto\/1354-mt-mt-engrasado-marron-2\/\" \/>\n<meta property=\"og:site_name\" content=\"Tony Mora\u00ae Boots Official Store\" \/>\n<meta property=\"article:publisher\" content=\"https:\/\/www.facebook.com\/Tonymoraofficial\/\" \/>\n<meta property=\"article:modified_time\" content=\"2026-04-03T05:03:43+00:00\" \/>\n<meta property=\"og:image\" content=\"https:\/\/tonymora.com\/wp-content\/uploads\/2023\/11\/08-1354-MT-MT-ENGRASADO-MARRON.jpg\" \/>\n\t<meta property=\"og:image:width\" content=\"866\" \/>\n\t<meta property=\"og:image:height\" content=\"1032\" \/>\n\t<meta property=\"og:image:type\" content=\"image\/jpeg\" \/>\n<meta name=\"twitter:card\" content=\"summary_large_image\" \/>\n<meta name=\"twitter:label1\" content=\"Tiempo de lectura\" \/>\n\t<meta name=\"twitter:data1\" content=\"1 minuto\" \/>\n<script type=\"application\/ld+json\" class=\"yoast-schema-graph\">{\"@context\":\"https:\/\/schema.org\",\"@graph\":[{\"@type\":\"WebPage\",\"@id\":\"https:\/\/tonymora.com\/es\/producto\/1354-mt-mt-engrasado-marron-2\/\",\"url\":\"https:\/\/tonymora.com\/es\/producto\/1354-mt-mt-engrasado-marron-2\/\",\"name\":\"Botas Marrones de Piel Engrasada Hombre | Tony Mora\",\"isPartOf\":{\"@id\":\"https:\/\/tonymora.com\/es\/#website\"},\"primaryImageOfPage\":{\"@id\":\"https:\/\/tonymora.com\/es\/producto\/1354-mt-mt-engrasado-marron-2\/#primaryimage\"},\"image\":{\"@id\":\"https:\/\/tonymora.com\/es\/producto\/1354-mt-mt-engrasado-marron-2\/#primaryimage\"},\"thumbnailUrl\":\"https:\/\/tonymora.com\/wp-content\/uploads\/2023\/11\/08-1354-MT-MT-ENGRASADO-MARRON.jpg\",\"datePublished\":\"2023-11-09T14:55:28+00:00\",\"dateModified\":\"2026-04-03T05:03:43+00:00\",\"description\":\"Botas de piel marr\u00f3n engrasada, con hebilla y media ca\u00f1a. Elegantes, resistentes y vers\u00e1tiles. Hechas a mano para confort y estilo diario.\",\"breadcrumb\":{\"@id\":\"https:\/\/tonymora.com\/es\/producto\/1354-mt-mt-engrasado-marron-2\/#breadcrumb\"},\"inLanguage\":\"es\",\"potentialAction\":[{\"@type\":\"ReadAction\",\"target\":[\"https:\/\/tonymora.com\/es\/producto\/1354-mt-mt-engrasado-marron-2\/\"]}]},{\"@type\":\"ImageObject\",\"inLanguage\":\"es\",\"@id\":\"https:\/\/tonymora.com\/es\/producto\/1354-mt-mt-engrasado-marron-2\/#primaryimage\",\"url\":\"https:\/\/tonymora.com\/wp-content\/uploads\/2023\/11\/08-1354-MT-MT-ENGRASADO-MARRON.jpg\",\"contentUrl\":\"https:\/\/tonymora.com\/wp-content\/uploads\/2023\/11\/08-1354-MT-MT-ENGRASADO-MARRON.jpg\",\"width\":866,\"height\":1032,\"caption\":\"Botas de piel marr\u00f3n engrasada\"},{\"@type\":\"BreadcrumbList\",\"@id\":\"https:\/\/tonymora.com\/es\/producto\/1354-mt-mt-engrasado-marron-2\/#breadcrumb\",\"itemListElement\":[{\"@type\":\"ListItem\",\"position\":1,\"name\":\"Portada\",\"item\":\"https:\/\/tonymora.com\/es\/\"},{\"@type\":\"ListItem\",\"position\":2,\"name\":\"Tienda\",\"item\":\"https:\/\/tonymora.com\/es\/tienda\/\"},{\"@type\":\"ListItem\",\"position\":3,\"name\":\"Hombre\",\"item\":\"https:\/\/tonymora.com\/es\/categoria-producto\/hombre\/\"},{\"@type\":\"ListItem\",\"position\":4,\"name\":\"1354 MT MT ENGRASADO MARR\u00d3N\"}]},{\"@type\":\"WebSite\",\"@id\":\"https:\/\/tonymora.com\/es\/#website\",\"url\":\"https:\/\/tonymora.com\/es\/\",\"name\":\"Tony Mora\u00ae Boots Official Store\",\"description\":\"Cowboy Boots\",\"publisher\":{\"@id\":\"https:\/\/tonymora.com\/es\/#organization\"},\"potentialAction\":[{\"@type\":\"SearchAction\",\"target\":{\"@type\":\"EntryPoint\",\"urlTemplate\":\"https:\/\/tonymora.com\/es\/?s={search_term_string}\"},\"query-input\":{\"@type\":\"PropertyValueSpecification\",\"valueRequired\":true,\"valueName\":\"search_term_string\"}}],\"inLanguage\":\"es\"},{\"@type\":\"Organization\",\"@id\":\"https:\/\/tonymora.com\/es\/#organization\",\"name\":\"Tony Mora Boots\",\"url\":\"https:\/\/tonymora.com\/es\/\",\"logo\":{\"@type\":\"ImageObject\",\"inLanguage\":\"es\",\"@id\":\"https:\/\/tonymora.com\/es\/#\/schema\/logo\/image\/\",\"url\":\"https:\/\/tonymora.com\/wp-content\/uploads\/2023\/12\/LOGO.jpg\",\"contentUrl\":\"https:\/\/tonymora.com\/wp-content\/uploads\/2023\/12\/LOGO.jpg\",\"width\":2272,\"height\":1411,\"caption\":\"Tony Mora Boots\"},\"image\":{\"@id\":\"https:\/\/tonymora.com\/es\/#\/schema\/logo\/image\/\"},\"sameAs\":[\"https:\/\/www.facebook.com\/Tonymoraofficial\/\",\"https:\/\/www.instagram.com\/tonymoraofficial\/?hl=es\"]}]}<\/script>\n<!-- \/ Yoast SEO plugin. -->","yoast_head_json":{"title":"Botas Marrones de Piel Engrasada Hombre | Tony Mora","description":"Botas de piel marr\u00f3n engrasada, con hebilla y media ca\u00f1a. Elegantes, resistentes y vers\u00e1tiles. Hechas a mano para confort y estilo diario.","robots":{"index":"index","follow":"follow","max-snippet":"max-snippet:-1","max-image-preview":"max-image-preview:large","max-video-preview":"max-video-preview:-1"},"canonical":"https:\/\/tonymora.com\/es\/producto\/1354-mt-mt-engrasado-marron-2\/","og_locale":"es_ES","og_type":"article","og_title":"Botas Marrones de Piel Engrasada Hombre | Tony Mora","og_description":"Botas de piel marr\u00f3n engrasada, con hebilla y media ca\u00f1a. Elegantes, resistentes y vers\u00e1tiles. Hechas a mano para confort y estilo diario.","og_url":"https:\/\/tonymora.com\/es\/producto\/1354-mt-mt-engrasado-marron-2\/","og_site_name":"Tony Mora\u00ae Boots Official Store","article_publisher":"https:\/\/www.facebook.com\/Tonymoraofficial\/","article_modified_time":"2026-04-03T05:03:43+00:00","og_image":[{"width":866,"height":1032,"url":"https:\/\/tonymora.com\/wp-content\/uploads\/2023\/11\/08-1354-MT-MT-ENGRASADO-MARRON.jpg","type":"image\/jpeg"}],"twitter_card":"summary_large_image","twitter_misc":{"Tiempo de lectura":"1 minuto"},"schema":{"@context":"https:\/\/schema.org","@graph":[{"@type":"WebPage","@id":"https:\/\/tonymora.com\/es\/producto\/1354-mt-mt-engrasado-marron-2\/","url":"https:\/\/tonymora.com\/es\/producto\/1354-mt-mt-engrasado-marron-2\/","name":"Botas Marrones de Piel Engrasada Hombre | Tony Mora","isPartOf":{"@id":"https:\/\/tonymora.com\/es\/#website"},"primaryImageOfPage":{"@id":"https:\/\/tonymora.com\/es\/producto\/1354-mt-mt-engrasado-marron-2\/#primaryimage"},"image":{"@id":"https:\/\/tonymora.com\/es\/producto\/1354-mt-mt-engrasado-marron-2\/#primaryimage"},"thumbnailUrl":"https:\/\/tonymora.com\/wp-content\/uploads\/2023\/11\/08-1354-MT-MT-ENGRASADO-MARRON.jpg","datePublished":"2023-11-09T14:55:28+00:00","dateModified":"2026-04-03T05:03:43+00:00","description":"Botas de piel marr\u00f3n engrasada, con hebilla y media ca\u00f1a. Elegantes, resistentes y vers\u00e1tiles. Hechas a mano para confort y estilo diario.","breadcrumb":{"@id":"https:\/\/tonymora.com\/es\/producto\/1354-mt-mt-engrasado-marron-2\/#breadcrumb"},"inLanguage":"es","potentialAction":[{"@type":"ReadAction","target":["https:\/\/tonymora.com\/es\/producto\/1354-mt-mt-engrasado-marron-2\/"]}]},{"@type":"ImageObject","inLanguage":"es","@id":"https:\/\/tonymora.com\/es\/producto\/1354-mt-mt-engrasado-marron-2\/#primaryimage","url":"https:\/\/tonymora.com\/wp-content\/uploads\/2023\/11\/08-1354-MT-MT-ENGRASADO-MARRON.jpg","contentUrl":"https:\/\/tonymora.com\/wp-content\/uploads\/2023\/11\/08-1354-MT-MT-ENGRASADO-MARRON.jpg","width":866,"height":1032,"caption":"Botas de piel marr\u00f3n engrasada"},{"@type":"BreadcrumbList","@id":"https:\/\/tonymora.com\/es\/producto\/1354-mt-mt-engrasado-marron-2\/#breadcrumb","itemListElement":[{"@type":"ListItem","position":1,"name":"Portada","item":"https:\/\/tonymora.com\/es\/"},{"@type":"ListItem","position":2,"name":"Tienda","item":"https:\/\/tonymora.com\/es\/tienda\/"},{"@type":"ListItem","position":3,"name":"Hombre","item":"https:\/\/tonymora.com\/es\/categoria-producto\/hombre\/"},{"@type":"ListItem","position":4,"name":"1354 MT MT ENGRASADO MARR\u00d3N"}]},{"@type":"WebSite","@id":"https:\/\/tonymora.com\/es\/#website","url":"https:\/\/tonymora.com\/es\/","name":"Tony Mora\u00ae Boots Official Store","description":"Cowboy Boots","publisher":{"@id":"https:\/\/tonymora.com\/es\/#organization"},"potentialAction":[{"@type":"SearchAction","target":{"@type":"EntryPoint","urlTemplate":"https:\/\/tonymora.com\/es\/?s={search_term_string}"},"query-input":{"@type":"PropertyValueSpecification","valueRequired":true,"valueName":"search_term_string"}}],"inLanguage":"es"},{"@type":"Organization","@id":"https:\/\/tonymora.com\/es\/#organization","name":"Tony Mora Boots","url":"https:\/\/tonymora.com\/es\/","logo":{"@type":"ImageObject","inLanguage":"es","@id":"https:\/\/tonymora.com\/es\/#\/schema\/logo\/image\/","url":"https:\/\/tonymora.com\/wp-content\/uploads\/2023\/12\/LOGO.jpg","contentUrl":"https:\/\/tonymora.com\/wp-content\/uploads\/2023\/12\/LOGO.jpg","width":2272,"height":1411,"caption":"Tony Mora Boots"},"image":{"@id":"https:\/\/tonymora.com\/es\/#\/schema\/logo\/image\/"},"sameAs":["https:\/\/www.facebook.com\/Tonymoraofficial\/","https:\/\/www.instagram.com\/tonymoraofficial\/?hl=es"]}]}},"_links":{"self":[{"href":"https:\/\/tonymora.com\/es\/wp-json\/wp\/v2\/product\/706617","targetHints":{"allow":["GET"]}}],"collection":[{"href":"https:\/\/tonymora.com\/es\/wp-json\/wp\/v2\/product"}],"about":[{"href":"https:\/\/tonymora.com\/es\/wp-json\/wp\/v2\/types\/product"}],"wp:featuredmedia":[{"embeddable":true,"href":"https:\/\/tonymora.com\/es\/wp-json\/wp\/v2\/media\/706665"}],"wp:attachment":[{"href":"https:\/\/tonymora.com\/es\/wp-json\/wp\/v2\/media?parent=706617"}],"wp:term":[{"taxonomy":"product_brand","embeddable":true,"href":"https:\/\/tonymora.com\/es\/wp-json\/wp\/v2\/product_brand?post=706617"},{"taxonomy":"product_cat","embeddable":true,"href":"https:\/\/tonymora.com\/es\/wp-json\/wp\/v2\/product_cat?post=706617"},{"taxonomy":"product_tag","embeddable":true,"href":"https:\/\/tonymora.com\/es\/wp-json\/wp\/v2\/product_tag?post=706617"}],"curies":[{"name":"wp","href":"https:\/\/api.w.org\/{rel}","templated":true}]}}