{"id":706684,"date":"2023-11-09T16:00:52","date_gmt":"2023-11-09T15:00:52","guid":{"rendered":"https:\/\/staging.tonymora.com\/?post_type=product&#038;p=706684"},"modified":"2026-05-01T13:17:33","modified_gmt":"2026-05-01T11:17:33","slug":"2332-tx-sv-club-negro","status":"publish","type":"product","link":"https:\/\/tonymora.com\/es\/producto\/2332-tx-sv-club-negro\/","title":{"rendered":"2332 TX SV CLUB NEGRO"},"content":{"rendered":"<p>Estas botas son el resultado de un trabajo hecho con amor, la combinaci\u00f3n perfecta entre lo moderno y lo elegante. Fabricadas con piel de la m\u00e1s alta calidad destacan por su dise\u00f1o refinado y detalles exclusivos. Con una ca\u00f1a de altura media, hebillas plateadas y una tira de piel que facilita el momento de pon\u00e9rselas se han convertido una experiencia de calidad.<\/p>\n","protected":false},"excerpt":{"rendered":"<p>Una elecci\u00f3n que se siente especial nada m\u00e1s verla. Un detalle protagonista que aporta distinci\u00f3n.<br \/>\nUna pieza que refuerza tu identidad y suma distinci\u00f3n sin esfuerzo.<\/p>\n","protected":false},"featured_media":711700,"template":"","meta":{"_mbp_gutenberg_autopost":false},"product_brand":[],"product_cat":[1172,109,1129,108,1124],"product_tag":[],"class_list":{"0":"post-706684","1":"product","2":"type-product","3":"status-publish","4":"has-post-thumbnail","6":"product_cat-black-friday","7":"product_cat-botas-biker-hombre","8":"product_cat-botas-de-piel-hombre","9":"product_cat-hombre","10":"product_cat-rebajas-hombre","12":"first","13":"instock","14":"taxable","15":"shipping-taxable","16":"purchasable","17":"product-type-variable"},"_links":{"self":[{"href":"https:\/\/tonymora.com\/es\/wp-json\/wp\/v2\/product\/706684","targetHints":{"allow":["GET"]}}],"collection":[{"href":"https:\/\/tonymora.com\/es\/wp-json\/wp\/v2\/product"}],"about":[{"href":"https:\/\/tonymora.com\/es\/wp-json\/wp\/v2\/types\/product"}],"wp:featuredmedia":[{"embeddable":true,"href":"https:\/\/tonymora.com\/es\/wp-json\/wp\/v2\/media\/711700"}],"wp:attachment":[{"href":"https:\/\/tonymora.com\/es\/wp-json\/wp\/v2\/media?parent=706684"}],"wp:term":[{"taxonomy":"product_brand","embeddable":true,"href":"https:\/\/tonymora.com\/es\/wp-json\/wp\/v2\/product_brand?post=706684"},{"taxonomy":"product_cat","embeddable":true,"href":"https:\/\/tonymora.com\/es\/wp-json\/wp\/v2\/product_cat?post=706684"},{"taxonomy":"product_tag","embeddable":true,"href":"https:\/\/tonymora.com\/es\/wp-json\/wp\/v2\/product_tag?post=706684"}],"curies":[{"name":"wp","href":"https:\/\/api.w.org\/{rel}","templated":true}]}}