{"id":707310,"date":"2023-11-13T14:27:38","date_gmt":"2023-11-13T13:27:38","guid":{"rendered":"https:\/\/tonymora.com\/?post_type=product&#038;p=707310"},"modified":"2026-04-23T07:32:46","modified_gmt":"2026-04-23T05:32:46","slug":"2845-j-lini-serraje-gris-club-negro-2","status":"publish","type":"product","link":"https:\/\/tonymora.com\/es\/producto\/2845-j-lini-serraje-gris-club-negro-2\/","title":{"rendered":"2845 J LINI SERRAJE GRIS \/ CLUB NEGRO"},"content":{"rendered":"<p>\u00a1Un dise\u00f1o verdaderamente \u00fanico y atrevido! Este modelo presenta una combinaci\u00f3n excepcional, cuero de la m\u00e1s alta calidad con un lujoso serraje de color gris. En su ca\u00f1a nos encontramos con un bajo fondo en forma de murci\u00e9lago en cuero naranja y bordados a mano, aportando car\u00e1cter y originalidad. La elecci\u00f3n de estos materiales suaves y elegantes aporta un toque de distinci\u00f3n inigualable. Se trata de una pieza \u00fanica cosida a mano mediante el sistema \u00abGoodyear welted\u00bb para as\u00ed garantizar la m\u00e1xima durabilidad y calidad.<\/p>\n","protected":false},"excerpt":{"rendered":"<p>Una pieza pensada para destacar con discreci\u00f3n y seguridad. Un acabado con personalidad que destaca con sutileza.<br \/>\nPensada para vivir momentos, no para seguir tendencias.<\/p>\n","protected":false},"featured_media":723309,"template":"","meta":{"_mbp_gutenberg_autopost":false},"product_brand":[],"product_cat":[1172,120,1133,112,1130],"product_tag":[],"class_list":{"0":"post-707310","1":"product","2":"type-product","3":"status-publish","4":"has-post-thumbnail","6":"product_cat-black-friday","7":"product_cat-botas-de-baile-en-linea-mujer","8":"product_cat-botas-de-piel-mujer","9":"product_cat-mujer","10":"product_cat-rebajas-mujer","12":"first","13":"instock","14":"taxable","15":"shipping-taxable","16":"purchasable","17":"product-type-variable"},"supplier_id":null,"supplier_sku":"","barcode":null,"atum_controlled":true,"out_stock_date":null,"out_stock_threshold":null,"inheritable":true,"inbound_stock":0,"stock_on_hold":1,"sold_today":0,"sales_last_days":0,"reserved_stock":0,"customer_returns":0,"warehouse_damage":0,"lost_in_post":0,"other_logs":0,"out_stock_days":0,"lost_sales":0,"has_location":false,"update_date":"2026-03-20T17:01:03","atum_locations":[],"atum_stock_status":"instock","restock_status":false,"low_stock_amount":"","sales_update_date":"2026-02-09T11:26:19","calc_backorders":null,"yoast_head":"<!-- This site is optimized with the Yoast SEO plugin v27.4 - https:\/\/yoast.com\/product\/yoast-seo-wordpress\/ -->\n<title>2845 J LINI SERRAJE GRIS \/ CLUB NEGRO - Tony Mora\u00ae Boots Official Store<\/title>\n<meta name=\"description\" content=\"\u00a1Un dise\u00f1o verdaderamente \u00fanico y atrevido! Este modelo presenta una combinaci\u00f3n excepcional, cuero de la m\u00e1s alta calidad con un serraje de color gris.\" \/>\n<meta name=\"robots\" content=\"index, follow, max-snippet:-1, max-image-preview:large, max-video-preview:-1\" \/>\n<link rel=\"canonical\" href=\"https:\/\/tonymora.com\/es\/producto\/2845-j-lini-serraje-gris-club-negro-2\/\" \/>\n<meta property=\"og:locale\" content=\"es_ES\" \/>\n<meta property=\"og:type\" content=\"article\" \/>\n<meta property=\"og:title\" content=\"2845 J LINI SERRAJE GRIS \/ CLUB NEGRO - Tony Mora\u00ae Boots Official Store\" \/>\n<meta property=\"og:description\" content=\"\u00a1Un dise\u00f1o verdaderamente \u00fanico y atrevido! Este modelo presenta una combinaci\u00f3n excepcional, cuero de la m\u00e1s alta calidad con un serraje de color gris.\" \/>\n<meta property=\"og:url\" content=\"https:\/\/tonymora.com\/es\/producto\/2845-j-lini-serraje-gris-club-negro-2\/\" \/>\n<meta property=\"og:site_name\" content=\"Tony Mora\u00ae Boots Official Store\" \/>\n<meta property=\"article:publisher\" content=\"https:\/\/www.facebook.com\/Tonymoraofficial\/\" \/>\n<meta property=\"article:modified_time\" content=\"2026-04-23T05:32:46+00:00\" \/>\n<meta property=\"og:image\" content=\"https:\/\/tonymora.com\/wp-content\/uploads\/2023\/11\/4-671x800.png\" \/>\n\t<meta property=\"og:image:width\" content=\"671\" \/>\n\t<meta property=\"og:image:height\" content=\"800\" \/>\n\t<meta property=\"og:image:type\" content=\"image\/png\" \/>\n<meta name=\"twitter:card\" content=\"summary_large_image\" \/>\n<meta name=\"twitter:label1\" content=\"Tiempo de lectura\" \/>\n\t<meta name=\"twitter:data1\" content=\"1 minuto\" \/>\n<script type=\"application\/ld+json\" class=\"yoast-schema-graph\">{\"@context\":\"https:\\\/\\\/schema.org\",\"@graph\":[{\"@type\":\"WebPage\",\"@id\":\"https:\\\/\\\/tonymora.com\\\/es\\\/producto\\\/2845-j-lini-serraje-gris-club-negro-2\\\/\",\"url\":\"https:\\\/\\\/tonymora.com\\\/es\\\/producto\\\/2845-j-lini-serraje-gris-club-negro-2\\\/\",\"name\":\"2845 J LINI SERRAJE GRIS \\\/ CLUB NEGRO - Tony Mora\u00ae Boots Official Store\",\"isPartOf\":{\"@id\":\"https:\\\/\\\/tonymora.com\\\/es\\\/#website\"},\"primaryImageOfPage\":{\"@id\":\"https:\\\/\\\/tonymora.com\\\/es\\\/producto\\\/2845-j-lini-serraje-gris-club-negro-2\\\/#primaryimage\"},\"image\":{\"@id\":\"https:\\\/\\\/tonymora.com\\\/es\\\/producto\\\/2845-j-lini-serraje-gris-club-negro-2\\\/#primaryimage\"},\"thumbnailUrl\":\"https:\\\/\\\/tonymora.com\\\/wp-content\\\/uploads\\\/2023\\\/11\\\/4.png\",\"datePublished\":\"2023-11-13T13:27:38+00:00\",\"dateModified\":\"2026-04-23T05:32:46+00:00\",\"description\":\"\u00a1Un dise\u00f1o verdaderamente \u00fanico y atrevido! Este modelo presenta una combinaci\u00f3n excepcional, cuero de la m\u00e1s alta calidad con un serraje de color gris.\",\"breadcrumb\":{\"@id\":\"https:\\\/\\\/tonymora.com\\\/es\\\/producto\\\/2845-j-lini-serraje-gris-club-negro-2\\\/#breadcrumb\"},\"inLanguage\":\"es\",\"potentialAction\":[{\"@type\":\"ReadAction\",\"target\":[\"https:\\\/\\\/tonymora.com\\\/es\\\/producto\\\/2845-j-lini-serraje-gris-club-negro-2\\\/\"]}]},{\"@type\":\"ImageObject\",\"inLanguage\":\"es\",\"@id\":\"https:\\\/\\\/tonymora.com\\\/es\\\/producto\\\/2845-j-lini-serraje-gris-club-negro-2\\\/#primaryimage\",\"url\":\"https:\\\/\\\/tonymora.com\\\/wp-content\\\/uploads\\\/2023\\\/11\\\/4.png\",\"contentUrl\":\"https:\\\/\\\/tonymora.com\\\/wp-content\\\/uploads\\\/2023\\\/11\\\/4.png\",\"width\":1840,\"height\":2193},{\"@type\":\"BreadcrumbList\",\"@id\":\"https:\\\/\\\/tonymora.com\\\/es\\\/producto\\\/2845-j-lini-serraje-gris-club-negro-2\\\/#breadcrumb\",\"itemListElement\":[{\"@type\":\"ListItem\",\"position\":1,\"name\":\"Portada\",\"item\":\"https:\\\/\\\/tonymora.com\\\/es\\\/\"},{\"@type\":\"ListItem\",\"position\":2,\"name\":\"Tienda\",\"item\":\"https:\\\/\\\/tonymora.com\\\/es\\\/tienda\\\/\"},{\"@type\":\"ListItem\",\"position\":3,\"name\":\"Mujer\",\"item\":\"https:\\\/\\\/tonymora.com\\\/es\\\/categoria-producto\\\/mujer\\\/\"},{\"@type\":\"ListItem\",\"position\":4,\"name\":\"Botas de Baile en L\u00ednea Mujer\",\"item\":\"https:\\\/\\\/tonymora.com\\\/es\\\/categoria-producto\\\/mujer\\\/botas-de-baile-en-linea-mujer\\\/\"},{\"@type\":\"ListItem\",\"position\":5,\"name\":\"2845 J LINI SERRAJE GRIS \\\/ CLUB NEGRO\"}]},{\"@type\":\"WebSite\",\"@id\":\"https:\\\/\\\/tonymora.com\\\/es\\\/#website\",\"url\":\"https:\\\/\\\/tonymora.com\\\/es\\\/\",\"name\":\"Tony Mora\u00ae Boots Official Store\",\"description\":\"Cowboy Boots\",\"publisher\":{\"@id\":\"https:\\\/\\\/tonymora.com\\\/es\\\/#organization\"},\"potentialAction\":[{\"@type\":\"SearchAction\",\"target\":{\"@type\":\"EntryPoint\",\"urlTemplate\":\"https:\\\/\\\/tonymora.com\\\/es\\\/?s={search_term_string}\"},\"query-input\":{\"@type\":\"PropertyValueSpecification\",\"valueRequired\":true,\"valueName\":\"search_term_string\"}}],\"inLanguage\":\"es\"},{\"@type\":\"Organization\",\"@id\":\"https:\\\/\\\/tonymora.com\\\/es\\\/#organization\",\"name\":\"Tony Mora Boots\",\"url\":\"https:\\\/\\\/tonymora.com\\\/es\\\/\",\"logo\":{\"@type\":\"ImageObject\",\"inLanguage\":\"es\",\"@id\":\"https:\\\/\\\/tonymora.com\\\/es\\\/#\\\/schema\\\/logo\\\/image\\\/\",\"url\":\"https:\\\/\\\/tonymora.com\\\/wp-content\\\/uploads\\\/2023\\\/12\\\/LOGO.jpg\",\"contentUrl\":\"https:\\\/\\\/tonymora.com\\\/wp-content\\\/uploads\\\/2023\\\/12\\\/LOGO.jpg\",\"width\":2272,\"height\":1411,\"caption\":\"Tony Mora Boots\"},\"image\":{\"@id\":\"https:\\\/\\\/tonymora.com\\\/es\\\/#\\\/schema\\\/logo\\\/image\\\/\"},\"sameAs\":[\"https:\\\/\\\/www.facebook.com\\\/Tonymoraofficial\\\/\",\"https:\\\/\\\/www.instagram.com\\\/tonymoraofficial\\\/?hl=es\"]}]}<\/script>\n<!-- \/ Yoast SEO plugin. -->","yoast_head_json":{"title":"2845 J LINI SERRAJE GRIS \/ CLUB NEGRO - Tony Mora\u00ae Boots Official Store","description":"\u00a1Un dise\u00f1o verdaderamente \u00fanico y atrevido! Este modelo presenta una combinaci\u00f3n excepcional, cuero de la m\u00e1s alta calidad con un serraje de color gris.","robots":{"index":"index","follow":"follow","max-snippet":"max-snippet:-1","max-image-preview":"max-image-preview:large","max-video-preview":"max-video-preview:-1"},"canonical":"https:\/\/tonymora.com\/es\/producto\/2845-j-lini-serraje-gris-club-negro-2\/","og_locale":"es_ES","og_type":"article","og_title":"2845 J LINI SERRAJE GRIS \/ CLUB NEGRO - Tony Mora\u00ae Boots Official Store","og_description":"\u00a1Un dise\u00f1o verdaderamente \u00fanico y atrevido! Este modelo presenta una combinaci\u00f3n excepcional, cuero de la m\u00e1s alta calidad con un serraje de color gris.","og_url":"https:\/\/tonymora.com\/es\/producto\/2845-j-lini-serraje-gris-club-negro-2\/","og_site_name":"Tony Mora\u00ae Boots Official Store","article_publisher":"https:\/\/www.facebook.com\/Tonymoraofficial\/","article_modified_time":"2026-04-23T05:32:46+00:00","og_image":[{"width":671,"height":800,"url":"https:\/\/tonymora.com\/wp-content\/uploads\/2023\/11\/4-671x800.png","type":"image\/png"}],"twitter_card":"summary_large_image","twitter_misc":{"Tiempo de lectura":"1 minuto"},"schema":{"@context":"https:\/\/schema.org","@graph":[{"@type":"WebPage","@id":"https:\/\/tonymora.com\/es\/producto\/2845-j-lini-serraje-gris-club-negro-2\/","url":"https:\/\/tonymora.com\/es\/producto\/2845-j-lini-serraje-gris-club-negro-2\/","name":"2845 J LINI SERRAJE GRIS \/ CLUB NEGRO - Tony Mora\u00ae Boots Official Store","isPartOf":{"@id":"https:\/\/tonymora.com\/es\/#website"},"primaryImageOfPage":{"@id":"https:\/\/tonymora.com\/es\/producto\/2845-j-lini-serraje-gris-club-negro-2\/#primaryimage"},"image":{"@id":"https:\/\/tonymora.com\/es\/producto\/2845-j-lini-serraje-gris-club-negro-2\/#primaryimage"},"thumbnailUrl":"https:\/\/tonymora.com\/wp-content\/uploads\/2023\/11\/4.png","datePublished":"2023-11-13T13:27:38+00:00","dateModified":"2026-04-23T05:32:46+00:00","description":"\u00a1Un dise\u00f1o verdaderamente \u00fanico y atrevido! Este modelo presenta una combinaci\u00f3n excepcional, cuero de la m\u00e1s alta calidad con un serraje de color gris.","breadcrumb":{"@id":"https:\/\/tonymora.com\/es\/producto\/2845-j-lini-serraje-gris-club-negro-2\/#breadcrumb"},"inLanguage":"es","potentialAction":[{"@type":"ReadAction","target":["https:\/\/tonymora.com\/es\/producto\/2845-j-lini-serraje-gris-club-negro-2\/"]}]},{"@type":"ImageObject","inLanguage":"es","@id":"https:\/\/tonymora.com\/es\/producto\/2845-j-lini-serraje-gris-club-negro-2\/#primaryimage","url":"https:\/\/tonymora.com\/wp-content\/uploads\/2023\/11\/4.png","contentUrl":"https:\/\/tonymora.com\/wp-content\/uploads\/2023\/11\/4.png","width":1840,"height":2193},{"@type":"BreadcrumbList","@id":"https:\/\/tonymora.com\/es\/producto\/2845-j-lini-serraje-gris-club-negro-2\/#breadcrumb","itemListElement":[{"@type":"ListItem","position":1,"name":"Portada","item":"https:\/\/tonymora.com\/es\/"},{"@type":"ListItem","position":2,"name":"Tienda","item":"https:\/\/tonymora.com\/es\/tienda\/"},{"@type":"ListItem","position":3,"name":"Mujer","item":"https:\/\/tonymora.com\/es\/categoria-producto\/mujer\/"},{"@type":"ListItem","position":4,"name":"Botas de Baile en L\u00ednea Mujer","item":"https:\/\/tonymora.com\/es\/categoria-producto\/mujer\/botas-de-baile-en-linea-mujer\/"},{"@type":"ListItem","position":5,"name":"2845 J LINI SERRAJE GRIS \/ CLUB NEGRO"}]},{"@type":"WebSite","@id":"https:\/\/tonymora.com\/es\/#website","url":"https:\/\/tonymora.com\/es\/","name":"Tony Mora\u00ae Boots Official Store","description":"Cowboy Boots","publisher":{"@id":"https:\/\/tonymora.com\/es\/#organization"},"potentialAction":[{"@type":"SearchAction","target":{"@type":"EntryPoint","urlTemplate":"https:\/\/tonymora.com\/es\/?s={search_term_string}"},"query-input":{"@type":"PropertyValueSpecification","valueRequired":true,"valueName":"search_term_string"}}],"inLanguage":"es"},{"@type":"Organization","@id":"https:\/\/tonymora.com\/es\/#organization","name":"Tony Mora Boots","url":"https:\/\/tonymora.com\/es\/","logo":{"@type":"ImageObject","inLanguage":"es","@id":"https:\/\/tonymora.com\/es\/#\/schema\/logo\/image\/","url":"https:\/\/tonymora.com\/wp-content\/uploads\/2023\/12\/LOGO.jpg","contentUrl":"https:\/\/tonymora.com\/wp-content\/uploads\/2023\/12\/LOGO.jpg","width":2272,"height":1411,"caption":"Tony Mora Boots"},"image":{"@id":"https:\/\/tonymora.com\/es\/#\/schema\/logo\/image\/"},"sameAs":["https:\/\/www.facebook.com\/Tonymoraofficial\/","https:\/\/www.instagram.com\/tonymoraofficial\/?hl=es"]}]}},"_links":{"self":[{"href":"https:\/\/tonymora.com\/es\/wp-json\/wp\/v2\/product\/707310","targetHints":{"allow":["GET"]}}],"collection":[{"href":"https:\/\/tonymora.com\/es\/wp-json\/wp\/v2\/product"}],"about":[{"href":"https:\/\/tonymora.com\/es\/wp-json\/wp\/v2\/types\/product"}],"wp:featuredmedia":[{"embeddable":true,"href":"https:\/\/tonymora.com\/es\/wp-json\/wp\/v2\/media\/723309"}],"wp:attachment":[{"href":"https:\/\/tonymora.com\/es\/wp-json\/wp\/v2\/media?parent=707310"}],"wp:term":[{"taxonomy":"product_brand","embeddable":true,"href":"https:\/\/tonymora.com\/es\/wp-json\/wp\/v2\/product_brand?post=707310"},{"taxonomy":"product_cat","embeddable":true,"href":"https:\/\/tonymora.com\/es\/wp-json\/wp\/v2\/product_cat?post=707310"},{"taxonomy":"product_tag","embeddable":true,"href":"https:\/\/tonymora.com\/es\/wp-json\/wp\/v2\/product_tag?post=707310"}],"curies":[{"name":"wp","href":"https:\/\/api.w.org\/{rel}","templated":true}]}}