{"id":707382,"date":"2023-11-14T08:18:30","date_gmt":"2023-11-14T07:18:30","guid":{"rendered":"https:\/\/tonymora.com\/?post_type=product&#038;p=707382"},"modified":"2026-04-12T07:33:01","modified_gmt":"2026-04-12T05:33:01","slug":"1703-juana90-irene-madison-kaki","status":"publish","type":"product","link":"https:\/\/tonymora.com\/es\/producto\/1703-juana90-irene-madison-kaki\/","title":{"rendered":"1703 JUANA90 IRENE MADISON KAKI"},"content":{"rendered":"<p data-start=\"108\" data-end=\"172\"><strong data-start=\"108\" data-end=\"172\"><span class=\"_fadeIn_m1hgl_8\">Botas <\/span><span class=\"_fadeIn_m1hgl_8\">de <\/span><span class=\"_fadeIn_m1hgl_8\">piel <\/span><span class=\"_fadeIn_m1hgl_8\">color <\/span><span class=\"_fadeIn_m1hgl_8\">kaki: <\/span><span class=\"_fadeIn_m1hgl_8\">arte <\/span><span class=\"_fadeIn_m1hgl_8\">bordado <\/span><span class=\"_fadeIn_m1hgl_8\">y <\/span><span class=\"_fadeIn_m1hgl_8\">confort <\/span><span class=\"_fadeIn_m1hgl_8\">excepcional<\/span><\/strong><\/p>\n<p data-start=\"174\" data-end=\"334\"><span class=\"_fadeIn_m1hgl_8\">Descubre <\/span><span class=\"_fadeIn_m1hgl_8\">la <\/span><span class=\"_fadeIn_m1hgl_8\">perfecta <\/span><span class=\"_fadeIn_m1hgl_8\">armon\u00eda <\/span><span class=\"_fadeIn_m1hgl_8\">entre <\/span><strong data-start=\"209\" data-end=\"229\"><span class=\"_fadeIn_m1hgl_8\">moda <\/span><span class=\"_fadeIn_m1hgl_8\">y <\/span><span class=\"_fadeIn_m1hgl_8\">artesan\u00eda<\/span><\/strong> <span class=\"_fadeIn_m1hgl_8\">con <\/span><span class=\"_fadeIn_m1hgl_8\">nuestras <\/span><strong data-start=\"243\" data-end=\"271\"><span class=\"_fadeIn_m1hgl_8\">botas <\/span><span class=\"_fadeIn_m1hgl_8\">de <\/span><span class=\"_fadeIn_m1hgl_8\">piel <\/span><span class=\"_fadeIn_m1hgl_8\">color <\/span><span class=\"_fadeIn_m1hgl_8\">kaki<\/span><\/strong><span class=\"_fadeIn_m1hgl_8\">, <\/span><span class=\"_fadeIn_m1hgl_8\">meticulosamente <\/span><strong data-start=\"289\" data-end=\"331\"><span class=\"_fadeIn_m1hgl_8\">bordadas <\/span><span class=\"_fadeIn_m1hgl_8\">a <\/span><span class=\"_fadeIn_m1hgl_8\">mano <\/span><span class=\"_fadeIn_m1hgl_8\">en <\/span><span class=\"_fadeIn_m1hgl_8\">hilo <\/span><span class=\"_fadeIn_m1hgl_8\">blanco <\/span><span class=\"_fadeIn_m1hgl_8\">y <\/span><span class=\"_fadeIn_m1hgl_8\">verde<\/span><\/strong><span class=\"_fadeIn_m1hgl_8\">.<\/span><\/p>\n<p data-start=\"336\" data-end=\"512\"><span class=\"_fadeIn_m1hgl_8\">La <\/span><strong data-start=\"339\" data-end=\"362\"><span class=\"_fadeIn_m1hgl_8\">piel <\/span><span class=\"_fadeIn_m1hgl_8\">suave <\/span><span class=\"_fadeIn_m1hgl_8\">y <\/span><span class=\"_fadeIn_m1hgl_8\">c\u00f3moda<\/span><\/strong> <span class=\"_fadeIn_m1hgl_8\">garantiza <\/span><span class=\"_fadeIn_m1hgl_8\">un <\/span><span class=\"_fadeIn_m1hgl_8\">ajuste <\/span><span class=\"_fadeIn_m1hgl_8\">perfecto, <\/span><span class=\"_fadeIn_m1hgl_8\">mientras <\/span><span class=\"_fadeIn_m1hgl_8\">que <\/span><span class=\"_fadeIn_m1hgl_8\">los <\/span><strong data-start=\"410\" data-end=\"434\"><span class=\"_fadeIn_m1hgl_8\">bordados <\/span><span class=\"_fadeIn_m1hgl_8\">artesanales<\/span><\/strong> <span class=\"_fadeIn_m1hgl_8\">aportan <\/span><span class=\"_fadeIn_m1hgl_8\">un <\/span><span class=\"_fadeIn_m1hgl_8\">toque <\/span><span class=\"_fadeIn_m1hgl_8\">de <\/span><strong data-start=\"455\" data-end=\"483\" data-is-only-node=\"\"><span class=\"_fadeIn_m1hgl_8\">elegancia <\/span><span class=\"_fadeIn_m1hgl_8\">y <\/span><span class=\"_fadeIn_m1hgl_8\">originalidad<\/span><\/strong> <span class=\"_fadeIn_m1hgl_8\">que <\/span><span class=\"_fadeIn_m1hgl_8\">no <\/span><span class=\"_fadeIn_m1hgl_8\">pasa <\/span><span class=\"_fadeIn_m1hgl_8\">desapercibido.<\/span><\/p>\n<p data-start=\"514\" data-end=\"705\"><span class=\"_fadeIn_m1hgl_8\">En <\/span><span class=\"_fadeIn_m1hgl_8\">su <\/span><span class=\"_fadeIn_m1hgl_8\">interior, <\/span><span class=\"_fadeIn_m1hgl_8\">la <\/span><strong data-start=\"533\" data-end=\"565\"><span class=\"_fadeIn_m1hgl_8\">piel <\/span><span class=\"_fadeIn_m1hgl_8\">de <\/span><span class=\"_fadeIn_m1hgl_8\">ternera <\/span><span class=\"_fadeIn_m1hgl_8\">100% <\/span><span class=\"_fadeIn_m1hgl_8\">forrada<\/span><\/strong> <span class=\"_fadeIn_m1hgl_8\">ofrece <\/span><span class=\"_fadeIn_m1hgl_8\">una <\/span><span class=\"_fadeIn_m1hgl_8\">experiencia <\/span><span class=\"_fadeIn_m1hgl_8\">superior, <\/span><span class=\"_fadeIn_m1hgl_8\">ya <\/span><span class=\"_fadeIn_m1hgl_8\">que <\/span><span class=\"_fadeIn_m1hgl_8\">se <\/span><strong data-start=\"609\" data-end=\"647\"><span class=\"_fadeIn_m1hgl_8\">adapta <\/span><span class=\"_fadeIn_m1hgl_8\">y <\/span><span class=\"_fadeIn_m1hgl_8\">moldea <\/span><span class=\"_fadeIn_m1hgl_8\">a <\/span><span class=\"_fadeIn_m1hgl_8\">la <\/span><span class=\"_fadeIn_m1hgl_8\">forma <\/span><span class=\"_fadeIn_m1hgl_8\">del <\/span><span class=\"_fadeIn_m1hgl_8\">pie<\/span><\/strong> <span class=\"_fadeIn_m1hgl_8\">con <\/span><span class=\"_fadeIn_m1hgl_8\">el <\/span><span class=\"_fadeIn_m1hgl_8\">tiempo, <\/span><span class=\"_fadeIn_m1hgl_8\">brindando <\/span><span class=\"_fadeIn_m1hgl_8\">una <\/span><strong data-start=\"677\" data-end=\"702\"><span class=\"_fadeIn_m1hgl_8\">comodidad <\/span><span class=\"_fadeIn_m1hgl_8\">excepcional<\/span><\/strong><span class=\"_fadeIn_m1hgl_8\">.<\/span><\/p>\n<p data-start=\"707\" data-end=\"867\"><span class=\"_fadeIn_m1hgl_8\">Cada <\/span><span class=\"_fadeIn_m1hgl_8\">par <\/span><span class=\"_fadeIn_m1hgl_8\">est\u00e1 <\/span><strong data-start=\"721\" data-end=\"776\"><span class=\"_fadeIn_m1hgl_8\">cosido <\/span><span class=\"_fadeIn_m1hgl_8\">a <\/span><span class=\"_fadeIn_m1hgl_8\">mano <\/span><span class=\"_fadeIn_m1hgl_8\">mediante <\/span><span class=\"_fadeIn_m1hgl_8\">el <\/span><span class=\"_fadeIn_m1hgl_8\">sistema \u00ab<\/span><span class=\"_fadeIn_m1hgl_8\">Goodyear <\/span><span class=\"_fadeIn_m1hgl_8\">welted\u00bb<\/span><\/strong><span class=\"_fadeIn_m1hgl_8\">, <\/span><span class=\"_fadeIn_m1hgl_8\">lo <\/span><span class=\"_fadeIn_m1hgl_8\">que <\/span><span class=\"_fadeIn_m1hgl_8\">asegura <\/span><strong data-start=\"793\" data-end=\"835\"><span class=\"_fadeIn_m1hgl_8\">m\u00e1xima <\/span><span class=\"_fadeIn_m1hgl_8\">durabilidad <\/span><span class=\"_fadeIn_m1hgl_8\">y <\/span><span class=\"_fadeIn_m1hgl_8\">calidad <\/span><span class=\"_fadeIn_m1hgl_8\">artesanal<\/span><\/strong><span class=\"_fadeIn_m1hgl_8\">, <\/span><span class=\"_fadeIn_m1hgl_8\">sello <\/span><span class=\"_fadeIn_m1hgl_8\">distintivo <\/span><span class=\"_fadeIn_m1hgl_8\">de <\/span><span class=\"_fadeIn_m1hgl_8\">Tony <\/span><span class=\"_fadeIn_m1hgl_8\">Mora.<\/span><\/p>\n","protected":false},"excerpt":{"rendered":"<p>Una elecci\u00f3n que se siente especial nada m\u00e1s verla. Car\u00e1cter cl\u00e1sico con un aire contempor\u00e1neo.<br \/>\nUna forma de vestir la autenticidad con elegancia.<\/p>\n","protected":false},"featured_media":714471,"template":"","meta":{"_mbp_gutenberg_autopost":false},"product_brand":[],"product_cat":[1172,119,114,120,1133,112,1130],"product_tag":[],"class_list":{"0":"post-707382","1":"product","2":"type-product","3":"status-publish","4":"has-post-thumbnail","6":"product_cat-black-friday","7":"product_cat-botas-casual-mujer","8":"product_cat-botas-cowgirl-mujer","9":"product_cat-botas-de-baile-en-linea-mujer","10":"product_cat-botas-de-piel-mujer","11":"product_cat-mujer","12":"product_cat-rebajas-mujer","14":"first","15":"instock","16":"taxable","17":"shipping-taxable","18":"purchasable","19":"product-type-variable"},"supplier_id":null,"supplier_sku":"","barcode":null,"atum_controlled":true,"out_stock_date":null,"out_stock_threshold":null,"inheritable":true,"inbound_stock":0,"stock_on_hold":3,"sold_today":2,"sales_last_days":2,"reserved_stock":0,"customer_returns":0,"warehouse_damage":0,"lost_in_post":0,"other_logs":0,"out_stock_days":0,"lost_sales":0,"has_location":false,"update_date":"2026-03-26T11:33:00","atum_locations":[],"atum_stock_status":"instock","restock_status":false,"low_stock_amount":"","sales_update_date":"2024-11-14T11:13:10","calc_backorders":null,"yoast_head":"<!-- This site is optimized with the Yoast SEO plugin v27.2 - https:\/\/yoast.com\/product\/yoast-seo-wordpress\/ -->\n<title>Botas verdes de piel bordadas \u2013 Estilo cowboy | Tony Mora<\/title>\n<meta name=\"description\" content=\"Botas de piel color kaki con bordados blancos y verdes. Estilo cowboy, m\u00e1xima comodidad y calidad artesanal. Un modelo elegante y \u00fanico.\" \/>\n<meta name=\"robots\" content=\"index, follow, max-snippet:-1, max-image-preview:large, max-video-preview:-1\" \/>\n<link rel=\"canonical\" href=\"https:\/\/tonymora.com\/es\/producto\/1703-juana90-irene-madison-kaki\/\" \/>\n<meta property=\"og:locale\" content=\"es_ES\" \/>\n<meta property=\"og:type\" content=\"article\" \/>\n<meta property=\"og:title\" content=\"Botas verdes de piel bordadas \u2013 Estilo cowboy | Tony Mora\" \/>\n<meta property=\"og:description\" content=\"Botas de piel color kaki con bordados blancos y verdes. Estilo cowboy, m\u00e1xima comodidad y calidad artesanal. Un modelo elegante y \u00fanico.\" \/>\n<meta property=\"og:url\" content=\"https:\/\/tonymora.com\/es\/producto\/1703-juana90-irene-madison-kaki\/\" \/>\n<meta property=\"og:site_name\" content=\"Tony Mora\u00ae Boots Official Store\" \/>\n<meta property=\"article:publisher\" content=\"https:\/\/www.facebook.com\/Tonymoraofficial\/\" \/>\n<meta property=\"article:modified_time\" content=\"2026-04-12T05:33:01+00:00\" \/>\n<meta property=\"og:image\" content=\"https:\/\/tonymora.com\/wp-content\/uploads\/2023\/11\/44.jpg\" \/>\n\t<meta property=\"og:image:width\" content=\"866\" \/>\n\t<meta property=\"og:image:height\" content=\"1032\" \/>\n\t<meta property=\"og:image:type\" content=\"image\/jpeg\" \/>\n<meta name=\"twitter:card\" content=\"summary_large_image\" \/>\n<meta name=\"twitter:label1\" content=\"Tiempo de lectura\" \/>\n\t<meta name=\"twitter:data1\" content=\"1 minuto\" \/>\n<script type=\"application\/ld+json\" class=\"yoast-schema-graph\">{\"@context\":\"https:\/\/schema.org\",\"@graph\":[{\"@type\":\"WebPage\",\"@id\":\"https:\/\/tonymora.com\/es\/producto\/1703-juana90-irene-madison-kaki\/\",\"url\":\"https:\/\/tonymora.com\/es\/producto\/1703-juana90-irene-madison-kaki\/\",\"name\":\"Botas verdes de piel bordadas \u2013 Estilo cowboy | Tony Mora\",\"isPartOf\":{\"@id\":\"https:\/\/tonymora.com\/es\/#website\"},\"primaryImageOfPage\":{\"@id\":\"https:\/\/tonymora.com\/es\/producto\/1703-juana90-irene-madison-kaki\/#primaryimage\"},\"image\":{\"@id\":\"https:\/\/tonymora.com\/es\/producto\/1703-juana90-irene-madison-kaki\/#primaryimage\"},\"thumbnailUrl\":\"https:\/\/tonymora.com\/wp-content\/uploads\/2023\/11\/44.jpg\",\"datePublished\":\"2023-11-14T07:18:30+00:00\",\"dateModified\":\"2026-04-12T05:33:01+00:00\",\"description\":\"Botas de piel color kaki con bordados blancos y verdes. Estilo cowboy, m\u00e1xima comodidad y calidad artesanal. Un modelo elegante y \u00fanico.\",\"breadcrumb\":{\"@id\":\"https:\/\/tonymora.com\/es\/producto\/1703-juana90-irene-madison-kaki\/#breadcrumb\"},\"inLanguage\":\"es\",\"potentialAction\":[{\"@type\":\"ReadAction\",\"target\":[\"https:\/\/tonymora.com\/es\/producto\/1703-juana90-irene-madison-kaki\/\"]}]},{\"@type\":\"ImageObject\",\"inLanguage\":\"es\",\"@id\":\"https:\/\/tonymora.com\/es\/producto\/1703-juana90-irene-madison-kaki\/#primaryimage\",\"url\":\"https:\/\/tonymora.com\/wp-content\/uploads\/2023\/11\/44.jpg\",\"contentUrl\":\"https:\/\/tonymora.com\/wp-content\/uploads\/2023\/11\/44.jpg\",\"width\":866,\"height\":1032,\"caption\":\"Botas verdes de piel para mujer\"},{\"@type\":\"BreadcrumbList\",\"@id\":\"https:\/\/tonymora.com\/es\/producto\/1703-juana90-irene-madison-kaki\/#breadcrumb\",\"itemListElement\":[{\"@type\":\"ListItem\",\"position\":1,\"name\":\"Portada\",\"item\":\"https:\/\/tonymora.com\/es\/\"},{\"@type\":\"ListItem\",\"position\":2,\"name\":\"Tienda\",\"item\":\"https:\/\/tonymora.com\/es\/tienda\/\"},{\"@type\":\"ListItem\",\"position\":3,\"name\":\"Mujer\",\"item\":\"https:\/\/tonymora.com\/es\/categoria-producto\/mujer\/\"},{\"@type\":\"ListItem\",\"position\":4,\"name\":\"Botas de Baile en L\u00ednea Mujer\",\"item\":\"https:\/\/tonymora.com\/es\/categoria-producto\/mujer\/botas-de-baile-en-linea-mujer\/\"},{\"@type\":\"ListItem\",\"position\":5,\"name\":\"1703 JUANA90 IRENE MADISON KAKI\"}]},{\"@type\":\"WebSite\",\"@id\":\"https:\/\/tonymora.com\/es\/#website\",\"url\":\"https:\/\/tonymora.com\/es\/\",\"name\":\"Tony Mora\u00ae Boots Official Store\",\"description\":\"Cowboy Boots\",\"publisher\":{\"@id\":\"https:\/\/tonymora.com\/es\/#organization\"},\"potentialAction\":[{\"@type\":\"SearchAction\",\"target\":{\"@type\":\"EntryPoint\",\"urlTemplate\":\"https:\/\/tonymora.com\/es\/?s={search_term_string}\"},\"query-input\":{\"@type\":\"PropertyValueSpecification\",\"valueRequired\":true,\"valueName\":\"search_term_string\"}}],\"inLanguage\":\"es\"},{\"@type\":\"Organization\",\"@id\":\"https:\/\/tonymora.com\/es\/#organization\",\"name\":\"Tony Mora Boots\",\"url\":\"https:\/\/tonymora.com\/es\/\",\"logo\":{\"@type\":\"ImageObject\",\"inLanguage\":\"es\",\"@id\":\"https:\/\/tonymora.com\/es\/#\/schema\/logo\/image\/\",\"url\":\"https:\/\/tonymora.com\/wp-content\/uploads\/2023\/12\/LOGO.jpg\",\"contentUrl\":\"https:\/\/tonymora.com\/wp-content\/uploads\/2023\/12\/LOGO.jpg\",\"width\":2272,\"height\":1411,\"caption\":\"Tony Mora Boots\"},\"image\":{\"@id\":\"https:\/\/tonymora.com\/es\/#\/schema\/logo\/image\/\"},\"sameAs\":[\"https:\/\/www.facebook.com\/Tonymoraofficial\/\",\"https:\/\/www.instagram.com\/tonymoraofficial\/?hl=es\"]}]}<\/script>\n<!-- \/ Yoast SEO plugin. -->","yoast_head_json":{"title":"Botas verdes de piel bordadas \u2013 Estilo cowboy | Tony Mora","description":"Botas de piel color kaki con bordados blancos y verdes. Estilo cowboy, m\u00e1xima comodidad y calidad artesanal. Un modelo elegante y \u00fanico.","robots":{"index":"index","follow":"follow","max-snippet":"max-snippet:-1","max-image-preview":"max-image-preview:large","max-video-preview":"max-video-preview:-1"},"canonical":"https:\/\/tonymora.com\/es\/producto\/1703-juana90-irene-madison-kaki\/","og_locale":"es_ES","og_type":"article","og_title":"Botas verdes de piel bordadas \u2013 Estilo cowboy | Tony Mora","og_description":"Botas de piel color kaki con bordados blancos y verdes. Estilo cowboy, m\u00e1xima comodidad y calidad artesanal. Un modelo elegante y \u00fanico.","og_url":"https:\/\/tonymora.com\/es\/producto\/1703-juana90-irene-madison-kaki\/","og_site_name":"Tony Mora\u00ae Boots Official Store","article_publisher":"https:\/\/www.facebook.com\/Tonymoraofficial\/","article_modified_time":"2026-04-12T05:33:01+00:00","og_image":[{"width":866,"height":1032,"url":"https:\/\/tonymora.com\/wp-content\/uploads\/2023\/11\/44.jpg","type":"image\/jpeg"}],"twitter_card":"summary_large_image","twitter_misc":{"Tiempo de lectura":"1 minuto"},"schema":{"@context":"https:\/\/schema.org","@graph":[{"@type":"WebPage","@id":"https:\/\/tonymora.com\/es\/producto\/1703-juana90-irene-madison-kaki\/","url":"https:\/\/tonymora.com\/es\/producto\/1703-juana90-irene-madison-kaki\/","name":"Botas verdes de piel bordadas \u2013 Estilo cowboy | Tony Mora","isPartOf":{"@id":"https:\/\/tonymora.com\/es\/#website"},"primaryImageOfPage":{"@id":"https:\/\/tonymora.com\/es\/producto\/1703-juana90-irene-madison-kaki\/#primaryimage"},"image":{"@id":"https:\/\/tonymora.com\/es\/producto\/1703-juana90-irene-madison-kaki\/#primaryimage"},"thumbnailUrl":"https:\/\/tonymora.com\/wp-content\/uploads\/2023\/11\/44.jpg","datePublished":"2023-11-14T07:18:30+00:00","dateModified":"2026-04-12T05:33:01+00:00","description":"Botas de piel color kaki con bordados blancos y verdes. Estilo cowboy, m\u00e1xima comodidad y calidad artesanal. Un modelo elegante y \u00fanico.","breadcrumb":{"@id":"https:\/\/tonymora.com\/es\/producto\/1703-juana90-irene-madison-kaki\/#breadcrumb"},"inLanguage":"es","potentialAction":[{"@type":"ReadAction","target":["https:\/\/tonymora.com\/es\/producto\/1703-juana90-irene-madison-kaki\/"]}]},{"@type":"ImageObject","inLanguage":"es","@id":"https:\/\/tonymora.com\/es\/producto\/1703-juana90-irene-madison-kaki\/#primaryimage","url":"https:\/\/tonymora.com\/wp-content\/uploads\/2023\/11\/44.jpg","contentUrl":"https:\/\/tonymora.com\/wp-content\/uploads\/2023\/11\/44.jpg","width":866,"height":1032,"caption":"Botas verdes de piel para mujer"},{"@type":"BreadcrumbList","@id":"https:\/\/tonymora.com\/es\/producto\/1703-juana90-irene-madison-kaki\/#breadcrumb","itemListElement":[{"@type":"ListItem","position":1,"name":"Portada","item":"https:\/\/tonymora.com\/es\/"},{"@type":"ListItem","position":2,"name":"Tienda","item":"https:\/\/tonymora.com\/es\/tienda\/"},{"@type":"ListItem","position":3,"name":"Mujer","item":"https:\/\/tonymora.com\/es\/categoria-producto\/mujer\/"},{"@type":"ListItem","position":4,"name":"Botas de Baile en L\u00ednea Mujer","item":"https:\/\/tonymora.com\/es\/categoria-producto\/mujer\/botas-de-baile-en-linea-mujer\/"},{"@type":"ListItem","position":5,"name":"1703 JUANA90 IRENE MADISON KAKI"}]},{"@type":"WebSite","@id":"https:\/\/tonymora.com\/es\/#website","url":"https:\/\/tonymora.com\/es\/","name":"Tony Mora\u00ae Boots Official Store","description":"Cowboy Boots","publisher":{"@id":"https:\/\/tonymora.com\/es\/#organization"},"potentialAction":[{"@type":"SearchAction","target":{"@type":"EntryPoint","urlTemplate":"https:\/\/tonymora.com\/es\/?s={search_term_string}"},"query-input":{"@type":"PropertyValueSpecification","valueRequired":true,"valueName":"search_term_string"}}],"inLanguage":"es"},{"@type":"Organization","@id":"https:\/\/tonymora.com\/es\/#organization","name":"Tony Mora Boots","url":"https:\/\/tonymora.com\/es\/","logo":{"@type":"ImageObject","inLanguage":"es","@id":"https:\/\/tonymora.com\/es\/#\/schema\/logo\/image\/","url":"https:\/\/tonymora.com\/wp-content\/uploads\/2023\/12\/LOGO.jpg","contentUrl":"https:\/\/tonymora.com\/wp-content\/uploads\/2023\/12\/LOGO.jpg","width":2272,"height":1411,"caption":"Tony Mora Boots"},"image":{"@id":"https:\/\/tonymora.com\/es\/#\/schema\/logo\/image\/"},"sameAs":["https:\/\/www.facebook.com\/Tonymoraofficial\/","https:\/\/www.instagram.com\/tonymoraofficial\/?hl=es"]}]}},"_links":{"self":[{"href":"https:\/\/tonymora.com\/es\/wp-json\/wp\/v2\/product\/707382","targetHints":{"allow":["GET"]}}],"collection":[{"href":"https:\/\/tonymora.com\/es\/wp-json\/wp\/v2\/product"}],"about":[{"href":"https:\/\/tonymora.com\/es\/wp-json\/wp\/v2\/types\/product"}],"wp:featuredmedia":[{"embeddable":true,"href":"https:\/\/tonymora.com\/es\/wp-json\/wp\/v2\/media\/714471"}],"wp:attachment":[{"href":"https:\/\/tonymora.com\/es\/wp-json\/wp\/v2\/media?parent=707382"}],"wp:term":[{"taxonomy":"product_brand","embeddable":true,"href":"https:\/\/tonymora.com\/es\/wp-json\/wp\/v2\/product_brand?post=707382"},{"taxonomy":"product_cat","embeddable":true,"href":"https:\/\/tonymora.com\/es\/wp-json\/wp\/v2\/product_cat?post=707382"},{"taxonomy":"product_tag","embeddable":true,"href":"https:\/\/tonymora.com\/es\/wp-json\/wp\/v2\/product_tag?post=707382"}],"curies":[{"name":"wp","href":"https:\/\/api.w.org\/{rel}","templated":true}]}}