{"id":707433,"date":"2023-11-14T09:31:24","date_gmt":"2023-11-14T08:31:24","guid":{"rendered":"https:\/\/tonymora.com\/?post_type=product&#038;p=707433"},"modified":"2026-04-04T07:33:19","modified_gmt":"2026-04-04T05:33:19","slug":"1703-juana90-irene-madison-navy","status":"publish","type":"product","link":"https:\/\/tonymora.com\/es\/producto\/1703-juana90-irene-madison-navy\/","title":{"rendered":"1703 JUANA90 IRENE MADISON NAVY"},"content":{"rendered":"<p>Este modelo desprende estilo, un dise\u00f1o elegante con un color \u00fanico y especial. Fabricado en piel de la m\u00e1s alta calidad, nos encontramos con unas botas que garantizan comodidad y un ajuste perfecto. Sus bordados en hilo blanco y azul oscuro hacen de ellas obras maestras de la artesan\u00eda, cuidando cada detalle y convirti\u00e9ndolas en un producto para cualquier ocasi\u00f3n. Su interior est\u00e1 forrado en piel de ternera lo que brinda una transpiraci\u00f3n y adaptabilidad \u00f3ptima.<\/p>\n","protected":false},"excerpt":{"rendered":"<p>Una silueta con presencia que eleva cualquier look. Inspiraci\u00f3n aut\u00e9ntica y personalidad marcada.<br \/>\nPara llevarla hoy, ma\u00f1ana y dentro de a\u00f1os, con la misma fuerza.<\/p>\n","protected":false},"featured_media":714477,"template":"","meta":{"_mbp_gutenberg_autopost":false},"product_brand":[],"product_cat":[1172,119,114,120,1133,112,1130],"product_tag":[],"class_list":{"0":"post-707433","1":"product","2":"type-product","3":"status-publish","4":"has-post-thumbnail","6":"product_cat-black-friday","7":"product_cat-botas-casual-mujer","8":"product_cat-botas-cowgirl-mujer","9":"product_cat-botas-de-baile-en-linea-mujer","10":"product_cat-botas-de-piel-mujer","11":"product_cat-mujer","12":"product_cat-rebajas-mujer","14":"first","15":"instock","16":"taxable","17":"shipping-taxable","18":"purchasable","19":"product-type-variable"},"supplier_id":null,"supplier_sku":"","barcode":null,"atum_controlled":true,"out_stock_date":null,"out_stock_threshold":null,"inheritable":true,"inbound_stock":0,"stock_on_hold":6,"sold_today":4,"sales_last_days":4,"reserved_stock":0,"customer_returns":0,"warehouse_damage":0,"lost_in_post":0,"other_logs":0,"out_stock_days":0,"lost_sales":0,"has_location":false,"update_date":"2026-03-26T11:35:26","atum_locations":[],"atum_stock_status":"instock","restock_status":false,"low_stock_amount":"","sales_update_date":"2024-11-14T11:13:10","calc_backorders":null,"yoast_head":"<!-- This site is optimized with the Yoast SEO plugin v27.2 - https:\/\/yoast.com\/product\/yoast-seo-wordpress\/ -->\n<title>Botines Cowboy Mujer Azul Navy con Bordados y Piel de Alta Calidad<\/title>\n<meta name=\"description\" content=\"Botines cowboy mujer en azul con bordados blancos y azules, hechos en piel de alta calidad. Forro en piel de ternera para m\u00e1xima transpiraci\u00f3n y confort.\" \/>\n<meta name=\"robots\" content=\"index, follow, max-snippet:-1, max-image-preview:large, max-video-preview:-1\" \/>\n<link rel=\"canonical\" href=\"https:\/\/tonymora.com\/es\/producto\/1703-juana90-irene-madison-navy\/\" \/>\n<meta property=\"og:locale\" content=\"es_ES\" \/>\n<meta property=\"og:type\" content=\"article\" \/>\n<meta property=\"og:title\" content=\"Botines Cowboy Mujer Azul Navy con Bordados y Piel de Alta Calidad\" \/>\n<meta property=\"og:description\" content=\"Botines cowboy mujer en azul con bordados blancos y azules, hechos en piel de alta calidad. Forro en piel de ternera para m\u00e1xima transpiraci\u00f3n y confort.\" \/>\n<meta property=\"og:url\" content=\"https:\/\/tonymora.com\/es\/producto\/1703-juana90-irene-madison-navy\/\" \/>\n<meta property=\"og:site_name\" content=\"Tony Mora\u00ae Boots Official Store\" \/>\n<meta property=\"article:publisher\" content=\"https:\/\/www.facebook.com\/Tonymoraofficial\/\" \/>\n<meta property=\"article:modified_time\" content=\"2026-04-04T05:33:19+00:00\" \/>\n<meta property=\"og:image\" content=\"https:\/\/tonymora.com\/wp-content\/uploads\/2023\/11\/TONY-MORA-FOTO-MODELOS-2.jpg\" \/>\n\t<meta property=\"og:image:width\" content=\"866\" \/>\n\t<meta property=\"og:image:height\" content=\"1032\" \/>\n\t<meta property=\"og:image:type\" content=\"image\/jpeg\" \/>\n<meta name=\"twitter:card\" content=\"summary_large_image\" \/>\n<meta name=\"twitter:label1\" content=\"Tiempo de lectura\" \/>\n\t<meta name=\"twitter:data1\" content=\"1 minuto\" \/>\n<script type=\"application\/ld+json\" class=\"yoast-schema-graph\">{\"@context\":\"https:\/\/schema.org\",\"@graph\":[{\"@type\":\"WebPage\",\"@id\":\"https:\/\/tonymora.com\/es\/producto\/1703-juana90-irene-madison-navy\/\",\"url\":\"https:\/\/tonymora.com\/es\/producto\/1703-juana90-irene-madison-navy\/\",\"name\":\"Botines Cowboy Mujer Azul Navy con Bordados y Piel de Alta Calidad\",\"isPartOf\":{\"@id\":\"https:\/\/tonymora.com\/es\/#website\"},\"primaryImageOfPage\":{\"@id\":\"https:\/\/tonymora.com\/es\/producto\/1703-juana90-irene-madison-navy\/#primaryimage\"},\"image\":{\"@id\":\"https:\/\/tonymora.com\/es\/producto\/1703-juana90-irene-madison-navy\/#primaryimage\"},\"thumbnailUrl\":\"https:\/\/tonymora.com\/wp-content\/uploads\/2023\/11\/TONY-MORA-FOTO-MODELOS-2.jpg\",\"datePublished\":\"2023-11-14T08:31:24+00:00\",\"dateModified\":\"2026-04-04T05:33:19+00:00\",\"description\":\"Botines cowboy mujer en azul con bordados blancos y azules, hechos en piel de alta calidad. Forro en piel de ternera para m\u00e1xima transpiraci\u00f3n y confort.\",\"breadcrumb\":{\"@id\":\"https:\/\/tonymora.com\/es\/producto\/1703-juana90-irene-madison-navy\/#breadcrumb\"},\"inLanguage\":\"es\",\"potentialAction\":[{\"@type\":\"ReadAction\",\"target\":[\"https:\/\/tonymora.com\/es\/producto\/1703-juana90-irene-madison-navy\/\"]}]},{\"@type\":\"ImageObject\",\"inLanguage\":\"es\",\"@id\":\"https:\/\/tonymora.com\/es\/producto\/1703-juana90-irene-madison-navy\/#primaryimage\",\"url\":\"https:\/\/tonymora.com\/wp-content\/uploads\/2023\/11\/TONY-MORA-FOTO-MODELOS-2.jpg\",\"contentUrl\":\"https:\/\/tonymora.com\/wp-content\/uploads\/2023\/11\/TONY-MORA-FOTO-MODELOS-2.jpg\",\"width\":866,\"height\":1032,\"caption\":\"Botines cowboy mujer en azul con bordados blancos y azules\"},{\"@type\":\"BreadcrumbList\",\"@id\":\"https:\/\/tonymora.com\/es\/producto\/1703-juana90-irene-madison-navy\/#breadcrumb\",\"itemListElement\":[{\"@type\":\"ListItem\",\"position\":1,\"name\":\"Portada\",\"item\":\"https:\/\/tonymora.com\/es\/\"},{\"@type\":\"ListItem\",\"position\":2,\"name\":\"Tienda\",\"item\":\"https:\/\/tonymora.com\/es\/tienda\/\"},{\"@type\":\"ListItem\",\"position\":3,\"name\":\"Mujer\",\"item\":\"https:\/\/tonymora.com\/es\/categoria-producto\/mujer\/\"},{\"@type\":\"ListItem\",\"position\":4,\"name\":\"Botas de Baile en L\u00ednea Mujer\",\"item\":\"https:\/\/tonymora.com\/es\/categoria-producto\/mujer\/botas-de-baile-en-linea-mujer\/\"},{\"@type\":\"ListItem\",\"position\":5,\"name\":\"1703 JUANA90 IRENE MADISON NAVY\"}]},{\"@type\":\"WebSite\",\"@id\":\"https:\/\/tonymora.com\/es\/#website\",\"url\":\"https:\/\/tonymora.com\/es\/\",\"name\":\"Tony Mora\u00ae Boots Official Store\",\"description\":\"Cowboy Boots\",\"publisher\":{\"@id\":\"https:\/\/tonymora.com\/es\/#organization\"},\"potentialAction\":[{\"@type\":\"SearchAction\",\"target\":{\"@type\":\"EntryPoint\",\"urlTemplate\":\"https:\/\/tonymora.com\/es\/?s={search_term_string}\"},\"query-input\":{\"@type\":\"PropertyValueSpecification\",\"valueRequired\":true,\"valueName\":\"search_term_string\"}}],\"inLanguage\":\"es\"},{\"@type\":\"Organization\",\"@id\":\"https:\/\/tonymora.com\/es\/#organization\",\"name\":\"Tony Mora Boots\",\"url\":\"https:\/\/tonymora.com\/es\/\",\"logo\":{\"@type\":\"ImageObject\",\"inLanguage\":\"es\",\"@id\":\"https:\/\/tonymora.com\/es\/#\/schema\/logo\/image\/\",\"url\":\"https:\/\/tonymora.com\/wp-content\/uploads\/2023\/12\/LOGO.jpg\",\"contentUrl\":\"https:\/\/tonymora.com\/wp-content\/uploads\/2023\/12\/LOGO.jpg\",\"width\":2272,\"height\":1411,\"caption\":\"Tony Mora Boots\"},\"image\":{\"@id\":\"https:\/\/tonymora.com\/es\/#\/schema\/logo\/image\/\"},\"sameAs\":[\"https:\/\/www.facebook.com\/Tonymoraofficial\/\",\"https:\/\/www.instagram.com\/tonymoraofficial\/?hl=es\"]}]}<\/script>\n<!-- \/ Yoast SEO plugin. -->","yoast_head_json":{"title":"Botines Cowboy Mujer Azul Navy con Bordados y Piel de Alta Calidad","description":"Botines cowboy mujer en azul con bordados blancos y azules, hechos en piel de alta calidad. Forro en piel de ternera para m\u00e1xima transpiraci\u00f3n y confort.","robots":{"index":"index","follow":"follow","max-snippet":"max-snippet:-1","max-image-preview":"max-image-preview:large","max-video-preview":"max-video-preview:-1"},"canonical":"https:\/\/tonymora.com\/es\/producto\/1703-juana90-irene-madison-navy\/","og_locale":"es_ES","og_type":"article","og_title":"Botines Cowboy Mujer Azul Navy con Bordados y Piel de Alta Calidad","og_description":"Botines cowboy mujer en azul con bordados blancos y azules, hechos en piel de alta calidad. Forro en piel de ternera para m\u00e1xima transpiraci\u00f3n y confort.","og_url":"https:\/\/tonymora.com\/es\/producto\/1703-juana90-irene-madison-navy\/","og_site_name":"Tony Mora\u00ae Boots Official Store","article_publisher":"https:\/\/www.facebook.com\/Tonymoraofficial\/","article_modified_time":"2026-04-04T05:33:19+00:00","og_image":[{"width":866,"height":1032,"url":"https:\/\/tonymora.com\/wp-content\/uploads\/2023\/11\/TONY-MORA-FOTO-MODELOS-2.jpg","type":"image\/jpeg"}],"twitter_card":"summary_large_image","twitter_misc":{"Tiempo de lectura":"1 minuto"},"schema":{"@context":"https:\/\/schema.org","@graph":[{"@type":"WebPage","@id":"https:\/\/tonymora.com\/es\/producto\/1703-juana90-irene-madison-navy\/","url":"https:\/\/tonymora.com\/es\/producto\/1703-juana90-irene-madison-navy\/","name":"Botines Cowboy Mujer Azul Navy con Bordados y Piel de Alta Calidad","isPartOf":{"@id":"https:\/\/tonymora.com\/es\/#website"},"primaryImageOfPage":{"@id":"https:\/\/tonymora.com\/es\/producto\/1703-juana90-irene-madison-navy\/#primaryimage"},"image":{"@id":"https:\/\/tonymora.com\/es\/producto\/1703-juana90-irene-madison-navy\/#primaryimage"},"thumbnailUrl":"https:\/\/tonymora.com\/wp-content\/uploads\/2023\/11\/TONY-MORA-FOTO-MODELOS-2.jpg","datePublished":"2023-11-14T08:31:24+00:00","dateModified":"2026-04-04T05:33:19+00:00","description":"Botines cowboy mujer en azul con bordados blancos y azules, hechos en piel de alta calidad. Forro en piel de ternera para m\u00e1xima transpiraci\u00f3n y confort.","breadcrumb":{"@id":"https:\/\/tonymora.com\/es\/producto\/1703-juana90-irene-madison-navy\/#breadcrumb"},"inLanguage":"es","potentialAction":[{"@type":"ReadAction","target":["https:\/\/tonymora.com\/es\/producto\/1703-juana90-irene-madison-navy\/"]}]},{"@type":"ImageObject","inLanguage":"es","@id":"https:\/\/tonymora.com\/es\/producto\/1703-juana90-irene-madison-navy\/#primaryimage","url":"https:\/\/tonymora.com\/wp-content\/uploads\/2023\/11\/TONY-MORA-FOTO-MODELOS-2.jpg","contentUrl":"https:\/\/tonymora.com\/wp-content\/uploads\/2023\/11\/TONY-MORA-FOTO-MODELOS-2.jpg","width":866,"height":1032,"caption":"Botines cowboy mujer en azul con bordados blancos y azules"},{"@type":"BreadcrumbList","@id":"https:\/\/tonymora.com\/es\/producto\/1703-juana90-irene-madison-navy\/#breadcrumb","itemListElement":[{"@type":"ListItem","position":1,"name":"Portada","item":"https:\/\/tonymora.com\/es\/"},{"@type":"ListItem","position":2,"name":"Tienda","item":"https:\/\/tonymora.com\/es\/tienda\/"},{"@type":"ListItem","position":3,"name":"Mujer","item":"https:\/\/tonymora.com\/es\/categoria-producto\/mujer\/"},{"@type":"ListItem","position":4,"name":"Botas de Baile en L\u00ednea Mujer","item":"https:\/\/tonymora.com\/es\/categoria-producto\/mujer\/botas-de-baile-en-linea-mujer\/"},{"@type":"ListItem","position":5,"name":"1703 JUANA90 IRENE MADISON NAVY"}]},{"@type":"WebSite","@id":"https:\/\/tonymora.com\/es\/#website","url":"https:\/\/tonymora.com\/es\/","name":"Tony Mora\u00ae Boots Official Store","description":"Cowboy Boots","publisher":{"@id":"https:\/\/tonymora.com\/es\/#organization"},"potentialAction":[{"@type":"SearchAction","target":{"@type":"EntryPoint","urlTemplate":"https:\/\/tonymora.com\/es\/?s={search_term_string}"},"query-input":{"@type":"PropertyValueSpecification","valueRequired":true,"valueName":"search_term_string"}}],"inLanguage":"es"},{"@type":"Organization","@id":"https:\/\/tonymora.com\/es\/#organization","name":"Tony Mora Boots","url":"https:\/\/tonymora.com\/es\/","logo":{"@type":"ImageObject","inLanguage":"es","@id":"https:\/\/tonymora.com\/es\/#\/schema\/logo\/image\/","url":"https:\/\/tonymora.com\/wp-content\/uploads\/2023\/12\/LOGO.jpg","contentUrl":"https:\/\/tonymora.com\/wp-content\/uploads\/2023\/12\/LOGO.jpg","width":2272,"height":1411,"caption":"Tony Mora Boots"},"image":{"@id":"https:\/\/tonymora.com\/es\/#\/schema\/logo\/image\/"},"sameAs":["https:\/\/www.facebook.com\/Tonymoraofficial\/","https:\/\/www.instagram.com\/tonymoraofficial\/?hl=es"]}]}},"_links":{"self":[{"href":"https:\/\/tonymora.com\/es\/wp-json\/wp\/v2\/product\/707433","targetHints":{"allow":["GET"]}}],"collection":[{"href":"https:\/\/tonymora.com\/es\/wp-json\/wp\/v2\/product"}],"about":[{"href":"https:\/\/tonymora.com\/es\/wp-json\/wp\/v2\/types\/product"}],"wp:featuredmedia":[{"embeddable":true,"href":"https:\/\/tonymora.com\/es\/wp-json\/wp\/v2\/media\/714477"}],"wp:attachment":[{"href":"https:\/\/tonymora.com\/es\/wp-json\/wp\/v2\/media?parent=707433"}],"wp:term":[{"taxonomy":"product_brand","embeddable":true,"href":"https:\/\/tonymora.com\/es\/wp-json\/wp\/v2\/product_brand?post=707433"},{"taxonomy":"product_cat","embeddable":true,"href":"https:\/\/tonymora.com\/es\/wp-json\/wp\/v2\/product_cat?post=707433"},{"taxonomy":"product_tag","embeddable":true,"href":"https:\/\/tonymora.com\/es\/wp-json\/wp\/v2\/product_tag?post=707433"}],"curies":[{"name":"wp","href":"https:\/\/api.w.org\/{rel}","templated":true}]}}