{"id":707553,"date":"2023-11-14T10:01:09","date_gmt":"2023-11-14T09:01:09","guid":{"rendered":"https:\/\/tonymora.com\/?post_type=product&#038;p=707553"},"modified":"2026-05-08T17:21:29","modified_gmt":"2026-05-08T15:21:29","slug":"2048-j-lini-nobuck-brash-arena-cabra-vino","status":"publish","type":"product","link":"https:\/\/tonymora.com\/es\/producto\/2048-j-lini-nobuck-brash-arena-cabra-vino\/","title":{"rendered":"2048 J LINI NOBUCK BRASH ARENA \/ CABRA VINO"},"content":{"rendered":"<p>Estas botas est\u00e1n dise\u00f1adas para ofrecerte lo mejor en comodidad y estilo. Su piel de la m\u00e1s alta calidad ha sido tratada con la t\u00e9cnica \u00abbrash\u00bb, un encerado con cera de abeja para obtener un acabado brillante y adem\u00e1s protegerlas de posibles roces o ara\u00f1azos, nutriendo el cuero y previniendo as\u00ed la sequedad y grietas en el mismo, adem\u00e1s, cuenta con un dise\u00f1o en forma de mariposa en su ca\u00f1a creado con un bajo fondo en cuero combinado con bordados a mano para realzar su belleza. Su interior de piel de ternera lo hace traspirable a la vez que se adapta a la forma de nuestro pie con cada uso.<\/p>\n","protected":false},"excerpt":{"rendered":"<p>Una silueta con presencia que eleva cualquier look. Inspiraci\u00f3n aut\u00e9ntica y personalidad marcada.<br \/>\nEl toque final que convierte lo simple en memorable.<\/p>\n","protected":false},"featured_media":707538,"template":"","meta":{"_mbp_gutenberg_autopost":false},"product_brand":[],"product_cat":[1172,119,114,1133,112,1130],"product_tag":[],"class_list":{"0":"post-707553","1":"product","2":"type-product","3":"status-publish","4":"has-post-thumbnail","6":"product_cat-black-friday","7":"product_cat-botas-casual-mujer","8":"product_cat-botas-cowgirl-mujer","9":"product_cat-botas-de-piel-mujer","10":"product_cat-mujer","11":"product_cat-rebajas-mujer","13":"first","14":"instock","15":"taxable","16":"shipping-taxable","17":"purchasable","18":"product-type-variable"},"_links":{"self":[{"href":"https:\/\/tonymora.com\/es\/wp-json\/wp\/v2\/product\/707553","targetHints":{"allow":["GET"]}}],"collection":[{"href":"https:\/\/tonymora.com\/es\/wp-json\/wp\/v2\/product"}],"about":[{"href":"https:\/\/tonymora.com\/es\/wp-json\/wp\/v2\/types\/product"}],"wp:featuredmedia":[{"embeddable":true,"href":"https:\/\/tonymora.com\/es\/wp-json\/wp\/v2\/media\/707538"}],"wp:attachment":[{"href":"https:\/\/tonymora.com\/es\/wp-json\/wp\/v2\/media?parent=707553"}],"wp:term":[{"taxonomy":"product_brand","embeddable":true,"href":"https:\/\/tonymora.com\/es\/wp-json\/wp\/v2\/product_brand?post=707553"},{"taxonomy":"product_cat","embeddable":true,"href":"https:\/\/tonymora.com\/es\/wp-json\/wp\/v2\/product_cat?post=707553"},{"taxonomy":"product_tag","embeddable":true,"href":"https:\/\/tonymora.com\/es\/wp-json\/wp\/v2\/product_tag?post=707553"}],"curies":[{"name":"wp","href":"https:\/\/api.w.org\/{rel}","templated":true}]}}