{"id":707651,"date":"2023-11-14T12:03:05","date_gmt":"2023-11-14T11:03:05","guid":{"rendered":"https:\/\/tonymora.com\/?post_type=product&#038;p=707651"},"modified":"2026-04-06T07:33:18","modified_gmt":"2026-04-06T05:33:18","slug":"2052-virgi-lini-madison-fuego","status":"publish","type":"product","link":"https:\/\/tonymora.com\/es\/producto\/2052-virgi-lini-madison-fuego\/","title":{"rendered":"2052 VIRGI LINI MADISON FUEGO"},"content":{"rendered":"<p>Si lo que est\u00e1s buscando es destacar, \u00a1nuestras botas de piel rojas son perfectas para ti! Creadas con pasi\u00f3n en nuestra f\u00e1brica, cuentan con una ca\u00f1a m\u00e1s corta de lo habitual y una horma con una punta elegante y afilada que atraer\u00e1 todas las miradas. Una piel brillante, de alta calidad y c\u00f3moda que se combina a la perfecci\u00f3n con los bordados hechos a mano en hilos blancos y rojo oscuro, que a\u00f1ade un toque de sofisticaci\u00f3n y originalidad a cada par. Este producto cuenta con un interior de piel de ternera 100%, lo que garantiza comodidad, suavidad y una durabilidad excepcional.<\/p>\n","protected":false},"excerpt":{"rendered":"<p>Una propuesta con alma, hecha para acompa\u00f1arte de verdad. Detalles con intenci\u00f3n que se sienten artesanales y \u00fanicos.<br \/>\nDise\u00f1ada para quienes entienden la elegancia como una actitud.<\/p>\n","protected":false},"featured_media":712712,"template":"","meta":{"_mbp_gutenberg_autopost":false},"product_brand":[],"product_cat":[1172,119,1133,112,1130],"product_tag":[],"class_list":{"0":"post-707651","1":"product","2":"type-product","3":"status-publish","4":"has-post-thumbnail","6":"product_cat-black-friday","7":"product_cat-botas-casual-mujer","8":"product_cat-botas-de-piel-mujer","9":"product_cat-mujer","10":"product_cat-rebajas-mujer","12":"first","13":"instock","14":"taxable","15":"shipping-taxable","16":"purchasable","17":"product-type-variable"},"supplier_id":null,"supplier_sku":"","barcode":null,"atum_controlled":true,"out_stock_date":null,"out_stock_threshold":null,"inheritable":true,"inbound_stock":0,"stock_on_hold":3,"sold_today":3,"sales_last_days":3,"reserved_stock":0,"customer_returns":0,"warehouse_damage":0,"lost_in_post":0,"other_logs":0,"out_stock_days":0,"lost_sales":0,"has_location":false,"update_date":"2026-03-19T14:56:45","atum_locations":[],"atum_stock_status":"instock","restock_status":false,"low_stock_amount":"","sales_update_date":"2024-11-20T13:26:14","calc_backorders":null,"yoast_head":"<!-- This site is optimized with the Yoast SEO plugin v27.2 - https:\/\/yoast.com\/product\/yoast-seo-wordpress\/ -->\n<title>Botas de Piel Rojas con Bordado Blanco y Rojo | Tony Mora<\/title>\n<meta name=\"description\" content=\"Botas rojas de piel con bordados blancos y rojos. Hechas a mano, elegantes y c\u00f3modas. Un toque de sofisticaci\u00f3n y originalidad para tu estilo.\" \/>\n<meta name=\"robots\" content=\"index, follow, max-snippet:-1, max-image-preview:large, max-video-preview:-1\" \/>\n<link rel=\"canonical\" href=\"https:\/\/tonymora.com\/es\/producto\/2052-virgi-lini-madison-fuego\/\" \/>\n<meta property=\"og:locale\" content=\"es_ES\" \/>\n<meta property=\"og:type\" content=\"article\" \/>\n<meta property=\"og:title\" content=\"Botas de Piel Rojas con Bordado Blanco y Rojo | Tony Mora\" \/>\n<meta property=\"og:description\" content=\"Botas rojas de piel con bordados blancos y rojos. Hechas a mano, elegantes y c\u00f3modas. Un toque de sofisticaci\u00f3n y originalidad para tu estilo.\" \/>\n<meta property=\"og:url\" content=\"https:\/\/tonymora.com\/es\/producto\/2052-virgi-lini-madison-fuego\/\" \/>\n<meta property=\"og:site_name\" content=\"Tony Mora\u00ae Boots Official Store\" \/>\n<meta property=\"article:publisher\" content=\"https:\/\/www.facebook.com\/Tonymoraofficial\/\" \/>\n<meta property=\"article:modified_time\" content=\"2026-04-06T05:33:18+00:00\" \/>\n<meta property=\"og:image\" content=\"https:\/\/tonymora.com\/wp-content\/uploads\/2023\/11\/1.jpg\" \/>\n\t<meta property=\"og:image:width\" content=\"866\" \/>\n\t<meta property=\"og:image:height\" content=\"1032\" \/>\n\t<meta property=\"og:image:type\" content=\"image\/jpeg\" \/>\n<meta name=\"twitter:card\" content=\"summary_large_image\" \/>\n<meta name=\"twitter:label1\" content=\"Tiempo de lectura\" \/>\n\t<meta name=\"twitter:data1\" content=\"1 minuto\" \/>\n<script type=\"application\/ld+json\" class=\"yoast-schema-graph\">{\"@context\":\"https:\/\/schema.org\",\"@graph\":[{\"@type\":\"WebPage\",\"@id\":\"https:\/\/tonymora.com\/es\/producto\/2052-virgi-lini-madison-fuego\/\",\"url\":\"https:\/\/tonymora.com\/es\/producto\/2052-virgi-lini-madison-fuego\/\",\"name\":\"Botas de Piel Rojas con Bordado Blanco y Rojo | Tony Mora\",\"isPartOf\":{\"@id\":\"https:\/\/tonymora.com\/es\/#website\"},\"primaryImageOfPage\":{\"@id\":\"https:\/\/tonymora.com\/es\/producto\/2052-virgi-lini-madison-fuego\/#primaryimage\"},\"image\":{\"@id\":\"https:\/\/tonymora.com\/es\/producto\/2052-virgi-lini-madison-fuego\/#primaryimage\"},\"thumbnailUrl\":\"https:\/\/tonymora.com\/wp-content\/uploads\/2023\/11\/1.jpg\",\"datePublished\":\"2023-11-14T11:03:05+00:00\",\"dateModified\":\"2026-04-06T05:33:18+00:00\",\"description\":\"Botas rojas de piel con bordados blancos y rojos. Hechas a mano, elegantes y c\u00f3modas. Un toque de sofisticaci\u00f3n y originalidad para tu estilo.\",\"breadcrumb\":{\"@id\":\"https:\/\/tonymora.com\/es\/producto\/2052-virgi-lini-madison-fuego\/#breadcrumb\"},\"inLanguage\":\"es\",\"potentialAction\":[{\"@type\":\"ReadAction\",\"target\":[\"https:\/\/tonymora.com\/es\/producto\/2052-virgi-lini-madison-fuego\/\"]}]},{\"@type\":\"ImageObject\",\"inLanguage\":\"es\",\"@id\":\"https:\/\/tonymora.com\/es\/producto\/2052-virgi-lini-madison-fuego\/#primaryimage\",\"url\":\"https:\/\/tonymora.com\/wp-content\/uploads\/2023\/11\/1.jpg\",\"contentUrl\":\"https:\/\/tonymora.com\/wp-content\/uploads\/2023\/11\/1.jpg\",\"width\":866,\"height\":1032,\"caption\":\"Botas de Piel Rojas\"},{\"@type\":\"BreadcrumbList\",\"@id\":\"https:\/\/tonymora.com\/es\/producto\/2052-virgi-lini-madison-fuego\/#breadcrumb\",\"itemListElement\":[{\"@type\":\"ListItem\",\"position\":1,\"name\":\"Portada\",\"item\":\"https:\/\/tonymora.com\/es\/\"},{\"@type\":\"ListItem\",\"position\":2,\"name\":\"Tienda\",\"item\":\"https:\/\/tonymora.com\/es\/tienda\/\"},{\"@type\":\"ListItem\",\"position\":3,\"name\":\"Mujer\",\"item\":\"https:\/\/tonymora.com\/es\/categoria-producto\/mujer\/\"},{\"@type\":\"ListItem\",\"position\":4,\"name\":\"2052 VIRGI LINI MADISON FUEGO\"}]},{\"@type\":\"WebSite\",\"@id\":\"https:\/\/tonymora.com\/es\/#website\",\"url\":\"https:\/\/tonymora.com\/es\/\",\"name\":\"Tony Mora\u00ae Boots Official Store\",\"description\":\"Cowboy Boots\",\"publisher\":{\"@id\":\"https:\/\/tonymora.com\/es\/#organization\"},\"potentialAction\":[{\"@type\":\"SearchAction\",\"target\":{\"@type\":\"EntryPoint\",\"urlTemplate\":\"https:\/\/tonymora.com\/es\/?s={search_term_string}\"},\"query-input\":{\"@type\":\"PropertyValueSpecification\",\"valueRequired\":true,\"valueName\":\"search_term_string\"}}],\"inLanguage\":\"es\"},{\"@type\":\"Organization\",\"@id\":\"https:\/\/tonymora.com\/es\/#organization\",\"name\":\"Tony Mora Boots\",\"url\":\"https:\/\/tonymora.com\/es\/\",\"logo\":{\"@type\":\"ImageObject\",\"inLanguage\":\"es\",\"@id\":\"https:\/\/tonymora.com\/es\/#\/schema\/logo\/image\/\",\"url\":\"https:\/\/tonymora.com\/wp-content\/uploads\/2023\/12\/LOGO.jpg\",\"contentUrl\":\"https:\/\/tonymora.com\/wp-content\/uploads\/2023\/12\/LOGO.jpg\",\"width\":2272,\"height\":1411,\"caption\":\"Tony Mora Boots\"},\"image\":{\"@id\":\"https:\/\/tonymora.com\/es\/#\/schema\/logo\/image\/\"},\"sameAs\":[\"https:\/\/www.facebook.com\/Tonymoraofficial\/\",\"https:\/\/www.instagram.com\/tonymoraofficial\/?hl=es\"]}]}<\/script>\n<!-- \/ Yoast SEO plugin. -->","yoast_head_json":{"title":"Botas de Piel Rojas con Bordado Blanco y Rojo | Tony Mora","description":"Botas rojas de piel con bordados blancos y rojos. Hechas a mano, elegantes y c\u00f3modas. Un toque de sofisticaci\u00f3n y originalidad para tu estilo.","robots":{"index":"index","follow":"follow","max-snippet":"max-snippet:-1","max-image-preview":"max-image-preview:large","max-video-preview":"max-video-preview:-1"},"canonical":"https:\/\/tonymora.com\/es\/producto\/2052-virgi-lini-madison-fuego\/","og_locale":"es_ES","og_type":"article","og_title":"Botas de Piel Rojas con Bordado Blanco y Rojo | Tony Mora","og_description":"Botas rojas de piel con bordados blancos y rojos. Hechas a mano, elegantes y c\u00f3modas. Un toque de sofisticaci\u00f3n y originalidad para tu estilo.","og_url":"https:\/\/tonymora.com\/es\/producto\/2052-virgi-lini-madison-fuego\/","og_site_name":"Tony Mora\u00ae Boots Official Store","article_publisher":"https:\/\/www.facebook.com\/Tonymoraofficial\/","article_modified_time":"2026-04-06T05:33:18+00:00","og_image":[{"width":866,"height":1032,"url":"https:\/\/tonymora.com\/wp-content\/uploads\/2023\/11\/1.jpg","type":"image\/jpeg"}],"twitter_card":"summary_large_image","twitter_misc":{"Tiempo de lectura":"1 minuto"},"schema":{"@context":"https:\/\/schema.org","@graph":[{"@type":"WebPage","@id":"https:\/\/tonymora.com\/es\/producto\/2052-virgi-lini-madison-fuego\/","url":"https:\/\/tonymora.com\/es\/producto\/2052-virgi-lini-madison-fuego\/","name":"Botas de Piel Rojas con Bordado Blanco y Rojo | Tony Mora","isPartOf":{"@id":"https:\/\/tonymora.com\/es\/#website"},"primaryImageOfPage":{"@id":"https:\/\/tonymora.com\/es\/producto\/2052-virgi-lini-madison-fuego\/#primaryimage"},"image":{"@id":"https:\/\/tonymora.com\/es\/producto\/2052-virgi-lini-madison-fuego\/#primaryimage"},"thumbnailUrl":"https:\/\/tonymora.com\/wp-content\/uploads\/2023\/11\/1.jpg","datePublished":"2023-11-14T11:03:05+00:00","dateModified":"2026-04-06T05:33:18+00:00","description":"Botas rojas de piel con bordados blancos y rojos. Hechas a mano, elegantes y c\u00f3modas. Un toque de sofisticaci\u00f3n y originalidad para tu estilo.","breadcrumb":{"@id":"https:\/\/tonymora.com\/es\/producto\/2052-virgi-lini-madison-fuego\/#breadcrumb"},"inLanguage":"es","potentialAction":[{"@type":"ReadAction","target":["https:\/\/tonymora.com\/es\/producto\/2052-virgi-lini-madison-fuego\/"]}]},{"@type":"ImageObject","inLanguage":"es","@id":"https:\/\/tonymora.com\/es\/producto\/2052-virgi-lini-madison-fuego\/#primaryimage","url":"https:\/\/tonymora.com\/wp-content\/uploads\/2023\/11\/1.jpg","contentUrl":"https:\/\/tonymora.com\/wp-content\/uploads\/2023\/11\/1.jpg","width":866,"height":1032,"caption":"Botas de Piel Rojas"},{"@type":"BreadcrumbList","@id":"https:\/\/tonymora.com\/es\/producto\/2052-virgi-lini-madison-fuego\/#breadcrumb","itemListElement":[{"@type":"ListItem","position":1,"name":"Portada","item":"https:\/\/tonymora.com\/es\/"},{"@type":"ListItem","position":2,"name":"Tienda","item":"https:\/\/tonymora.com\/es\/tienda\/"},{"@type":"ListItem","position":3,"name":"Mujer","item":"https:\/\/tonymora.com\/es\/categoria-producto\/mujer\/"},{"@type":"ListItem","position":4,"name":"2052 VIRGI LINI MADISON FUEGO"}]},{"@type":"WebSite","@id":"https:\/\/tonymora.com\/es\/#website","url":"https:\/\/tonymora.com\/es\/","name":"Tony Mora\u00ae Boots Official Store","description":"Cowboy Boots","publisher":{"@id":"https:\/\/tonymora.com\/es\/#organization"},"potentialAction":[{"@type":"SearchAction","target":{"@type":"EntryPoint","urlTemplate":"https:\/\/tonymora.com\/es\/?s={search_term_string}"},"query-input":{"@type":"PropertyValueSpecification","valueRequired":true,"valueName":"search_term_string"}}],"inLanguage":"es"},{"@type":"Organization","@id":"https:\/\/tonymora.com\/es\/#organization","name":"Tony Mora Boots","url":"https:\/\/tonymora.com\/es\/","logo":{"@type":"ImageObject","inLanguage":"es","@id":"https:\/\/tonymora.com\/es\/#\/schema\/logo\/image\/","url":"https:\/\/tonymora.com\/wp-content\/uploads\/2023\/12\/LOGO.jpg","contentUrl":"https:\/\/tonymora.com\/wp-content\/uploads\/2023\/12\/LOGO.jpg","width":2272,"height":1411,"caption":"Tony Mora Boots"},"image":{"@id":"https:\/\/tonymora.com\/es\/#\/schema\/logo\/image\/"},"sameAs":["https:\/\/www.facebook.com\/Tonymoraofficial\/","https:\/\/www.instagram.com\/tonymoraofficial\/?hl=es"]}]}},"_links":{"self":[{"href":"https:\/\/tonymora.com\/es\/wp-json\/wp\/v2\/product\/707651","targetHints":{"allow":["GET"]}}],"collection":[{"href":"https:\/\/tonymora.com\/es\/wp-json\/wp\/v2\/product"}],"about":[{"href":"https:\/\/tonymora.com\/es\/wp-json\/wp\/v2\/types\/product"}],"wp:featuredmedia":[{"embeddable":true,"href":"https:\/\/tonymora.com\/es\/wp-json\/wp\/v2\/media\/712712"}],"wp:attachment":[{"href":"https:\/\/tonymora.com\/es\/wp-json\/wp\/v2\/media?parent=707651"}],"wp:term":[{"taxonomy":"product_brand","embeddable":true,"href":"https:\/\/tonymora.com\/es\/wp-json\/wp\/v2\/product_brand?post=707651"},{"taxonomy":"product_cat","embeddable":true,"href":"https:\/\/tonymora.com\/es\/wp-json\/wp\/v2\/product_cat?post=707651"},{"taxonomy":"product_tag","embeddable":true,"href":"https:\/\/tonymora.com\/es\/wp-json\/wp\/v2\/product_tag?post=707651"}],"curies":[{"name":"wp","href":"https:\/\/api.w.org\/{rel}","templated":true}]}}