{"id":707696,"date":"2023-11-14T12:16:20","date_gmt":"2023-11-14T11:16:20","guid":{"rendered":"https:\/\/tonymora.com\/?post_type=product&#038;p=707696"},"modified":"2026-04-06T07:33:16","modified_gmt":"2026-04-06T05:33:16","slug":"2107-daslu-daslu-piton-bc-mate-marron","status":"publish","type":"product","link":"https:\/\/tonymora.com\/es\/producto\/2107-daslu-daslu-piton-bc-mate-marron\/","title":{"rendered":"2107 DASLU DASLU PITON BC MATE MARRON"},"content":{"rendered":"<p>Nuestras botas de pit\u00f3n marr\u00f3n son aut\u00e9nticas obras de arte cargadas de elegancia. Cada par es una pieza \u00fanica y exclusiva gracias a su patr\u00f3n distintivo y su apariencia ex\u00f3tica. Nuestros artesanos cortan cada pieza a mano para posteriormente unirlas meticulosamente y crear un producto elegante y especial, resistente y altamente exclusivo. Con una ca\u00f1a m\u00e1s larga de lo habitual y un tac\u00f3n m\u00e1s alto estas botas son la elecci\u00f3n perfecta para quienes buscan calidad y estilo inigualable. Se trata de una pieza cosida a mano mediante el sistema \u00abGoodyear welted\u00bb para as\u00ed garantizar la m\u00e1xima durabilidad.<\/p>\n","protected":false},"excerpt":{"rendered":"<p>Un estilo que habla de identidad, sin necesidad de palabras. Actitud firme y estilo que se impone con naturalidad.<br \/>\nDise\u00f1ada para quienes entienden la elegancia como una actitud.<\/p>\n","protected":false},"featured_media":707715,"template":"","meta":{"_mbp_gutenberg_autopost":false},"product_brand":[],"product_cat":[1172,1132,122,112,1130],"product_tag":[],"class_list":{"0":"post-707696","1":"product","2":"type-product","3":"status-publish","4":"has-post-thumbnail","6":"product_cat-black-friday","7":"product_cat-botas-de-piton-mujer","8":"product_cat-botas-exoticas-mujer","9":"product_cat-mujer","10":"product_cat-rebajas-mujer","12":"first","13":"instock","14":"taxable","15":"shipping-taxable","16":"purchasable","17":"product-type-variable"},"supplier_id":null,"supplier_sku":"","barcode":null,"atum_controlled":true,"out_stock_date":null,"out_stock_threshold":null,"inheritable":true,"inbound_stock":0,"stock_on_hold":1,"sold_today":1,"sales_last_days":1,"reserved_stock":0,"customer_returns":0,"warehouse_damage":0,"lost_in_post":0,"other_logs":0,"out_stock_days":0,"lost_sales":0,"has_location":false,"update_date":"2024-12-03T12:34:32","atum_locations":[],"atum_stock_status":"instock","restock_status":false,"low_stock_amount":"","sales_update_date":"2024-07-08T12:00:47","calc_backorders":null,"yoast_head":"<!-- This site is optimized with the Yoast SEO plugin v27.2 - https:\/\/yoast.com\/product\/yoast-seo-wordpress\/ -->\n<title>2107 DASLU DASLU PITON BC MATE MARRON - Tony Mora\u00ae Boots Official Store<\/title>\n<meta name=\"description\" content=\"Nuestras botas de pit\u00f3n marr\u00f3n son aut\u00e9nticas obras de arte cargadas de elegancia. Cada par es una pieza \u00fanica y exclusiva gracias a su patr\u00f3n\" \/>\n<meta name=\"robots\" content=\"index, follow, max-snippet:-1, max-image-preview:large, max-video-preview:-1\" \/>\n<link rel=\"canonical\" href=\"https:\/\/tonymora.com\/es\/producto\/2107-daslu-daslu-piton-bc-mate-marron\/\" \/>\n<meta property=\"og:locale\" content=\"es_ES\" \/>\n<meta property=\"og:type\" content=\"article\" \/>\n<meta property=\"og:title\" content=\"2107 DASLU DASLU PITON BC MATE MARRON - Tony Mora\u00ae Boots Official Store\" \/>\n<meta property=\"og:description\" content=\"Nuestras botas de pit\u00f3n marr\u00f3n son aut\u00e9nticas obras de arte cargadas de elegancia. Cada par es una pieza \u00fanica y exclusiva gracias a su patr\u00f3n\" \/>\n<meta property=\"og:url\" content=\"https:\/\/tonymora.com\/es\/producto\/2107-daslu-daslu-piton-bc-mate-marron\/\" \/>\n<meta property=\"og:site_name\" content=\"Tony Mora\u00ae Boots Official Store\" \/>\n<meta property=\"article:publisher\" content=\"https:\/\/www.facebook.com\/Tonymoraofficial\/\" \/>\n<meta property=\"article:modified_time\" content=\"2026-04-06T05:33:16+00:00\" \/>\n<meta property=\"og:image\" content=\"https:\/\/tonymora.com\/wp-content\/uploads\/2023\/11\/07-2107-daslu-daslu-PITON-BC-MATE-MARRON.jpg\" \/>\n\t<meta property=\"og:image:width\" content=\"866\" \/>\n\t<meta property=\"og:image:height\" content=\"1032\" \/>\n\t<meta property=\"og:image:type\" content=\"image\/jpeg\" \/>\n<meta name=\"twitter:card\" content=\"summary_large_image\" \/>\n<meta name=\"twitter:label1\" content=\"Tiempo de lectura\" \/>\n\t<meta name=\"twitter:data1\" content=\"1 minuto\" \/>\n<script type=\"application\/ld+json\" class=\"yoast-schema-graph\">{\"@context\":\"https:\/\/schema.org\",\"@graph\":[{\"@type\":\"WebPage\",\"@id\":\"https:\/\/tonymora.com\/es\/producto\/2107-daslu-daslu-piton-bc-mate-marron\/\",\"url\":\"https:\/\/tonymora.com\/es\/producto\/2107-daslu-daslu-piton-bc-mate-marron\/\",\"name\":\"2107 DASLU DASLU PITON BC MATE MARRON - Tony Mora\u00ae Boots Official Store\",\"isPartOf\":{\"@id\":\"https:\/\/tonymora.com\/es\/#website\"},\"primaryImageOfPage\":{\"@id\":\"https:\/\/tonymora.com\/es\/producto\/2107-daslu-daslu-piton-bc-mate-marron\/#primaryimage\"},\"image\":{\"@id\":\"https:\/\/tonymora.com\/es\/producto\/2107-daslu-daslu-piton-bc-mate-marron\/#primaryimage\"},\"thumbnailUrl\":\"https:\/\/tonymora.com\/wp-content\/uploads\/2023\/11\/07-2107-daslu-daslu-PITON-BC-MATE-MARRON.jpg\",\"datePublished\":\"2023-11-14T11:16:20+00:00\",\"dateModified\":\"2026-04-06T05:33:16+00:00\",\"description\":\"Nuestras botas de pit\u00f3n marr\u00f3n son aut\u00e9nticas obras de arte cargadas de elegancia. Cada par es una pieza \u00fanica y exclusiva gracias a su patr\u00f3n\",\"breadcrumb\":{\"@id\":\"https:\/\/tonymora.com\/es\/producto\/2107-daslu-daslu-piton-bc-mate-marron\/#breadcrumb\"},\"inLanguage\":\"es\",\"potentialAction\":[{\"@type\":\"ReadAction\",\"target\":[\"https:\/\/tonymora.com\/es\/producto\/2107-daslu-daslu-piton-bc-mate-marron\/\"]}]},{\"@type\":\"ImageObject\",\"inLanguage\":\"es\",\"@id\":\"https:\/\/tonymora.com\/es\/producto\/2107-daslu-daslu-piton-bc-mate-marron\/#primaryimage\",\"url\":\"https:\/\/tonymora.com\/wp-content\/uploads\/2023\/11\/07-2107-daslu-daslu-PITON-BC-MATE-MARRON.jpg\",\"contentUrl\":\"https:\/\/tonymora.com\/wp-content\/uploads\/2023\/11\/07-2107-daslu-daslu-PITON-BC-MATE-MARRON.jpg\",\"width\":866,\"height\":1032},{\"@type\":\"BreadcrumbList\",\"@id\":\"https:\/\/tonymora.com\/es\/producto\/2107-daslu-daslu-piton-bc-mate-marron\/#breadcrumb\",\"itemListElement\":[{\"@type\":\"ListItem\",\"position\":1,\"name\":\"Portada\",\"item\":\"https:\/\/tonymora.com\/es\/\"},{\"@type\":\"ListItem\",\"position\":2,\"name\":\"Tienda\",\"item\":\"https:\/\/tonymora.com\/es\/tienda\/\"},{\"@type\":\"ListItem\",\"position\":3,\"name\":\"Mujer\",\"item\":\"https:\/\/tonymora.com\/es\/categoria-producto\/mujer\/\"},{\"@type\":\"ListItem\",\"position\":4,\"name\":\"2107 DASLU DASLU PITON BC MATE MARRON\"}]},{\"@type\":\"WebSite\",\"@id\":\"https:\/\/tonymora.com\/es\/#website\",\"url\":\"https:\/\/tonymora.com\/es\/\",\"name\":\"Tony Mora\u00ae Boots Official Store\",\"description\":\"Cowboy Boots\",\"publisher\":{\"@id\":\"https:\/\/tonymora.com\/es\/#organization\"},\"potentialAction\":[{\"@type\":\"SearchAction\",\"target\":{\"@type\":\"EntryPoint\",\"urlTemplate\":\"https:\/\/tonymora.com\/es\/?s={search_term_string}\"},\"query-input\":{\"@type\":\"PropertyValueSpecification\",\"valueRequired\":true,\"valueName\":\"search_term_string\"}}],\"inLanguage\":\"es\"},{\"@type\":\"Organization\",\"@id\":\"https:\/\/tonymora.com\/es\/#organization\",\"name\":\"Tony Mora Boots\",\"url\":\"https:\/\/tonymora.com\/es\/\",\"logo\":{\"@type\":\"ImageObject\",\"inLanguage\":\"es\",\"@id\":\"https:\/\/tonymora.com\/es\/#\/schema\/logo\/image\/\",\"url\":\"https:\/\/tonymora.com\/wp-content\/uploads\/2023\/12\/LOGO.jpg\",\"contentUrl\":\"https:\/\/tonymora.com\/wp-content\/uploads\/2023\/12\/LOGO.jpg\",\"width\":2272,\"height\":1411,\"caption\":\"Tony Mora Boots\"},\"image\":{\"@id\":\"https:\/\/tonymora.com\/es\/#\/schema\/logo\/image\/\"},\"sameAs\":[\"https:\/\/www.facebook.com\/Tonymoraofficial\/\",\"https:\/\/www.instagram.com\/tonymoraofficial\/?hl=es\"]}]}<\/script>\n<!-- \/ Yoast SEO plugin. -->","yoast_head_json":{"title":"2107 DASLU DASLU PITON BC MATE MARRON - Tony Mora\u00ae Boots Official Store","description":"Nuestras botas de pit\u00f3n marr\u00f3n son aut\u00e9nticas obras de arte cargadas de elegancia. Cada par es una pieza \u00fanica y exclusiva gracias a su patr\u00f3n","robots":{"index":"index","follow":"follow","max-snippet":"max-snippet:-1","max-image-preview":"max-image-preview:large","max-video-preview":"max-video-preview:-1"},"canonical":"https:\/\/tonymora.com\/es\/producto\/2107-daslu-daslu-piton-bc-mate-marron\/","og_locale":"es_ES","og_type":"article","og_title":"2107 DASLU DASLU PITON BC MATE MARRON - Tony Mora\u00ae Boots Official Store","og_description":"Nuestras botas de pit\u00f3n marr\u00f3n son aut\u00e9nticas obras de arte cargadas de elegancia. Cada par es una pieza \u00fanica y exclusiva gracias a su patr\u00f3n","og_url":"https:\/\/tonymora.com\/es\/producto\/2107-daslu-daslu-piton-bc-mate-marron\/","og_site_name":"Tony Mora\u00ae Boots Official Store","article_publisher":"https:\/\/www.facebook.com\/Tonymoraofficial\/","article_modified_time":"2026-04-06T05:33:16+00:00","og_image":[{"width":866,"height":1032,"url":"https:\/\/tonymora.com\/wp-content\/uploads\/2023\/11\/07-2107-daslu-daslu-PITON-BC-MATE-MARRON.jpg","type":"image\/jpeg"}],"twitter_card":"summary_large_image","twitter_misc":{"Tiempo de lectura":"1 minuto"},"schema":{"@context":"https:\/\/schema.org","@graph":[{"@type":"WebPage","@id":"https:\/\/tonymora.com\/es\/producto\/2107-daslu-daslu-piton-bc-mate-marron\/","url":"https:\/\/tonymora.com\/es\/producto\/2107-daslu-daslu-piton-bc-mate-marron\/","name":"2107 DASLU DASLU PITON BC MATE MARRON - Tony Mora\u00ae Boots Official Store","isPartOf":{"@id":"https:\/\/tonymora.com\/es\/#website"},"primaryImageOfPage":{"@id":"https:\/\/tonymora.com\/es\/producto\/2107-daslu-daslu-piton-bc-mate-marron\/#primaryimage"},"image":{"@id":"https:\/\/tonymora.com\/es\/producto\/2107-daslu-daslu-piton-bc-mate-marron\/#primaryimage"},"thumbnailUrl":"https:\/\/tonymora.com\/wp-content\/uploads\/2023\/11\/07-2107-daslu-daslu-PITON-BC-MATE-MARRON.jpg","datePublished":"2023-11-14T11:16:20+00:00","dateModified":"2026-04-06T05:33:16+00:00","description":"Nuestras botas de pit\u00f3n marr\u00f3n son aut\u00e9nticas obras de arte cargadas de elegancia. Cada par es una pieza \u00fanica y exclusiva gracias a su patr\u00f3n","breadcrumb":{"@id":"https:\/\/tonymora.com\/es\/producto\/2107-daslu-daslu-piton-bc-mate-marron\/#breadcrumb"},"inLanguage":"es","potentialAction":[{"@type":"ReadAction","target":["https:\/\/tonymora.com\/es\/producto\/2107-daslu-daslu-piton-bc-mate-marron\/"]}]},{"@type":"ImageObject","inLanguage":"es","@id":"https:\/\/tonymora.com\/es\/producto\/2107-daslu-daslu-piton-bc-mate-marron\/#primaryimage","url":"https:\/\/tonymora.com\/wp-content\/uploads\/2023\/11\/07-2107-daslu-daslu-PITON-BC-MATE-MARRON.jpg","contentUrl":"https:\/\/tonymora.com\/wp-content\/uploads\/2023\/11\/07-2107-daslu-daslu-PITON-BC-MATE-MARRON.jpg","width":866,"height":1032},{"@type":"BreadcrumbList","@id":"https:\/\/tonymora.com\/es\/producto\/2107-daslu-daslu-piton-bc-mate-marron\/#breadcrumb","itemListElement":[{"@type":"ListItem","position":1,"name":"Portada","item":"https:\/\/tonymora.com\/es\/"},{"@type":"ListItem","position":2,"name":"Tienda","item":"https:\/\/tonymora.com\/es\/tienda\/"},{"@type":"ListItem","position":3,"name":"Mujer","item":"https:\/\/tonymora.com\/es\/categoria-producto\/mujer\/"},{"@type":"ListItem","position":4,"name":"2107 DASLU DASLU PITON BC MATE MARRON"}]},{"@type":"WebSite","@id":"https:\/\/tonymora.com\/es\/#website","url":"https:\/\/tonymora.com\/es\/","name":"Tony Mora\u00ae Boots Official Store","description":"Cowboy Boots","publisher":{"@id":"https:\/\/tonymora.com\/es\/#organization"},"potentialAction":[{"@type":"SearchAction","target":{"@type":"EntryPoint","urlTemplate":"https:\/\/tonymora.com\/es\/?s={search_term_string}"},"query-input":{"@type":"PropertyValueSpecification","valueRequired":true,"valueName":"search_term_string"}}],"inLanguage":"es"},{"@type":"Organization","@id":"https:\/\/tonymora.com\/es\/#organization","name":"Tony Mora Boots","url":"https:\/\/tonymora.com\/es\/","logo":{"@type":"ImageObject","inLanguage":"es","@id":"https:\/\/tonymora.com\/es\/#\/schema\/logo\/image\/","url":"https:\/\/tonymora.com\/wp-content\/uploads\/2023\/12\/LOGO.jpg","contentUrl":"https:\/\/tonymora.com\/wp-content\/uploads\/2023\/12\/LOGO.jpg","width":2272,"height":1411,"caption":"Tony Mora Boots"},"image":{"@id":"https:\/\/tonymora.com\/es\/#\/schema\/logo\/image\/"},"sameAs":["https:\/\/www.facebook.com\/Tonymoraofficial\/","https:\/\/www.instagram.com\/tonymoraofficial\/?hl=es"]}]}},"_links":{"self":[{"href":"https:\/\/tonymora.com\/es\/wp-json\/wp\/v2\/product\/707696","targetHints":{"allow":["GET"]}}],"collection":[{"href":"https:\/\/tonymora.com\/es\/wp-json\/wp\/v2\/product"}],"about":[{"href":"https:\/\/tonymora.com\/es\/wp-json\/wp\/v2\/types\/product"}],"wp:featuredmedia":[{"embeddable":true,"href":"https:\/\/tonymora.com\/es\/wp-json\/wp\/v2\/media\/707715"}],"wp:attachment":[{"href":"https:\/\/tonymora.com\/es\/wp-json\/wp\/v2\/media?parent=707696"}],"wp:term":[{"taxonomy":"product_brand","embeddable":true,"href":"https:\/\/tonymora.com\/es\/wp-json\/wp\/v2\/product_brand?post=707696"},{"taxonomy":"product_cat","embeddable":true,"href":"https:\/\/tonymora.com\/es\/wp-json\/wp\/v2\/product_cat?post=707696"},{"taxonomy":"product_tag","embeddable":true,"href":"https:\/\/tonymora.com\/es\/wp-json\/wp\/v2\/product_tag?post=707696"}],"curies":[{"name":"wp","href":"https:\/\/api.w.org\/{rel}","templated":true}]}}