{"id":707741,"date":"2023-11-14T12:28:52","date_gmt":"2023-11-14T11:28:52","guid":{"rendered":"https:\/\/tonymora.com\/?post_type=product&#038;p=707741"},"modified":"2026-05-12T17:09:23","modified_gmt":"2026-05-12T15:09:23","slug":"2135-j-lini-madison-ocre-capri-verde","status":"publish","type":"product","link":"https:\/\/tonymora.com\/es\/producto\/2135-j-lini-madison-ocre-capri-verde\/","title":{"rendered":"2135 J LINI MADISON OCRE CAPRI VERDE"},"content":{"rendered":"<p data-start=\"116\" data-end=\"199\"><strong data-start=\"116\" data-end=\"199\"><span class=\"_fadeIn_m1hgl_8\">Botas <\/span><span class=\"_fadeIn_m1hgl_8\">ocre <\/span><span class=\"_fadeIn_m1hgl_8\">de <\/span><span class=\"_fadeIn_m1hgl_8\">piel <\/span><span class=\"_fadeIn_m1hgl_8\">con <\/span><span class=\"_fadeIn_m1hgl_8\">estrella <\/span><span class=\"_fadeIn_m1hgl_8\">verde: <\/span><span class=\"_fadeIn_m1hgl_8\">dise\u00f1o <\/span><span class=\"_fadeIn_m1hgl_8\">exclusivo <\/span><span class=\"_fadeIn_m1hgl_8\">y <\/span><span class=\"_fadeIn_m1hgl_8\">comodidad <\/span><span class=\"_fadeIn_m1hgl_8\">insuperable<\/span><\/strong><\/p>\n<p data-start=\"201\" data-end=\"417\"><span class=\"_fadeIn_m1hgl_8\">Os <\/span><span class=\"_fadeIn_m1hgl_8\">presentamos <\/span><span class=\"_fadeIn_m1hgl_8\">uno <\/span><span class=\"_fadeIn_m1hgl_8\">de <\/span><span class=\"_fadeIn_m1hgl_8\">nuestros <\/span><span class=\"_fadeIn_m1hgl_8\">primeros <\/span><span class=\"_fadeIn_m1hgl_8\">dise\u00f1os, <\/span><span class=\"_fadeIn_m1hgl_8\">unas <\/span><strong data-start=\"255\" data-end=\"300\"><span class=\"_fadeIn_m1hgl_8\">botas <\/span><span class=\"_fadeIn_m1hgl_8\">ocre <\/span><span class=\"_fadeIn_m1hgl_8\">de <\/span><span class=\"_fadeIn_m1hgl_8\">piel <\/span><span class=\"_fadeIn_m1hgl_8\">de <\/span><span class=\"_fadeIn_m1hgl_8\">la <\/span><span class=\"_fadeIn_m1hgl_8\">m\u00e1s <\/span><span class=\"_fadeIn_m1hgl_8\">alta <\/span><span class=\"_fadeIn_m1hgl_8\">calidad<\/span><\/strong> <span class=\"_fadeIn_m1hgl_8\">con <\/span><span class=\"_fadeIn_m1hgl_8\">un <\/span><span class=\"_fadeIn_m1hgl_8\">distintivo <\/span><span class=\"_fadeIn_m1hgl_8\">dise\u00f1o <\/span><span class=\"_fadeIn_m1hgl_8\">en <\/span><span class=\"_fadeIn_m1hgl_8\">forma <\/span><span class=\"_fadeIn_m1hgl_8\">de <\/span><strong data-start=\"338\" data-end=\"367\"><span class=\"_fadeIn_m1hgl_8\">estrella <\/span><span class=\"_fadeIn_m1hgl_8\">verde <\/span><span class=\"_fadeIn_m1hgl_8\">en <\/span><span class=\"_fadeIn_m1hgl_8\">la <\/span><span class=\"_fadeIn_m1hgl_8\">ca\u00f1a<\/span><\/strong><span class=\"_fadeIn_m1hgl_8\">, <\/span><span class=\"_fadeIn_m1hgl_8\">creado <\/span><span class=\"_fadeIn_m1hgl_8\">con <\/span><span class=\"_fadeIn_m1hgl_8\">un <\/span><span class=\"_fadeIn_m1hgl_8\">bajo <\/span><span class=\"_fadeIn_m1hgl_8\">fondo <\/span><span class=\"_fadeIn_m1hgl_8\">en <\/span><span class=\"_fadeIn_m1hgl_8\">cuero <\/span><span class=\"_fadeIn_m1hgl_8\">color <\/span><span class=\"_fadeIn_m1hgl_8\">verde.<\/span><\/p>\n<p data-start=\"419\" data-end=\"587\"><span class=\"_fadeIn_m1hgl_8\">Adem\u00e1s <\/span><span class=\"_fadeIn_m1hgl_8\">de <\/span><span class=\"_fadeIn_m1hgl_8\">su <\/span><span class=\"_fadeIn_m1hgl_8\">preciosa <\/span><span class=\"_fadeIn_m1hgl_8\">est\u00e9tica, <\/span><span class=\"_fadeIn_m1hgl_8\">cuentan <\/span><span class=\"_fadeIn_m1hgl_8\">con <\/span><span class=\"_fadeIn_m1hgl_8\">un <\/span><strong data-start=\"466\" data-end=\"510\"><span class=\"_fadeIn_m1hgl_8\">interior <\/span><span class=\"_fadeIn_m1hgl_8\">forrado <\/span><span class=\"_fadeIn_m1hgl_8\">en <\/span><span class=\"_fadeIn_m1hgl_8\">piel <\/span><span class=\"_fadeIn_m1hgl_8\">de <\/span><span class=\"_fadeIn_m1hgl_8\">ternera <\/span><span class=\"_fadeIn_m1hgl_8\">100%<\/span><\/strong><span class=\"_fadeIn_m1hgl_8\">, <\/span><span class=\"_fadeIn_m1hgl_8\">que <\/span><span class=\"_fadeIn_m1hgl_8\">las <\/span><span class=\"_fadeIn_m1hgl_8\">convierte <\/span><span class=\"_fadeIn_m1hgl_8\">en <\/span><span class=\"_fadeIn_m1hgl_8\">un <\/span><span class=\"_fadeIn_m1hgl_8\">calzado <\/span><strong data-start=\"544\" data-end=\"584\" data-is-only-node=\"\"><span class=\"_fadeIn_m1hgl_8\">muy <\/span><span class=\"_fadeIn_m1hgl_8\">c\u00f3modo, <\/span><span class=\"_fadeIn_m1hgl_8\">adaptable <\/span><span class=\"_fadeIn_m1hgl_8\">y <\/span><span class=\"_fadeIn_m1hgl_8\">transpirable<\/span><\/strong><span class=\"_fadeIn_m1hgl_8\">.<\/span><\/p>\n<p data-start=\"589\" data-end=\"723\"><span class=\"_fadeIn_m1hgl_8\">Se <\/span><span class=\"_fadeIn_m1hgl_8\">trata <\/span><span class=\"_fadeIn_m1hgl_8\">de <\/span><span class=\"_fadeIn_m1hgl_8\">una <\/span><span class=\"_fadeIn_m1hgl_8\">pieza <\/span><strong data-start=\"611\" data-end=\"666\"><span class=\"_fadeIn_m1hgl_8\">cosida <\/span><span class=\"_fadeIn_m1hgl_8\">a <\/span><span class=\"_fadeIn_m1hgl_8\">mano <\/span><span class=\"_fadeIn_m1hgl_8\">mediante <\/span><span class=\"_fadeIn_m1hgl_8\">el <\/span><span class=\"_fadeIn_m1hgl_8\">sistema \u00ab<\/span><span class=\"_fadeIn_m1hgl_8\">Goodyear <\/span><span class=\"_fadeIn_m1hgl_8\">welted\u00bb<\/span><\/strong><span class=\"_fadeIn_m1hgl_8\">, <\/span><span class=\"_fadeIn_m1hgl_8\">garantizando <\/span><span class=\"_fadeIn_m1hgl_8\">as\u00ed <\/span><span class=\"_fadeIn_m1hgl_8\">la <\/span><strong data-start=\"688\" data-end=\"720\"><span class=\"_fadeIn_m1hgl_8\">m\u00e1xima <\/span><span class=\"_fadeIn_m1hgl_8\">durabilidad <\/span><span class=\"_fadeIn_m1hgl_8\">y <\/span><span class=\"_fadeIn_m1hgl_8\">calidad<\/span><\/strong><span class=\"_fadeIn_m1hgl_8\">.<\/span><\/p>\n<p data-start=\"725\" data-end=\"875\"><span class=\"_fadeIn_m1hgl_8\">Ya <\/span><span class=\"_fadeIn_m1hgl_8\">sea <\/span><span class=\"_fadeIn_m1hgl_8\">para <\/span><span class=\"_fadeIn_m1hgl_8\">una <\/span><span class=\"_fadeIn_m1hgl_8\">ocasi\u00f3n <\/span><span class=\"_fadeIn_m1hgl_8\">especial <\/span><span class=\"_fadeIn_m1hgl_8\">o <\/span><span class=\"_fadeIn_m1hgl_8\">para <\/span><span class=\"_fadeIn_m1hgl_8\">complementar <\/span><span class=\"_fadeIn_m1hgl_8\">tu <\/span><span class=\"_fadeIn_m1hgl_8\">estilo <\/span><span class=\"_fadeIn_m1hgl_8\">diario, <\/span><span class=\"_fadeIn_m1hgl_8\">estas <\/span><span class=\"_fadeIn_m1hgl_8\">botas <\/span><span class=\"_fadeIn_m1hgl_8\">son <\/span><span class=\"_fadeIn_m1hgl_8\">una <\/span><span class=\"_fadeIn_m1hgl_8\">elecci\u00f3n <\/span><strong data-start=\"825\" data-end=\"874\"><span class=\"_fadeIn_m1hgl_8\">sofisticada, <\/span><span class=\"_fadeIn_m1hgl_8\">vers\u00e1til <\/span><span class=\"_fadeIn_m1hgl_8\">y <\/span><span class=\"_fadeIn_m1hgl_8\">llena <\/span><span class=\"_fadeIn_m1hgl_8\">de <\/span><span class=\"_fadeIn_m1hgl_8\">personalidad<\/span><\/strong><span class=\"_fadeIn_m1hgl_8\">.<\/span><\/p>\n","protected":false},"excerpt":{"rendered":"<p>Un dise\u00f1o que transmite car\u00e1cter desde el primer paso. Vers\u00e1til y f\u00e1cil de combinar, sin perder personalidad.<br \/>\nPara quienes buscan estilo con significado y presencia real.<\/p>\n","protected":false},"featured_media":707760,"template":"","meta":{"_mbp_gutenberg_autopost":false},"product_brand":[],"product_cat":[1172,119,114,1133,112,1130],"product_tag":[],"class_list":{"0":"post-707741","1":"product","2":"type-product","3":"status-publish","4":"has-post-thumbnail","6":"product_cat-black-friday","7":"product_cat-botas-casual-mujer","8":"product_cat-botas-cowgirl-mujer","9":"product_cat-botas-de-piel-mujer","10":"product_cat-mujer","11":"product_cat-rebajas-mujer","13":"first","14":"instock","15":"taxable","16":"shipping-taxable","17":"purchasable","18":"product-type-variable"},"_links":{"self":[{"href":"https:\/\/tonymora.com\/es\/wp-json\/wp\/v2\/product\/707741","targetHints":{"allow":["GET"]}}],"collection":[{"href":"https:\/\/tonymora.com\/es\/wp-json\/wp\/v2\/product"}],"about":[{"href":"https:\/\/tonymora.com\/es\/wp-json\/wp\/v2\/types\/product"}],"wp:featuredmedia":[{"embeddable":true,"href":"https:\/\/tonymora.com\/es\/wp-json\/wp\/v2\/media\/707760"}],"wp:attachment":[{"href":"https:\/\/tonymora.com\/es\/wp-json\/wp\/v2\/media?parent=707741"}],"wp:term":[{"taxonomy":"product_brand","embeddable":true,"href":"https:\/\/tonymora.com\/es\/wp-json\/wp\/v2\/product_brand?post=707741"},{"taxonomy":"product_cat","embeddable":true,"href":"https:\/\/tonymora.com\/es\/wp-json\/wp\/v2\/product_cat?post=707741"},{"taxonomy":"product_tag","embeddable":true,"href":"https:\/\/tonymora.com\/es\/wp-json\/wp\/v2\/product_tag?post=707741"}],"curies":[{"name":"wp","href":"https:\/\/api.w.org\/{rel}","templated":true}]}}