{"id":707786,"date":"2023-11-14T12:36:15","date_gmt":"2023-11-14T11:36:15","guid":{"rendered":"https:\/\/tonymora.com\/?post_type=product&#038;p=707786"},"modified":"2026-05-12T17:08:22","modified_gmt":"2026-05-12T15:08:22","slug":"2135-j-lini-nobuck-ocre-brash-arena","status":"publish","type":"product","link":"https:\/\/tonymora.com\/es\/producto\/2135-j-lini-nobuck-ocre-brash-arena\/","title":{"rendered":"2135 J LINI NOBUCK OCRE BRASH ARENA"},"content":{"rendered":"<p>Este modelo desprende un estilo incomparable, muy f\u00e1cilmente combinable. Su piel de la m\u00e1s alta calidad ha sido tratada con la t\u00e9cnica \u00abbrash\u00bb un encerado con cera de abeja para obtener un acabado brillante y adem\u00e1s protegerlas de posibles roces o ara\u00f1azos, nutriendo el cuero y previniendo as\u00ed la sequedad y grietas en el mismo, adem\u00e1s, cuenta con un dise\u00f1o en forma de estrella en su ca\u00f1a creado con un bajo fondo en cuero integrado con bordado a mano por nuestras costureras. Este producto cuenta con un interior de piel de ternera 100%, lo que garantiza que sea c\u00f3modo, suave y traspirable.<\/p>\n","protected":false},"excerpt":{"rendered":"<p>Un estilo que habla de identidad, sin necesidad de palabras. Un detalle ic\u00f3nico que llama la atenci\u00f3n con buen gusto.<br \/>\nLa clase de elecci\u00f3n que se recuerda por c\u00f3mo te hace sentir.<\/p>\n","protected":false},"featured_media":707808,"template":"","meta":{"_mbp_gutenberg_autopost":false},"product_brand":[],"product_cat":[1172,119,114,1133,112,1130],"product_tag":[],"class_list":{"0":"post-707786","1":"product","2":"type-product","3":"status-publish","4":"has-post-thumbnail","6":"product_cat-black-friday","7":"product_cat-botas-casual-mujer","8":"product_cat-botas-cowgirl-mujer","9":"product_cat-botas-de-piel-mujer","10":"product_cat-mujer","11":"product_cat-rebajas-mujer","13":"first","14":"instock","15":"taxable","16":"shipping-taxable","17":"purchasable","18":"product-type-variable"},"_links":{"self":[{"href":"https:\/\/tonymora.com\/es\/wp-json\/wp\/v2\/product\/707786","targetHints":{"allow":["GET"]}}],"collection":[{"href":"https:\/\/tonymora.com\/es\/wp-json\/wp\/v2\/product"}],"about":[{"href":"https:\/\/tonymora.com\/es\/wp-json\/wp\/v2\/types\/product"}],"wp:featuredmedia":[{"embeddable":true,"href":"https:\/\/tonymora.com\/es\/wp-json\/wp\/v2\/media\/707808"}],"wp:attachment":[{"href":"https:\/\/tonymora.com\/es\/wp-json\/wp\/v2\/media?parent=707786"}],"wp:term":[{"taxonomy":"product_brand","embeddable":true,"href":"https:\/\/tonymora.com\/es\/wp-json\/wp\/v2\/product_brand?post=707786"},{"taxonomy":"product_cat","embeddable":true,"href":"https:\/\/tonymora.com\/es\/wp-json\/wp\/v2\/product_cat?post=707786"},{"taxonomy":"product_tag","embeddable":true,"href":"https:\/\/tonymora.com\/es\/wp-json\/wp\/v2\/product_tag?post=707786"}],"curies":[{"name":"wp","href":"https:\/\/api.w.org\/{rel}","templated":true}]}}