{"id":707901,"date":"2023-11-14T15:10:10","date_gmt":"2023-11-14T14:10:10","guid":{"rendered":"https:\/\/tonymora.com\/?post_type=product&#038;p=707901"},"modified":"2025-04-29T07:32:50","modified_gmt":"2025-04-29T05:32:50","slug":"814-daslu-lini-piton-negro-mate-serraje-gris","status":"publish","type":"product","link":"https:\/\/tonymora.com\/es\/producto\/814-daslu-lini-piton-negro-mate-serraje-gris\/","title":{"rendered":"814 DASLU LINI PITON NEGRO MATE \/ SERRAJE GRIS"},"content":{"rendered":"<p>Sum\u00e9rgete en el impresionante mundo de las botas de pit\u00f3n negro, piel 100% ex\u00f3tica y \u00fanica, aut\u00e9nticas obras maestras de la artesan\u00eda donde cada pieza es cortada a mano de forma individual. Todo ello unido a una ca\u00f1a de serraje, suave y elegante, que se combina con un bajo fondo de pit\u00f3n bordado a mano con hilo negro agregando un toque de sofisticaci\u00f3n inigualable. En el interior, utilizamos piel de ternera para proporcionar una comodidad y traspiraci\u00f3n \u00f3ptima. Se trata de una pieza \u00fanica cosida a mano mediante el sistema \u00abGoodyear welted\u00bb para as\u00ed garantizar la m\u00e1xima durabilidad y calidad.<\/p>\n","protected":false},"excerpt":{"rendered":"<p>Una propuesta con alma, hecha para acompa\u00f1arte de verdad. Elegancia absoluta en clave oscura.<br \/>\nDise\u00f1ada para quienes entienden la elegancia como una actitud.<\/p>\n","protected":false},"featured_media":708020,"template":"","meta":{"_mbp_gutenberg_autopost":false},"product_brand":[],"product_cat":[119,114,112],"product_tag":[],"class_list":{"0":"post-707901","1":"product","2":"type-product","3":"status-publish","4":"has-post-thumbnail","6":"product_cat-botas-casual-mujer","7":"product_cat-botas-cowgirl-mujer","8":"product_cat-mujer","10":"first","11":"outofstock","12":"taxable","13":"shipping-taxable","14":"product-type-variable"},"_links":{"self":[{"href":"https:\/\/tonymora.com\/es\/wp-json\/wp\/v2\/product\/707901","targetHints":{"allow":["GET"]}}],"collection":[{"href":"https:\/\/tonymora.com\/es\/wp-json\/wp\/v2\/product"}],"about":[{"href":"https:\/\/tonymora.com\/es\/wp-json\/wp\/v2\/types\/product"}],"wp:featuredmedia":[{"embeddable":true,"href":"https:\/\/tonymora.com\/es\/wp-json\/wp\/v2\/media\/708020"}],"wp:attachment":[{"href":"https:\/\/tonymora.com\/es\/wp-json\/wp\/v2\/media?parent=707901"}],"wp:term":[{"taxonomy":"product_brand","embeddable":true,"href":"https:\/\/tonymora.com\/es\/wp-json\/wp\/v2\/product_brand?post=707901"},{"taxonomy":"product_cat","embeddable":true,"href":"https:\/\/tonymora.com\/es\/wp-json\/wp\/v2\/product_cat?post=707901"},{"taxonomy":"product_tag","embeddable":true,"href":"https:\/\/tonymora.com\/es\/wp-json\/wp\/v2\/product_tag?post=707901"}],"curies":[{"name":"wp","href":"https:\/\/api.w.org\/{rel}","templated":true}]}}