{"id":707924,"date":"2023-11-15T08:34:27","date_gmt":"2023-11-15T07:34:27","guid":{"rendered":"https:\/\/tonymora.com\/?post_type=product&#038;p=707924"},"modified":"2026-05-12T17:13:06","modified_gmt":"2026-05-12T15:13:06","slug":"2048-j-lini-madison-setter-saturno-salmon","status":"publish","type":"product","link":"https:\/\/tonymora.com\/es\/producto\/2048-j-lini-madison-setter-saturno-salmon\/","title":{"rendered":"2048 J LINI MADISON SETTER \/ SATURNO SALMON"},"content":{"rendered":"<p>Estas botas est\u00e1n dise\u00f1adas para ofrecerte lo mejor en comodidad y estilo. Su piel de la m\u00e1s alta calidad cuenta con un dise\u00f1o en forma de mariposa en su ca\u00f1a creado con un bajo fondo en cuero color saturno salm\u00f3n combinado con bordados a mano para realzar su belleza. Su interior de piel de ternera lo hace traspirable a la vez que se adapta a la forma de nuestro pie con cada uso. Se trata de una pieza \u00fanica cosida a mano mediante el sistema \u00abGoodyear welted\u00bb para as\u00ed garantizar la m\u00e1xima durabilidad y calidad.<\/p>\n","protected":false},"excerpt":{"rendered":"<p>Un dise\u00f1o que transmite car\u00e1cter desde el primer paso. Un acabado con personalidad que destaca con sutileza.<br \/>\nIdeal para acompa\u00f1arte del d\u00eda a la noche con la misma confianza.<\/p>\n","protected":false},"featured_media":707943,"template":"","meta":{"_mbp_gutenberg_autopost":false},"product_brand":[],"product_cat":[1172,119,120,1133,112,1130],"product_tag":[],"class_list":{"0":"post-707924","1":"product","2":"type-product","3":"status-publish","4":"has-post-thumbnail","6":"product_cat-black-friday","7":"product_cat-botas-casual-mujer","8":"product_cat-botas-de-baile-en-linea-mujer","9":"product_cat-botas-de-piel-mujer","10":"product_cat-mujer","11":"product_cat-rebajas-mujer","13":"first","14":"instock","15":"taxable","16":"shipping-taxable","17":"purchasable","18":"product-type-variable"},"_links":{"self":[{"href":"https:\/\/tonymora.com\/es\/wp-json\/wp\/v2\/product\/707924","targetHints":{"allow":["GET"]}}],"collection":[{"href":"https:\/\/tonymora.com\/es\/wp-json\/wp\/v2\/product"}],"about":[{"href":"https:\/\/tonymora.com\/es\/wp-json\/wp\/v2\/types\/product"}],"wp:featuredmedia":[{"embeddable":true,"href":"https:\/\/tonymora.com\/es\/wp-json\/wp\/v2\/media\/707943"}],"wp:attachment":[{"href":"https:\/\/tonymora.com\/es\/wp-json\/wp\/v2\/media?parent=707924"}],"wp:term":[{"taxonomy":"product_brand","embeddable":true,"href":"https:\/\/tonymora.com\/es\/wp-json\/wp\/v2\/product_brand?post=707924"},{"taxonomy":"product_cat","embeddable":true,"href":"https:\/\/tonymora.com\/es\/wp-json\/wp\/v2\/product_cat?post=707924"},{"taxonomy":"product_tag","embeddable":true,"href":"https:\/\/tonymora.com\/es\/wp-json\/wp\/v2\/product_tag?post=707924"}],"curies":[{"name":"wp","href":"https:\/\/api.w.org\/{rel}","templated":true}]}}