{"id":708158,"date":"2023-11-16T11:56:03","date_gmt":"2023-11-16T10:56:03","guid":{"rendered":"https:\/\/tonymora.com\/?post_type=product&#038;p=708158"},"modified":"2026-04-08T07:32:53","modified_gmt":"2026-04-08T05:32:53","slug":"7020-daslu-lini-beige-bronce","status":"publish","type":"product","link":"https:\/\/tonymora.com\/es\/producto\/7020-daslu-lini-beige-bronce\/","title":{"rendered":"7020 DASLU LINI BEIGE BRONCE"},"content":{"rendered":"<p>\u00a1Nuestro nuevo modelo! Se trata de aut\u00e9nticas obras de arte cargadas de elegancia y dise\u00f1o. Fabricadas en cuero de la m\u00e1s alta calidad cuentan con un bajo fondo en color bronce que las convierten en piezas \u00fanicas y especiales, adem\u00e1s presentan bordados realizados a mano por nuestras costureras de manera minuciosa y detallada. Su interior est\u00e1 forrado en 100% piel de ternera lo que asegura una traspiraci\u00f3n, comodidad y flexibilidad \u00f3ptimas.<\/p>\n","protected":false},"excerpt":{"rendered":"<p>Un dise\u00f1o que transmite car\u00e1cter desde el primer paso. Detalles con intenci\u00f3n que se sienten artesanales y \u00fanicos.<br \/>\nPara quienes buscan estilo con significado y presencia real.<\/p>\n","protected":false},"featured_media":711730,"template":"","meta":{"_mbp_gutenberg_autopost":false},"product_brand":[],"product_cat":[1172,119,114,120,1133,112,1130],"product_tag":[],"class_list":{"0":"post-708158","1":"product","2":"type-product","3":"status-publish","4":"has-post-thumbnail","6":"product_cat-black-friday","7":"product_cat-botas-casual-mujer","8":"product_cat-botas-cowgirl-mujer","9":"product_cat-botas-de-baile-en-linea-mujer","10":"product_cat-botas-de-piel-mujer","11":"product_cat-mujer","12":"product_cat-rebajas-mujer","14":"first","15":"instock","16":"taxable","17":"shipping-taxable","18":"purchasable","19":"product-type-variable"},"supplier_id":null,"supplier_sku":"","barcode":null,"atum_controlled":true,"out_stock_date":null,"out_stock_threshold":null,"inheritable":true,"inbound_stock":0,"stock_on_hold":4,"sold_today":1,"sales_last_days":1,"reserved_stock":0,"customer_returns":0,"warehouse_damage":0,"lost_in_post":0,"other_logs":0,"out_stock_days":0,"lost_sales":0,"has_location":false,"update_date":"2026-03-26T11:38:02","atum_locations":[],"atum_stock_status":"instock","restock_status":false,"low_stock_amount":"","sales_update_date":"2024-07-09T07:51:36","calc_backorders":null,"yoast_head":"<!-- This site is optimized with the Yoast SEO plugin v27.2 - https:\/\/yoast.com\/product\/yoast-seo-wordpress\/ -->\n<title>7020 DASLU LINI BEIGE BRONCE - Tony Mora\u00ae Boots Official Store<\/title>\n<meta name=\"description\" content=\"\u00a1Nuestro nuevo modelo! Se trata de aut\u00e9nticas obras de arte cargadas de elegancia y dise\u00f1o.\" \/>\n<meta name=\"robots\" content=\"index, follow, max-snippet:-1, max-image-preview:large, max-video-preview:-1\" \/>\n<link rel=\"canonical\" href=\"https:\/\/tonymora.com\/es\/producto\/7020-daslu-lini-beige-bronce\/\" \/>\n<meta property=\"og:locale\" content=\"es_ES\" \/>\n<meta property=\"og:type\" content=\"article\" \/>\n<meta property=\"og:title\" content=\"7020 DASLU LINI BEIGE BRONCE - Tony Mora\u00ae Boots Official Store\" \/>\n<meta property=\"og:description\" content=\"\u00a1Nuestro nuevo modelo! Se trata de aut\u00e9nticas obras de arte cargadas de elegancia y dise\u00f1o.\" \/>\n<meta property=\"og:url\" content=\"https:\/\/tonymora.com\/es\/producto\/7020-daslu-lini-beige-bronce\/\" \/>\n<meta property=\"og:site_name\" content=\"Tony Mora\u00ae Boots Official Store\" \/>\n<meta property=\"article:publisher\" content=\"https:\/\/www.facebook.com\/Tonymoraofficial\/\" \/>\n<meta property=\"article:modified_time\" content=\"2026-04-08T05:32:53+00:00\" \/>\n<meta property=\"og:image\" content=\"https:\/\/tonymora.com\/wp-content\/uploads\/2023\/11\/02-7020-DASLU-LINI-BEIGE-BRONCE-1.jpg\" \/>\n\t<meta property=\"og:image:width\" content=\"866\" \/>\n\t<meta property=\"og:image:height\" content=\"1032\" \/>\n\t<meta property=\"og:image:type\" content=\"image\/jpeg\" \/>\n<meta name=\"twitter:card\" content=\"summary_large_image\" \/>\n<meta name=\"twitter:label1\" content=\"Tiempo de lectura\" \/>\n\t<meta name=\"twitter:data1\" content=\"1 minuto\" \/>\n<script type=\"application\/ld+json\" class=\"yoast-schema-graph\">{\"@context\":\"https:\/\/schema.org\",\"@graph\":[{\"@type\":\"WebPage\",\"@id\":\"https:\/\/tonymora.com\/es\/producto\/7020-daslu-lini-beige-bronce\/\",\"url\":\"https:\/\/tonymora.com\/es\/producto\/7020-daslu-lini-beige-bronce\/\",\"name\":\"7020 DASLU LINI BEIGE BRONCE - Tony Mora\u00ae Boots Official Store\",\"isPartOf\":{\"@id\":\"https:\/\/tonymora.com\/es\/#website\"},\"primaryImageOfPage\":{\"@id\":\"https:\/\/tonymora.com\/es\/producto\/7020-daslu-lini-beige-bronce\/#primaryimage\"},\"image\":{\"@id\":\"https:\/\/tonymora.com\/es\/producto\/7020-daslu-lini-beige-bronce\/#primaryimage\"},\"thumbnailUrl\":\"https:\/\/tonymora.com\/wp-content\/uploads\/2023\/11\/02-7020-DASLU-LINI-BEIGE-BRONCE-1.jpg\",\"datePublished\":\"2023-11-16T10:56:03+00:00\",\"dateModified\":\"2026-04-08T05:32:53+00:00\",\"description\":\"\u00a1Nuestro nuevo modelo! Se trata de aut\u00e9nticas obras de arte cargadas de elegancia y dise\u00f1o.\",\"breadcrumb\":{\"@id\":\"https:\/\/tonymora.com\/es\/producto\/7020-daslu-lini-beige-bronce\/#breadcrumb\"},\"inLanguage\":\"es\",\"potentialAction\":[{\"@type\":\"ReadAction\",\"target\":[\"https:\/\/tonymora.com\/es\/producto\/7020-daslu-lini-beige-bronce\/\"]}]},{\"@type\":\"ImageObject\",\"inLanguage\":\"es\",\"@id\":\"https:\/\/tonymora.com\/es\/producto\/7020-daslu-lini-beige-bronce\/#primaryimage\",\"url\":\"https:\/\/tonymora.com\/wp-content\/uploads\/2023\/11\/02-7020-DASLU-LINI-BEIGE-BRONCE-1.jpg\",\"contentUrl\":\"https:\/\/tonymora.com\/wp-content\/uploads\/2023\/11\/02-7020-DASLU-LINI-BEIGE-BRONCE-1.jpg\",\"width\":866,\"height\":1032},{\"@type\":\"BreadcrumbList\",\"@id\":\"https:\/\/tonymora.com\/es\/producto\/7020-daslu-lini-beige-bronce\/#breadcrumb\",\"itemListElement\":[{\"@type\":\"ListItem\",\"position\":1,\"name\":\"Portada\",\"item\":\"https:\/\/tonymora.com\/es\/\"},{\"@type\":\"ListItem\",\"position\":2,\"name\":\"Tienda\",\"item\":\"https:\/\/tonymora.com\/es\/tienda\/\"},{\"@type\":\"ListItem\",\"position\":3,\"name\":\"Rebajas mujer\",\"item\":\"https:\/\/tonymora.com\/es\/categoria-producto\/rebajas-mujer\/\"},{\"@type\":\"ListItem\",\"position\":4,\"name\":\"Botas de piel mujer\",\"item\":\"https:\/\/tonymora.com\/es\/categoria-producto\/rebajas-mujer\/botas-de-piel-mujer\/\"},{\"@type\":\"ListItem\",\"position\":5,\"name\":\"7020 DASLU LINI BEIGE BRONCE\"}]},{\"@type\":\"WebSite\",\"@id\":\"https:\/\/tonymora.com\/es\/#website\",\"url\":\"https:\/\/tonymora.com\/es\/\",\"name\":\"Tony Mora\u00ae Boots Official Store\",\"description\":\"Cowboy Boots\",\"publisher\":{\"@id\":\"https:\/\/tonymora.com\/es\/#organization\"},\"potentialAction\":[{\"@type\":\"SearchAction\",\"target\":{\"@type\":\"EntryPoint\",\"urlTemplate\":\"https:\/\/tonymora.com\/es\/?s={search_term_string}\"},\"query-input\":{\"@type\":\"PropertyValueSpecification\",\"valueRequired\":true,\"valueName\":\"search_term_string\"}}],\"inLanguage\":\"es\"},{\"@type\":\"Organization\",\"@id\":\"https:\/\/tonymora.com\/es\/#organization\",\"name\":\"Tony Mora Boots\",\"url\":\"https:\/\/tonymora.com\/es\/\",\"logo\":{\"@type\":\"ImageObject\",\"inLanguage\":\"es\",\"@id\":\"https:\/\/tonymora.com\/es\/#\/schema\/logo\/image\/\",\"url\":\"https:\/\/tonymora.com\/wp-content\/uploads\/2023\/12\/LOGO.jpg\",\"contentUrl\":\"https:\/\/tonymora.com\/wp-content\/uploads\/2023\/12\/LOGO.jpg\",\"width\":2272,\"height\":1411,\"caption\":\"Tony Mora Boots\"},\"image\":{\"@id\":\"https:\/\/tonymora.com\/es\/#\/schema\/logo\/image\/\"},\"sameAs\":[\"https:\/\/www.facebook.com\/Tonymoraofficial\/\",\"https:\/\/www.instagram.com\/tonymoraofficial\/?hl=es\"]}]}<\/script>\n<!-- \/ Yoast SEO plugin. -->","yoast_head_json":{"title":"7020 DASLU LINI BEIGE BRONCE - Tony Mora\u00ae Boots Official Store","description":"\u00a1Nuestro nuevo modelo! Se trata de aut\u00e9nticas obras de arte cargadas de elegancia y dise\u00f1o.","robots":{"index":"index","follow":"follow","max-snippet":"max-snippet:-1","max-image-preview":"max-image-preview:large","max-video-preview":"max-video-preview:-1"},"canonical":"https:\/\/tonymora.com\/es\/producto\/7020-daslu-lini-beige-bronce\/","og_locale":"es_ES","og_type":"article","og_title":"7020 DASLU LINI BEIGE BRONCE - Tony Mora\u00ae Boots Official Store","og_description":"\u00a1Nuestro nuevo modelo! Se trata de aut\u00e9nticas obras de arte cargadas de elegancia y dise\u00f1o.","og_url":"https:\/\/tonymora.com\/es\/producto\/7020-daslu-lini-beige-bronce\/","og_site_name":"Tony Mora\u00ae Boots Official Store","article_publisher":"https:\/\/www.facebook.com\/Tonymoraofficial\/","article_modified_time":"2026-04-08T05:32:53+00:00","og_image":[{"width":866,"height":1032,"url":"https:\/\/tonymora.com\/wp-content\/uploads\/2023\/11\/02-7020-DASLU-LINI-BEIGE-BRONCE-1.jpg","type":"image\/jpeg"}],"twitter_card":"summary_large_image","twitter_misc":{"Tiempo de lectura":"1 minuto"},"schema":{"@context":"https:\/\/schema.org","@graph":[{"@type":"WebPage","@id":"https:\/\/tonymora.com\/es\/producto\/7020-daslu-lini-beige-bronce\/","url":"https:\/\/tonymora.com\/es\/producto\/7020-daslu-lini-beige-bronce\/","name":"7020 DASLU LINI BEIGE BRONCE - Tony Mora\u00ae Boots Official Store","isPartOf":{"@id":"https:\/\/tonymora.com\/es\/#website"},"primaryImageOfPage":{"@id":"https:\/\/tonymora.com\/es\/producto\/7020-daslu-lini-beige-bronce\/#primaryimage"},"image":{"@id":"https:\/\/tonymora.com\/es\/producto\/7020-daslu-lini-beige-bronce\/#primaryimage"},"thumbnailUrl":"https:\/\/tonymora.com\/wp-content\/uploads\/2023\/11\/02-7020-DASLU-LINI-BEIGE-BRONCE-1.jpg","datePublished":"2023-11-16T10:56:03+00:00","dateModified":"2026-04-08T05:32:53+00:00","description":"\u00a1Nuestro nuevo modelo! Se trata de aut\u00e9nticas obras de arte cargadas de elegancia y dise\u00f1o.","breadcrumb":{"@id":"https:\/\/tonymora.com\/es\/producto\/7020-daslu-lini-beige-bronce\/#breadcrumb"},"inLanguage":"es","potentialAction":[{"@type":"ReadAction","target":["https:\/\/tonymora.com\/es\/producto\/7020-daslu-lini-beige-bronce\/"]}]},{"@type":"ImageObject","inLanguage":"es","@id":"https:\/\/tonymora.com\/es\/producto\/7020-daslu-lini-beige-bronce\/#primaryimage","url":"https:\/\/tonymora.com\/wp-content\/uploads\/2023\/11\/02-7020-DASLU-LINI-BEIGE-BRONCE-1.jpg","contentUrl":"https:\/\/tonymora.com\/wp-content\/uploads\/2023\/11\/02-7020-DASLU-LINI-BEIGE-BRONCE-1.jpg","width":866,"height":1032},{"@type":"BreadcrumbList","@id":"https:\/\/tonymora.com\/es\/producto\/7020-daslu-lini-beige-bronce\/#breadcrumb","itemListElement":[{"@type":"ListItem","position":1,"name":"Portada","item":"https:\/\/tonymora.com\/es\/"},{"@type":"ListItem","position":2,"name":"Tienda","item":"https:\/\/tonymora.com\/es\/tienda\/"},{"@type":"ListItem","position":3,"name":"Rebajas mujer","item":"https:\/\/tonymora.com\/es\/categoria-producto\/rebajas-mujer\/"},{"@type":"ListItem","position":4,"name":"Botas de piel mujer","item":"https:\/\/tonymora.com\/es\/categoria-producto\/rebajas-mujer\/botas-de-piel-mujer\/"},{"@type":"ListItem","position":5,"name":"7020 DASLU LINI BEIGE BRONCE"}]},{"@type":"WebSite","@id":"https:\/\/tonymora.com\/es\/#website","url":"https:\/\/tonymora.com\/es\/","name":"Tony Mora\u00ae Boots Official Store","description":"Cowboy Boots","publisher":{"@id":"https:\/\/tonymora.com\/es\/#organization"},"potentialAction":[{"@type":"SearchAction","target":{"@type":"EntryPoint","urlTemplate":"https:\/\/tonymora.com\/es\/?s={search_term_string}"},"query-input":{"@type":"PropertyValueSpecification","valueRequired":true,"valueName":"search_term_string"}}],"inLanguage":"es"},{"@type":"Organization","@id":"https:\/\/tonymora.com\/es\/#organization","name":"Tony Mora Boots","url":"https:\/\/tonymora.com\/es\/","logo":{"@type":"ImageObject","inLanguage":"es","@id":"https:\/\/tonymora.com\/es\/#\/schema\/logo\/image\/","url":"https:\/\/tonymora.com\/wp-content\/uploads\/2023\/12\/LOGO.jpg","contentUrl":"https:\/\/tonymora.com\/wp-content\/uploads\/2023\/12\/LOGO.jpg","width":2272,"height":1411,"caption":"Tony Mora Boots"},"image":{"@id":"https:\/\/tonymora.com\/es\/#\/schema\/logo\/image\/"},"sameAs":["https:\/\/www.facebook.com\/Tonymoraofficial\/","https:\/\/www.instagram.com\/tonymoraofficial\/?hl=es"]}]}},"_links":{"self":[{"href":"https:\/\/tonymora.com\/es\/wp-json\/wp\/v2\/product\/708158","targetHints":{"allow":["GET"]}}],"collection":[{"href":"https:\/\/tonymora.com\/es\/wp-json\/wp\/v2\/product"}],"about":[{"href":"https:\/\/tonymora.com\/es\/wp-json\/wp\/v2\/types\/product"}],"wp:featuredmedia":[{"embeddable":true,"href":"https:\/\/tonymora.com\/es\/wp-json\/wp\/v2\/media\/711730"}],"wp:attachment":[{"href":"https:\/\/tonymora.com\/es\/wp-json\/wp\/v2\/media?parent=708158"}],"wp:term":[{"taxonomy":"product_brand","embeddable":true,"href":"https:\/\/tonymora.com\/es\/wp-json\/wp\/v2\/product_brand?post=708158"},{"taxonomy":"product_cat","embeddable":true,"href":"https:\/\/tonymora.com\/es\/wp-json\/wp\/v2\/product_cat?post=708158"},{"taxonomy":"product_tag","embeddable":true,"href":"https:\/\/tonymora.com\/es\/wp-json\/wp\/v2\/product_tag?post=708158"}],"curies":[{"name":"wp","href":"https:\/\/api.w.org\/{rel}","templated":true}]}}