{"id":711743,"date":"2024-03-14T17:40:30","date_gmt":"2024-03-14T16:40:30","guid":{"rendered":"https:\/\/tonymora.com\/?post_type=product&#038;p=711743"},"modified":"2026-05-12T17:05:33","modified_gmt":"2026-05-12T15:05:33","slug":"2107-daslu-daslu-piton-bc-negro-brillo","status":"publish","type":"product","link":"https:\/\/tonymora.com\/es\/producto\/2107-daslu-daslu-piton-bc-negro-brillo\/","title":{"rendered":"2107 DASLU DASLU PIT\u00d3N BC NEGRO BRILLO"},"content":{"rendered":"<p>Este modelo ha sido elaborado con piel de pit\u00f3n negra de acabado brillante, representa la esencia de la distinci\u00f3n y el refinamiento. Cada par, fruto de una meticulosa labor artesanal, cuenta con patrones exclusivos y una textura ex\u00f3tica que captura la mirada. La confecci\u00f3n manual de estas piezas, utilizando el renombrado m\u00e9todo \u00abGoodyear welted\u00bb promete una durabilidad superior. Con una silueta elegante, caracterizada por una ca\u00f1a extendida y un tac\u00f3n pronunciado, este modelo es la elecci\u00f3n perfecta para el conocedor de moda que aspira a un estilo y calidad superior.<\/p>\n","protected":false},"excerpt":{"rendered":"<p>Una elecci\u00f3n que se siente especial nada m\u00e1s verla. Un toque de altura que aporta seguridad y elegancia.<br \/>\nUna forma de vestir la autenticidad con elegancia.<\/p>\n","protected":false},"featured_media":712742,"template":"","meta":{"_mbp_gutenberg_autopost":false},"product_brand":[],"product_cat":[1172,1132,122,112,1130],"product_tag":[],"class_list":{"0":"post-711743","1":"product","2":"type-product","3":"status-publish","4":"has-post-thumbnail","6":"product_cat-black-friday","7":"product_cat-botas-de-piton-mujer","8":"product_cat-botas-exoticas-mujer","9":"product_cat-mujer","10":"product_cat-rebajas-mujer","12":"first","13":"instock","14":"taxable","15":"shipping-taxable","16":"purchasable","17":"product-type-variable"},"_links":{"self":[{"href":"https:\/\/tonymora.com\/es\/wp-json\/wp\/v2\/product\/711743","targetHints":{"allow":["GET"]}}],"collection":[{"href":"https:\/\/tonymora.com\/es\/wp-json\/wp\/v2\/product"}],"about":[{"href":"https:\/\/tonymora.com\/es\/wp-json\/wp\/v2\/types\/product"}],"wp:featuredmedia":[{"embeddable":true,"href":"https:\/\/tonymora.com\/es\/wp-json\/wp\/v2\/media\/712742"}],"wp:attachment":[{"href":"https:\/\/tonymora.com\/es\/wp-json\/wp\/v2\/media?parent=711743"}],"wp:term":[{"taxonomy":"product_brand","embeddable":true,"href":"https:\/\/tonymora.com\/es\/wp-json\/wp\/v2\/product_brand?post=711743"},{"taxonomy":"product_cat","embeddable":true,"href":"https:\/\/tonymora.com\/es\/wp-json\/wp\/v2\/product_cat?post=711743"},{"taxonomy":"product_tag","embeddable":true,"href":"https:\/\/tonymora.com\/es\/wp-json\/wp\/v2\/product_tag?post=711743"}],"curies":[{"name":"wp","href":"https:\/\/api.w.org\/{rel}","templated":true}]}}