{"id":712553,"date":"2024-04-22T12:43:07","date_gmt":"2024-04-22T10:43:07","guid":{"rendered":"https:\/\/tonymora.com\/?post_type=product&#038;p=712553"},"modified":"2026-04-07T07:32:54","modified_gmt":"2026-04-07T05:32:54","slug":"9058-trenzado-marron-2","status":"publish","type":"product","link":"https:\/\/tonymora.com\/es\/producto\/9058-trenzado-marron-2\/","title":{"rendered":"9058 TRENZADO MARRON"},"content":{"rendered":"<p data-start=\"141\" data-end=\"563\"><strong data-start=\"141\" data-end=\"219\"><span class=\"_fadeIn_m1hgl_8\">Cintur\u00f3n <\/span><span class=\"_fadeIn_m1hgl_8\">art\u00edstico <\/span><span class=\"_fadeIn_m1hgl_8\">de <\/span><span class=\"_fadeIn_m1hgl_8\">piel <\/span><span class=\"_fadeIn_m1hgl_8\">marr\u00f3n: <\/span><span class=\"_fadeIn_m1hgl_8\">una <\/span><span class=\"_fadeIn_m1hgl_8\">obra <\/span><span class=\"_fadeIn_m1hgl_8\">maestra <\/span><span class=\"_fadeIn_m1hgl_8\">firmada <\/span><span class=\"_fadeIn_m1hgl_8\">por <\/span><span class=\"_fadeIn_m1hgl_8\">Tony <\/span><span class=\"_fadeIn_m1hgl_8\">Mora.<\/span><\/strong><br data-start=\"219\" data-end=\"222\" \/><span class=\"_fadeIn_m1hgl_8\">Sum\u00e9rgete <\/span><span class=\"_fadeIn_m1hgl_8\">en <\/span><span class=\"_fadeIn_m1hgl_8\">la <\/span><strong data-start=\"238\" data-end=\"273\"><span class=\"_fadeIn_m1hgl_8\">exquisitez <\/span><span class=\"_fadeIn_m1hgl_8\">del <\/span><span class=\"_fadeIn_m1hgl_8\">dise\u00f1o <\/span><span class=\"_fadeIn_m1hgl_8\">artesanal<\/span><\/strong> <span class=\"_fadeIn_m1hgl_8\">con <\/span><span class=\"_fadeIn_m1hgl_8\">este <\/span><span class=\"_fadeIn_m1hgl_8\">exclusivo <\/span><span class=\"_fadeIn_m1hgl_8\">cintur\u00f3n <\/span><span class=\"_fadeIn_m1hgl_8\">de <\/span><span class=\"_fadeIn_m1hgl_8\">piel <\/span><span class=\"_fadeIn_m1hgl_8\">marr\u00f3n, <\/span><span class=\"_fadeIn_m1hgl_8\">confeccionado <\/span><span class=\"_fadeIn_m1hgl_8\">en <\/span><strong data-start=\"335\" data-end=\"369\"><span class=\"_fadeIn_m1hgl_8\">piel <\/span><span class=\"_fadeIn_m1hgl_8\">de <\/span><span class=\"_fadeIn_m1hgl_8\">vacuno <\/span><span class=\"_fadeIn_m1hgl_8\">de <\/span><span class=\"_fadeIn_m1hgl_8\">alta <\/span><span class=\"_fadeIn_m1hgl_8\">calidad<\/span><\/strong><span class=\"_fadeIn_m1hgl_8\">. <\/span><span class=\"_fadeIn_m1hgl_8\">Su <\/span><strong data-start=\"374\" data-end=\"398\"><span class=\"_fadeIn_m1hgl_8\">elegante <\/span><span class=\"_fadeIn_m1hgl_8\">tono <\/span><span class=\"_fadeIn_m1hgl_8\">marr\u00f3n<\/span><\/strong> <span class=\"_fadeIn_m1hgl_8\">se <\/span><span class=\"_fadeIn_m1hgl_8\">enriquece <\/span><span class=\"_fadeIn_m1hgl_8\">con <\/span><span class=\"_fadeIn_m1hgl_8\">una <\/span><span class=\"_fadeIn_m1hgl_8\">original <\/span><span class=\"_fadeIn_m1hgl_8\">combinaci\u00f3n <\/span><span class=\"_fadeIn_m1hgl_8\">de <\/span><strong data-start=\"444\" data-end=\"463\"><span class=\"_fadeIn_m1hgl_8\">grabados <\/span><span class=\"_fadeIn_m1hgl_8\">\u00fanicos<\/span><\/strong><span class=\"_fadeIn_m1hgl_8\">: <\/span><span class=\"_fadeIn_m1hgl_8\">un <\/span><span class=\"_fadeIn_m1hgl_8\">patr\u00f3n <\/span><span class=\"_fadeIn_m1hgl_8\">semi <\/span><span class=\"_fadeIn_m1hgl_8\">trenzado <\/span><span class=\"_fadeIn_m1hgl_8\">y <\/span><span class=\"_fadeIn_m1hgl_8\">motivos <\/span><span class=\"_fadeIn_m1hgl_8\">florales <\/span><span class=\"_fadeIn_m1hgl_8\">finamente <\/span><span class=\"_fadeIn_m1hgl_8\">tallados <\/span><span class=\"_fadeIn_m1hgl_8\">que <\/span><span class=\"_fadeIn_m1hgl_8\">aportan <\/span><span class=\"_fadeIn_m1hgl_8\">textura <\/span><span class=\"_fadeIn_m1hgl_8\">y <\/span><span class=\"_fadeIn_m1hgl_8\">sofisticaci\u00f3n.<\/span><\/p>\n<p data-start=\"565\" data-end=\"748\"><span class=\"_fadeIn_m1hgl_8\">En <\/span><span class=\"_fadeIn_m1hgl_8\">el <\/span><span class=\"_fadeIn_m1hgl_8\">centro, <\/span><span class=\"_fadeIn_m1hgl_8\">un <\/span><strong data-start=\"582\" data-end=\"616\"><span class=\"_fadeIn_m1hgl_8\">adorno <\/span><span class=\"_fadeIn_m1hgl_8\">met\u00e1lico <\/span><span class=\"_fadeIn_m1hgl_8\">grabado <\/span><span class=\"_fadeIn_m1hgl_8\">a <\/span><span class=\"_fadeIn_m1hgl_8\">mano<\/span><\/strong> <span class=\"_fadeIn_m1hgl_8\">a\u00f1ade <\/span><span class=\"_fadeIn_m1hgl_8\">un <\/span><span class=\"_fadeIn_m1hgl_8\">punto <\/span><span class=\"_fadeIn_m1hgl_8\">focal <\/span><span class=\"_fadeIn_m1hgl_8\">de <\/span><span class=\"_fadeIn_m1hgl_8\">refinamiento, <\/span><span class=\"_fadeIn_m1hgl_8\">armonizando <\/span><span class=\"_fadeIn_m1hgl_8\">con <\/span><span class=\"_fadeIn_m1hgl_8\">la <\/span><strong data-start=\"674\" data-end=\"707\"><span class=\"_fadeIn_m1hgl_8\">hebilla <\/span><span class=\"_fadeIn_m1hgl_8\">de <\/span><span class=\"_fadeIn_m1hgl_8\">inspiraci\u00f3n <\/span><span class=\"_fadeIn_m1hgl_8\">cowboy<\/span><\/strong><span class=\"_fadeIn_m1hgl_8\">, <\/span><span class=\"_fadeIn_m1hgl_8\">tambi\u00e9n <\/span><span class=\"_fadeIn_m1hgl_8\">decorada <\/span><span class=\"_fadeIn_m1hgl_8\">con <\/span><span class=\"_fadeIn_m1hgl_8\">minucioso <\/span><span class=\"_fadeIn_m1hgl_8\">detalle.<\/span><\/p>\n<p data-start=\"750\" data-end=\"917\"><span class=\"_fadeIn_m1hgl_8\">M\u00e1s <\/span><span class=\"_fadeIn_m1hgl_8\">que <\/span><span class=\"_fadeIn_m1hgl_8\">un <\/span><span class=\"_fadeIn_m1hgl_8\">accesorio, <\/span><span class=\"_fadeIn_m1hgl_8\">este <\/span><span class=\"_fadeIn_m1hgl_8\">cintur\u00f3n <\/span><span class=\"_fadeIn_m1hgl_8\">es <\/span><span class=\"_fadeIn_m1hgl_8\">una <\/span><strong data-start=\"793\" data-end=\"847\"><span class=\"_fadeIn_m1hgl_8\">pieza <\/span><span class=\"_fadeIn_m1hgl_8\">de <\/span><span class=\"_fadeIn_m1hgl_8\">arte <\/span><span class=\"_fadeIn_m1hgl_8\">que <\/span><span class=\"_fadeIn_m1hgl_8\">celebra <\/span><span class=\"_fadeIn_m1hgl_8\">el <\/span><span class=\"_fadeIn_m1hgl_8\">car\u00e1cter <\/span><span class=\"_fadeIn_m1hgl_8\">y <\/span><span class=\"_fadeIn_m1hgl_8\">la <\/span><span class=\"_fadeIn_m1hgl_8\">calidad<\/span><\/strong><span class=\"_fadeIn_m1hgl_8\">, <\/span><span class=\"_fadeIn_m1hgl_8\">perfecta <\/span><span class=\"_fadeIn_m1hgl_8\">para <\/span><span class=\"_fadeIn_m1hgl_8\">quienes <\/span><span class=\"_fadeIn_m1hgl_8\">entienden <\/span><span class=\"_fadeIn_m1hgl_8\">la <\/span><span class=\"_fadeIn_m1hgl_8\">moda <\/span><span class=\"_fadeIn_m1hgl_8\">como <\/span><span class=\"_fadeIn_m1hgl_8\">una <\/span><span class=\"_fadeIn_m1hgl_8\">expresi\u00f3n <\/span><span class=\"_fadeIn_m1hgl_8\">personal.<\/span><\/p>\n<p data-start=\"919\" data-end=\"975\"><strong data-start=\"919\" data-end=\"975\"><span class=\"_fadeIn_m1hgl_8\">Estilo, <\/span><span class=\"_fadeIn_m1hgl_8\">artesan\u00eda <\/span><span class=\"_fadeIn_m1hgl_8\">y <\/span><span class=\"_fadeIn_m1hgl_8\">autenticidad <\/span><span class=\"_fadeIn_m1hgl_8\">en <\/span><span class=\"_fadeIn_m1hgl_8\">cada <\/span><span class=\"_fadeIn_m1hgl_8\">cent\u00edmetro.<\/span><\/strong><\/p>\n","protected":false},"excerpt":{"rendered":"<p>Una elecci\u00f3n que se siente especial nada m\u00e1s verla.<br \/>\nDise\u00f1ada para quienes entienden la elegancia como una actitud.<\/p>\n","protected":false},"featured_media":712138,"template":"","meta":{"_mbp_gutenberg_autopost":false},"product_brand":[],"product_cat":[1172,1154,108],"product_tag":[],"class_list":{"0":"post-712553","1":"product","2":"type-product","3":"status-publish","4":"has-post-thumbnail","6":"product_cat-black-friday","7":"product_cat-cinturones-hombres","8":"product_cat-hombre","10":"first","11":"instock","12":"taxable","13":"shipping-taxable","14":"purchasable","15":"product-type-variable"},"supplier_id":null,"supplier_sku":"","barcode":null,"atum_controlled":true,"out_stock_date":null,"out_stock_threshold":null,"inheritable":true,"inbound_stock":0,"stock_on_hold":1,"sold_today":1,"sales_last_days":1,"reserved_stock":0,"customer_returns":0,"warehouse_damage":0,"lost_in_post":0,"other_logs":0,"out_stock_days":0,"lost_sales":0,"has_location":false,"update_date":"2026-01-16T09:58:18","atum_locations":[],"atum_stock_status":"instock","restock_status":false,"low_stock_amount":"","sales_update_date":"2024-11-14T11:13:10","calc_backorders":null,"yoast_head":"<!-- This site is optimized with the Yoast SEO plugin v27.2 - https:\/\/yoast.com\/product\/yoast-seo-wordpress\/ -->\n<title>Cintur\u00f3n marr\u00f3n semi trenzado con grabados florales | Tony Mora<\/title>\n<meta name=\"description\" content=\"Cintur\u00f3n de piel marr\u00f3n con detalles trenzados y florales. Adorno met\u00e1lico artesanal y estilo cowboy exclusivo. Elegancia y arte en una pieza.\" \/>\n<meta name=\"robots\" content=\"index, follow, max-snippet:-1, max-image-preview:large, max-video-preview:-1\" \/>\n<link rel=\"canonical\" href=\"https:\/\/tonymora.com\/es\/producto\/9058-trenzado-marron-2\/\" \/>\n<meta property=\"og:locale\" content=\"es_ES\" \/>\n<meta property=\"og:type\" content=\"article\" \/>\n<meta property=\"og:title\" content=\"Cintur\u00f3n marr\u00f3n semi trenzado con grabados florales | Tony Mora\" \/>\n<meta property=\"og:description\" content=\"Cintur\u00f3n de piel marr\u00f3n con detalles trenzados y florales. Adorno met\u00e1lico artesanal y estilo cowboy exclusivo. Elegancia y arte en una pieza.\" \/>\n<meta property=\"og:url\" content=\"https:\/\/tonymora.com\/es\/producto\/9058-trenzado-marron-2\/\" \/>\n<meta property=\"og:site_name\" content=\"Tony Mora\u00ae Boots Official Store\" \/>\n<meta property=\"article:publisher\" content=\"https:\/\/www.facebook.com\/Tonymoraofficial\/\" \/>\n<meta property=\"article:modified_time\" content=\"2026-04-07T05:32:54+00:00\" \/>\n<meta property=\"og:image\" content=\"https:\/\/tonymora.com\/wp-content\/uploads\/2022\/09\/5-1.jpg\" \/>\n\t<meta property=\"og:image:width\" content=\"866\" \/>\n\t<meta property=\"og:image:height\" content=\"1032\" \/>\n\t<meta property=\"og:image:type\" content=\"image\/jpeg\" \/>\n<meta name=\"twitter:card\" content=\"summary_large_image\" \/>\n<meta name=\"twitter:label1\" content=\"Tiempo de lectura\" \/>\n\t<meta name=\"twitter:data1\" content=\"1 minuto\" \/>\n<script type=\"application\/ld+json\" class=\"yoast-schema-graph\">{\"@context\":\"https:\/\/schema.org\",\"@graph\":[{\"@type\":\"WebPage\",\"@id\":\"https:\/\/tonymora.com\/es\/producto\/9058-trenzado-marron-2\/\",\"url\":\"https:\/\/tonymora.com\/es\/producto\/9058-trenzado-marron-2\/\",\"name\":\"Cintur\u00f3n marr\u00f3n semi trenzado con grabados florales | Tony Mora\",\"isPartOf\":{\"@id\":\"https:\/\/tonymora.com\/es\/#website\"},\"primaryImageOfPage\":{\"@id\":\"https:\/\/tonymora.com\/es\/producto\/9058-trenzado-marron-2\/#primaryimage\"},\"image\":{\"@id\":\"https:\/\/tonymora.com\/es\/producto\/9058-trenzado-marron-2\/#primaryimage\"},\"thumbnailUrl\":\"https:\/\/tonymora.com\/wp-content\/uploads\/2022\/09\/5-1.jpg\",\"datePublished\":\"2024-04-22T10:43:07+00:00\",\"dateModified\":\"2026-04-07T05:32:54+00:00\",\"description\":\"Cintur\u00f3n de piel marr\u00f3n con detalles trenzados y florales. Adorno met\u00e1lico artesanal y estilo cowboy exclusivo. Elegancia y arte en una pieza.\",\"breadcrumb\":{\"@id\":\"https:\/\/tonymora.com\/es\/producto\/9058-trenzado-marron-2\/#breadcrumb\"},\"inLanguage\":\"es\",\"potentialAction\":[{\"@type\":\"ReadAction\",\"target\":[\"https:\/\/tonymora.com\/es\/producto\/9058-trenzado-marron-2\/\"]}]},{\"@type\":\"ImageObject\",\"inLanguage\":\"es\",\"@id\":\"https:\/\/tonymora.com\/es\/producto\/9058-trenzado-marron-2\/#primaryimage\",\"url\":\"https:\/\/tonymora.com\/wp-content\/uploads\/2022\/09\/5-1.jpg\",\"contentUrl\":\"https:\/\/tonymora.com\/wp-content\/uploads\/2022\/09\/5-1.jpg\",\"width\":866,\"height\":1032,\"caption\":\"Cintur\u00f3n de piel marr\u00f3n semi trenzado para mujer\"},{\"@type\":\"BreadcrumbList\",\"@id\":\"https:\/\/tonymora.com\/es\/producto\/9058-trenzado-marron-2\/#breadcrumb\",\"itemListElement\":[{\"@type\":\"ListItem\",\"position\":1,\"name\":\"Portada\",\"item\":\"https:\/\/tonymora.com\/es\/\"},{\"@type\":\"ListItem\",\"position\":2,\"name\":\"Tienda\",\"item\":\"https:\/\/tonymora.com\/es\/tienda\/\"},{\"@type\":\"ListItem\",\"position\":3,\"name\":\"Cinturones Hombres\",\"item\":\"https:\/\/tonymora.com\/es\/categoria-producto\/cinturones-hombres\/\"},{\"@type\":\"ListItem\",\"position\":4,\"name\":\"9058 TRENZADO MARRON\"}]},{\"@type\":\"WebSite\",\"@id\":\"https:\/\/tonymora.com\/es\/#website\",\"url\":\"https:\/\/tonymora.com\/es\/\",\"name\":\"Tony Mora\u00ae Boots Official Store\",\"description\":\"Cowboy Boots\",\"publisher\":{\"@id\":\"https:\/\/tonymora.com\/es\/#organization\"},\"potentialAction\":[{\"@type\":\"SearchAction\",\"target\":{\"@type\":\"EntryPoint\",\"urlTemplate\":\"https:\/\/tonymora.com\/es\/?s={search_term_string}\"},\"query-input\":{\"@type\":\"PropertyValueSpecification\",\"valueRequired\":true,\"valueName\":\"search_term_string\"}}],\"inLanguage\":\"es\"},{\"@type\":\"Organization\",\"@id\":\"https:\/\/tonymora.com\/es\/#organization\",\"name\":\"Tony Mora Boots\",\"url\":\"https:\/\/tonymora.com\/es\/\",\"logo\":{\"@type\":\"ImageObject\",\"inLanguage\":\"es\",\"@id\":\"https:\/\/tonymora.com\/es\/#\/schema\/logo\/image\/\",\"url\":\"https:\/\/tonymora.com\/wp-content\/uploads\/2023\/12\/LOGO.jpg\",\"contentUrl\":\"https:\/\/tonymora.com\/wp-content\/uploads\/2023\/12\/LOGO.jpg\",\"width\":2272,\"height\":1411,\"caption\":\"Tony Mora Boots\"},\"image\":{\"@id\":\"https:\/\/tonymora.com\/es\/#\/schema\/logo\/image\/\"},\"sameAs\":[\"https:\/\/www.facebook.com\/Tonymoraofficial\/\",\"https:\/\/www.instagram.com\/tonymoraofficial\/?hl=es\"]}]}<\/script>\n<!-- \/ Yoast SEO plugin. -->","yoast_head_json":{"title":"Cintur\u00f3n marr\u00f3n semi trenzado con grabados florales | Tony Mora","description":"Cintur\u00f3n de piel marr\u00f3n con detalles trenzados y florales. Adorno met\u00e1lico artesanal y estilo cowboy exclusivo. Elegancia y arte en una pieza.","robots":{"index":"index","follow":"follow","max-snippet":"max-snippet:-1","max-image-preview":"max-image-preview:large","max-video-preview":"max-video-preview:-1"},"canonical":"https:\/\/tonymora.com\/es\/producto\/9058-trenzado-marron-2\/","og_locale":"es_ES","og_type":"article","og_title":"Cintur\u00f3n marr\u00f3n semi trenzado con grabados florales | Tony Mora","og_description":"Cintur\u00f3n de piel marr\u00f3n con detalles trenzados y florales. Adorno met\u00e1lico artesanal y estilo cowboy exclusivo. Elegancia y arte en una pieza.","og_url":"https:\/\/tonymora.com\/es\/producto\/9058-trenzado-marron-2\/","og_site_name":"Tony Mora\u00ae Boots Official Store","article_publisher":"https:\/\/www.facebook.com\/Tonymoraofficial\/","article_modified_time":"2026-04-07T05:32:54+00:00","og_image":[{"width":866,"height":1032,"url":"https:\/\/tonymora.com\/wp-content\/uploads\/2022\/09\/5-1.jpg","type":"image\/jpeg"}],"twitter_card":"summary_large_image","twitter_misc":{"Tiempo de lectura":"1 minuto"},"schema":{"@context":"https:\/\/schema.org","@graph":[{"@type":"WebPage","@id":"https:\/\/tonymora.com\/es\/producto\/9058-trenzado-marron-2\/","url":"https:\/\/tonymora.com\/es\/producto\/9058-trenzado-marron-2\/","name":"Cintur\u00f3n marr\u00f3n semi trenzado con grabados florales | Tony Mora","isPartOf":{"@id":"https:\/\/tonymora.com\/es\/#website"},"primaryImageOfPage":{"@id":"https:\/\/tonymora.com\/es\/producto\/9058-trenzado-marron-2\/#primaryimage"},"image":{"@id":"https:\/\/tonymora.com\/es\/producto\/9058-trenzado-marron-2\/#primaryimage"},"thumbnailUrl":"https:\/\/tonymora.com\/wp-content\/uploads\/2022\/09\/5-1.jpg","datePublished":"2024-04-22T10:43:07+00:00","dateModified":"2026-04-07T05:32:54+00:00","description":"Cintur\u00f3n de piel marr\u00f3n con detalles trenzados y florales. Adorno met\u00e1lico artesanal y estilo cowboy exclusivo. Elegancia y arte en una pieza.","breadcrumb":{"@id":"https:\/\/tonymora.com\/es\/producto\/9058-trenzado-marron-2\/#breadcrumb"},"inLanguage":"es","potentialAction":[{"@type":"ReadAction","target":["https:\/\/tonymora.com\/es\/producto\/9058-trenzado-marron-2\/"]}]},{"@type":"ImageObject","inLanguage":"es","@id":"https:\/\/tonymora.com\/es\/producto\/9058-trenzado-marron-2\/#primaryimage","url":"https:\/\/tonymora.com\/wp-content\/uploads\/2022\/09\/5-1.jpg","contentUrl":"https:\/\/tonymora.com\/wp-content\/uploads\/2022\/09\/5-1.jpg","width":866,"height":1032,"caption":"Cintur\u00f3n de piel marr\u00f3n semi trenzado para mujer"},{"@type":"BreadcrumbList","@id":"https:\/\/tonymora.com\/es\/producto\/9058-trenzado-marron-2\/#breadcrumb","itemListElement":[{"@type":"ListItem","position":1,"name":"Portada","item":"https:\/\/tonymora.com\/es\/"},{"@type":"ListItem","position":2,"name":"Tienda","item":"https:\/\/tonymora.com\/es\/tienda\/"},{"@type":"ListItem","position":3,"name":"Cinturones Hombres","item":"https:\/\/tonymora.com\/es\/categoria-producto\/cinturones-hombres\/"},{"@type":"ListItem","position":4,"name":"9058 TRENZADO MARRON"}]},{"@type":"WebSite","@id":"https:\/\/tonymora.com\/es\/#website","url":"https:\/\/tonymora.com\/es\/","name":"Tony Mora\u00ae Boots Official Store","description":"Cowboy Boots","publisher":{"@id":"https:\/\/tonymora.com\/es\/#organization"},"potentialAction":[{"@type":"SearchAction","target":{"@type":"EntryPoint","urlTemplate":"https:\/\/tonymora.com\/es\/?s={search_term_string}"},"query-input":{"@type":"PropertyValueSpecification","valueRequired":true,"valueName":"search_term_string"}}],"inLanguage":"es"},{"@type":"Organization","@id":"https:\/\/tonymora.com\/es\/#organization","name":"Tony Mora Boots","url":"https:\/\/tonymora.com\/es\/","logo":{"@type":"ImageObject","inLanguage":"es","@id":"https:\/\/tonymora.com\/es\/#\/schema\/logo\/image\/","url":"https:\/\/tonymora.com\/wp-content\/uploads\/2023\/12\/LOGO.jpg","contentUrl":"https:\/\/tonymora.com\/wp-content\/uploads\/2023\/12\/LOGO.jpg","width":2272,"height":1411,"caption":"Tony Mora Boots"},"image":{"@id":"https:\/\/tonymora.com\/es\/#\/schema\/logo\/image\/"},"sameAs":["https:\/\/www.facebook.com\/Tonymoraofficial\/","https:\/\/www.instagram.com\/tonymoraofficial\/?hl=es"]}]}},"_links":{"self":[{"href":"https:\/\/tonymora.com\/es\/wp-json\/wp\/v2\/product\/712553","targetHints":{"allow":["GET"]}}],"collection":[{"href":"https:\/\/tonymora.com\/es\/wp-json\/wp\/v2\/product"}],"about":[{"href":"https:\/\/tonymora.com\/es\/wp-json\/wp\/v2\/types\/product"}],"wp:featuredmedia":[{"embeddable":true,"href":"https:\/\/tonymora.com\/es\/wp-json\/wp\/v2\/media\/712138"}],"wp:attachment":[{"href":"https:\/\/tonymora.com\/es\/wp-json\/wp\/v2\/media?parent=712553"}],"wp:term":[{"taxonomy":"product_brand","embeddable":true,"href":"https:\/\/tonymora.com\/es\/wp-json\/wp\/v2\/product_brand?post=712553"},{"taxonomy":"product_cat","embeddable":true,"href":"https:\/\/tonymora.com\/es\/wp-json\/wp\/v2\/product_cat?post=712553"},{"taxonomy":"product_tag","embeddable":true,"href":"https:\/\/tonymora.com\/es\/wp-json\/wp\/v2\/product_tag?post=712553"}],"curies":[{"name":"wp","href":"https:\/\/api.w.org\/{rel}","templated":true}]}}