{"id":712641,"date":"2024-04-22T13:53:47","date_gmt":"2024-04-22T11:53:47","guid":{"rendered":"https:\/\/tonymora.com\/?post_type=product&#038;p=712641"},"modified":"2025-11-10T14:06:18","modified_gmt":"2025-11-10T13:06:18","slug":"0229-fantasia-club-negro-nobuk-bone-python-bw-2","status":"publish","type":"product","link":"https:\/\/tonymora.com\/es\/producto\/0229-fantasia-club-negro-nobuk-bone-python-bw-2\/","title":{"rendered":"0229 FANTASIA CLUB NEGRO\/ NOBUK BONE PYTHON BW"},"content":{"rendered":"<p class=\"p1\">Introduciendo nuestro sofisticado cintur\u00f3n de doble tono: la superficie es un elegante beige mientras que el interior ostenta un cl\u00e1sico negro. Confeccionado en fina piel de vacuno, este cintur\u00f3n se distingue por incorporar elementos en piel ex\u00f3tica que a\u00f1aden un nivel excepcional de refinamiento. Los bordes trenzados a mano no solo demuestran una habilidad artesanal superior, sino que tambi\u00e9n enfatizan la atenci\u00f3n al detalle. Este cintur\u00f3n es el complemento ideal para elevar cualquier atuendo, asegurando que destaque todo tipo de eventos.<\/p>\n","protected":false},"excerpt":{"rendered":"<p>Una pieza pensada para destacar con discreci\u00f3n y seguridad. Elegancia absoluta en clave oscura.<br \/>\nIdeal para acompa\u00f1arte del d\u00eda a la noche con la misma confianza.<\/p>\n","protected":false},"featured_media":712147,"template":"","meta":{"_mbp_gutenberg_autopost":false},"product_brand":[],"product_cat":[1172,1154,108],"product_tag":[],"class_list":{"0":"post-712641","1":"product","2":"type-product","3":"status-publish","4":"has-post-thumbnail","6":"product_cat-black-friday","7":"product_cat-cinturones-hombres","8":"product_cat-hombre","10":"first","11":"instock","12":"taxable","13":"shipping-taxable","14":"purchasable","15":"product-type-variable"},"yoast_head":"<!-- This site is optimized with the Yoast SEO plugin v27.4 - https:\/\/yoast.com\/product\/yoast-seo-wordpress\/ -->\n<title>0229 FANTASIA CLUB NEGRO\/ NOBUK BONE PYTHON BW - Tony Mora\u00ae Boots Official Store<\/title>\n<meta name=\"description\" content=\"Nuestro nuevo estilo de cintur\u00f3n trabajado en piel de Ternera y Pit\u00f3n, \u00fanico por el trabajo que lleva en \u00e9l d\u00e1ndole un car\u00e1cter muy \u00fanico.\" \/>\n<meta name=\"robots\" content=\"index, follow, max-snippet:-1, max-image-preview:large, max-video-preview:-1\" \/>\n<link rel=\"canonical\" href=\"https:\/\/tonymora.com\/es\/producto\/0229-fantasia-club-negro-nobuk-bone-python-bw-2\/\" \/>\n<meta property=\"og:locale\" content=\"es_ES\" \/>\n<meta property=\"og:type\" content=\"article\" \/>\n<meta property=\"og:title\" content=\"0229 FANTASIA CLUB NEGRO\/ NOBUK BONE PYTHON BW - Tony Mora\u00ae Boots Official Store\" \/>\n<meta property=\"og:description\" content=\"Nuestro nuevo estilo de cintur\u00f3n trabajado en piel de Ternera y Pit\u00f3n, \u00fanico por el trabajo que lleva en \u00e9l d\u00e1ndole un car\u00e1cter muy \u00fanico.\" \/>\n<meta property=\"og:url\" content=\"https:\/\/tonymora.com\/es\/producto\/0229-fantasia-club-negro-nobuk-bone-python-bw-2\/\" \/>\n<meta property=\"og:site_name\" content=\"Tony Mora\u00ae Boots Official Store\" \/>\n<meta property=\"article:publisher\" content=\"https:\/\/www.facebook.com\/Tonymoraofficial\/\" \/>\n<meta property=\"article:modified_time\" content=\"2025-11-10T13:06:18+00:00\" \/>\n<meta property=\"og:image\" content=\"https:\/\/tonymora.com\/wp-content\/uploads\/2022\/09\/8.jpg\" \/>\n\t<meta property=\"og:image:width\" content=\"866\" \/>\n\t<meta property=\"og:image:height\" content=\"1032\" \/>\n\t<meta property=\"og:image:type\" content=\"image\/jpeg\" \/>\n<meta name=\"twitter:card\" content=\"summary_large_image\" \/>\n<meta name=\"twitter:label1\" content=\"Tiempo de lectura\" \/>\n\t<meta name=\"twitter:data1\" content=\"1 minuto\" \/>\n<script type=\"application\/ld+json\" class=\"yoast-schema-graph\">{\"@context\":\"https:\\\/\\\/schema.org\",\"@graph\":[{\"@type\":\"WebPage\",\"@id\":\"https:\\\/\\\/tonymora.com\\\/es\\\/producto\\\/0229-fantasia-club-negro-nobuk-bone-python-bw-2\\\/\",\"url\":\"https:\\\/\\\/tonymora.com\\\/es\\\/producto\\\/0229-fantasia-club-negro-nobuk-bone-python-bw-2\\\/\",\"name\":\"0229 FANTASIA CLUB NEGRO\\\/ NOBUK BONE PYTHON BW - Tony Mora\u00ae Boots Official Store\",\"isPartOf\":{\"@id\":\"https:\\\/\\\/tonymora.com\\\/es\\\/#website\"},\"primaryImageOfPage\":{\"@id\":\"https:\\\/\\\/tonymora.com\\\/es\\\/producto\\\/0229-fantasia-club-negro-nobuk-bone-python-bw-2\\\/#primaryimage\"},\"image\":{\"@id\":\"https:\\\/\\\/tonymora.com\\\/es\\\/producto\\\/0229-fantasia-club-negro-nobuk-bone-python-bw-2\\\/#primaryimage\"},\"thumbnailUrl\":\"https:\\\/\\\/tonymora.com\\\/wp-content\\\/uploads\\\/2022\\\/09\\\/8.jpg\",\"datePublished\":\"2024-04-22T11:53:47+00:00\",\"dateModified\":\"2025-11-10T13:06:18+00:00\",\"description\":\"Nuestro nuevo estilo de cintur\u00f3n trabajado en piel de Ternera y Pit\u00f3n, \u00fanico por el trabajo que lleva en \u00e9l d\u00e1ndole un car\u00e1cter muy \u00fanico.\",\"breadcrumb\":{\"@id\":\"https:\\\/\\\/tonymora.com\\\/es\\\/producto\\\/0229-fantasia-club-negro-nobuk-bone-python-bw-2\\\/#breadcrumb\"},\"inLanguage\":\"es\",\"potentialAction\":[{\"@type\":\"ReadAction\",\"target\":[\"https:\\\/\\\/tonymora.com\\\/es\\\/producto\\\/0229-fantasia-club-negro-nobuk-bone-python-bw-2\\\/\"]}]},{\"@type\":\"ImageObject\",\"inLanguage\":\"es\",\"@id\":\"https:\\\/\\\/tonymora.com\\\/es\\\/producto\\\/0229-fantasia-club-negro-nobuk-bone-python-bw-2\\\/#primaryimage\",\"url\":\"https:\\\/\\\/tonymora.com\\\/wp-content\\\/uploads\\\/2022\\\/09\\\/8.jpg\",\"contentUrl\":\"https:\\\/\\\/tonymora.com\\\/wp-content\\\/uploads\\\/2022\\\/09\\\/8.jpg\",\"width\":866,\"height\":1032,\"caption\":\"Cintur\u00f3n de doble capa de piel de vacuno beige y negra para mujer\"},{\"@type\":\"BreadcrumbList\",\"@id\":\"https:\\\/\\\/tonymora.com\\\/es\\\/producto\\\/0229-fantasia-club-negro-nobuk-bone-python-bw-2\\\/#breadcrumb\",\"itemListElement\":[{\"@type\":\"ListItem\",\"position\":1,\"name\":\"Portada\",\"item\":\"https:\\\/\\\/tonymora.com\\\/es\\\/\"},{\"@type\":\"ListItem\",\"position\":2,\"name\":\"Tienda\",\"item\":\"https:\\\/\\\/tonymora.com\\\/es\\\/tienda\\\/\"},{\"@type\":\"ListItem\",\"position\":3,\"name\":\"Hombre\",\"item\":\"https:\\\/\\\/tonymora.com\\\/es\\\/categoria-producto\\\/hombre\\\/\"},{\"@type\":\"ListItem\",\"position\":4,\"name\":\"0229 FANTASIA CLUB NEGRO\\\/ NOBUK BONE PYTHON BW\"}]},{\"@type\":\"WebSite\",\"@id\":\"https:\\\/\\\/tonymora.com\\\/es\\\/#website\",\"url\":\"https:\\\/\\\/tonymora.com\\\/es\\\/\",\"name\":\"Tony Mora\u00ae Boots Official Store\",\"description\":\"Cowboy Boots\",\"publisher\":{\"@id\":\"https:\\\/\\\/tonymora.com\\\/es\\\/#organization\"},\"potentialAction\":[{\"@type\":\"SearchAction\",\"target\":{\"@type\":\"EntryPoint\",\"urlTemplate\":\"https:\\\/\\\/tonymora.com\\\/es\\\/?s={search_term_string}\"},\"query-input\":{\"@type\":\"PropertyValueSpecification\",\"valueRequired\":true,\"valueName\":\"search_term_string\"}}],\"inLanguage\":\"es\"},{\"@type\":\"Organization\",\"@id\":\"https:\\\/\\\/tonymora.com\\\/es\\\/#organization\",\"name\":\"Tony Mora Boots\",\"url\":\"https:\\\/\\\/tonymora.com\\\/es\\\/\",\"logo\":{\"@type\":\"ImageObject\",\"inLanguage\":\"es\",\"@id\":\"https:\\\/\\\/tonymora.com\\\/es\\\/#\\\/schema\\\/logo\\\/image\\\/\",\"url\":\"https:\\\/\\\/tonymora.com\\\/wp-content\\\/uploads\\\/2023\\\/12\\\/LOGO.jpg\",\"contentUrl\":\"https:\\\/\\\/tonymora.com\\\/wp-content\\\/uploads\\\/2023\\\/12\\\/LOGO.jpg\",\"width\":2272,\"height\":1411,\"caption\":\"Tony Mora Boots\"},\"image\":{\"@id\":\"https:\\\/\\\/tonymora.com\\\/es\\\/#\\\/schema\\\/logo\\\/image\\\/\"},\"sameAs\":[\"https:\\\/\\\/www.facebook.com\\\/Tonymoraofficial\\\/\",\"https:\\\/\\\/www.instagram.com\\\/tonymoraofficial\\\/?hl=es\"]}]}<\/script>\n<!-- \/ Yoast SEO plugin. -->","yoast_head_json":{"title":"0229 FANTASIA CLUB NEGRO\/ NOBUK BONE PYTHON BW - Tony Mora\u00ae Boots Official Store","description":"Nuestro nuevo estilo de cintur\u00f3n trabajado en piel de Ternera y Pit\u00f3n, \u00fanico por el trabajo que lleva en \u00e9l d\u00e1ndole un car\u00e1cter muy \u00fanico.","robots":{"index":"index","follow":"follow","max-snippet":"max-snippet:-1","max-image-preview":"max-image-preview:large","max-video-preview":"max-video-preview:-1"},"canonical":"https:\/\/tonymora.com\/es\/producto\/0229-fantasia-club-negro-nobuk-bone-python-bw-2\/","og_locale":"es_ES","og_type":"article","og_title":"0229 FANTASIA CLUB NEGRO\/ NOBUK BONE PYTHON BW - Tony Mora\u00ae Boots Official Store","og_description":"Nuestro nuevo estilo de cintur\u00f3n trabajado en piel de Ternera y Pit\u00f3n, \u00fanico por el trabajo que lleva en \u00e9l d\u00e1ndole un car\u00e1cter muy \u00fanico.","og_url":"https:\/\/tonymora.com\/es\/producto\/0229-fantasia-club-negro-nobuk-bone-python-bw-2\/","og_site_name":"Tony Mora\u00ae Boots Official Store","article_publisher":"https:\/\/www.facebook.com\/Tonymoraofficial\/","article_modified_time":"2025-11-10T13:06:18+00:00","og_image":[{"width":866,"height":1032,"url":"https:\/\/tonymora.com\/wp-content\/uploads\/2022\/09\/8.jpg","type":"image\/jpeg"}],"twitter_card":"summary_large_image","twitter_misc":{"Tiempo de lectura":"1 minuto"},"schema":{"@context":"https:\/\/schema.org","@graph":[{"@type":"WebPage","@id":"https:\/\/tonymora.com\/es\/producto\/0229-fantasia-club-negro-nobuk-bone-python-bw-2\/","url":"https:\/\/tonymora.com\/es\/producto\/0229-fantasia-club-negro-nobuk-bone-python-bw-2\/","name":"0229 FANTASIA CLUB NEGRO\/ NOBUK BONE PYTHON BW - Tony Mora\u00ae Boots Official Store","isPartOf":{"@id":"https:\/\/tonymora.com\/es\/#website"},"primaryImageOfPage":{"@id":"https:\/\/tonymora.com\/es\/producto\/0229-fantasia-club-negro-nobuk-bone-python-bw-2\/#primaryimage"},"image":{"@id":"https:\/\/tonymora.com\/es\/producto\/0229-fantasia-club-negro-nobuk-bone-python-bw-2\/#primaryimage"},"thumbnailUrl":"https:\/\/tonymora.com\/wp-content\/uploads\/2022\/09\/8.jpg","datePublished":"2024-04-22T11:53:47+00:00","dateModified":"2025-11-10T13:06:18+00:00","description":"Nuestro nuevo estilo de cintur\u00f3n trabajado en piel de Ternera y Pit\u00f3n, \u00fanico por el trabajo que lleva en \u00e9l d\u00e1ndole un car\u00e1cter muy \u00fanico.","breadcrumb":{"@id":"https:\/\/tonymora.com\/es\/producto\/0229-fantasia-club-negro-nobuk-bone-python-bw-2\/#breadcrumb"},"inLanguage":"es","potentialAction":[{"@type":"ReadAction","target":["https:\/\/tonymora.com\/es\/producto\/0229-fantasia-club-negro-nobuk-bone-python-bw-2\/"]}]},{"@type":"ImageObject","inLanguage":"es","@id":"https:\/\/tonymora.com\/es\/producto\/0229-fantasia-club-negro-nobuk-bone-python-bw-2\/#primaryimage","url":"https:\/\/tonymora.com\/wp-content\/uploads\/2022\/09\/8.jpg","contentUrl":"https:\/\/tonymora.com\/wp-content\/uploads\/2022\/09\/8.jpg","width":866,"height":1032,"caption":"Cintur\u00f3n de doble capa de piel de vacuno beige y negra para mujer"},{"@type":"BreadcrumbList","@id":"https:\/\/tonymora.com\/es\/producto\/0229-fantasia-club-negro-nobuk-bone-python-bw-2\/#breadcrumb","itemListElement":[{"@type":"ListItem","position":1,"name":"Portada","item":"https:\/\/tonymora.com\/es\/"},{"@type":"ListItem","position":2,"name":"Tienda","item":"https:\/\/tonymora.com\/es\/tienda\/"},{"@type":"ListItem","position":3,"name":"Hombre","item":"https:\/\/tonymora.com\/es\/categoria-producto\/hombre\/"},{"@type":"ListItem","position":4,"name":"0229 FANTASIA CLUB NEGRO\/ NOBUK BONE PYTHON BW"}]},{"@type":"WebSite","@id":"https:\/\/tonymora.com\/es\/#website","url":"https:\/\/tonymora.com\/es\/","name":"Tony Mora\u00ae Boots Official Store","description":"Cowboy Boots","publisher":{"@id":"https:\/\/tonymora.com\/es\/#organization"},"potentialAction":[{"@type":"SearchAction","target":{"@type":"EntryPoint","urlTemplate":"https:\/\/tonymora.com\/es\/?s={search_term_string}"},"query-input":{"@type":"PropertyValueSpecification","valueRequired":true,"valueName":"search_term_string"}}],"inLanguage":"es"},{"@type":"Organization","@id":"https:\/\/tonymora.com\/es\/#organization","name":"Tony Mora Boots","url":"https:\/\/tonymora.com\/es\/","logo":{"@type":"ImageObject","inLanguage":"es","@id":"https:\/\/tonymora.com\/es\/#\/schema\/logo\/image\/","url":"https:\/\/tonymora.com\/wp-content\/uploads\/2023\/12\/LOGO.jpg","contentUrl":"https:\/\/tonymora.com\/wp-content\/uploads\/2023\/12\/LOGO.jpg","width":2272,"height":1411,"caption":"Tony Mora Boots"},"image":{"@id":"https:\/\/tonymora.com\/es\/#\/schema\/logo\/image\/"},"sameAs":["https:\/\/www.facebook.com\/Tonymoraofficial\/","https:\/\/www.instagram.com\/tonymoraofficial\/?hl=es"]}]}},"_links":{"self":[{"href":"https:\/\/tonymora.com\/es\/wp-json\/wp\/v2\/product\/712641","targetHints":{"allow":["GET"]}}],"collection":[{"href":"https:\/\/tonymora.com\/es\/wp-json\/wp\/v2\/product"}],"about":[{"href":"https:\/\/tonymora.com\/es\/wp-json\/wp\/v2\/types\/product"}],"wp:featuredmedia":[{"embeddable":true,"href":"https:\/\/tonymora.com\/es\/wp-json\/wp\/v2\/media\/712147"}],"wp:attachment":[{"href":"https:\/\/tonymora.com\/es\/wp-json\/wp\/v2\/media?parent=712641"}],"wp:term":[{"taxonomy":"product_brand","embeddable":true,"href":"https:\/\/tonymora.com\/es\/wp-json\/wp\/v2\/product_brand?post=712641"},{"taxonomy":"product_cat","embeddable":true,"href":"https:\/\/tonymora.com\/es\/wp-json\/wp\/v2\/product_cat?post=712641"},{"taxonomy":"product_tag","embeddable":true,"href":"https:\/\/tonymora.com\/es\/wp-json\/wp\/v2\/product_tag?post=712641"}],"curies":[{"name":"wp","href":"https:\/\/api.w.org\/{rel}","templated":true}]}}