{"id":712897,"date":"2024-05-06T17:36:58","date_gmt":"2024-05-06T15:36:58","guid":{"rendered":"https:\/\/tonymora.com\/?post_type=product&#038;p=712897"},"modified":"2026-04-05T07:32:57","modified_gmt":"2026-04-05T05:32:57","slug":"2000-boto-alaro-palermo-cuero-serraje-verde-kaki","status":"publish","type":"product","link":"https:\/\/tonymora.com\/es\/producto\/2000-boto-alaro-palermo-cuero-serraje-verde-kaki\/","title":{"rendered":"2000 BOTO ALARO PALERMO CUERO SERRAJE VERDE KAKI"},"content":{"rendered":"<p>Botas de amplia y cl\u00e1sica horma redonda y tac\u00f3n bajo. Creadas con una elegante combinaci\u00f3n de colores; primero tenemos el palermo cuero que lleva un suave encerado dando un juego de tonos al marr\u00f3n, luego unas ca\u00f1as en piel de serraje color verde kaki, haciendo un contraste de texturas con los tipos de pieles. Este modelo lleva una cremallera trasera con el\u00e1stico el cual te facilitara el ponerlas y se ajustar\u00e1n a la forma de tus piernas. Cada detalle pensado y trabajado cuidadosamente para tu disfrute.<\/p>\n","protected":false},"excerpt":{"rendered":"<p>Una propuesta con alma, hecha para acompa\u00f1arte de verdad. Car\u00e1cter cl\u00e1sico con un aire contempor\u00e1neo.<br \/>\nPara quienes buscan estilo con significado y presencia real.<\/p>\n","protected":false},"featured_media":712888,"template":"","meta":{"_mbp_gutenberg_autopost":false},"product_brand":[],"product_cat":[1172,119,1133,112,1130],"product_tag":[],"class_list":{"0":"post-712897","1":"product","2":"type-product","3":"status-publish","4":"has-post-thumbnail","6":"product_cat-black-friday","7":"product_cat-botas-casual-mujer","8":"product_cat-botas-de-piel-mujer","9":"product_cat-mujer","10":"product_cat-rebajas-mujer","12":"first","13":"instock","14":"taxable","15":"shipping-taxable","16":"purchasable","17":"product-type-variable"},"supplier_id":null,"supplier_sku":"","barcode":null,"atum_controlled":true,"out_stock_date":null,"out_stock_threshold":null,"inheritable":true,"inbound_stock":0,"stock_on_hold":2,"sold_today":1,"sales_last_days":2,"reserved_stock":0,"customer_returns":0,"warehouse_damage":0,"lost_in_post":0,"other_logs":0,"out_stock_days":null,"lost_sales":0,"has_location":false,"update_date":"2026-03-19T14:45:13","atum_locations":[],"atum_stock_status":"instock","restock_status":false,"low_stock_amount":"","sales_update_date":"2024-08-22T12:48:30","calc_backorders":null,"yoast_head":"<!-- This site is optimized with the Yoast SEO plugin v27.2 - https:\/\/yoast.com\/product\/yoast-seo-wordpress\/ -->\n<title>2000 BOTO ALARO PALERMO CUERO SERRAJE VERDE KAKI - Tony Mora\u00ae Boots Official Store<\/title>\n<meta name=\"description\" content=\"Creadas con una elegante combinaci\u00f3n de colores; primero tenemos el palermo cuero que lleva un encerado dando un juego de tonos al marr\u00f3n.\" \/>\n<meta name=\"robots\" content=\"index, follow, max-snippet:-1, max-image-preview:large, max-video-preview:-1\" \/>\n<link rel=\"canonical\" href=\"https:\/\/tonymora.com\/es\/producto\/2000-boto-alaro-palermo-cuero-serraje-verde-kaki\/\" \/>\n<meta property=\"og:locale\" content=\"es_ES\" \/>\n<meta property=\"og:type\" content=\"article\" \/>\n<meta property=\"og:title\" content=\"2000 BOTO ALARO PALERMO CUERO SERRAJE VERDE KAKI - Tony Mora\u00ae Boots Official Store\" \/>\n<meta property=\"og:description\" content=\"Creadas con una elegante combinaci\u00f3n de colores; primero tenemos el palermo cuero que lleva un encerado dando un juego de tonos al marr\u00f3n.\" \/>\n<meta property=\"og:url\" content=\"https:\/\/tonymora.com\/es\/producto\/2000-boto-alaro-palermo-cuero-serraje-verde-kaki\/\" \/>\n<meta property=\"og:site_name\" content=\"Tony Mora\u00ae Boots Official Store\" \/>\n<meta property=\"article:publisher\" content=\"https:\/\/www.facebook.com\/Tonymoraofficial\/\" \/>\n<meta property=\"article:modified_time\" content=\"2026-04-05T05:32:57+00:00\" \/>\n<meta property=\"og:image\" content=\"https:\/\/tonymora.com\/wp-content\/uploads\/2024\/05\/9-1.jpg\" \/>\n\t<meta property=\"og:image:width\" content=\"866\" \/>\n\t<meta property=\"og:image:height\" content=\"1032\" \/>\n\t<meta property=\"og:image:type\" content=\"image\/jpeg\" \/>\n<meta name=\"twitter:card\" content=\"summary_large_image\" \/>\n<meta name=\"twitter:label1\" content=\"Tiempo de lectura\" \/>\n\t<meta name=\"twitter:data1\" content=\"1 minuto\" \/>\n<script type=\"application\/ld+json\" class=\"yoast-schema-graph\">{\"@context\":\"https:\/\/schema.org\",\"@graph\":[{\"@type\":\"WebPage\",\"@id\":\"https:\/\/tonymora.com\/es\/producto\/2000-boto-alaro-palermo-cuero-serraje-verde-kaki\/\",\"url\":\"https:\/\/tonymora.com\/es\/producto\/2000-boto-alaro-palermo-cuero-serraje-verde-kaki\/\",\"name\":\"2000 BOTO ALARO PALERMO CUERO SERRAJE VERDE KAKI - Tony Mora\u00ae Boots Official Store\",\"isPartOf\":{\"@id\":\"https:\/\/tonymora.com\/es\/#website\"},\"primaryImageOfPage\":{\"@id\":\"https:\/\/tonymora.com\/es\/producto\/2000-boto-alaro-palermo-cuero-serraje-verde-kaki\/#primaryimage\"},\"image\":{\"@id\":\"https:\/\/tonymora.com\/es\/producto\/2000-boto-alaro-palermo-cuero-serraje-verde-kaki\/#primaryimage\"},\"thumbnailUrl\":\"https:\/\/tonymora.com\/wp-content\/uploads\/2024\/05\/9-1.jpg\",\"datePublished\":\"2024-05-06T15:36:58+00:00\",\"dateModified\":\"2026-04-05T05:32:57+00:00\",\"description\":\"Creadas con una elegante combinaci\u00f3n de colores; primero tenemos el palermo cuero que lleva un encerado dando un juego de tonos al marr\u00f3n.\",\"breadcrumb\":{\"@id\":\"https:\/\/tonymora.com\/es\/producto\/2000-boto-alaro-palermo-cuero-serraje-verde-kaki\/#breadcrumb\"},\"inLanguage\":\"es\",\"potentialAction\":[{\"@type\":\"ReadAction\",\"target\":[\"https:\/\/tonymora.com\/es\/producto\/2000-boto-alaro-palermo-cuero-serraje-verde-kaki\/\"]}]},{\"@type\":\"ImageObject\",\"inLanguage\":\"es\",\"@id\":\"https:\/\/tonymora.com\/es\/producto\/2000-boto-alaro-palermo-cuero-serraje-verde-kaki\/#primaryimage\",\"url\":\"https:\/\/tonymora.com\/wp-content\/uploads\/2024\/05\/9-1.jpg\",\"contentUrl\":\"https:\/\/tonymora.com\/wp-content\/uploads\/2024\/05\/9-1.jpg\",\"width\":866,\"height\":1032},{\"@type\":\"BreadcrumbList\",\"@id\":\"https:\/\/tonymora.com\/es\/producto\/2000-boto-alaro-palermo-cuero-serraje-verde-kaki\/#breadcrumb\",\"itemListElement\":[{\"@type\":\"ListItem\",\"position\":1,\"name\":\"Portada\",\"item\":\"https:\/\/tonymora.com\/es\/\"},{\"@type\":\"ListItem\",\"position\":2,\"name\":\"Tienda\",\"item\":\"https:\/\/tonymora.com\/es\/tienda\/\"},{\"@type\":\"ListItem\",\"position\":3,\"name\":\"Mujer\",\"item\":\"https:\/\/tonymora.com\/es\/categoria-producto\/mujer\/\"},{\"@type\":\"ListItem\",\"position\":4,\"name\":\"2000 BOTO ALARO PALERMO CUERO SERRAJE VERDE KAKI\"}]},{\"@type\":\"WebSite\",\"@id\":\"https:\/\/tonymora.com\/es\/#website\",\"url\":\"https:\/\/tonymora.com\/es\/\",\"name\":\"Tony Mora\u00ae Boots Official Store\",\"description\":\"Cowboy Boots\",\"publisher\":{\"@id\":\"https:\/\/tonymora.com\/es\/#organization\"},\"potentialAction\":[{\"@type\":\"SearchAction\",\"target\":{\"@type\":\"EntryPoint\",\"urlTemplate\":\"https:\/\/tonymora.com\/es\/?s={search_term_string}\"},\"query-input\":{\"@type\":\"PropertyValueSpecification\",\"valueRequired\":true,\"valueName\":\"search_term_string\"}}],\"inLanguage\":\"es\"},{\"@type\":\"Organization\",\"@id\":\"https:\/\/tonymora.com\/es\/#organization\",\"name\":\"Tony Mora Boots\",\"url\":\"https:\/\/tonymora.com\/es\/\",\"logo\":{\"@type\":\"ImageObject\",\"inLanguage\":\"es\",\"@id\":\"https:\/\/tonymora.com\/es\/#\/schema\/logo\/image\/\",\"url\":\"https:\/\/tonymora.com\/wp-content\/uploads\/2023\/12\/LOGO.jpg\",\"contentUrl\":\"https:\/\/tonymora.com\/wp-content\/uploads\/2023\/12\/LOGO.jpg\",\"width\":2272,\"height\":1411,\"caption\":\"Tony Mora Boots\"},\"image\":{\"@id\":\"https:\/\/tonymora.com\/es\/#\/schema\/logo\/image\/\"},\"sameAs\":[\"https:\/\/www.facebook.com\/Tonymoraofficial\/\",\"https:\/\/www.instagram.com\/tonymoraofficial\/?hl=es\"]}]}<\/script>\n<!-- \/ Yoast SEO plugin. -->","yoast_head_json":{"title":"2000 BOTO ALARO PALERMO CUERO SERRAJE VERDE KAKI - Tony Mora\u00ae Boots Official Store","description":"Creadas con una elegante combinaci\u00f3n de colores; primero tenemos el palermo cuero que lleva un encerado dando un juego de tonos al marr\u00f3n.","robots":{"index":"index","follow":"follow","max-snippet":"max-snippet:-1","max-image-preview":"max-image-preview:large","max-video-preview":"max-video-preview:-1"},"canonical":"https:\/\/tonymora.com\/es\/producto\/2000-boto-alaro-palermo-cuero-serraje-verde-kaki\/","og_locale":"es_ES","og_type":"article","og_title":"2000 BOTO ALARO PALERMO CUERO SERRAJE VERDE KAKI - Tony Mora\u00ae Boots Official Store","og_description":"Creadas con una elegante combinaci\u00f3n de colores; primero tenemos el palermo cuero que lleva un encerado dando un juego de tonos al marr\u00f3n.","og_url":"https:\/\/tonymora.com\/es\/producto\/2000-boto-alaro-palermo-cuero-serraje-verde-kaki\/","og_site_name":"Tony Mora\u00ae Boots Official Store","article_publisher":"https:\/\/www.facebook.com\/Tonymoraofficial\/","article_modified_time":"2026-04-05T05:32:57+00:00","og_image":[{"width":866,"height":1032,"url":"https:\/\/tonymora.com\/wp-content\/uploads\/2024\/05\/9-1.jpg","type":"image\/jpeg"}],"twitter_card":"summary_large_image","twitter_misc":{"Tiempo de lectura":"1 minuto"},"schema":{"@context":"https:\/\/schema.org","@graph":[{"@type":"WebPage","@id":"https:\/\/tonymora.com\/es\/producto\/2000-boto-alaro-palermo-cuero-serraje-verde-kaki\/","url":"https:\/\/tonymora.com\/es\/producto\/2000-boto-alaro-palermo-cuero-serraje-verde-kaki\/","name":"2000 BOTO ALARO PALERMO CUERO SERRAJE VERDE KAKI - Tony Mora\u00ae Boots Official Store","isPartOf":{"@id":"https:\/\/tonymora.com\/es\/#website"},"primaryImageOfPage":{"@id":"https:\/\/tonymora.com\/es\/producto\/2000-boto-alaro-palermo-cuero-serraje-verde-kaki\/#primaryimage"},"image":{"@id":"https:\/\/tonymora.com\/es\/producto\/2000-boto-alaro-palermo-cuero-serraje-verde-kaki\/#primaryimage"},"thumbnailUrl":"https:\/\/tonymora.com\/wp-content\/uploads\/2024\/05\/9-1.jpg","datePublished":"2024-05-06T15:36:58+00:00","dateModified":"2026-04-05T05:32:57+00:00","description":"Creadas con una elegante combinaci\u00f3n de colores; primero tenemos el palermo cuero que lleva un encerado dando un juego de tonos al marr\u00f3n.","breadcrumb":{"@id":"https:\/\/tonymora.com\/es\/producto\/2000-boto-alaro-palermo-cuero-serraje-verde-kaki\/#breadcrumb"},"inLanguage":"es","potentialAction":[{"@type":"ReadAction","target":["https:\/\/tonymora.com\/es\/producto\/2000-boto-alaro-palermo-cuero-serraje-verde-kaki\/"]}]},{"@type":"ImageObject","inLanguage":"es","@id":"https:\/\/tonymora.com\/es\/producto\/2000-boto-alaro-palermo-cuero-serraje-verde-kaki\/#primaryimage","url":"https:\/\/tonymora.com\/wp-content\/uploads\/2024\/05\/9-1.jpg","contentUrl":"https:\/\/tonymora.com\/wp-content\/uploads\/2024\/05\/9-1.jpg","width":866,"height":1032},{"@type":"BreadcrumbList","@id":"https:\/\/tonymora.com\/es\/producto\/2000-boto-alaro-palermo-cuero-serraje-verde-kaki\/#breadcrumb","itemListElement":[{"@type":"ListItem","position":1,"name":"Portada","item":"https:\/\/tonymora.com\/es\/"},{"@type":"ListItem","position":2,"name":"Tienda","item":"https:\/\/tonymora.com\/es\/tienda\/"},{"@type":"ListItem","position":3,"name":"Mujer","item":"https:\/\/tonymora.com\/es\/categoria-producto\/mujer\/"},{"@type":"ListItem","position":4,"name":"2000 BOTO ALARO PALERMO CUERO SERRAJE VERDE KAKI"}]},{"@type":"WebSite","@id":"https:\/\/tonymora.com\/es\/#website","url":"https:\/\/tonymora.com\/es\/","name":"Tony Mora\u00ae Boots Official Store","description":"Cowboy Boots","publisher":{"@id":"https:\/\/tonymora.com\/es\/#organization"},"potentialAction":[{"@type":"SearchAction","target":{"@type":"EntryPoint","urlTemplate":"https:\/\/tonymora.com\/es\/?s={search_term_string}"},"query-input":{"@type":"PropertyValueSpecification","valueRequired":true,"valueName":"search_term_string"}}],"inLanguage":"es"},{"@type":"Organization","@id":"https:\/\/tonymora.com\/es\/#organization","name":"Tony Mora Boots","url":"https:\/\/tonymora.com\/es\/","logo":{"@type":"ImageObject","inLanguage":"es","@id":"https:\/\/tonymora.com\/es\/#\/schema\/logo\/image\/","url":"https:\/\/tonymora.com\/wp-content\/uploads\/2023\/12\/LOGO.jpg","contentUrl":"https:\/\/tonymora.com\/wp-content\/uploads\/2023\/12\/LOGO.jpg","width":2272,"height":1411,"caption":"Tony Mora Boots"},"image":{"@id":"https:\/\/tonymora.com\/es\/#\/schema\/logo\/image\/"},"sameAs":["https:\/\/www.facebook.com\/Tonymoraofficial\/","https:\/\/www.instagram.com\/tonymoraofficial\/?hl=es"]}]}},"_links":{"self":[{"href":"https:\/\/tonymora.com\/es\/wp-json\/wp\/v2\/product\/712897","targetHints":{"allow":["GET"]}}],"collection":[{"href":"https:\/\/tonymora.com\/es\/wp-json\/wp\/v2\/product"}],"about":[{"href":"https:\/\/tonymora.com\/es\/wp-json\/wp\/v2\/types\/product"}],"wp:featuredmedia":[{"embeddable":true,"href":"https:\/\/tonymora.com\/es\/wp-json\/wp\/v2\/media\/712888"}],"wp:attachment":[{"href":"https:\/\/tonymora.com\/es\/wp-json\/wp\/v2\/media?parent=712897"}],"wp:term":[{"taxonomy":"product_brand","embeddable":true,"href":"https:\/\/tonymora.com\/es\/wp-json\/wp\/v2\/product_brand?post=712897"},{"taxonomy":"product_cat","embeddable":true,"href":"https:\/\/tonymora.com\/es\/wp-json\/wp\/v2\/product_cat?post=712897"},{"taxonomy":"product_tag","embeddable":true,"href":"https:\/\/tonymora.com\/es\/wp-json\/wp\/v2\/product_tag?post=712897"}],"curies":[{"name":"wp","href":"https:\/\/api.w.org\/{rel}","templated":true}]}}