{"id":712996,"date":"2024-05-15T17:08:59","date_gmt":"2024-05-15T15:08:59","guid":{"rendered":"https:\/\/tonymora.com\/?post_type=product&#038;p=712996"},"modified":"2026-05-08T13:55:10","modified_gmt":"2026-05-08T11:55:10","slug":"621-daslu-lini-piton-gris-claro","status":"publish","type":"product","link":"https:\/\/tonymora.com\/es\/producto\/621-daslu-lini-piton-gris-claro\/","title":{"rendered":"621 DASLU LINI PITON GRIS CLARO"},"content":{"rendered":"<p style=\"text-align: left;\">Los botines con m\u00e1s lujo de Tony Mora, dise\u00f1ados con piel ex\u00f3tica de pit\u00f3n gris claro, que dan a esta piel duradera y muy bonita, un toque \u00fanico cl\u00e1sico para sentirte la m\u00e1s especial de todas. Podr\u00e1s combinar con todos tus estilos, para llevar cada d\u00eda o para esa cita tan especial. Conjuntamente con su tac\u00f3n lini y su construcci\u00f3n Goodyear Welted podr\u00e1s gozar de la comodidad y el lujo de estos botines all\u00e1 a d\u00f3nde vayas.<\/p>\n","protected":false},"excerpt":{"rendered":"<p>Una elecci\u00f3n que se siente especial nada m\u00e1s verla. Un toque de altura que aporta seguridad y elegancia.<br \/>\nUna declaraci\u00f3n sutil de buen gusto y seguridad.<\/p>\n","protected":false},"featured_media":713029,"template":"","meta":{"_mbp_gutenberg_autopost":false},"product_brand":[],"product_cat":[1172,122,121,112],"product_tag":[],"class_list":{"0":"post-712996","1":"product","2":"type-product","3":"status-publish","4":"has-post-thumbnail","6":"product_cat-black-friday","7":"product_cat-botas-exoticas-mujer","8":"product_cat-botines-mujer","9":"product_cat-mujer","11":"first","12":"instock","13":"taxable","14":"shipping-taxable","15":"purchasable","16":"product-type-variable"},"_links":{"self":[{"href":"https:\/\/tonymora.com\/es\/wp-json\/wp\/v2\/product\/712996","targetHints":{"allow":["GET"]}}],"collection":[{"href":"https:\/\/tonymora.com\/es\/wp-json\/wp\/v2\/product"}],"about":[{"href":"https:\/\/tonymora.com\/es\/wp-json\/wp\/v2\/types\/product"}],"wp:featuredmedia":[{"embeddable":true,"href":"https:\/\/tonymora.com\/es\/wp-json\/wp\/v2\/media\/713029"}],"wp:attachment":[{"href":"https:\/\/tonymora.com\/es\/wp-json\/wp\/v2\/media?parent=712996"}],"wp:term":[{"taxonomy":"product_brand","embeddable":true,"href":"https:\/\/tonymora.com\/es\/wp-json\/wp\/v2\/product_brand?post=712996"},{"taxonomy":"product_cat","embeddable":true,"href":"https:\/\/tonymora.com\/es\/wp-json\/wp\/v2\/product_cat?post=712996"},{"taxonomy":"product_tag","embeddable":true,"href":"https:\/\/tonymora.com\/es\/wp-json\/wp\/v2\/product_tag?post=712996"}],"curies":[{"name":"wp","href":"https:\/\/api.w.org\/{rel}","templated":true}]}}