{"id":713116,"date":"2024-05-17T18:25:32","date_gmt":"2024-05-17T16:25:32","guid":{"rendered":"https:\/\/tonymora.com\/?post_type=product&#038;p=713116"},"modified":"2026-04-27T07:32:47","modified_gmt":"2026-04-27T05:32:47","slug":"621-daslu-lini-piton-marino-2","status":"publish","type":"product","link":"https:\/\/tonymora.com\/es\/producto\/621-daslu-lini-piton-marino-2\/","title":{"rendered":"621 DASLU LINI PITON MARINO"},"content":{"rendered":"<p>Descubre el nivel m\u00e1s alto de exclusividad con los <b>botines cowboy de mujer<\/b> modelo <b>621 DASLU LINI PIT\u00d3N MARINO<\/b>, el ep\u00edtome del lujo de Tony Mora.<\/p>\n<p>Estos imponentes <b>botines de piel ex\u00f3tica<\/b> est\u00e1n dise\u00f1ados con aut\u00e9ntica <b>piel de pit\u00f3n azul marino<\/b>. Este material no solo es incre\u00edblemente duradero y bonito, sino que proporciona un toque \u00fanico y cl\u00e1sico que te har\u00e1 sentir la m\u00e1s especial en cualquier ocasi\u00f3n.<\/p>\n<p>Conjuntamente con su elegante tac\u00f3n Lini y nuestra prestigiosa construcci\u00f3n <b>Goodyear Welted<\/b>, podr\u00e1s gozar de la m\u00e1xima comodidad y el lujo perdurable de estos <b>botines Pit\u00f3n Azul<\/b> all\u00e1 donde vayas. La construcci\u00f3n Goodyear Welted garantiza que este calzado tenga una vida \u00fatil excepcionalmente larga y sea f\u00e1cilmente reparable, asegurando una inversi\u00f3n en estilo de por vida.<\/p>\n<p>Son el complemento perfecto para combinar con todos tus estilos, elevando desde un <i>look<\/i> casual diario hasta la cita m\u00e1s especial. Si buscas unos <b>botines premium<\/b> que combinen artesan\u00eda, exclusividad y la tendencia del <b>bot\u00edn campero<\/b>, el modelo 621 DASLU LINI es tu elecci\u00f3n definitiva.<\/p>\n","protected":false},"excerpt":{"rendered":"<p>Distinci\u00f3n natural en una silueta que no pasa desapercibida. Actitud con inspiraci\u00f3n western y presencia marcada.<br \/>\nUna pieza que refuerza tu identidad y suma distinci\u00f3n sin esfuerzo.<\/p>\n","protected":false},"featured_media":713459,"template":"","meta":{"_mbp_gutenberg_autopost":false},"product_brand":[],"product_cat":[1172,122,121,112],"product_tag":[],"class_list":{"0":"post-713116","1":"product","2":"type-product","3":"status-publish","4":"has-post-thumbnail","6":"product_cat-black-friday","7":"product_cat-botas-exoticas-mujer","8":"product_cat-botines-mujer","9":"product_cat-mujer","11":"first","12":"outofstock","13":"taxable","14":"shipping-taxable","15":"product-type-variable"},"supplier_id":null,"supplier_sku":"","barcode":null,"atum_controlled":true,"out_stock_date":null,"out_stock_threshold":null,"inheritable":true,"inbound_stock":0,"stock_on_hold":6,"sold_today":3,"sales_last_days":3,"reserved_stock":0,"customer_returns":0,"warehouse_damage":0,"lost_in_post":0,"other_logs":0,"out_stock_days":null,"lost_sales":0,"has_location":false,"update_date":"2026-03-16T12:49:47","atum_locations":[],"atum_stock_status":"outofstock","restock_status":false,"low_stock_amount":"","sales_update_date":"2026-03-12T13:44:04","calc_backorders":null,"yoast_head":"<!-- This site is optimized with the Yoast SEO plugin v27.4 - https:\/\/yoast.com\/product\/yoast-seo-wordpress\/ -->\n<title>Botines Cowboy Mujer de Piel de Pit\u00f3n Azul Marino | Tony Mora<\/title>\n<meta name=\"description\" content=\"Descubre los lujosos Botines Cowboy Pit\u00f3n Marino de Tony Mora. Confeccionados en piel ex\u00f3tica y con construcci\u00f3n Goodyear Welted para m\u00e1xima durabilidad.\" \/>\n<meta name=\"robots\" content=\"index, follow, max-snippet:-1, max-image-preview:large, max-video-preview:-1\" \/>\n<link rel=\"canonical\" href=\"https:\/\/tonymora.com\/es\/producto\/621-daslu-lini-piton-marino-2\/\" \/>\n<meta property=\"og:locale\" content=\"es_ES\" \/>\n<meta property=\"og:type\" content=\"article\" \/>\n<meta property=\"og:title\" content=\"Botines Cowboy Mujer de Piel de Pit\u00f3n Azul Marino | Tony Mora\" \/>\n<meta property=\"og:description\" content=\"Descubre los lujosos Botines Cowboy Pit\u00f3n Marino de Tony Mora. Confeccionados en piel ex\u00f3tica y con construcci\u00f3n Goodyear Welted para m\u00e1xima durabilidad.\" \/>\n<meta property=\"og:url\" content=\"https:\/\/tonymora.com\/es\/producto\/621-daslu-lini-piton-marino-2\/\" \/>\n<meta property=\"og:site_name\" content=\"Tony Mora\u00ae Boots Official Store\" \/>\n<meta property=\"article:publisher\" content=\"https:\/\/www.facebook.com\/Tonymoraofficial\/\" \/>\n<meta property=\"article:modified_time\" content=\"2026-04-27T05:32:47+00:00\" \/>\n<meta property=\"og:image\" content=\"https:\/\/tonymora.com\/wp-content\/uploads\/2024\/05\/1-7.jpg\" \/>\n\t<meta property=\"og:image:width\" content=\"866\" \/>\n\t<meta property=\"og:image:height\" content=\"1032\" \/>\n\t<meta property=\"og:image:type\" content=\"image\/jpeg\" \/>\n<meta name=\"twitter:card\" content=\"summary_large_image\" \/>\n<meta name=\"twitter:label1\" content=\"Tiempo de lectura\" \/>\n\t<meta name=\"twitter:data1\" content=\"1 minuto\" \/>\n<script type=\"application\/ld+json\" class=\"yoast-schema-graph\">{\"@context\":\"https:\\\/\\\/schema.org\",\"@graph\":[{\"@type\":\"WebPage\",\"@id\":\"https:\\\/\\\/tonymora.com\\\/es\\\/producto\\\/621-daslu-lini-piton-marino-2\\\/\",\"url\":\"https:\\\/\\\/tonymora.com\\\/es\\\/producto\\\/621-daslu-lini-piton-marino-2\\\/\",\"name\":\"Botines Cowboy Mujer de Piel de Pit\u00f3n Azul Marino | Tony Mora\",\"isPartOf\":{\"@id\":\"https:\\\/\\\/tonymora.com\\\/es\\\/#website\"},\"primaryImageOfPage\":{\"@id\":\"https:\\\/\\\/tonymora.com\\\/es\\\/producto\\\/621-daslu-lini-piton-marino-2\\\/#primaryimage\"},\"image\":{\"@id\":\"https:\\\/\\\/tonymora.com\\\/es\\\/producto\\\/621-daslu-lini-piton-marino-2\\\/#primaryimage\"},\"thumbnailUrl\":\"https:\\\/\\\/tonymora.com\\\/wp-content\\\/uploads\\\/2024\\\/05\\\/1-7.jpg\",\"datePublished\":\"2024-05-17T16:25:32+00:00\",\"dateModified\":\"2026-04-27T05:32:47+00:00\",\"description\":\"Descubre los lujosos Botines Cowboy Pit\u00f3n Marino de Tony Mora. Confeccionados en piel ex\u00f3tica y con construcci\u00f3n Goodyear Welted para m\u00e1xima durabilidad.\",\"breadcrumb\":{\"@id\":\"https:\\\/\\\/tonymora.com\\\/es\\\/producto\\\/621-daslu-lini-piton-marino-2\\\/#breadcrumb\"},\"inLanguage\":\"es\",\"potentialAction\":[{\"@type\":\"ReadAction\",\"target\":[\"https:\\\/\\\/tonymora.com\\\/es\\\/producto\\\/621-daslu-lini-piton-marino-2\\\/\"]}]},{\"@type\":\"ImageObject\",\"inLanguage\":\"es\",\"@id\":\"https:\\\/\\\/tonymora.com\\\/es\\\/producto\\\/621-daslu-lini-piton-marino-2\\\/#primaryimage\",\"url\":\"https:\\\/\\\/tonymora.com\\\/wp-content\\\/uploads\\\/2024\\\/05\\\/1-7.jpg\",\"contentUrl\":\"https:\\\/\\\/tonymora.com\\\/wp-content\\\/uploads\\\/2024\\\/05\\\/1-7.jpg\",\"width\":866,\"height\":1032,\"caption\":\"Botines Cowboy Pit\u00f3n Marino\"},{\"@type\":\"BreadcrumbList\",\"@id\":\"https:\\\/\\\/tonymora.com\\\/es\\\/producto\\\/621-daslu-lini-piton-marino-2\\\/#breadcrumb\",\"itemListElement\":[{\"@type\":\"ListItem\",\"position\":1,\"name\":\"Portada\",\"item\":\"https:\\\/\\\/tonymora.com\\\/es\\\/\"},{\"@type\":\"ListItem\",\"position\":2,\"name\":\"Tienda\",\"item\":\"https:\\\/\\\/tonymora.com\\\/es\\\/tienda\\\/\"},{\"@type\":\"ListItem\",\"position\":3,\"name\":\"Black Friday\",\"item\":\"https:\\\/\\\/tonymora.com\\\/es\\\/categoria-producto\\\/black-friday\\\/\"},{\"@type\":\"ListItem\",\"position\":4,\"name\":\"621 DASLU LINI PITON MARINO\"}]},{\"@type\":\"WebSite\",\"@id\":\"https:\\\/\\\/tonymora.com\\\/es\\\/#website\",\"url\":\"https:\\\/\\\/tonymora.com\\\/es\\\/\",\"name\":\"Tony Mora\u00ae Boots Official Store\",\"description\":\"Cowboy Boots\",\"publisher\":{\"@id\":\"https:\\\/\\\/tonymora.com\\\/es\\\/#organization\"},\"potentialAction\":[{\"@type\":\"SearchAction\",\"target\":{\"@type\":\"EntryPoint\",\"urlTemplate\":\"https:\\\/\\\/tonymora.com\\\/es\\\/?s={search_term_string}\"},\"query-input\":{\"@type\":\"PropertyValueSpecification\",\"valueRequired\":true,\"valueName\":\"search_term_string\"}}],\"inLanguage\":\"es\"},{\"@type\":\"Organization\",\"@id\":\"https:\\\/\\\/tonymora.com\\\/es\\\/#organization\",\"name\":\"Tony Mora Boots\",\"url\":\"https:\\\/\\\/tonymora.com\\\/es\\\/\",\"logo\":{\"@type\":\"ImageObject\",\"inLanguage\":\"es\",\"@id\":\"https:\\\/\\\/tonymora.com\\\/es\\\/#\\\/schema\\\/logo\\\/image\\\/\",\"url\":\"https:\\\/\\\/tonymora.com\\\/wp-content\\\/uploads\\\/2023\\\/12\\\/LOGO.jpg\",\"contentUrl\":\"https:\\\/\\\/tonymora.com\\\/wp-content\\\/uploads\\\/2023\\\/12\\\/LOGO.jpg\",\"width\":2272,\"height\":1411,\"caption\":\"Tony Mora Boots\"},\"image\":{\"@id\":\"https:\\\/\\\/tonymora.com\\\/es\\\/#\\\/schema\\\/logo\\\/image\\\/\"},\"sameAs\":[\"https:\\\/\\\/www.facebook.com\\\/Tonymoraofficial\\\/\",\"https:\\\/\\\/www.instagram.com\\\/tonymoraofficial\\\/?hl=es\"]}]}<\/script>\n<!-- \/ Yoast SEO plugin. -->","yoast_head_json":{"title":"Botines Cowboy Mujer de Piel de Pit\u00f3n Azul Marino | Tony Mora","description":"Descubre los lujosos Botines Cowboy Pit\u00f3n Marino de Tony Mora. Confeccionados en piel ex\u00f3tica y con construcci\u00f3n Goodyear Welted para m\u00e1xima durabilidad.","robots":{"index":"index","follow":"follow","max-snippet":"max-snippet:-1","max-image-preview":"max-image-preview:large","max-video-preview":"max-video-preview:-1"},"canonical":"https:\/\/tonymora.com\/es\/producto\/621-daslu-lini-piton-marino-2\/","og_locale":"es_ES","og_type":"article","og_title":"Botines Cowboy Mujer de Piel de Pit\u00f3n Azul Marino | Tony Mora","og_description":"Descubre los lujosos Botines Cowboy Pit\u00f3n Marino de Tony Mora. Confeccionados en piel ex\u00f3tica y con construcci\u00f3n Goodyear Welted para m\u00e1xima durabilidad.","og_url":"https:\/\/tonymora.com\/es\/producto\/621-daslu-lini-piton-marino-2\/","og_site_name":"Tony Mora\u00ae Boots Official Store","article_publisher":"https:\/\/www.facebook.com\/Tonymoraofficial\/","article_modified_time":"2026-04-27T05:32:47+00:00","og_image":[{"width":866,"height":1032,"url":"https:\/\/tonymora.com\/wp-content\/uploads\/2024\/05\/1-7.jpg","type":"image\/jpeg"}],"twitter_card":"summary_large_image","twitter_misc":{"Tiempo de lectura":"1 minuto"},"schema":{"@context":"https:\/\/schema.org","@graph":[{"@type":"WebPage","@id":"https:\/\/tonymora.com\/es\/producto\/621-daslu-lini-piton-marino-2\/","url":"https:\/\/tonymora.com\/es\/producto\/621-daslu-lini-piton-marino-2\/","name":"Botines Cowboy Mujer de Piel de Pit\u00f3n Azul Marino | Tony Mora","isPartOf":{"@id":"https:\/\/tonymora.com\/es\/#website"},"primaryImageOfPage":{"@id":"https:\/\/tonymora.com\/es\/producto\/621-daslu-lini-piton-marino-2\/#primaryimage"},"image":{"@id":"https:\/\/tonymora.com\/es\/producto\/621-daslu-lini-piton-marino-2\/#primaryimage"},"thumbnailUrl":"https:\/\/tonymora.com\/wp-content\/uploads\/2024\/05\/1-7.jpg","datePublished":"2024-05-17T16:25:32+00:00","dateModified":"2026-04-27T05:32:47+00:00","description":"Descubre los lujosos Botines Cowboy Pit\u00f3n Marino de Tony Mora. Confeccionados en piel ex\u00f3tica y con construcci\u00f3n Goodyear Welted para m\u00e1xima durabilidad.","breadcrumb":{"@id":"https:\/\/tonymora.com\/es\/producto\/621-daslu-lini-piton-marino-2\/#breadcrumb"},"inLanguage":"es","potentialAction":[{"@type":"ReadAction","target":["https:\/\/tonymora.com\/es\/producto\/621-daslu-lini-piton-marino-2\/"]}]},{"@type":"ImageObject","inLanguage":"es","@id":"https:\/\/tonymora.com\/es\/producto\/621-daslu-lini-piton-marino-2\/#primaryimage","url":"https:\/\/tonymora.com\/wp-content\/uploads\/2024\/05\/1-7.jpg","contentUrl":"https:\/\/tonymora.com\/wp-content\/uploads\/2024\/05\/1-7.jpg","width":866,"height":1032,"caption":"Botines Cowboy Pit\u00f3n Marino"},{"@type":"BreadcrumbList","@id":"https:\/\/tonymora.com\/es\/producto\/621-daslu-lini-piton-marino-2\/#breadcrumb","itemListElement":[{"@type":"ListItem","position":1,"name":"Portada","item":"https:\/\/tonymora.com\/es\/"},{"@type":"ListItem","position":2,"name":"Tienda","item":"https:\/\/tonymora.com\/es\/tienda\/"},{"@type":"ListItem","position":3,"name":"Black Friday","item":"https:\/\/tonymora.com\/es\/categoria-producto\/black-friday\/"},{"@type":"ListItem","position":4,"name":"621 DASLU LINI PITON MARINO"}]},{"@type":"WebSite","@id":"https:\/\/tonymora.com\/es\/#website","url":"https:\/\/tonymora.com\/es\/","name":"Tony Mora\u00ae Boots Official Store","description":"Cowboy Boots","publisher":{"@id":"https:\/\/tonymora.com\/es\/#organization"},"potentialAction":[{"@type":"SearchAction","target":{"@type":"EntryPoint","urlTemplate":"https:\/\/tonymora.com\/es\/?s={search_term_string}"},"query-input":{"@type":"PropertyValueSpecification","valueRequired":true,"valueName":"search_term_string"}}],"inLanguage":"es"},{"@type":"Organization","@id":"https:\/\/tonymora.com\/es\/#organization","name":"Tony Mora Boots","url":"https:\/\/tonymora.com\/es\/","logo":{"@type":"ImageObject","inLanguage":"es","@id":"https:\/\/tonymora.com\/es\/#\/schema\/logo\/image\/","url":"https:\/\/tonymora.com\/wp-content\/uploads\/2023\/12\/LOGO.jpg","contentUrl":"https:\/\/tonymora.com\/wp-content\/uploads\/2023\/12\/LOGO.jpg","width":2272,"height":1411,"caption":"Tony Mora Boots"},"image":{"@id":"https:\/\/tonymora.com\/es\/#\/schema\/logo\/image\/"},"sameAs":["https:\/\/www.facebook.com\/Tonymoraofficial\/","https:\/\/www.instagram.com\/tonymoraofficial\/?hl=es"]}]}},"_links":{"self":[{"href":"https:\/\/tonymora.com\/es\/wp-json\/wp\/v2\/product\/713116","targetHints":{"allow":["GET"]}}],"collection":[{"href":"https:\/\/tonymora.com\/es\/wp-json\/wp\/v2\/product"}],"about":[{"href":"https:\/\/tonymora.com\/es\/wp-json\/wp\/v2\/types\/product"}],"wp:featuredmedia":[{"embeddable":true,"href":"https:\/\/tonymora.com\/es\/wp-json\/wp\/v2\/media\/713459"}],"wp:attachment":[{"href":"https:\/\/tonymora.com\/es\/wp-json\/wp\/v2\/media?parent=713116"}],"wp:term":[{"taxonomy":"product_brand","embeddable":true,"href":"https:\/\/tonymora.com\/es\/wp-json\/wp\/v2\/product_brand?post=713116"},{"taxonomy":"product_cat","embeddable":true,"href":"https:\/\/tonymora.com\/es\/wp-json\/wp\/v2\/product_cat?post=713116"},{"taxonomy":"product_tag","embeddable":true,"href":"https:\/\/tonymora.com\/es\/wp-json\/wp\/v2\/product_tag?post=713116"}],"curies":[{"name":"wp","href":"https:\/\/api.w.org\/{rel}","templated":true}]}}