{"id":713267,"date":"2024-05-22T11:20:31","date_gmt":"2024-05-22T09:20:31","guid":{"rendered":"https:\/\/tonymora.com\/?post_type=product&#038;p=713267"},"modified":"2026-05-12T16:37:34","modified_gmt":"2026-05-12T14:37:34","slug":"621-daslu-lini-piton-kaki","status":"publish","type":"product","link":"https:\/\/tonymora.com\/es\/producto\/621-daslu-lini-piton-kaki\/","title":{"rendered":"621 DASLU LINI PITON KAKI"},"content":{"rendered":"<p>Sum\u00e9rgete en la elegancia ex\u00f3tica con los <b>botines cowboy de mujer<\/b> modelo <b>621 DASLU LINI PIT\u00d3N KAKI<\/b>. Una creaci\u00f3n maestra de Tony Mora, estos botines representan la fusi\u00f3n perfecta entre el dise\u00f1o artesanal y las tendencias m\u00e1s actuales.<\/p>\n<p>Confeccionados en aut\u00e9ntica <b>piel de pit\u00f3n caqui<\/b>, estos <b>botines de piel de serpiente<\/b> ofrecen un tono verde militar sofisticado y muy vers\u00e1til. La durabilidad y belleza \u00fanica de la piel de pit\u00f3n otorgan a cada par un car\u00e1cter inigualable, convirti\u00e9ndolos en el centro de todas las miradas.<\/p>\n<p>Gracias a la construcci\u00f3n <b>Goodyear Welted<\/b>, estos <b>botines de lujo<\/b> no solo garantizan una comodidad excepcional, sino tambi\u00e9n una resistencia y vida \u00fatil prolongadas, haciendo de ellos una inversi\u00f3n inteligente en tu armario. El elegante tac\u00f3n Lini complementa su dise\u00f1o, proporcionando la altura y el estilo que esperas de un <b>calzado premium<\/b>.<\/p>\n<p>Perfectos para cualquier ocasi\u00f3n, desde un atuendo casual chic hasta un evento m\u00e1s formal, estos <b>botines Pit\u00f3n Caqui<\/b> son la elecci\u00f3n ideal para la mujer que valora la exclusividad, la calidad y un toque distintivo.<\/p>\n","protected":false},"excerpt":{"rendered":"<p>Una silueta con presencia que eleva cualquier look. Vers\u00e1til y f\u00e1cil de combinar, sin perder personalidad.<br \/>\nDise\u00f1ada para quienes entienden la elegancia como una actitud.<\/p>\n","protected":false},"featured_media":713300,"template":"","meta":{"_mbp_gutenberg_autopost":false},"product_brand":[],"product_cat":[1172,122,121,112],"product_tag":[],"class_list":{"0":"post-713267","1":"product","2":"type-product","3":"status-publish","4":"has-post-thumbnail","6":"product_cat-black-friday","7":"product_cat-botas-exoticas-mujer","8":"product_cat-botines-mujer","9":"product_cat-mujer","11":"first","12":"instock","13":"taxable","14":"shipping-taxable","15":"purchasable","16":"product-type-variable"},"_links":{"self":[{"href":"https:\/\/tonymora.com\/es\/wp-json\/wp\/v2\/product\/713267","targetHints":{"allow":["GET"]}}],"collection":[{"href":"https:\/\/tonymora.com\/es\/wp-json\/wp\/v2\/product"}],"about":[{"href":"https:\/\/tonymora.com\/es\/wp-json\/wp\/v2\/types\/product"}],"wp:featuredmedia":[{"embeddable":true,"href":"https:\/\/tonymora.com\/es\/wp-json\/wp\/v2\/media\/713300"}],"wp:attachment":[{"href":"https:\/\/tonymora.com\/es\/wp-json\/wp\/v2\/media?parent=713267"}],"wp:term":[{"taxonomy":"product_brand","embeddable":true,"href":"https:\/\/tonymora.com\/es\/wp-json\/wp\/v2\/product_brand?post=713267"},{"taxonomy":"product_cat","embeddable":true,"href":"https:\/\/tonymora.com\/es\/wp-json\/wp\/v2\/product_cat?post=713267"},{"taxonomy":"product_tag","embeddable":true,"href":"https:\/\/tonymora.com\/es\/wp-json\/wp\/v2\/product_tag?post=713267"}],"curies":[{"name":"wp","href":"https:\/\/api.w.org\/{rel}","templated":true}]}}