{"id":713770,"date":"2024-06-21T13:02:20","date_gmt":"2024-06-21T11:02:20","guid":{"rendered":"https:\/\/tonymora.com\/?post_type=product&#038;p=713770"},"modified":"2026-04-27T07:32:47","modified_gmt":"2026-04-27T05:32:47","slug":"2845-j-lini-palermo-cuero-madison-marron","status":"publish","type":"product","link":"https:\/\/tonymora.com\/es\/producto\/2845-j-lini-palermo-cuero-madison-marron\/","title":{"rendered":"2845 J LINI PALERMO CUERO \/ MADISON MARR\u00d3N"},"content":{"rendered":"<p>Estas botas artesanales y exclusivas destacan por su puntera y talonera sobrepuestas de estilo mexicano, elaboradas en piel washed marr\u00f3n que aporta un toque r\u00fastico y sofisticado. La ca\u00f1a, con fondo totem en washed crema, se combina perfectamente con serrajes kaki y un elegante collar de caballo en la parte superior. Fabricadas en piel Palermo cuero, estas botas hechas a mano ofrecen una suavidad y durabilidad excepcionales.<\/p>\n","protected":false},"excerpt":{"rendered":"<p>Un estilo que habla de identidad, sin necesidad de palabras. Actitud firme y estilo que se impone con naturalidad.<br \/>\nPara quienes buscan estilo con significado y presencia real.<\/p>\n","protected":false},"featured_media":714468,"template":"","meta":{"_mbp_gutenberg_autopost":false},"product_brand":[],"product_cat":[1172,120,1133,112,1130],"product_tag":[],"class_list":{"0":"post-713770","1":"product","2":"type-product","3":"status-publish","4":"has-post-thumbnail","6":"product_cat-black-friday","7":"product_cat-botas-de-baile-en-linea-mujer","8":"product_cat-botas-de-piel-mujer","9":"product_cat-mujer","10":"product_cat-rebajas-mujer","12":"first","13":"instock","14":"taxable","15":"shipping-taxable","16":"purchasable","17":"product-type-variable"},"_links":{"self":[{"href":"https:\/\/tonymora.com\/es\/wp-json\/wp\/v2\/product\/713770","targetHints":{"allow":["GET"]}}],"collection":[{"href":"https:\/\/tonymora.com\/es\/wp-json\/wp\/v2\/product"}],"about":[{"href":"https:\/\/tonymora.com\/es\/wp-json\/wp\/v2\/types\/product"}],"wp:featuredmedia":[{"embeddable":true,"href":"https:\/\/tonymora.com\/es\/wp-json\/wp\/v2\/media\/714468"}],"wp:attachment":[{"href":"https:\/\/tonymora.com\/es\/wp-json\/wp\/v2\/media?parent=713770"}],"wp:term":[{"taxonomy":"product_brand","embeddable":true,"href":"https:\/\/tonymora.com\/es\/wp-json\/wp\/v2\/product_brand?post=713770"},{"taxonomy":"product_cat","embeddable":true,"href":"https:\/\/tonymora.com\/es\/wp-json\/wp\/v2\/product_cat?post=713770"},{"taxonomy":"product_tag","embeddable":true,"href":"https:\/\/tonymora.com\/es\/wp-json\/wp\/v2\/product_tag?post=713770"}],"curies":[{"name":"wp","href":"https:\/\/api.w.org\/{rel}","templated":true}]}}