{"id":714126,"date":"2024-07-05T16:34:18","date_gmt":"2024-07-05T14:34:18","guid":{"rendered":"https:\/\/tonymora.com\/?post_type=product&#038;p=714126"},"modified":"2026-04-11T07:33:04","modified_gmt":"2026-04-11T05:33:04","slug":"6152-scorpio-doug-old-manchado","status":"publish","type":"product","link":"https:\/\/tonymora.com\/es\/producto\/6152-scorpio-doug-old-manchado\/","title":{"rendered":"6152 SCORPIO DOUG\/ OLD MANCHADO"},"content":{"rendered":"<p>Presentamos nuestro exclusivo bot\u00edn de m\u00faltiples capas de pieles ex\u00f3ticas, confeccionado a mano y con un acabado raspado que le confiere un aspecto envejecido, ideal para los amantes del estilo vintage. Dise\u00f1ado para realzar los looks Antic Vintage, este bot\u00edn se destaca por su el\u00e1stico, que permite llevarlo c\u00f3modamente con jeans estrechos.<\/p>\n<p>Con un tac\u00f3n recto y punta Escorpio, estos botines combinan a la perfecci\u00f3n comodidad y estilo. Hechos a mano con la m\u00e1xima atenci\u00f3n al detalle, su dise\u00f1o \u00fanico est\u00e1 pensado para los hombres que buscan un calzado distintivo y vers\u00e1til. Perfectos tanto para un look atrevido como casual, los botines de Tony Mora son la elecci\u00f3n definitiva para marcar la diferencia con elegancia y car\u00e1cter.<\/p>\n","protected":false},"excerpt":{"rendered":"<p>Elegancia atemporal con una actitud inconfundible. Un toque de altura que aporta seguridad y elegancia.<br \/>\nUna declaraci\u00f3n sutil de buen gusto y seguridad.<\/p>\n","protected":false},"featured_media":714079,"template":"","meta":{"_mbp_gutenberg_autopost":false},"product_brand":[],"product_cat":[1172,134,118,108,161],"product_tag":[],"class_list":{"0":"post-714126","1":"product","2":"type-product","3":"status-publish","4":"has-post-thumbnail","6":"product_cat-black-friday","7":"product_cat-botas-exoticas-hombre","8":"product_cat-botines-hombre","9":"product_cat-hombre","10":"product_cat-zapatos-hombre","12":"first","13":"outofstock","14":"taxable","15":"shipping-taxable","16":"product-type-variable"},"supplier_id":null,"supplier_sku":"","barcode":null,"atum_controlled":true,"out_stock_date":null,"out_stock_threshold":null,"inheritable":true,"inbound_stock":0,"stock_on_hold":5,"sold_today":4,"sales_last_days":4,"reserved_stock":0,"customer_returns":0,"warehouse_damage":0,"lost_in_post":0,"other_logs":0,"out_stock_days":null,"lost_sales":0,"has_location":false,"update_date":"2026-03-17T10:38:13","atum_locations":[],"atum_stock_status":"instock","restock_status":false,"low_stock_amount":"","sales_update_date":"2026-03-07T13:54:53","calc_backorders":null,"yoast_head":"<!-- This site is optimized with the Yoast SEO plugin v27.2 - https:\/\/yoast.com\/product\/yoast-seo-wordpress\/ -->\n<title>Bot\u00edn de piel ex\u00f3tica envejecida para hombre | Tony Mora<\/title>\n<meta name=\"description\" content=\"Botines hechos a mano con piel ex\u00f3tica y acabado envejecido. Dise\u00f1o vintage con tac\u00f3n recto, ideales para un look casual, elegante y c\u00f3modo con jeans.\" \/>\n<meta name=\"robots\" content=\"index, follow, max-snippet:-1, max-image-preview:large, max-video-preview:-1\" \/>\n<link rel=\"canonical\" href=\"https:\/\/tonymora.com\/es\/producto\/6152-scorpio-doug-old-manchado\/\" \/>\n<meta property=\"og:locale\" content=\"es_ES\" \/>\n<meta property=\"og:type\" content=\"article\" \/>\n<meta property=\"og:title\" content=\"Bot\u00edn de piel ex\u00f3tica envejecida para hombre | Tony Mora\" \/>\n<meta property=\"og:description\" content=\"Botines hechos a mano con piel ex\u00f3tica y acabado envejecido. Dise\u00f1o vintage con tac\u00f3n recto, ideales para un look casual, elegante y c\u00f3modo con jeans.\" \/>\n<meta property=\"og:url\" content=\"https:\/\/tonymora.com\/es\/producto\/6152-scorpio-doug-old-manchado\/\" \/>\n<meta property=\"og:site_name\" content=\"Tony Mora\u00ae Boots Official Store\" \/>\n<meta property=\"article:publisher\" content=\"https:\/\/www.facebook.com\/Tonymoraofficial\/\" \/>\n<meta property=\"article:modified_time\" content=\"2026-04-11T05:33:04+00:00\" \/>\n<meta property=\"og:image\" content=\"https:\/\/tonymora.com\/wp-content\/uploads\/2024\/07\/12.jpg\" \/>\n\t<meta property=\"og:image:width\" content=\"866\" \/>\n\t<meta property=\"og:image:height\" content=\"1032\" \/>\n\t<meta property=\"og:image:type\" content=\"image\/jpeg\" \/>\n<meta name=\"twitter:card\" content=\"summary_large_image\" \/>\n<meta name=\"twitter:label1\" content=\"Tiempo de lectura\" \/>\n\t<meta name=\"twitter:data1\" content=\"1 minuto\" \/>\n<script type=\"application\/ld+json\" class=\"yoast-schema-graph\">{\"@context\":\"https:\/\/schema.org\",\"@graph\":[{\"@type\":\"WebPage\",\"@id\":\"https:\/\/tonymora.com\/es\/producto\/6152-scorpio-doug-old-manchado\/\",\"url\":\"https:\/\/tonymora.com\/es\/producto\/6152-scorpio-doug-old-manchado\/\",\"name\":\"Bot\u00edn de piel ex\u00f3tica envejecida para hombre | Tony Mora\",\"isPartOf\":{\"@id\":\"https:\/\/tonymora.com\/es\/#website\"},\"primaryImageOfPage\":{\"@id\":\"https:\/\/tonymora.com\/es\/producto\/6152-scorpio-doug-old-manchado\/#primaryimage\"},\"image\":{\"@id\":\"https:\/\/tonymora.com\/es\/producto\/6152-scorpio-doug-old-manchado\/#primaryimage\"},\"thumbnailUrl\":\"https:\/\/tonymora.com\/wp-content\/uploads\/2024\/07\/12.jpg\",\"datePublished\":\"2024-07-05T14:34:18+00:00\",\"dateModified\":\"2026-04-11T05:33:04+00:00\",\"description\":\"Botines hechos a mano con piel ex\u00f3tica y acabado envejecido. Dise\u00f1o vintage con tac\u00f3n recto, ideales para un look casual, elegante y c\u00f3modo con jeans.\",\"breadcrumb\":{\"@id\":\"https:\/\/tonymora.com\/es\/producto\/6152-scorpio-doug-old-manchado\/#breadcrumb\"},\"inLanguage\":\"es\",\"potentialAction\":[{\"@type\":\"ReadAction\",\"target\":[\"https:\/\/tonymora.com\/es\/producto\/6152-scorpio-doug-old-manchado\/\"]}]},{\"@type\":\"ImageObject\",\"inLanguage\":\"es\",\"@id\":\"https:\/\/tonymora.com\/es\/producto\/6152-scorpio-doug-old-manchado\/#primaryimage\",\"url\":\"https:\/\/tonymora.com\/wp-content\/uploads\/2024\/07\/12.jpg\",\"contentUrl\":\"https:\/\/tonymora.com\/wp-content\/uploads\/2024\/07\/12.jpg\",\"width\":866,\"height\":1032,\"caption\":\"Bot\u00edn de piel ex\u00f3tica\"},{\"@type\":\"BreadcrumbList\",\"@id\":\"https:\/\/tonymora.com\/es\/producto\/6152-scorpio-doug-old-manchado\/#breadcrumb\",\"itemListElement\":[{\"@type\":\"ListItem\",\"position\":1,\"name\":\"Portada\",\"item\":\"https:\/\/tonymora.com\/es\/\"},{\"@type\":\"ListItem\",\"position\":2,\"name\":\"Tienda\",\"item\":\"https:\/\/tonymora.com\/es\/tienda\/\"},{\"@type\":\"ListItem\",\"position\":3,\"name\":\"Hombre\",\"item\":\"https:\/\/tonymora.com\/es\/categoria-producto\/hombre\/\"},{\"@type\":\"ListItem\",\"position\":4,\"name\":\"6152 SCORPIO DOUG\/ OLD MANCHADO\"}]},{\"@type\":\"WebSite\",\"@id\":\"https:\/\/tonymora.com\/es\/#website\",\"url\":\"https:\/\/tonymora.com\/es\/\",\"name\":\"Tony Mora\u00ae Boots Official Store\",\"description\":\"Cowboy Boots\",\"publisher\":{\"@id\":\"https:\/\/tonymora.com\/es\/#organization\"},\"potentialAction\":[{\"@type\":\"SearchAction\",\"target\":{\"@type\":\"EntryPoint\",\"urlTemplate\":\"https:\/\/tonymora.com\/es\/?s={search_term_string}\"},\"query-input\":{\"@type\":\"PropertyValueSpecification\",\"valueRequired\":true,\"valueName\":\"search_term_string\"}}],\"inLanguage\":\"es\"},{\"@type\":\"Organization\",\"@id\":\"https:\/\/tonymora.com\/es\/#organization\",\"name\":\"Tony Mora Boots\",\"url\":\"https:\/\/tonymora.com\/es\/\",\"logo\":{\"@type\":\"ImageObject\",\"inLanguage\":\"es\",\"@id\":\"https:\/\/tonymora.com\/es\/#\/schema\/logo\/image\/\",\"url\":\"https:\/\/tonymora.com\/wp-content\/uploads\/2023\/12\/LOGO.jpg\",\"contentUrl\":\"https:\/\/tonymora.com\/wp-content\/uploads\/2023\/12\/LOGO.jpg\",\"width\":2272,\"height\":1411,\"caption\":\"Tony Mora Boots\"},\"image\":{\"@id\":\"https:\/\/tonymora.com\/es\/#\/schema\/logo\/image\/\"},\"sameAs\":[\"https:\/\/www.facebook.com\/Tonymoraofficial\/\",\"https:\/\/www.instagram.com\/tonymoraofficial\/?hl=es\"]}]}<\/script>\n<!-- \/ Yoast SEO plugin. -->","yoast_head_json":{"title":"Bot\u00edn de piel ex\u00f3tica envejecida para hombre | Tony Mora","description":"Botines hechos a mano con piel ex\u00f3tica y acabado envejecido. Dise\u00f1o vintage con tac\u00f3n recto, ideales para un look casual, elegante y c\u00f3modo con jeans.","robots":{"index":"index","follow":"follow","max-snippet":"max-snippet:-1","max-image-preview":"max-image-preview:large","max-video-preview":"max-video-preview:-1"},"canonical":"https:\/\/tonymora.com\/es\/producto\/6152-scorpio-doug-old-manchado\/","og_locale":"es_ES","og_type":"article","og_title":"Bot\u00edn de piel ex\u00f3tica envejecida para hombre | Tony Mora","og_description":"Botines hechos a mano con piel ex\u00f3tica y acabado envejecido. Dise\u00f1o vintage con tac\u00f3n recto, ideales para un look casual, elegante y c\u00f3modo con jeans.","og_url":"https:\/\/tonymora.com\/es\/producto\/6152-scorpio-doug-old-manchado\/","og_site_name":"Tony Mora\u00ae Boots Official Store","article_publisher":"https:\/\/www.facebook.com\/Tonymoraofficial\/","article_modified_time":"2026-04-11T05:33:04+00:00","og_image":[{"width":866,"height":1032,"url":"https:\/\/tonymora.com\/wp-content\/uploads\/2024\/07\/12.jpg","type":"image\/jpeg"}],"twitter_card":"summary_large_image","twitter_misc":{"Tiempo de lectura":"1 minuto"},"schema":{"@context":"https:\/\/schema.org","@graph":[{"@type":"WebPage","@id":"https:\/\/tonymora.com\/es\/producto\/6152-scorpio-doug-old-manchado\/","url":"https:\/\/tonymora.com\/es\/producto\/6152-scorpio-doug-old-manchado\/","name":"Bot\u00edn de piel ex\u00f3tica envejecida para hombre | Tony Mora","isPartOf":{"@id":"https:\/\/tonymora.com\/es\/#website"},"primaryImageOfPage":{"@id":"https:\/\/tonymora.com\/es\/producto\/6152-scorpio-doug-old-manchado\/#primaryimage"},"image":{"@id":"https:\/\/tonymora.com\/es\/producto\/6152-scorpio-doug-old-manchado\/#primaryimage"},"thumbnailUrl":"https:\/\/tonymora.com\/wp-content\/uploads\/2024\/07\/12.jpg","datePublished":"2024-07-05T14:34:18+00:00","dateModified":"2026-04-11T05:33:04+00:00","description":"Botines hechos a mano con piel ex\u00f3tica y acabado envejecido. Dise\u00f1o vintage con tac\u00f3n recto, ideales para un look casual, elegante y c\u00f3modo con jeans.","breadcrumb":{"@id":"https:\/\/tonymora.com\/es\/producto\/6152-scorpio-doug-old-manchado\/#breadcrumb"},"inLanguage":"es","potentialAction":[{"@type":"ReadAction","target":["https:\/\/tonymora.com\/es\/producto\/6152-scorpio-doug-old-manchado\/"]}]},{"@type":"ImageObject","inLanguage":"es","@id":"https:\/\/tonymora.com\/es\/producto\/6152-scorpio-doug-old-manchado\/#primaryimage","url":"https:\/\/tonymora.com\/wp-content\/uploads\/2024\/07\/12.jpg","contentUrl":"https:\/\/tonymora.com\/wp-content\/uploads\/2024\/07\/12.jpg","width":866,"height":1032,"caption":"Bot\u00edn de piel ex\u00f3tica"},{"@type":"BreadcrumbList","@id":"https:\/\/tonymora.com\/es\/producto\/6152-scorpio-doug-old-manchado\/#breadcrumb","itemListElement":[{"@type":"ListItem","position":1,"name":"Portada","item":"https:\/\/tonymora.com\/es\/"},{"@type":"ListItem","position":2,"name":"Tienda","item":"https:\/\/tonymora.com\/es\/tienda\/"},{"@type":"ListItem","position":3,"name":"Hombre","item":"https:\/\/tonymora.com\/es\/categoria-producto\/hombre\/"},{"@type":"ListItem","position":4,"name":"6152 SCORPIO DOUG\/ OLD MANCHADO"}]},{"@type":"WebSite","@id":"https:\/\/tonymora.com\/es\/#website","url":"https:\/\/tonymora.com\/es\/","name":"Tony Mora\u00ae Boots Official Store","description":"Cowboy Boots","publisher":{"@id":"https:\/\/tonymora.com\/es\/#organization"},"potentialAction":[{"@type":"SearchAction","target":{"@type":"EntryPoint","urlTemplate":"https:\/\/tonymora.com\/es\/?s={search_term_string}"},"query-input":{"@type":"PropertyValueSpecification","valueRequired":true,"valueName":"search_term_string"}}],"inLanguage":"es"},{"@type":"Organization","@id":"https:\/\/tonymora.com\/es\/#organization","name":"Tony Mora Boots","url":"https:\/\/tonymora.com\/es\/","logo":{"@type":"ImageObject","inLanguage":"es","@id":"https:\/\/tonymora.com\/es\/#\/schema\/logo\/image\/","url":"https:\/\/tonymora.com\/wp-content\/uploads\/2023\/12\/LOGO.jpg","contentUrl":"https:\/\/tonymora.com\/wp-content\/uploads\/2023\/12\/LOGO.jpg","width":2272,"height":1411,"caption":"Tony Mora Boots"},"image":{"@id":"https:\/\/tonymora.com\/es\/#\/schema\/logo\/image\/"},"sameAs":["https:\/\/www.facebook.com\/Tonymoraofficial\/","https:\/\/www.instagram.com\/tonymoraofficial\/?hl=es"]}]}},"_links":{"self":[{"href":"https:\/\/tonymora.com\/es\/wp-json\/wp\/v2\/product\/714126","targetHints":{"allow":["GET"]}}],"collection":[{"href":"https:\/\/tonymora.com\/es\/wp-json\/wp\/v2\/product"}],"about":[{"href":"https:\/\/tonymora.com\/es\/wp-json\/wp\/v2\/types\/product"}],"wp:featuredmedia":[{"embeddable":true,"href":"https:\/\/tonymora.com\/es\/wp-json\/wp\/v2\/media\/714079"}],"wp:attachment":[{"href":"https:\/\/tonymora.com\/es\/wp-json\/wp\/v2\/media?parent=714126"}],"wp:term":[{"taxonomy":"product_brand","embeddable":true,"href":"https:\/\/tonymora.com\/es\/wp-json\/wp\/v2\/product_brand?post=714126"},{"taxonomy":"product_cat","embeddable":true,"href":"https:\/\/tonymora.com\/es\/wp-json\/wp\/v2\/product_cat?post=714126"},{"taxonomy":"product_tag","embeddable":true,"href":"https:\/\/tonymora.com\/es\/wp-json\/wp\/v2\/product_tag?post=714126"}],"curies":[{"name":"wp","href":"https:\/\/api.w.org\/{rel}","templated":true}]}}