{"id":714226,"date":"2024-07-10T09:33:07","date_gmt":"2024-07-10T07:33:07","guid":{"rendered":"https:\/\/tonymora.com\/?post_type=product&#038;p=714226"},"modified":"2026-04-04T07:33:20","modified_gmt":"2026-04-04T05:33:20","slug":"1086-mon-paseo-piton-bc-celeste-brillo","status":"publish","type":"product","link":"https:\/\/tonymora.com\/es\/producto\/1086-mon-paseo-piton-bc-celeste-brillo\/","title":{"rendered":"1086 MON PASEO PIT\u00d3N BC CELESTE BRILLO"},"content":{"rendered":"<p style=\"text-align: left;\">\u00a1Descubre los atrevidos Gipsy Shoes de Tony Mora! Estos zapatos artesanales, hechos con piel de pit\u00f3n de alta calidad, son perfectos para cualquier ocasi\u00f3n. Su dise\u00f1o veraniego en color celeste con brillo aporta frescura y modernidad, ideal tanto para eventos formales como casuales. Elaborados a mano por expertos, garantizan estilo y distinci\u00f3n. \u00a1A\u00f1ade estos elegantes y vers\u00e1tiles zapatos a tu colecci\u00f3n y destaca con un toque \u00fanico!<\/p>\n","protected":false},"excerpt":{"rendered":"<p>Un dise\u00f1o que transmite car\u00e1cter desde el primer paso. Estilo refinado para ocasiones que piden presencia.<br \/>\nDise\u00f1ada para quienes entienden la elegancia como una actitud.<\/p>\n","protected":false},"featured_media":714247,"template":"","meta":{"_mbp_gutenberg_autopost":false},"product_brand":[],"product_cat":[1172,122,121,112],"product_tag":[],"class_list":{"0":"post-714226","1":"product","2":"type-product","3":"status-publish","4":"has-post-thumbnail","6":"product_cat-black-friday","7":"product_cat-botas-exoticas-mujer","8":"product_cat-botines-mujer","9":"product_cat-mujer","11":"first","12":"instock","13":"taxable","14":"shipping-taxable","15":"purchasable","16":"product-type-variable"},"supplier_id":null,"supplier_sku":"","barcode":null,"atum_controlled":true,"out_stock_date":null,"out_stock_threshold":null,"inheritable":true,"inbound_stock":0,"stock_on_hold":3,"sold_today":1,"sales_last_days":1,"reserved_stock":0,"customer_returns":0,"warehouse_damage":0,"lost_in_post":0,"other_logs":0,"out_stock_days":null,"lost_sales":0,"has_location":false,"update_date":"2026-03-16T13:02:52","atum_locations":[],"atum_stock_status":"instock","restock_status":false,"low_stock_amount":"","sales_update_date":"2026-02-09T11:28:51","calc_backorders":null,"yoast_head":"<!-- This site is optimized with the Yoast SEO plugin v27.2 - https:\/\/yoast.com\/product\/yoast-seo-wordpress\/ -->\n<title>Botines Cowboy Mujer Piel de Serpiente \u2013 Tony Mora<\/title>\n<meta name=\"description\" content=\"Descubre la exclusividad de la Bota Vaquera Tina de Pit\u00f3n Negro Mate. Calidad premium y estilo aut\u00e9ntico en Tony Mora.\" \/>\n<meta name=\"robots\" content=\"index, follow, max-snippet:-1, max-image-preview:large, max-video-preview:-1\" \/>\n<link rel=\"canonical\" href=\"https:\/\/tonymora.com\/es\/producto\/1086-mon-paseo-piton-bc-celeste-brillo\/\" \/>\n<meta property=\"og:locale\" content=\"es_ES\" \/>\n<meta property=\"og:type\" content=\"article\" \/>\n<meta property=\"og:title\" content=\"Botines Cowboy Mujer Piel de Serpiente \u2013 Tony Mora\" \/>\n<meta property=\"og:description\" content=\"Descubre la exclusividad de la Bota Vaquera Tina de Pit\u00f3n Negro Mate. Calidad premium y estilo aut\u00e9ntico en Tony Mora.\" \/>\n<meta property=\"og:url\" content=\"https:\/\/tonymora.com\/es\/producto\/1086-mon-paseo-piton-bc-celeste-brillo\/\" \/>\n<meta property=\"og:site_name\" content=\"Tony Mora\u00ae Boots Official Store\" \/>\n<meta property=\"article:publisher\" content=\"https:\/\/www.facebook.com\/Tonymoraofficial\/\" \/>\n<meta property=\"article:modified_time\" content=\"2026-04-04T05:33:20+00:00\" \/>\n<meta property=\"og:image\" content=\"https:\/\/tonymora.com\/wp-content\/uploads\/2024\/07\/19.jpg\" \/>\n\t<meta property=\"og:image:width\" content=\"866\" \/>\n\t<meta property=\"og:image:height\" content=\"1032\" \/>\n\t<meta property=\"og:image:type\" content=\"image\/jpeg\" \/>\n<meta name=\"twitter:card\" content=\"summary_large_image\" \/>\n<meta name=\"twitter:label1\" content=\"Tiempo de lectura\" \/>\n\t<meta name=\"twitter:data1\" content=\"1 minuto\" \/>\n<script type=\"application\/ld+json\" class=\"yoast-schema-graph\">{\"@context\":\"https:\/\/schema.org\",\"@graph\":[{\"@type\":\"WebPage\",\"@id\":\"https:\/\/tonymora.com\/es\/producto\/1086-mon-paseo-piton-bc-celeste-brillo\/\",\"url\":\"https:\/\/tonymora.com\/es\/producto\/1086-mon-paseo-piton-bc-celeste-brillo\/\",\"name\":\"Botines Cowboy Mujer Piel de Serpiente \u2013 Tony Mora\",\"isPartOf\":{\"@id\":\"https:\/\/tonymora.com\/es\/#website\"},\"primaryImageOfPage\":{\"@id\":\"https:\/\/tonymora.com\/es\/producto\/1086-mon-paseo-piton-bc-celeste-brillo\/#primaryimage\"},\"image\":{\"@id\":\"https:\/\/tonymora.com\/es\/producto\/1086-mon-paseo-piton-bc-celeste-brillo\/#primaryimage\"},\"thumbnailUrl\":\"https:\/\/tonymora.com\/wp-content\/uploads\/2024\/07\/19.jpg\",\"datePublished\":\"2024-07-10T07:33:07+00:00\",\"dateModified\":\"2026-04-04T05:33:20+00:00\",\"description\":\"Descubre la exclusividad de la Bota Vaquera Tina de Pit\u00f3n Negro Mate. Calidad premium y estilo aut\u00e9ntico en Tony Mora.\",\"breadcrumb\":{\"@id\":\"https:\/\/tonymora.com\/es\/producto\/1086-mon-paseo-piton-bc-celeste-brillo\/#breadcrumb\"},\"inLanguage\":\"es\",\"potentialAction\":[{\"@type\":\"ReadAction\",\"target\":[\"https:\/\/tonymora.com\/es\/producto\/1086-mon-paseo-piton-bc-celeste-brillo\/\"]}]},{\"@type\":\"ImageObject\",\"inLanguage\":\"es\",\"@id\":\"https:\/\/tonymora.com\/es\/producto\/1086-mon-paseo-piton-bc-celeste-brillo\/#primaryimage\",\"url\":\"https:\/\/tonymora.com\/wp-content\/uploads\/2024\/07\/19.jpg\",\"contentUrl\":\"https:\/\/tonymora.com\/wp-content\/uploads\/2024\/07\/19.jpg\",\"width\":866,\"height\":1032},{\"@type\":\"BreadcrumbList\",\"@id\":\"https:\/\/tonymora.com\/es\/producto\/1086-mon-paseo-piton-bc-celeste-brillo\/#breadcrumb\",\"itemListElement\":[{\"@type\":\"ListItem\",\"position\":1,\"name\":\"Portada\",\"item\":\"https:\/\/tonymora.com\/es\/\"},{\"@type\":\"ListItem\",\"position\":2,\"name\":\"Tienda\",\"item\":\"https:\/\/tonymora.com\/es\/tienda\/\"},{\"@type\":\"ListItem\",\"position\":3,\"name\":\"Black Friday\",\"item\":\"https:\/\/tonymora.com\/es\/categoria-producto\/black-friday\/\"},{\"@type\":\"ListItem\",\"position\":4,\"name\":\"1086 MON PASEO PIT\u00d3N BC CELESTE BRILLO\"}]},{\"@type\":\"WebSite\",\"@id\":\"https:\/\/tonymora.com\/es\/#website\",\"url\":\"https:\/\/tonymora.com\/es\/\",\"name\":\"Tony Mora\u00ae Boots Official Store\",\"description\":\"Cowboy Boots\",\"publisher\":{\"@id\":\"https:\/\/tonymora.com\/es\/#organization\"},\"potentialAction\":[{\"@type\":\"SearchAction\",\"target\":{\"@type\":\"EntryPoint\",\"urlTemplate\":\"https:\/\/tonymora.com\/es\/?s={search_term_string}\"},\"query-input\":{\"@type\":\"PropertyValueSpecification\",\"valueRequired\":true,\"valueName\":\"search_term_string\"}}],\"inLanguage\":\"es\"},{\"@type\":\"Organization\",\"@id\":\"https:\/\/tonymora.com\/es\/#organization\",\"name\":\"Tony Mora Boots\",\"url\":\"https:\/\/tonymora.com\/es\/\",\"logo\":{\"@type\":\"ImageObject\",\"inLanguage\":\"es\",\"@id\":\"https:\/\/tonymora.com\/es\/#\/schema\/logo\/image\/\",\"url\":\"https:\/\/tonymora.com\/wp-content\/uploads\/2023\/12\/LOGO.jpg\",\"contentUrl\":\"https:\/\/tonymora.com\/wp-content\/uploads\/2023\/12\/LOGO.jpg\",\"width\":2272,\"height\":1411,\"caption\":\"Tony Mora Boots\"},\"image\":{\"@id\":\"https:\/\/tonymora.com\/es\/#\/schema\/logo\/image\/\"},\"sameAs\":[\"https:\/\/www.facebook.com\/Tonymoraofficial\/\",\"https:\/\/www.instagram.com\/tonymoraofficial\/?hl=es\"]}]}<\/script>\n<!-- \/ Yoast SEO plugin. -->","yoast_head_json":{"title":"Botines Cowboy Mujer Piel de Serpiente \u2013 Tony Mora","description":"Descubre la exclusividad de la Bota Vaquera Tina de Pit\u00f3n Negro Mate. Calidad premium y estilo aut\u00e9ntico en Tony Mora.","robots":{"index":"index","follow":"follow","max-snippet":"max-snippet:-1","max-image-preview":"max-image-preview:large","max-video-preview":"max-video-preview:-1"},"canonical":"https:\/\/tonymora.com\/es\/producto\/1086-mon-paseo-piton-bc-celeste-brillo\/","og_locale":"es_ES","og_type":"article","og_title":"Botines Cowboy Mujer Piel de Serpiente \u2013 Tony Mora","og_description":"Descubre la exclusividad de la Bota Vaquera Tina de Pit\u00f3n Negro Mate. Calidad premium y estilo aut\u00e9ntico en Tony Mora.","og_url":"https:\/\/tonymora.com\/es\/producto\/1086-mon-paseo-piton-bc-celeste-brillo\/","og_site_name":"Tony Mora\u00ae Boots Official Store","article_publisher":"https:\/\/www.facebook.com\/Tonymoraofficial\/","article_modified_time":"2026-04-04T05:33:20+00:00","og_image":[{"width":866,"height":1032,"url":"https:\/\/tonymora.com\/wp-content\/uploads\/2024\/07\/19.jpg","type":"image\/jpeg"}],"twitter_card":"summary_large_image","twitter_misc":{"Tiempo de lectura":"1 minuto"},"schema":{"@context":"https:\/\/schema.org","@graph":[{"@type":"WebPage","@id":"https:\/\/tonymora.com\/es\/producto\/1086-mon-paseo-piton-bc-celeste-brillo\/","url":"https:\/\/tonymora.com\/es\/producto\/1086-mon-paseo-piton-bc-celeste-brillo\/","name":"Botines Cowboy Mujer Piel de Serpiente \u2013 Tony Mora","isPartOf":{"@id":"https:\/\/tonymora.com\/es\/#website"},"primaryImageOfPage":{"@id":"https:\/\/tonymora.com\/es\/producto\/1086-mon-paseo-piton-bc-celeste-brillo\/#primaryimage"},"image":{"@id":"https:\/\/tonymora.com\/es\/producto\/1086-mon-paseo-piton-bc-celeste-brillo\/#primaryimage"},"thumbnailUrl":"https:\/\/tonymora.com\/wp-content\/uploads\/2024\/07\/19.jpg","datePublished":"2024-07-10T07:33:07+00:00","dateModified":"2026-04-04T05:33:20+00:00","description":"Descubre la exclusividad de la Bota Vaquera Tina de Pit\u00f3n Negro Mate. Calidad premium y estilo aut\u00e9ntico en Tony Mora.","breadcrumb":{"@id":"https:\/\/tonymora.com\/es\/producto\/1086-mon-paseo-piton-bc-celeste-brillo\/#breadcrumb"},"inLanguage":"es","potentialAction":[{"@type":"ReadAction","target":["https:\/\/tonymora.com\/es\/producto\/1086-mon-paseo-piton-bc-celeste-brillo\/"]}]},{"@type":"ImageObject","inLanguage":"es","@id":"https:\/\/tonymora.com\/es\/producto\/1086-mon-paseo-piton-bc-celeste-brillo\/#primaryimage","url":"https:\/\/tonymora.com\/wp-content\/uploads\/2024\/07\/19.jpg","contentUrl":"https:\/\/tonymora.com\/wp-content\/uploads\/2024\/07\/19.jpg","width":866,"height":1032},{"@type":"BreadcrumbList","@id":"https:\/\/tonymora.com\/es\/producto\/1086-mon-paseo-piton-bc-celeste-brillo\/#breadcrumb","itemListElement":[{"@type":"ListItem","position":1,"name":"Portada","item":"https:\/\/tonymora.com\/es\/"},{"@type":"ListItem","position":2,"name":"Tienda","item":"https:\/\/tonymora.com\/es\/tienda\/"},{"@type":"ListItem","position":3,"name":"Black Friday","item":"https:\/\/tonymora.com\/es\/categoria-producto\/black-friday\/"},{"@type":"ListItem","position":4,"name":"1086 MON PASEO PIT\u00d3N BC CELESTE BRILLO"}]},{"@type":"WebSite","@id":"https:\/\/tonymora.com\/es\/#website","url":"https:\/\/tonymora.com\/es\/","name":"Tony Mora\u00ae Boots Official Store","description":"Cowboy Boots","publisher":{"@id":"https:\/\/tonymora.com\/es\/#organization"},"potentialAction":[{"@type":"SearchAction","target":{"@type":"EntryPoint","urlTemplate":"https:\/\/tonymora.com\/es\/?s={search_term_string}"},"query-input":{"@type":"PropertyValueSpecification","valueRequired":true,"valueName":"search_term_string"}}],"inLanguage":"es"},{"@type":"Organization","@id":"https:\/\/tonymora.com\/es\/#organization","name":"Tony Mora Boots","url":"https:\/\/tonymora.com\/es\/","logo":{"@type":"ImageObject","inLanguage":"es","@id":"https:\/\/tonymora.com\/es\/#\/schema\/logo\/image\/","url":"https:\/\/tonymora.com\/wp-content\/uploads\/2023\/12\/LOGO.jpg","contentUrl":"https:\/\/tonymora.com\/wp-content\/uploads\/2023\/12\/LOGO.jpg","width":2272,"height":1411,"caption":"Tony Mora Boots"},"image":{"@id":"https:\/\/tonymora.com\/es\/#\/schema\/logo\/image\/"},"sameAs":["https:\/\/www.facebook.com\/Tonymoraofficial\/","https:\/\/www.instagram.com\/tonymoraofficial\/?hl=es"]}]}},"_links":{"self":[{"href":"https:\/\/tonymora.com\/es\/wp-json\/wp\/v2\/product\/714226","targetHints":{"allow":["GET"]}}],"collection":[{"href":"https:\/\/tonymora.com\/es\/wp-json\/wp\/v2\/product"}],"about":[{"href":"https:\/\/tonymora.com\/es\/wp-json\/wp\/v2\/types\/product"}],"wp:featuredmedia":[{"embeddable":true,"href":"https:\/\/tonymora.com\/es\/wp-json\/wp\/v2\/media\/714247"}],"wp:attachment":[{"href":"https:\/\/tonymora.com\/es\/wp-json\/wp\/v2\/media?parent=714226"}],"wp:term":[{"taxonomy":"product_brand","embeddable":true,"href":"https:\/\/tonymora.com\/es\/wp-json\/wp\/v2\/product_brand?post=714226"},{"taxonomy":"product_cat","embeddable":true,"href":"https:\/\/tonymora.com\/es\/wp-json\/wp\/v2\/product_cat?post=714226"},{"taxonomy":"product_tag","embeddable":true,"href":"https:\/\/tonymora.com\/es\/wp-json\/wp\/v2\/product_tag?post=714226"}],"curies":[{"name":"wp","href":"https:\/\/api.w.org\/{rel}","templated":true}]}}