{"id":714523,"date":"2024-07-22T12:15:17","date_gmt":"2024-07-22T10:15:17","guid":{"rendered":"https:\/\/tonymora.com\/?post_type=product&#038;p=714523"},"modified":"2026-04-05T07:32:57","modified_gmt":"2026-04-05T05:32:57","slug":"814-j-lini-piton-bc-negro-mate-serraje-gris","status":"publish","type":"product","link":"https:\/\/tonymora.com\/es\/producto\/814-j-lini-piton-bc-negro-mate-serraje-gris\/","title":{"rendered":"814 J LINI PITON BC NEGRO MATE\/ SERRAJE GRIS"},"content":{"rendered":"<p data-start=\"122\" data-end=\"438\"><strong data-start=\"122\" data-end=\"180\"><span class=\"_fadeIn_m1hgl_8\">Botas <\/span><span class=\"_fadeIn_m1hgl_8\">de <\/span><span class=\"_fadeIn_m1hgl_8\">pit\u00f3n <\/span><span class=\"_fadeIn_m1hgl_8\">negro: <\/span><span class=\"_fadeIn_m1hgl_8\">lujo <\/span><span class=\"_fadeIn_m1hgl_8\">ex\u00f3tico <\/span><span class=\"_fadeIn_m1hgl_8\">con <\/span><span class=\"_fadeIn_m1hgl_8\">alma <\/span><span class=\"_fadeIn_m1hgl_8\">artesanal.<\/span><\/strong><br data-start=\"180\" data-end=\"183\" \/><span class=\"_fadeIn_m1hgl_8\">Ad\u00e9ntrate <\/span><span class=\"_fadeIn_m1hgl_8\">en <\/span><span class=\"_fadeIn_m1hgl_8\">el <\/span><span class=\"_fadeIn_m1hgl_8\">universo <\/span><span class=\"_fadeIn_m1hgl_8\">de <\/span><span class=\"_fadeIn_m1hgl_8\">la <\/span><span class=\"_fadeIn_m1hgl_8\">exclusividad <\/span><span class=\"_fadeIn_m1hgl_8\">con <\/span><span class=\"_fadeIn_m1hgl_8\">estas <\/span><span class=\"_fadeIn_m1hgl_8\">impresionantes <\/span><span class=\"_fadeIn_m1hgl_8\">botas <\/span><span class=\"_fadeIn_m1hgl_8\">de <\/span><strong data-start=\"261\" data-end=\"276\"><span class=\"_fadeIn_m1hgl_8\">pit\u00f3n <\/span><span class=\"_fadeIn_m1hgl_8\">negro<\/span><\/strong><span class=\"_fadeIn_m1hgl_8\">, <\/span><span class=\"_fadeIn_m1hgl_8\">elaboradas <\/span><span class=\"_fadeIn_m1hgl_8\">en <\/span><strong data-start=\"292\" data-end=\"313\"><span class=\"_fadeIn_m1hgl_8\">piel <\/span><span class=\"_fadeIn_m1hgl_8\">100% <\/span><span class=\"_fadeIn_m1hgl_8\">ex\u00f3tica<\/span><\/strong><span class=\"_fadeIn_m1hgl_8\">, <\/span><span class=\"_fadeIn_m1hgl_8\">cuidadosamente <\/span><span class=\"_fadeIn_m1hgl_8\">seleccionada <\/span><span class=\"_fadeIn_m1hgl_8\">y <\/span><strong data-start=\"345\" data-end=\"386\"><span class=\"_fadeIn_m1hgl_8\">cortada <\/span><span class=\"_fadeIn_m1hgl_8\">a <\/span><span class=\"_fadeIn_m1hgl_8\">mano <\/span><span class=\"_fadeIn_m1hgl_8\">por <\/span><span class=\"_fadeIn_m1hgl_8\">nuestros <\/span><span class=\"_fadeIn_m1hgl_8\">artesanos<\/span><\/strong><span class=\"_fadeIn_m1hgl_8\">, <\/span><span class=\"_fadeIn_m1hgl_8\">haciendo <\/span><span class=\"_fadeIn_m1hgl_8\">que <\/span><span class=\"_fadeIn_m1hgl_8\">cada <\/span><span class=\"_fadeIn_m1hgl_8\">par <\/span><span class=\"_fadeIn_m1hgl_8\">sea <\/span><strong data-start=\"414\" data-end=\"437\"><span class=\"_fadeIn_m1hgl_8\">\u00fanico <\/span><span class=\"_fadeIn_m1hgl_8\">e <\/span><span class=\"_fadeIn_m1hgl_8\">irrepetible<\/span><\/strong><span class=\"_fadeIn_m1hgl_8\">.<\/span><\/p>\n<p data-start=\"440\" data-end=\"729\"><span class=\"_fadeIn_m1hgl_8\">Su <\/span><strong data-start=\"443\" data-end=\"468\"><span class=\"_fadeIn_m1hgl_8\">ca\u00f1a <\/span><span class=\"_fadeIn_m1hgl_8\">de <\/span><span class=\"_fadeIn_m1hgl_8\">serraje <\/span><span class=\"_fadeIn_m1hgl_8\">suave<\/span><\/strong> <span class=\"_fadeIn_m1hgl_8\">y <\/span><span class=\"_fadeIn_m1hgl_8\">elegante <\/span><span class=\"_fadeIn_m1hgl_8\">se <\/span><span class=\"_fadeIn_m1hgl_8\">fusiona <\/span><span class=\"_fadeIn_m1hgl_8\">con <\/span><span class=\"_fadeIn_m1hgl_8\">un <\/span><strong data-start=\"498\" data-end=\"551\"><span class=\"_fadeIn_m1hgl_8\">bajo <\/span><span class=\"_fadeIn_m1hgl_8\">fondo <\/span><span class=\"_fadeIn_m1hgl_8\">de <\/span><span class=\"_fadeIn_m1hgl_8\">pit\u00f3n <\/span><span class=\"_fadeIn_m1hgl_8\">bordado <\/span><span class=\"_fadeIn_m1hgl_8\">a <\/span><span class=\"_fadeIn_m1hgl_8\">mano <\/span><span class=\"_fadeIn_m1hgl_8\">con <\/span><span class=\"_fadeIn_m1hgl_8\">hilo <\/span><span class=\"_fadeIn_m1hgl_8\">negro<\/span><\/strong><span class=\"_fadeIn_m1hgl_8\">, <\/span><span class=\"_fadeIn_m1hgl_8\">aportando <\/span><span class=\"_fadeIn_m1hgl_8\">un <\/span><span class=\"_fadeIn_m1hgl_8\">nivel <\/span><span class=\"_fadeIn_m1hgl_8\">de <\/span><span class=\"_fadeIn_m1hgl_8\">detalle <\/span><span class=\"_fadeIn_m1hgl_8\">y <\/span><span class=\"_fadeIn_m1hgl_8\">sofisticaci\u00f3n <\/span><span class=\"_fadeIn_m1hgl_8\">dif\u00edcil <\/span><span class=\"_fadeIn_m1hgl_8\">de <\/span><span class=\"_fadeIn_m1hgl_8\">igualar. <\/span><span class=\"_fadeIn_m1hgl_8\">En <\/span><span class=\"_fadeIn_m1hgl_8\">su <\/span><span class=\"_fadeIn_m1hgl_8\">interior, <\/span><span class=\"_fadeIn_m1hgl_8\">la <\/span><strong data-start=\"638\" data-end=\"657\"><span class=\"_fadeIn_m1hgl_8\">piel <\/span><span class=\"_fadeIn_m1hgl_8\">de <\/span><span class=\"_fadeIn_m1hgl_8\">ternera<\/span><\/strong> <span class=\"_fadeIn_m1hgl_8\">garantiza <\/span><strong data-start=\"668\" data-end=\"708\"><span class=\"_fadeIn_m1hgl_8\">transpirabilidad, <\/span><span class=\"_fadeIn_m1hgl_8\">suavidad <\/span><span class=\"_fadeIn_m1hgl_8\">y <\/span><span class=\"_fadeIn_m1hgl_8\">confort<\/span><\/strong> <span class=\"_fadeIn_m1hgl_8\">durante <\/span><span class=\"_fadeIn_m1hgl_8\">todo <\/span><span class=\"_fadeIn_m1hgl_8\">el <\/span><span class=\"_fadeIn_m1hgl_8\">d\u00eda.<\/span><\/p>\n<p data-start=\"731\" data-end=\"909\"><span class=\"_fadeIn_m1hgl_8\">Creadas <\/span><span class=\"_fadeIn_m1hgl_8\">con <\/span><span class=\"_fadeIn_m1hgl_8\">el <\/span><span class=\"_fadeIn_m1hgl_8\">reconocido <\/span><span class=\"_fadeIn_m1hgl_8\">sistema <\/span><strong data-start=\"765\" data-end=\"784\"><span class=\"_fadeIn_m1hgl_8\">Goodyear <\/span><span class=\"_fadeIn_m1hgl_8\">Welted<\/span><\/strong><span class=\"_fadeIn_m1hgl_8\">, <\/span><span class=\"_fadeIn_m1hgl_8\">estas <\/span><span class=\"_fadeIn_m1hgl_8\">botas <\/span><span class=\"_fadeIn_m1hgl_8\">no <\/span><span class=\"_fadeIn_m1hgl_8\">solo <\/span><span class=\"_fadeIn_m1hgl_8\">destacan <\/span><span class=\"_fadeIn_m1hgl_8\">por <\/span><span class=\"_fadeIn_m1hgl_8\">su <\/span><span class=\"_fadeIn_m1hgl_8\">est\u00e9tica <\/span><span class=\"_fadeIn_m1hgl_8\">impecable, <\/span><span class=\"_fadeIn_m1hgl_8\">sino <\/span><span class=\"_fadeIn_m1hgl_8\">tambi\u00e9n <\/span><span class=\"_fadeIn_m1hgl_8\">por <\/span><span class=\"_fadeIn_m1hgl_8\">su <\/span><strong data-start=\"862\" data-end=\"908\"><span class=\"_fadeIn_m1hgl_8\">durabilidad, <\/span><span class=\"_fadeIn_m1hgl_8\">resistencia <\/span><span class=\"_fadeIn_m1hgl_8\">y <\/span><span class=\"_fadeIn_m1hgl_8\">acabado <\/span><span class=\"_fadeIn_m1hgl_8\">premium<\/span><\/strong><span class=\"_fadeIn_m1hgl_8\">.<\/span><\/p>\n<p data-start=\"911\" data-end=\"984\"><strong data-start=\"911\" data-end=\"984\"><span class=\"_fadeIn_m1hgl_8\">Una <\/span><span class=\"_fadeIn_m1hgl_8\">verdadera <\/span><span class=\"_fadeIn_m1hgl_8\">joya <\/span><span class=\"_fadeIn_m1hgl_8\">del <\/span><span class=\"_fadeIn_m1hgl_8\">calzado <\/span><span class=\"_fadeIn_m1hgl_8\">para <\/span><span class=\"_fadeIn_m1hgl_8\">quienes <\/span><span class=\"_fadeIn_m1hgl_8\">buscan <\/span><span class=\"_fadeIn_m1hgl_8\">lo <\/span><span class=\"_fadeIn_m1hgl_8\">extraordinario.<\/span><\/strong><\/p>\n","protected":false},"excerpt":{"rendered":"<p>Elegancia atemporal con una actitud inconfundible. Detalles con intenci\u00f3n que se sienten artesanales y \u00fanicos.<br \/>\nPara llevarla hoy, ma\u00f1ana y dentro de a\u00f1os, con la misma fuerza.<\/p>\n","protected":false},"featured_media":714795,"template":"","meta":{"_mbp_gutenberg_autopost":false},"product_brand":[],"product_cat":[119,114,112],"product_tag":[],"class_list":{"0":"post-714523","1":"product","2":"type-product","3":"status-publish","4":"has-post-thumbnail","6":"product_cat-botas-casual-mujer","7":"product_cat-botas-cowgirl-mujer","8":"product_cat-mujer","10":"first","11":"instock","12":"taxable","13":"shipping-taxable","14":"purchasable","15":"product-type-variable"},"supplier_id":null,"supplier_sku":"","barcode":null,"atum_controlled":true,"out_stock_date":null,"out_stock_threshold":null,"inheritable":true,"inbound_stock":0,"stock_on_hold":3,"sold_today":1,"sales_last_days":3,"reserved_stock":0,"customer_returns":0,"warehouse_damage":0,"lost_in_post":0,"other_logs":0,"out_stock_days":null,"lost_sales":0,"has_location":false,"update_date":"2026-03-19T14:53:31","atum_locations":[],"atum_stock_status":"instock","restock_status":false,"low_stock_amount":"","sales_update_date":"2024-09-23T07:26:29","calc_backorders":null,"yoast_head":"<!-- This site is optimized with the Yoast SEO plugin v27.2 - https:\/\/yoast.com\/product\/yoast-seo-wordpress\/ -->\n<title>Botas cowboy negras de pit\u00f3n y serraje gris | Tony Mora<\/title>\n<meta name=\"description\" content=\"Botas cowboy para mujer en pit\u00f3n negro y serraje gris. Dise\u00f1o elegante y artesanal, cosido a mano con sistema Goodyear welted. Calidad y distinci\u00f3n \u00fanicas.\" \/>\n<meta name=\"robots\" content=\"index, follow, max-snippet:-1, max-image-preview:large, max-video-preview:-1\" \/>\n<link rel=\"canonical\" href=\"https:\/\/tonymora.com\/es\/producto\/814-j-lini-piton-bc-negro-mate-serraje-gris\/\" \/>\n<meta property=\"og:locale\" content=\"es_ES\" \/>\n<meta property=\"og:type\" content=\"article\" \/>\n<meta property=\"og:title\" content=\"Botas cowboy negras de pit\u00f3n y serraje gris | Tony Mora\" \/>\n<meta property=\"og:description\" content=\"Botas cowboy para mujer en pit\u00f3n negro y serraje gris. Dise\u00f1o elegante y artesanal, cosido a mano con sistema Goodyear welted. Calidad y distinci\u00f3n \u00fanicas.\" \/>\n<meta property=\"og:url\" content=\"https:\/\/tonymora.com\/es\/producto\/814-j-lini-piton-bc-negro-mate-serraje-gris\/\" \/>\n<meta property=\"og:site_name\" content=\"Tony Mora\u00ae Boots Official Store\" \/>\n<meta property=\"article:publisher\" content=\"https:\/\/www.facebook.com\/Tonymoraofficial\/\" \/>\n<meta property=\"article:modified_time\" content=\"2026-04-05T05:32:57+00:00\" \/>\n<meta property=\"og:image\" content=\"https:\/\/tonymora.com\/wp-content\/uploads\/2024\/07\/2-4.jpg\" \/>\n\t<meta property=\"og:image:width\" content=\"866\" \/>\n\t<meta property=\"og:image:height\" content=\"1032\" \/>\n\t<meta property=\"og:image:type\" content=\"image\/jpeg\" \/>\n<meta name=\"twitter:card\" content=\"summary_large_image\" \/>\n<meta name=\"twitter:label1\" content=\"Tiempo de lectura\" \/>\n\t<meta name=\"twitter:data1\" content=\"1 minuto\" \/>\n<script type=\"application\/ld+json\" class=\"yoast-schema-graph\">{\"@context\":\"https:\/\/schema.org\",\"@graph\":[{\"@type\":\"WebPage\",\"@id\":\"https:\/\/tonymora.com\/es\/producto\/814-j-lini-piton-bc-negro-mate-serraje-gris\/\",\"url\":\"https:\/\/tonymora.com\/es\/producto\/814-j-lini-piton-bc-negro-mate-serraje-gris\/\",\"name\":\"Botas cowboy negras de pit\u00f3n y serraje gris | Tony Mora\",\"isPartOf\":{\"@id\":\"https:\/\/tonymora.com\/es\/#website\"},\"primaryImageOfPage\":{\"@id\":\"https:\/\/tonymora.com\/es\/producto\/814-j-lini-piton-bc-negro-mate-serraje-gris\/#primaryimage\"},\"image\":{\"@id\":\"https:\/\/tonymora.com\/es\/producto\/814-j-lini-piton-bc-negro-mate-serraje-gris\/#primaryimage\"},\"thumbnailUrl\":\"https:\/\/tonymora.com\/wp-content\/uploads\/2024\/07\/2-4.jpg\",\"datePublished\":\"2024-07-22T10:15:17+00:00\",\"dateModified\":\"2026-04-05T05:32:57+00:00\",\"description\":\"Botas cowboy para mujer en pit\u00f3n negro y serraje gris. Dise\u00f1o elegante y artesanal, cosido a mano con sistema Goodyear welted. Calidad y distinci\u00f3n \u00fanicas.\",\"breadcrumb\":{\"@id\":\"https:\/\/tonymora.com\/es\/producto\/814-j-lini-piton-bc-negro-mate-serraje-gris\/#breadcrumb\"},\"inLanguage\":\"es\",\"potentialAction\":[{\"@type\":\"ReadAction\",\"target\":[\"https:\/\/tonymora.com\/es\/producto\/814-j-lini-piton-bc-negro-mate-serraje-gris\/\"]}]},{\"@type\":\"ImageObject\",\"inLanguage\":\"es\",\"@id\":\"https:\/\/tonymora.com\/es\/producto\/814-j-lini-piton-bc-negro-mate-serraje-gris\/#primaryimage\",\"url\":\"https:\/\/tonymora.com\/wp-content\/uploads\/2024\/07\/2-4.jpg\",\"contentUrl\":\"https:\/\/tonymora.com\/wp-content\/uploads\/2024\/07\/2-4.jpg\",\"width\":866,\"height\":1032,\"caption\":\"Botas cowboy negras de pit\u00f3n para mujer\"},{\"@type\":\"BreadcrumbList\",\"@id\":\"https:\/\/tonymora.com\/es\/producto\/814-j-lini-piton-bc-negro-mate-serraje-gris\/#breadcrumb\",\"itemListElement\":[{\"@type\":\"ListItem\",\"position\":1,\"name\":\"Portada\",\"item\":\"https:\/\/tonymora.com\/es\/\"},{\"@type\":\"ListItem\",\"position\":2,\"name\":\"Tienda\",\"item\":\"https:\/\/tonymora.com\/es\/tienda\/\"},{\"@type\":\"ListItem\",\"position\":3,\"name\":\"Mujer\",\"item\":\"https:\/\/tonymora.com\/es\/categoria-producto\/mujer\/\"},{\"@type\":\"ListItem\",\"position\":4,\"name\":\"814 J LINI PITON BC NEGRO MATE\/ SERRAJE GRIS\"}]},{\"@type\":\"WebSite\",\"@id\":\"https:\/\/tonymora.com\/es\/#website\",\"url\":\"https:\/\/tonymora.com\/es\/\",\"name\":\"Tony Mora\u00ae Boots Official Store\",\"description\":\"Cowboy Boots\",\"publisher\":{\"@id\":\"https:\/\/tonymora.com\/es\/#organization\"},\"potentialAction\":[{\"@type\":\"SearchAction\",\"target\":{\"@type\":\"EntryPoint\",\"urlTemplate\":\"https:\/\/tonymora.com\/es\/?s={search_term_string}\"},\"query-input\":{\"@type\":\"PropertyValueSpecification\",\"valueRequired\":true,\"valueName\":\"search_term_string\"}}],\"inLanguage\":\"es\"},{\"@type\":\"Organization\",\"@id\":\"https:\/\/tonymora.com\/es\/#organization\",\"name\":\"Tony Mora Boots\",\"url\":\"https:\/\/tonymora.com\/es\/\",\"logo\":{\"@type\":\"ImageObject\",\"inLanguage\":\"es\",\"@id\":\"https:\/\/tonymora.com\/es\/#\/schema\/logo\/image\/\",\"url\":\"https:\/\/tonymora.com\/wp-content\/uploads\/2023\/12\/LOGO.jpg\",\"contentUrl\":\"https:\/\/tonymora.com\/wp-content\/uploads\/2023\/12\/LOGO.jpg\",\"width\":2272,\"height\":1411,\"caption\":\"Tony Mora Boots\"},\"image\":{\"@id\":\"https:\/\/tonymora.com\/es\/#\/schema\/logo\/image\/\"},\"sameAs\":[\"https:\/\/www.facebook.com\/Tonymoraofficial\/\",\"https:\/\/www.instagram.com\/tonymoraofficial\/?hl=es\"]}]}<\/script>\n<!-- \/ Yoast SEO plugin. -->","yoast_head_json":{"title":"Botas cowboy negras de pit\u00f3n y serraje gris | Tony Mora","description":"Botas cowboy para mujer en pit\u00f3n negro y serraje gris. Dise\u00f1o elegante y artesanal, cosido a mano con sistema Goodyear welted. Calidad y distinci\u00f3n \u00fanicas.","robots":{"index":"index","follow":"follow","max-snippet":"max-snippet:-1","max-image-preview":"max-image-preview:large","max-video-preview":"max-video-preview:-1"},"canonical":"https:\/\/tonymora.com\/es\/producto\/814-j-lini-piton-bc-negro-mate-serraje-gris\/","og_locale":"es_ES","og_type":"article","og_title":"Botas cowboy negras de pit\u00f3n y serraje gris | Tony Mora","og_description":"Botas cowboy para mujer en pit\u00f3n negro y serraje gris. Dise\u00f1o elegante y artesanal, cosido a mano con sistema Goodyear welted. Calidad y distinci\u00f3n \u00fanicas.","og_url":"https:\/\/tonymora.com\/es\/producto\/814-j-lini-piton-bc-negro-mate-serraje-gris\/","og_site_name":"Tony Mora\u00ae Boots Official Store","article_publisher":"https:\/\/www.facebook.com\/Tonymoraofficial\/","article_modified_time":"2026-04-05T05:32:57+00:00","og_image":[{"width":866,"height":1032,"url":"https:\/\/tonymora.com\/wp-content\/uploads\/2024\/07\/2-4.jpg","type":"image\/jpeg"}],"twitter_card":"summary_large_image","twitter_misc":{"Tiempo de lectura":"1 minuto"},"schema":{"@context":"https:\/\/schema.org","@graph":[{"@type":"WebPage","@id":"https:\/\/tonymora.com\/es\/producto\/814-j-lini-piton-bc-negro-mate-serraje-gris\/","url":"https:\/\/tonymora.com\/es\/producto\/814-j-lini-piton-bc-negro-mate-serraje-gris\/","name":"Botas cowboy negras de pit\u00f3n y serraje gris | Tony Mora","isPartOf":{"@id":"https:\/\/tonymora.com\/es\/#website"},"primaryImageOfPage":{"@id":"https:\/\/tonymora.com\/es\/producto\/814-j-lini-piton-bc-negro-mate-serraje-gris\/#primaryimage"},"image":{"@id":"https:\/\/tonymora.com\/es\/producto\/814-j-lini-piton-bc-negro-mate-serraje-gris\/#primaryimage"},"thumbnailUrl":"https:\/\/tonymora.com\/wp-content\/uploads\/2024\/07\/2-4.jpg","datePublished":"2024-07-22T10:15:17+00:00","dateModified":"2026-04-05T05:32:57+00:00","description":"Botas cowboy para mujer en pit\u00f3n negro y serraje gris. Dise\u00f1o elegante y artesanal, cosido a mano con sistema Goodyear welted. Calidad y distinci\u00f3n \u00fanicas.","breadcrumb":{"@id":"https:\/\/tonymora.com\/es\/producto\/814-j-lini-piton-bc-negro-mate-serraje-gris\/#breadcrumb"},"inLanguage":"es","potentialAction":[{"@type":"ReadAction","target":["https:\/\/tonymora.com\/es\/producto\/814-j-lini-piton-bc-negro-mate-serraje-gris\/"]}]},{"@type":"ImageObject","inLanguage":"es","@id":"https:\/\/tonymora.com\/es\/producto\/814-j-lini-piton-bc-negro-mate-serraje-gris\/#primaryimage","url":"https:\/\/tonymora.com\/wp-content\/uploads\/2024\/07\/2-4.jpg","contentUrl":"https:\/\/tonymora.com\/wp-content\/uploads\/2024\/07\/2-4.jpg","width":866,"height":1032,"caption":"Botas cowboy negras de pit\u00f3n para mujer"},{"@type":"BreadcrumbList","@id":"https:\/\/tonymora.com\/es\/producto\/814-j-lini-piton-bc-negro-mate-serraje-gris\/#breadcrumb","itemListElement":[{"@type":"ListItem","position":1,"name":"Portada","item":"https:\/\/tonymora.com\/es\/"},{"@type":"ListItem","position":2,"name":"Tienda","item":"https:\/\/tonymora.com\/es\/tienda\/"},{"@type":"ListItem","position":3,"name":"Mujer","item":"https:\/\/tonymora.com\/es\/categoria-producto\/mujer\/"},{"@type":"ListItem","position":4,"name":"814 J LINI PITON BC NEGRO MATE\/ SERRAJE GRIS"}]},{"@type":"WebSite","@id":"https:\/\/tonymora.com\/es\/#website","url":"https:\/\/tonymora.com\/es\/","name":"Tony Mora\u00ae Boots Official Store","description":"Cowboy Boots","publisher":{"@id":"https:\/\/tonymora.com\/es\/#organization"},"potentialAction":[{"@type":"SearchAction","target":{"@type":"EntryPoint","urlTemplate":"https:\/\/tonymora.com\/es\/?s={search_term_string}"},"query-input":{"@type":"PropertyValueSpecification","valueRequired":true,"valueName":"search_term_string"}}],"inLanguage":"es"},{"@type":"Organization","@id":"https:\/\/tonymora.com\/es\/#organization","name":"Tony Mora Boots","url":"https:\/\/tonymora.com\/es\/","logo":{"@type":"ImageObject","inLanguage":"es","@id":"https:\/\/tonymora.com\/es\/#\/schema\/logo\/image\/","url":"https:\/\/tonymora.com\/wp-content\/uploads\/2023\/12\/LOGO.jpg","contentUrl":"https:\/\/tonymora.com\/wp-content\/uploads\/2023\/12\/LOGO.jpg","width":2272,"height":1411,"caption":"Tony Mora Boots"},"image":{"@id":"https:\/\/tonymora.com\/es\/#\/schema\/logo\/image\/"},"sameAs":["https:\/\/www.facebook.com\/Tonymoraofficial\/","https:\/\/www.instagram.com\/tonymoraofficial\/?hl=es"]}]}},"_links":{"self":[{"href":"https:\/\/tonymora.com\/es\/wp-json\/wp\/v2\/product\/714523","targetHints":{"allow":["GET"]}}],"collection":[{"href":"https:\/\/tonymora.com\/es\/wp-json\/wp\/v2\/product"}],"about":[{"href":"https:\/\/tonymora.com\/es\/wp-json\/wp\/v2\/types\/product"}],"wp:featuredmedia":[{"embeddable":true,"href":"https:\/\/tonymora.com\/es\/wp-json\/wp\/v2\/media\/714795"}],"wp:attachment":[{"href":"https:\/\/tonymora.com\/es\/wp-json\/wp\/v2\/media?parent=714523"}],"wp:term":[{"taxonomy":"product_brand","embeddable":true,"href":"https:\/\/tonymora.com\/es\/wp-json\/wp\/v2\/product_brand?post=714523"},{"taxonomy":"product_cat","embeddable":true,"href":"https:\/\/tonymora.com\/es\/wp-json\/wp\/v2\/product_cat?post=714523"},{"taxonomy":"product_tag","embeddable":true,"href":"https:\/\/tonymora.com\/es\/wp-json\/wp\/v2\/product_tag?post=714523"}],"curies":[{"name":"wp","href":"https:\/\/api.w.org\/{rel}","templated":true}]}}