{"id":714798,"date":"2024-08-29T08:39:17","date_gmt":"2024-08-29T06:39:17","guid":{"rendered":"https:\/\/tonymora.com\/?post_type=product&#038;p=714798"},"modified":"2026-04-27T07:32:45","modified_gmt":"2026-04-27T05:32:45","slug":"814-j-lini-piton-bc-arena-cuero-serraje-brash-tabaco","status":"publish","type":"product","link":"https:\/\/tonymora.com\/es\/producto\/814-j-lini-piton-bc-arena-cuero-serraje-brash-tabaco\/","title":{"rendered":"814 J LINI PIT\u00d3N BC ARENA CUERO \/ SERRAJE BRASH TABACO"},"content":{"rendered":"<p>Entra en el impresionante mundo de las botas de pit\u00f3n, piel 100% ex\u00f3tica y \u00fanica, aut\u00e9nticas obras maestras de la artesan\u00eda donde cada pieza es cortada a mano de forma individual. Todo ello unido a una ca\u00f1a de serraje, suave y elegante, que se combina con un bajo fondo de pit\u00f3n bordado a mano con hilo negro agregando un toque de sofisticaci\u00f3n inigualable. En el interior, utilizamos piel de ternera para proporcionar una comodidad y traspiraci\u00f3n \u00f3ptima. Se trata de una pieza \u00fanica cosida a mano mediante el sistema \u00abGoodyear welted\u00bb para as\u00ed garantizar la m\u00e1xima durabilidad y calidad.<\/p>\n","protected":false},"excerpt":{"rendered":"<p>Un estilo que habla de identidad, sin necesidad de palabras. Elegancia absoluta en clave oscura.<br \/>\nLa clase de elecci\u00f3n que se recuerda por c\u00f3mo te hace sentir.<\/p>\n","protected":false},"featured_media":714825,"template":"","meta":{"_mbp_gutenberg_autopost":false},"product_brand":[],"product_cat":[119,114,112],"product_tag":[],"class_list":{"0":"post-714798","1":"product","2":"type-product","3":"status-publish","4":"has-post-thumbnail","6":"product_cat-botas-casual-mujer","7":"product_cat-botas-cowgirl-mujer","8":"product_cat-mujer","10":"first","11":"instock","12":"taxable","13":"shipping-taxable","14":"purchasable","15":"product-type-variable"},"_links":{"self":[{"href":"https:\/\/tonymora.com\/es\/wp-json\/wp\/v2\/product\/714798","targetHints":{"allow":["GET"]}}],"collection":[{"href":"https:\/\/tonymora.com\/es\/wp-json\/wp\/v2\/product"}],"about":[{"href":"https:\/\/tonymora.com\/es\/wp-json\/wp\/v2\/types\/product"}],"wp:featuredmedia":[{"embeddable":true,"href":"https:\/\/tonymora.com\/es\/wp-json\/wp\/v2\/media\/714825"}],"wp:attachment":[{"href":"https:\/\/tonymora.com\/es\/wp-json\/wp\/v2\/media?parent=714798"}],"wp:term":[{"taxonomy":"product_brand","embeddable":true,"href":"https:\/\/tonymora.com\/es\/wp-json\/wp\/v2\/product_brand?post=714798"},{"taxonomy":"product_cat","embeddable":true,"href":"https:\/\/tonymora.com\/es\/wp-json\/wp\/v2\/product_cat?post=714798"},{"taxonomy":"product_tag","embeddable":true,"href":"https:\/\/tonymora.com\/es\/wp-json\/wp\/v2\/product_tag?post=714798"}],"curies":[{"name":"wp","href":"https:\/\/api.w.org\/{rel}","templated":true}]}}